{"id":475,"date":"2024-05-13T14:47:22","date_gmt":"2024-05-13T19:47:22","guid":{"rendered":"https:\/\/www.carrefourfga.ca\/ticfga\/?page_id=475"},"modified":"2024-05-13T14:47:22","modified_gmt":"2024-05-13T19:47:22","slug":"page-pour-les-h5p-de-sonia","status":"publish","type":"page","link":"https:\/\/www.carrefourfga.ca\/ticfga\/page-pour-les-h5p-de-sonia\/","title":{"rendered":"Page pour les H5P de Sonia"},"content":{"rendered":"\n<p><code><div class=\"h5p-iframe-wrapper\"><iframe id=\"h5p-iframe-1\" class=\"h5p-iframe\" data-content-id=\"1\" style=\"height:1px\" src=\"about:blank\" frameBorder=\"0\" scrolling=\"no\" title=\"Prise de notes de la classe de fran\u00e7ais\"><\/iframe><\/div><\/code><\/p>\n\n\n\n<p><code><div class=\"h5p-iframe-wrapper\"><iframe id=\"h5p-iframe-2\" class=\"h5p-iframe\" data-content-id=\"2\" style=\"height:1px\" src=\"about:blank\" frameBorder=\"0\" scrolling=\"no\" title=\"Prise de notes de la classe d&#039;histoire\"><\/iframe><\/div><\/code><\/p>\n\n\n\n<p><code><div class=\"h5p-iframe-wrapper\"><iframe id=\"h5p-iframe-3\" class=\"h5p-iframe\" data-content-id=\"3\" style=\"height:1px\" src=\"about:blank\" frameBorder=\"0\" scrolling=\"no\" title=\"Pourquoi prends-tu des notes ? Comment y parviens-tu ? D\u00e9place les \u00e9nonc\u00e9s de la pile dans la colonne appropri\u00e9e.\"><\/iframe><\/div><\/code><\/p>\n","protected":false},"excerpt":{"rendered":"","protected":false},"author":2,"featured_media":0,"parent":0,"menu_order":0,"comment_status":"closed","ping_status":"closed","template":"","meta":{"footnotes":""},"class_list":["post-475","page","type-page","status-publish","hentry"],"_links":{"self":[{"href":"https:\/\/www.carrefourfga.ca\/ticfga\/wp-json\/wp\/v2\/pages\/475"}],"collection":[{"href":"https:\/\/www.carrefourfga.ca\/ticfga\/wp-json\/wp\/v2\/pages"}],"about":[{"href":"https:\/\/www.carrefourfga.ca\/ticfga\/wp-json\/wp\/v2\/types\/page"}],"author":[{"embeddable":true,"href":"https:\/\/www.carrefourfga.ca\/ticfga\/wp-json\/wp\/v2\/users\/2"}],"replies":[{"embeddable":true,"href":"https:\/\/www.carrefourfga.ca\/ticfga\/wp-json\/wp\/v2\/comments?post=475"}],"version-history":[{"count":1,"href":"https:\/\/www.carrefourfga.ca\/ticfga\/wp-json\/wp\/v2\/pages\/475\/revisions"}],"predecessor-version":[{"id":477,"href":"https:\/\/www.carrefourfga.ca\/ticfga\/wp-json\/wp\/v2\/pages\/475\/revisions\/477"}],"wp:attachment":[{"href":"https:\/\/www.carrefourfga.ca\/ticfga\/wp-json\/wp\/v2\/media?parent=475"}],"curies":[{"name":"wp","href":"https:\/\/api.w.org\/{rel}","templated":true}]}}