{"id":333,"date":"2020-06-18T14:07:40","date_gmt":"2020-06-18T19:07:40","guid":{"rendered":"https:\/\/www.carrefourfga.ca\/ticfga\/?page_id=333"},"modified":"2020-06-18T14:07:40","modified_gmt":"2020-06-18T19:07:40","slug":"sr-2","status":"publish","type":"page","link":"https:\/\/www.carrefourfga.ca\/ticfga\/sr-2\/","title":{"rendered":"Services r\u00e9gionaux"},"content":{"rendered":"<p><a href=\"https:\/\/www.carrefourfga.ca\/ticfga\/wp-content\/uploads\/2019\/12\/RECIT_Logo_Service-regional-FGA_Formation-Generale-Des-Adultes.png\"><img loading=\"lazy\" decoding=\"async\" class=\"size-full wp-image-307 alignright\" src=\"https:\/\/www.carrefourfga.ca\/ticfga\/wp-content\/uploads\/2019\/12\/RECIT_Logo_Service-regional-FGA_Formation-Generale-Des-Adultes.png\" alt=\"\" width=\"207\" height=\"100\" \/><\/a><\/p>\n<p><em>IMPORTANT : CE SITE N&rsquo;EST PLUS MIS \u00c0 JOUR, VOUS SEREZ REDIRIG\u00c9S \u00c0 L&rsquo;AUTOMNE 2020 VERS UN NOUVEAU SITE.<\/em><\/p>\n<p>Il y a, pour chaque r\u00e9gion du Qu\u00e9bec, un service r\u00e9gional (SR) du R\u00c9CIT FGA. Utilisez cette carte pour visiter le site web du SR de votre choix. Pour communiquer avec le conseiller d&rsquo;un service r\u00e9gional, consultez<span style=\"color: #3366ff;\"><strong> <a style=\"color: #3366ff;\" href=\"http:\/\/recit.qc.ca\/personnes-ressources\/\">le bottin du site web du R\u00c9CIT<\/a><\/strong><\/span>.<\/p>\n<p>&nbsp;<\/p>\n<div align=\"center\">\n<table id=\"table2\" border=\"0\" width=\"950\" cellspacing=\"0\" cellpadding=\"0\">\n<tbody>\n<tr style=\"line-height: 0; border: 0; padding: 0; border-collapse: separate;\">\n<td style=\"line-height: 0; border: 0; padding: 0; border-collapse: separate;\" rowspan=\"2\">\n<map name=\"FPMap2\">\n<area coords=\"2, 13, 78, 66\" shape=\"rect\" href=\"http:\/\/www.ticfga11.ca\/\" target=\"_blank\" \/>\n<area coords=\"4, 78, 79, 145\" shape=\"rect\" href=\"http:\/\/recitfga02.info\" target=\"_blank\" \/>\n<area coords=\"1, 160, 79, 224\" shape=\"rect\" href=\"https:\/\/www.facebook.com\/recitfga03\" target=\"_blank\" \/>\n<area coords=\"2, 241, 79, 295\" shape=\"rect\" href=\"http:\/\/www.recitfga.qc.ca\/SR04\" target=\"_blank\" \/>\n<area coords=\"4, 310, 79, 361\" shape=\"rect\" href=\"http:\/\/www.recitfgaestrie.qc.ca\" target=\"_blank\" \/>\n<area coords=\"1, 377, 77, 429\" shape=\"rect\" href=\"https:\/\/www.carrefourfga.ca\/ticfga\/recitmontreal\/\" target=\"_blank\" \/>\n<area coords=\"3, 441, 79, 491\" shape=\"rect\" href=\"http:\/\/outaouais.ticfga.ca\/\" target=\"_blank\" \/>\n<area coords=\"4, 510, 79, 566\" shape=\"rect\" href=\"http:\/\/recitfga0810.nordtic.net\/\" target=\"_blank\" \/> <\/map>\n<p><img loading=\"lazy\" decoding=\"async\" src=\"https:\/\/www.carrefourfga.ca\/ticfga\/wp-content\/uploads\/2012\/02\/chiffres-gauche.gif\" alt=\"\" usemap=\"#FPMap2\" width=\"85\" height=\"600\" border=\"0\" \/><\/td>\n<td style=\"line-height: 0; border: 0; padding: 0; border-collapse: separate; margin-left: 16px;\"><img loading=\"lazy\" decoding=\"async\" src=\"https:\/\/www.carrefourfga.ca\/ticfga\/wp-content\/uploads\/2012\/02\/region-vide.gif\" alt=\"\" usemap=\"#img1Map\" width=\"781\" height=\"190\" name=\"img1\" border=\"0\" \/><\/td>\n<td style=\"line-height: 0; border: 0; padding: 0; border-collapse: separate;\" rowspan=\"2\">\n<map name=\"FPMap1\">\n<area coords=\"2, 16, 76, 65\" shape=\"rect\" href=\"http:\/\/09.ticfga.ca\/\" target=\"_blank\" \/>\n<area coords=\"4, 71, 75, 121\" shape=\"rect\" href=\"http:\/\/recitfga0810.nordtic.net\/\" target=\"_blank\" \/>\n<area coords=\"5, 127, 77, 196\" shape=\"rect\" href=\"http:\/\/www.ticfga11.ca\/\" target=\"_blank\" \/>\n<area coords=\"2, 212, 68, 273\" shape=\"rect\" href=\"http:\/\/recitfga12.ticfga.ca\/\" target=\"_blank\" \/>\n<area coords=\"5, 283, 67, 330\" shape=\"rect\" href=\"http:\/\/laval.ticfga.ca\/\" target=\"_blank\" \/>\n<area coords=\"3, 340, 66, 386\" shape=\"rect\" href=\"http:\/\/recit.cssamares.qc.ca\/fga\/\" target=\"_blank\" \/>\n<area coords=\"3, 396, 68, 447\" shape=\"rect\" href=\"https:\/\/sites.google.com\/view\/servicergionaldurcitfga\/home\" target=\"_blank\" \/>\n<area coords=\"5, 456, 72, 505\" shape=\"rect\" href=\"http:\/\/www.fgamonteregie.qc.ca\" target=\"_blank\" \/>\n<area coords=\"3, 511, 71, 567\" shape=\"rect\" href=\"http:\/\/www.formationdesadultes.com\/\" target=\"_blank\" \/> <\/map>\n<p><img loading=\"lazy\" decoding=\"async\" src=\"https:\/\/www.carrefourfga.ca\/ticfga\/wp-content\/uploads\/2012\/02\/chiffres-droite.gif\" alt=\"\" usemap=\"#FPMap1\" width=\"84\" height=\"600\" border=\"0\" \/><\/td>\n<\/tr>\n<tr style=\"line-height: 0; border: 0; padding: 0; border-collapse: separate;\">\n<td style=\"line-height: 0; border: 0; padding: 0; border-collapse: separate;\">\n<map name=\"FPMap0\">\n<area coords=\"285, 304, 272, 285, 295, 258, 319, 240, 350, 225, 366, 244, 349, 253, 345, 258, 335, 257, 329, 261, 331, 269, 315, 277, 308, 293, 294, 288\" shape=\"polygon\" href=\"http:\/\/www.ticfga11.ca\/\" target=\"_blank\" \/>\n<area coords=\"332, 270, 332, 263, 342, 263, 351, 254, 370, 242, 353, 223, 371, 219, 391, 219, 408, 227, 412, 240, 407, 249, 386, 266, 369, 258, 356, 265, 345, 269\" shape=\"polygon\" href=\"http:\/\/www.ticfga11.ca\" target=\"_blank\" \/>\n<area coords=\"421, 216, 416, 208, 402, 204, 399, 197, 405, 194, 427, 197, 471, 199, 496, 198, 489, 218, 469, 222, 447, 224, 438, 223\" shape=\"polygon\" href=\"http:\/\/09.ticfga.ca\/\" target=\"_blank\" \/>\n<area coords=\"468, 290, 467, 283, 473, 270, 482, 269, 498, 272, 512, 287, 489, 298\" shape=\"polygon\" href=\"http:\/\/www.ticfga11.ca\" target=\"_blank\" \/>\n<area coords=\"611, 228, 618, 217, 631, 207, 632, 201, 640, 199, 652, 179, 659, 175, 662, 175, 673, 166, 683, 171, 689, 167, 699, 173, 709, 164, 714, 167, 714, 174, 699, 184, 684, 196, 674, 208, 670, 219, 663, 219, 654, 230, 641, 232, 634, 232, 628, 229, 620, 231\" shape=\"polygon\" href=\"http:\/\/laval.ticfga.ca\/\" target=\"_blank\" \/>\n<area coords=\"621, 234, 610, 230, 600, 238, 596, 244, 602, 246, 608, 248, 603, 253, 596, 263, 593, 272, 598, 278, 608, 276, 629, 272, 635, 270, 637, 263, 647, 268, 669, 271, 680, 278, 693, 279, 703, 273, 703, 263, 714, 261, 709, 251, 711, 238, 719, 229, 724, 221, 721, 211, 730, 202, 728, 186, 737, 175, 720, 175, 715, 183, 699, 192, 686, 204, 679, 216, 674, 224, 666, 225, 661, 235, 646, 238, 629, 235, 621, 246, 604, 252, 602, 248, 602, 246, 606, 246, 596, 243, 618, 245\" shape=\"polygon\" href=\"https:\/\/www.carrefourfga.ca\/ticfga\/recitmontreal\/\" target=\"_blank\" \/>\n<area coords=\"285, 306, 271, 288, 260, 295, 249, 298, 236, 308, 222, 311, 226, 319, 237, 319, 238, 328, 230, 341, 235, 346, 241, 343, 261, 346\" shape=\"polygon\" href=\"http:\/\/recitfga12.ticfga.ca\/\" target=\"_blank\" \/>\n<area coords=\"258, 349, 244, 347, 235, 349, 229, 343, 222, 344, 213, 352, 211, 362, 208, 369, 232, 371, 238, 361, 251, 365\" shape=\"polygon\" href=\"http:\/\/www.recitfgaestrie.qc.ca\" target=\"_blank\" \/>\n<area coords=\"154, 366, 203, 368, 208, 365, 210, 353, 202, 343, 202, 338, 197, 330, 181, 346, 168, 352\" shape=\"polygon\" href=\"http:\/\/www.fgamonteregie.qc.ca\" target=\"_blank\" \/>\n<area coords=\"198, 327, 204, 334, 204, 342, 212, 349, 227, 339, 235, 330, 235, 324, 229, 322, 219, 317\" shape=\"polygon\" href=\"http:\/\/www.formationdesadultes.com\/\" target=\"_blank\" \/>\n<area coords=\"154, 362, 170, 347, 181, 342, 171, 324, 167, 321, 163, 298, 164, 288, 167, 281, 160, 269, 142, 265, 143, 272, 138, 283, 132, 279, 122, 288, 121, 295, 130, 302, 130, 309, 128, 320, 128, 329, 137, 330, 146, 326, 153, 336, 150, 346, 154, 351\" shape=\"polygon\" href=\"https:\/\/sites.google.com\/view\/servicergionaldurcitfga\/home\" target=\"_blank\" \/>\n<area coords=\"183, 338, 170, 317, 167, 295, 169, 286, 170, 279, 164, 269, 178, 281, 175, 291, 187, 300, 196, 325\" shape=\"polygon\" href=\"http:\/\/recit.cssamares.qc.ca\/fga\/\" target=\"_blank\" \/>\n<area coords=\"198, 324, 190, 298, 179, 290, 182, 278, 161, 263, 145, 261, 147, 227, 174, 229, 202, 262, 220, 263, 229, 272, 224, 281, 222, 291, 210, 287, 216, 297, 217, 304, 221, 310, 201, 321, 199, 320\" shape=\"polygon\" href=\"http:\/\/www.recitfga.qc.ca\/SR04\" target=\"_blank\" \/>\n<area coords=\"271, 260, 264, 264, 229, 265, 231, 274, 225, 292, 219, 292, 223, 306, 260, 292, 283, 264\" shape=\"polygon\" href=\"https:\/\/www.facebook.com\/recitfga03\" target=\"_blank\" \/>\n<area coords=\"147, 346, 150, 338, 145, 330, 136, 330, 130, 330, 126, 324, 127, 313, 130, 302, 120, 293, 129, 278, 140, 278, 141, 273, 139, 267, 121, 268, 117, 277, 112, 279, 106, 279, 102, 284, 97, 284, 88, 278, 83, 284, 82, 308, 75, 318, 94, 331, 102, 349, 123, 354\" shape=\"polygon\" href=\"http:\/\/outaouais.ticfga.ca\/\" target=\"_blank\" \/>\n<area coords=\"49, 202, 38, 270, 51, 306, 75, 316, 81, 303, 82, 279, 98, 280, 99, 277, 116, 272, 116, 260, 138, 260, 144, 223\" shape=\"polygon\" href=\"http:\/\/recitfga0810.nordtic.net\/\" target=\"_blank\" \/>\n<area coords=\"175, 223, 203, 260, 222, 257, 226, 265, 263, 265, 270, 260, 273, 118, 253, 118, 248, 130, 242, 130, 241, 143, 221, 169, 206, 168, 171, 209\" shape=\"polygon\" href=\"http:\/\/recitfga02.info\" target=\"_blank\" \/>\n<area coords=\"65, 116, 49, 199, 145, 222, 150, 222, 173, 225, 169, 209, 206, 160, 220, 164, 238, 138, 238, 132, 246, 130, 255, 111, 272, 115, 279, 13, 79, 10, 90, 35, 83, 50, 88, 94, 88, 107, 79, 112, 79, 127\" shape=\"polygon\" href=\"http:\/\/recitfga0810.nordtic.net\/\" target=\"_blank\" \/>\n<area coords=\"334, 16, 284, 16, 277, 107, 274, 108, 274, 257, 283, 262, 297, 237, 341, 219, 341, 204, 364, 186, 427, 184, 468, 184, 498, 175, 559, 119, 560, 95, 531, 81, 518, 93, 492, 83, 487, 96, 459, 100, 441, 92, 409, 91, 407, 111, 399, 133, 383, 115, 362, 119, 354, 90, 342, 94, 342, 71, 329, 52, 327, 42, 341, 34\" shape=\"polygon\" href=\"http:\/\/09.ticfga.ca\/\" target=\"_blank\" \/>\n<area coords=\"355, 15, 364, 24, 377, 9\" shape=\"polygon\" href=\"http:\/\/www.recitfga.qc.ca\/SR09\" target=\"_blank\" \/>\n<area coords=\"380, 11, 411, 10, 407, 24, 393, 25, 385, 19\" shape=\"polygon\" href=\"http:\/\/www.recitfga.qc.ca\/SR09\" target=\"_blank\" \/>\n<area coords=\"613, 27, 628, 25, 631, 42, 666, 43, 669, 7, 650, 9, 653, 0, 588, 0, 586, 14, 612, 26\" shape=\"poly\" href=\"http:\/\/avispector.wordpress.com\/\" target=\"_blank\" \/> <\/map>\n<p><img loading=\"lazy\" decoding=\"async\" src=\"https:\/\/www.carrefourfga.ca\/ticfga\/wp-content\/uploads\/2012\/02\/carte-bas.gif\" alt=\"\" usemap=\"#FPMap0\" width=\"781\" height=\"410\" border=\"0\" \/><\/td>\n<\/tr>\n<\/tbody>\n<\/table>\n<\/div>\n<map name=\"img1Map\">\n<area coords=\"587, 191, 594, 170, 594, 153, 578, 153, 577, 139, 592, 139, 600, 128, 588, 123, 590, 104, 597, 100, 611, 100, 622, 101, 635, 115, 635, 122, 656, 121, 659, 135, 663, 142, 663, 154, 653, 158, 642, 161, 648, 168, 650, 163, 661, 165, 666, 162, 674, 165, 678, 171, 664, 190, 590, 188\" shape=\"poly\" href=\"http:\/\/avispector.wordpress.com\/\" target=\"_blank\" \/> <\/map>\n","protected":false},"excerpt":{"rendered":"<p>IMPORTANT : CE SITE N&rsquo;EST PLUS MIS \u00c0 JOUR, VOUS SEREZ REDIRIG\u00c9S \u00c0 L&rsquo;AUTOMNE 2020 VERS UN NOUVEAU SITE. Il y a, pour chaque r\u00e9gion du Qu\u00e9bec, un service r\u00e9gional (SR) du R\u00c9CIT FGA. Utilisez cette carte pour visiter le site web du SR de votre choix. Pour communiquer avec le conseiller d&rsquo;un service r\u00e9gional, [&hellip;]<\/p>\n","protected":false},"author":5,"featured_media":0,"parent":0,"menu_order":0,"comment_status":"closed","ping_status":"closed","template":"","meta":{"footnotes":""},"class_list":["post-333","page","type-page","status-publish","hentry"],"_links":{"self":[{"href":"https:\/\/www.carrefourfga.ca\/ticfga\/wp-json\/wp\/v2\/pages\/333"}],"collection":[{"href":"https:\/\/www.carrefourfga.ca\/ticfga\/wp-json\/wp\/v2\/pages"}],"about":[{"href":"https:\/\/www.carrefourfga.ca\/ticfga\/wp-json\/wp\/v2\/types\/page"}],"author":[{"embeddable":true,"href":"https:\/\/www.carrefourfga.ca\/ticfga\/wp-json\/wp\/v2\/users\/5"}],"replies":[{"embeddable":true,"href":"https:\/\/www.carrefourfga.ca\/ticfga\/wp-json\/wp\/v2\/comments?post=333"}],"version-history":[{"count":1,"href":"https:\/\/www.carrefourfga.ca\/ticfga\/wp-json\/wp\/v2\/pages\/333\/revisions"}],"predecessor-version":[{"id":335,"href":"https:\/\/www.carrefourfga.ca\/ticfga\/wp-json\/wp\/v2\/pages\/333\/revisions\/335"}],"wp:attachment":[{"href":"https:\/\/www.carrefourfga.ca\/ticfga\/wp-json\/wp\/v2\/media?parent=333"}],"curies":[{"name":"wp","href":"https:\/\/api.w.org\/{rel}","templated":true}]}}