{"id":998,"date":"2024-06-08T17:50:57","date_gmt":"2024-06-08T21:50:57","guid":{"rendered":"https:\/\/www.carrefourfga.ca\/ticfga\/toutennuances\/?page_id=998"},"modified":"2024-06-12T23:26:37","modified_gmt":"2024-06-13T03:26:37","slug":"accueil","status":"publish","type":"page","link":"https:\/\/www.carrefourfga.ca\/ticfga\/toutennuances\/","title":{"rendered":"Accueil"},"content":{"rendered":"<p>Ce travail, produit au Centre des services scolaire Marguerite-Bourgeoys (CSSMB), se veut un r\u00e9pertoire de strat\u00e9gies pour accompagner l\u2019apprentissage et d\u00e9velopper la capacit\u00e9 d\u2019agir des \u00e9l\u00e8ves qui fr\u00e9quentent la formation g\u00e9n\u00e9rale des adultes.<\/p>\n<p>Ce r\u00e9pertoire est le fruit du travail conjoint des membres du comit\u00e9 de d\u00e9veloppement EBP (\u00e9l\u00e8ves \u00e0 besoins particuliers) compos\u00e9 des repr\u00e9sentantes et repr\u00e9sentants de plusieurs corps d\u2019emploi\u00a0: conseill\u00e8res et conseillers d\u2019orientation, psycho\u00e9ducatrices et psycho\u00e9ducateurs, orthop\u00e9dagogues, enseignantes et enseignants, enseignantes et enseignants ressource, directions d\u2019\u00e9tablissement, conseill\u00e8res et conseillers p\u00e9dagogiques, de m\u00eame que de collaboratrices et collaborateurs externes. Les membres du comit\u00e9 ayant pr\u00e9par\u00e9 ce document ont su mettre \u00e0 profit les comp\u00e9tences et connaissances propres \u00e0 leur domaine et les associer aux avanc\u00e9es de la recherche, afin de compiler les principales strat\u00e9gies reconnues comme \u00e9tant \u00e0 la base de l\u2019accompagnement des adultes.<\/p>\n","protected":false},"excerpt":{"rendered":"<p>Ce travail, produit au Centre des services scolaire Marguerite-Bourgeoys (CSSMB), se veut un r\u00e9pertoire de strat\u00e9gies pour accompagner l\u2019apprentissage et d\u00e9velopper la capacit\u00e9 d\u2019agir des \u00e9l\u00e8ves qui fr\u00e9quentent la formation g\u00e9n\u00e9rale des adultes. Ce r\u00e9pertoire est le fruit du travail<\/p>\n","protected":false},"author":379,"featured_media":0,"parent":0,"menu_order":0,"comment_status":"closed","ping_status":"closed","template":"","meta":{"footnotes":""},"class_list":["post-998","page","type-page","status-publish","hentry"],"_links":{"self":[{"href":"https:\/\/www.carrefourfga.ca\/ticfga\/toutennuances\/wp-json\/wp\/v2\/pages\/998"}],"collection":[{"href":"https:\/\/www.carrefourfga.ca\/ticfga\/toutennuances\/wp-json\/wp\/v2\/pages"}],"about":[{"href":"https:\/\/www.carrefourfga.ca\/ticfga\/toutennuances\/wp-json\/wp\/v2\/types\/page"}],"author":[{"embeddable":true,"href":"https:\/\/www.carrefourfga.ca\/ticfga\/toutennuances\/wp-json\/wp\/v2\/users\/379"}],"replies":[{"embeddable":true,"href":"https:\/\/www.carrefourfga.ca\/ticfga\/toutennuances\/wp-json\/wp\/v2\/comments?post=998"}],"version-history":[{"count":3,"href":"https:\/\/www.carrefourfga.ca\/ticfga\/toutennuances\/wp-json\/wp\/v2\/pages\/998\/revisions"}],"predecessor-version":[{"id":1120,"href":"https:\/\/www.carrefourfga.ca\/ticfga\/toutennuances\/wp-json\/wp\/v2\/pages\/998\/revisions\/1120"}],"wp:attachment":[{"href":"https:\/\/www.carrefourfga.ca\/ticfga\/toutennuances\/wp-json\/wp\/v2\/media?parent=998"}],"curies":[{"name":"wp","href":"https:\/\/api.w.org\/{rel}","templated":true}]}}