{"id":1077,"date":"2024-06-08T18:31:50","date_gmt":"2024-06-08T22:31:50","guid":{"rendered":"https:\/\/www.carrefourfga.ca\/ticfga\/toutennuances\/?page_id=1077"},"modified":"2024-06-12T17:38:05","modified_gmt":"2024-06-12T21:38:05","slug":"manifestations","status":"publish","type":"page","link":"https:\/\/www.carrefourfga.ca\/ticfga\/toutennuances\/manifestations\/","title":{"rendered":"Manifestations observables"},"content":{"rendered":"<p>Ce document r\u00e9pertorie des strat\u00e9gies d\u2019enseignement et d\u2019apprentissage, dont certaines int\u00e8grent le num\u00e9riques. \u00a0Elles reposent sur les dix dimensions qui influent sur les pr\u00e9dispositions \u00e0 l\u2019apprentissage et leurs manifestations observables et mesurables.<br \/>\n<strong>La r\u00e9ponse \u00e0 l\u2019intervention<\/strong><strong>\u00a0 <\/strong><strong>: pr\u00e9vention, intervention et<\/strong> <strong>\u00e9valuation<\/strong><br \/>\nLe principal objectif de ce r\u00e9pertoire consiste \u00e0 bonifier les pratiques d\u2019accompagnement des \u00e9quipes multidisciplinaires ainsi qu\u2019\u00e0 stimuler et accro\u00eetre la capacit\u00e9 d\u2019agir de l&rsquo;\u00e9l\u00e8ve adulte dans une perspective de mise en \u0153uvre d\u2019un mod\u00e8le de pr\u00e9vention et d\u2019intervention \u00e0 paliers multiples : la r\u00e9ponse \u00e0 l\u2019intervention (RAI) telle que d\u00e9finie par Desrochers et Guay, 2020.<\/p>\n","protected":false},"excerpt":{"rendered":"<p>Ce document r\u00e9pertorie des strat\u00e9gies d\u2019enseignement et d\u2019apprentissage, dont certaines int\u00e8grent le num\u00e9riques. \u00a0Elles reposent sur les dix dimensions qui influent sur les pr\u00e9dispositions \u00e0 l\u2019apprentissage et leurs manifestations observables et mesurables. La r\u00e9ponse \u00e0 l\u2019intervention\u00a0 : pr\u00e9vention, intervention et<\/p>\n","protected":false},"author":379,"featured_media":0,"parent":0,"menu_order":0,"comment_status":"closed","ping_status":"closed","template":"","meta":{"footnotes":""},"class_list":["post-1077","page","type-page","status-publish","hentry"],"_links":{"self":[{"href":"https:\/\/www.carrefourfga.ca\/ticfga\/toutennuances\/wp-json\/wp\/v2\/pages\/1077"}],"collection":[{"href":"https:\/\/www.carrefourfga.ca\/ticfga\/toutennuances\/wp-json\/wp\/v2\/pages"}],"about":[{"href":"https:\/\/www.carrefourfga.ca\/ticfga\/toutennuances\/wp-json\/wp\/v2\/types\/page"}],"author":[{"embeddable":true,"href":"https:\/\/www.carrefourfga.ca\/ticfga\/toutennuances\/wp-json\/wp\/v2\/users\/379"}],"replies":[{"embeddable":true,"href":"https:\/\/www.carrefourfga.ca\/ticfga\/toutennuances\/wp-json\/wp\/v2\/comments?post=1077"}],"version-history":[{"count":19,"href":"https:\/\/www.carrefourfga.ca\/ticfga\/toutennuances\/wp-json\/wp\/v2\/pages\/1077\/revisions"}],"predecessor-version":[{"id":1293,"href":"https:\/\/www.carrefourfga.ca\/ticfga\/toutennuances\/wp-json\/wp\/v2\/pages\/1077\/revisions\/1293"}],"wp:attachment":[{"href":"https:\/\/www.carrefourfga.ca\/ticfga\/toutennuances\/wp-json\/wp\/v2\/media?parent=1077"}],"curies":[{"name":"wp","href":"https:\/\/api.w.org\/{rel}","templated":true}]}}