{"id":1029,"date":"2024-06-08T18:16:17","date_gmt":"2024-06-08T22:16:17","guid":{"rendered":"https:\/\/www.carrefourfga.ca\/ticfga\/toutennuances\/?page_id=1029"},"modified":"2024-06-09T20:24:42","modified_gmt":"2024-06-10T00:24:42","slug":"9-2-anxiete-de-performance","status":"publish","type":"page","link":"https:\/\/www.carrefourfga.ca\/ticfga\/toutennuances\/manifestations\/9-2-anxiete-de-performance\/","title":{"rendered":"9.2 &#8211; ANXI\u00c9T\u00c9 DE PERFORMANCE"},"content":{"rendered":"<p>L\u2019anxi\u00e9t\u00e9 de performance se r\u00e9f\u00e8re \u00e0 un sentiment de stress v\u00e9cu avant ou au moment de prendre la parole en public, d\u2019offrir une performance ou de subir une \u00e9preuve, comme un examen ou une entrevue d\u2019embauche.<\/p>\n<p style=\"text-align: right\"><a href=\"https:\/\/relief.ca\/relief-1\/blogue-en-detail\/anxiete-performanceindex\/postid\/30\">Relief &#8211; Blogue en d\u00e9tail &#8211; Qu\u2019est-ce que l\u2019anxi\u00e9t\u00e9 de performance ? &#8211; Qu\u2019est-ce que l\u2019anxi\u00e9t\u00e9 de performance?<\/a><\/p>\n<ul>\n<li><strong>Besoin 52<\/strong> : J\u2019ai besoin de conditions favorables \u00e0 la r\u00e9ussite de ma t\u00e2che.<\/li>\n<li><strong>Besoin 53<\/strong> : J\u2019ai besoin de regagner ma confiance en moi.<\/li>\n<li><strong>Besoin 54<\/strong> : J\u2019ai besoin d\u2019anticiper les situations anxiog\u00e8nes.<\/li>\n<li><strong>Besoin 55<\/strong> : J\u2019ai besoin de me donner des objectifs r\u00e9alistes.<\/li>\n<\/ul>\n","protected":false},"excerpt":{"rendered":"<p>L\u2019anxi\u00e9t\u00e9 de performance se r\u00e9f\u00e8re \u00e0 un sentiment de stress v\u00e9cu avant ou au moment de prendre la parole en public, d\u2019offrir une performance ou de subir une \u00e9preuve, comme un examen ou une entrevue d\u2019embauche. Relief &#8211; Blogue en<\/p>\n","protected":false},"author":379,"featured_media":0,"parent":1077,"menu_order":0,"comment_status":"closed","ping_status":"closed","template":"","meta":{"footnotes":""},"class_list":["post-1029","page","type-page","status-publish","hentry"],"_links":{"self":[{"href":"https:\/\/www.carrefourfga.ca\/ticfga\/toutennuances\/wp-json\/wp\/v2\/pages\/1029"}],"collection":[{"href":"https:\/\/www.carrefourfga.ca\/ticfga\/toutennuances\/wp-json\/wp\/v2\/pages"}],"about":[{"href":"https:\/\/www.carrefourfga.ca\/ticfga\/toutennuances\/wp-json\/wp\/v2\/types\/page"}],"author":[{"embeddable":true,"href":"https:\/\/www.carrefourfga.ca\/ticfga\/toutennuances\/wp-json\/wp\/v2\/users\/379"}],"replies":[{"embeddable":true,"href":"https:\/\/www.carrefourfga.ca\/ticfga\/toutennuances\/wp-json\/wp\/v2\/comments?post=1029"}],"version-history":[{"count":2,"href":"https:\/\/www.carrefourfga.ca\/ticfga\/toutennuances\/wp-json\/wp\/v2\/pages\/1029\/revisions"}],"predecessor-version":[{"id":1134,"href":"https:\/\/www.carrefourfga.ca\/ticfga\/toutennuances\/wp-json\/wp\/v2\/pages\/1029\/revisions\/1134"}],"up":[{"embeddable":true,"href":"https:\/\/www.carrefourfga.ca\/ticfga\/toutennuances\/wp-json\/wp\/v2\/pages\/1077"}],"wp:attachment":[{"href":"https:\/\/www.carrefourfga.ca\/ticfga\/toutennuances\/wp-json\/wp\/v2\/media?parent=1029"}],"curies":[{"name":"wp","href":"https:\/\/api.w.org\/{rel}","templated":true}]}}