{"id":1027,"date":"2024-06-08T18:16:16","date_gmt":"2024-06-08T22:16:16","guid":{"rendered":"https:\/\/www.carrefourfga.ca\/ticfga\/toutennuances\/?page_id=1027"},"modified":"2024-06-09T20:23:59","modified_gmt":"2024-06-10T00:23:59","slug":"8-metacognition-et-auto-observation","status":"publish","type":"page","link":"https:\/\/www.carrefourfga.ca\/ticfga\/toutennuances\/manifestations\/8-metacognition-et-auto-observation\/","title":{"rendered":"8 &#8211; M\u00c9TACOGNITION ET AUTO-OBSERVATION"},"content":{"rendered":"<p>La m\u00e9tacognition et l\u2019auto-observation consistent \u00e0\u00a0prendre conscience de ses propres processus\u00a0d\u2019apprentissage; elles\u00a0permettent \u00e0 une personne d\u2019identifier ses r\u00e9ussites et\u00a0ses erreurs, pour les corriger.<\/p>\n<ul>\n<li><strong>Besoin 42<\/strong> : J\u2019ai besoin de r\u00e9fl\u00e9chir \u00e0 la t\u00e2che.<\/li>\n<li><strong>Besoin 43<\/strong> : J\u2019ai besoin de comprendre comment faire la t\u00e2che et je dois v\u00e9rifier si je suis sur la bonne voie.<\/li>\n<li><strong>Besoin 44<\/strong> : J\u2019ai besoin de faire le bilan des strat\u00e9gies mises en place.<\/li>\n<\/ul>\n","protected":false},"excerpt":{"rendered":"<p>La m\u00e9tacognition et l\u2019auto-observation consistent \u00e0\u00a0prendre conscience de ses propres processus\u00a0d\u2019apprentissage; elles\u00a0permettent \u00e0 une personne d\u2019identifier ses r\u00e9ussites et\u00a0ses erreurs, pour les corriger. Besoin 42 : J\u2019ai besoin de r\u00e9fl\u00e9chir \u00e0 la t\u00e2che. Besoin 43 : J\u2019ai besoin de comprendre<\/p>\n","protected":false},"author":379,"featured_media":0,"parent":1077,"menu_order":0,"comment_status":"closed","ping_status":"closed","template":"","meta":{"footnotes":""},"class_list":["post-1027","page","type-page","status-publish","hentry"],"_links":{"self":[{"href":"https:\/\/www.carrefourfga.ca\/ticfga\/toutennuances\/wp-json\/wp\/v2\/pages\/1027"}],"collection":[{"href":"https:\/\/www.carrefourfga.ca\/ticfga\/toutennuances\/wp-json\/wp\/v2\/pages"}],"about":[{"href":"https:\/\/www.carrefourfga.ca\/ticfga\/toutennuances\/wp-json\/wp\/v2\/types\/page"}],"author":[{"embeddable":true,"href":"https:\/\/www.carrefourfga.ca\/ticfga\/toutennuances\/wp-json\/wp\/v2\/users\/379"}],"replies":[{"embeddable":true,"href":"https:\/\/www.carrefourfga.ca\/ticfga\/toutennuances\/wp-json\/wp\/v2\/comments?post=1027"}],"version-history":[{"count":2,"href":"https:\/\/www.carrefourfga.ca\/ticfga\/toutennuances\/wp-json\/wp\/v2\/pages\/1027\/revisions"}],"predecessor-version":[{"id":1132,"href":"https:\/\/www.carrefourfga.ca\/ticfga\/toutennuances\/wp-json\/wp\/v2\/pages\/1027\/revisions\/1132"}],"up":[{"embeddable":true,"href":"https:\/\/www.carrefourfga.ca\/ticfga\/toutennuances\/wp-json\/wp\/v2\/pages\/1077"}],"wp:attachment":[{"href":"https:\/\/www.carrefourfga.ca\/ticfga\/toutennuances\/wp-json\/wp\/v2\/media?parent=1027"}],"curies":[{"name":"wp","href":"https:\/\/api.w.org\/{rel}","templated":true}]}}