{"id":1026,"date":"2024-06-08T18:16:16","date_gmt":"2024-06-08T22:16:16","guid":{"rendered":"https:\/\/www.carrefourfga.ca\/ticfga\/toutennuances\/?page_id=1026"},"modified":"2024-06-13T15:04:54","modified_gmt":"2024-06-13T19:04:54","slug":"7-lmotivation","status":"publish","type":"page","link":"https:\/\/www.carrefourfga.ca\/ticfga\/toutennuances\/manifestations\/7-lmotivation\/","title":{"rendered":"7 \u2013 MOTIVATION"},"content":{"rendered":"\t\t<div data-elementor-type=\"wp-page\" data-elementor-id=\"1026\" class=\"elementor elementor-1026\">\n\t\t\t\t<div class=\"elementor-element elementor-element-17f0429e e-flex e-con-boxed e-con e-parent\" data-id=\"17f0429e\" data-element_type=\"container\">\n\t\t\t\t\t<div class=\"e-con-inner\">\n\t\t\t\t<div class=\"elementor-element elementor-element-5e12030b elementor-widget elementor-widget-text-editor\" data-id=\"5e12030b\" data-element_type=\"widget\" data-widget_type=\"text-editor.default\">\n\t\t\t\t<div class=\"elementor-widget-container\">\n\t\t\t<style>\/*! elementor - v3.22.0 - 26-06-2024 *\/\n.elementor-widget-text-editor.elementor-drop-cap-view-stacked .elementor-drop-cap{background-color:#69727d;color:#fff}.elementor-widget-text-editor.elementor-drop-cap-view-framed .elementor-drop-cap{color:#69727d;border:3px solid;background-color:transparent}.elementor-widget-text-editor:not(.elementor-drop-cap-view-default) .elementor-drop-cap{margin-top:8px}.elementor-widget-text-editor:not(.elementor-drop-cap-view-default) .elementor-drop-cap-letter{width:1em;height:1em}.elementor-widget-text-editor .elementor-drop-cap{float:left;text-align:center;line-height:1;font-size:50px}.elementor-widget-text-editor .elementor-drop-cap-letter{display:inline-block}<\/style>\t\t\t\t<p style=\"text-align: left\">Mot valise form\u00e9 de \u00ab motif \u00bb et \u00ab action \u00bb. La motivation comprend\u00a0 l\u2019ensemble des mobiles ou motifs qui incitent \u00e0 agir et \u00e0 persister dans l\u2019effort (ou \u00e0 rester en action), durant le processus, vers un but donn\u00e9.\u00a0 \u00a0 \u00a0 \u00a0 \u00a0 \u00a0 \u00a0 \u00a0 \u00a0 \u00a0 \u00a0 \u00a0 \u00a0 \u00a0 \u00a0 \u00a0 \u00a0 \u00a0 \u00a0 \u00a0 \u00a0 \u00a0 \u00a0 \u00a0 \u00a0 \u00a0 \u00a0 \u00a0 \u00a0 \u00a0 \u00a0 \u00a0 \u00a0 \u00a0 \u00a0 \u00a0 \u00a0 \u00a0 \u00a0 \u00a0 \u00a0 \u00a0 \u00a0 \u00a0 \u00a0 \u00a0 \u00a0 \u00a0 \u00a0 \u00a0 \u00a0 \u00a0 \u00a0 \u00a0 \u00a0 \u00a0 \u00a0 \u00a0 \u00a0 \u00a0 \u00a0Adapt\u00e9 de H\u00e9lo\u00efse Lh\u00e9r\u00e9t\u00e9 (2021) Psychologie de la motivation. <a href=\"https:\/\/www.mollat.com\/Recherche\/Editeur\/0-731173\/sciences-humaines-editions\">Sciences humaines \u00e9ditions<\/a> et de <a href=\"https:\/\/www.btb.termiumplus.gc.ca\/tpv2alpha\/alpha-fra.html?lang=fra&amp;srchtxt=motivation\">TERMIUM\u00a0Plus\u00ae (termiumplus.gc.ca)<\/a><\/p><ul><li><strong>Besoin 37<\/strong> : J\u2019ai besoin de clarifier la valeur de la t\u00e2che.<\/li><li><strong>Besoin 38<\/strong> : J\u2019ai besoin d\u2019\u00e9ch\u00e9anciers.<\/li><li><strong>Besoin 39<\/strong> : J\u2019ai besoin d\u2019avoir des d\u00e9fis r\u00e9alistes.<\/li><li><strong>Besoin 40<\/strong> : J\u2019ai besoin de vivre des exp\u00e9riences plaisantes \u00e0 l\u2019\u00e9cole.<\/li><li><strong>Besoin 41<\/strong> : J\u2019ai besoin de progresser et de vivre des r\u00e9ussites.<\/li><\/ul>\t\t\t\t\t\t<\/div>\n\t\t\t\t<\/div>\n\t\t\t\t\t<\/div>\n\t\t\t\t<\/div>\n\t\t\t\t<\/div>\n\t\t","protected":false},"excerpt":{"rendered":"<p>Mot valise form\u00e9 de \u00ab motif \u00bb et \u00ab action \u00bb. La motivation comprend\u00a0 l\u2019ensemble des mobiles ou motifs qui incitent \u00e0 agir et \u00e0 persister dans l\u2019effort (ou \u00e0 rester en action), durant le processus, vers un but donn\u00e9.\u00a0<\/p>\n","protected":false},"author":379,"featured_media":0,"parent":1077,"menu_order":0,"comment_status":"closed","ping_status":"closed","template":"","meta":{"footnotes":""},"class_list":["post-1026","page","type-page","status-publish","hentry"],"_links":{"self":[{"href":"https:\/\/www.carrefourfga.ca\/ticfga\/toutennuances\/wp-json\/wp\/v2\/pages\/1026"}],"collection":[{"href":"https:\/\/www.carrefourfga.ca\/ticfga\/toutennuances\/wp-json\/wp\/v2\/pages"}],"about":[{"href":"https:\/\/www.carrefourfga.ca\/ticfga\/toutennuances\/wp-json\/wp\/v2\/types\/page"}],"author":[{"embeddable":true,"href":"https:\/\/www.carrefourfga.ca\/ticfga\/toutennuances\/wp-json\/wp\/v2\/users\/379"}],"replies":[{"embeddable":true,"href":"https:\/\/www.carrefourfga.ca\/ticfga\/toutennuances\/wp-json\/wp\/v2\/comments?post=1026"}],"version-history":[{"count":15,"href":"https:\/\/www.carrefourfga.ca\/ticfga\/toutennuances\/wp-json\/wp\/v2\/pages\/1026\/revisions"}],"predecessor-version":[{"id":1368,"href":"https:\/\/www.carrefourfga.ca\/ticfga\/toutennuances\/wp-json\/wp\/v2\/pages\/1026\/revisions\/1368"}],"up":[{"embeddable":true,"href":"https:\/\/www.carrefourfga.ca\/ticfga\/toutennuances\/wp-json\/wp\/v2\/pages\/1077"}],"wp:attachment":[{"href":"https:\/\/www.carrefourfga.ca\/ticfga\/toutennuances\/wp-json\/wp\/v2\/media?parent=1026"}],"curies":[{"name":"wp","href":"https:\/\/api.w.org\/{rel}","templated":true}]}}