{"id":1025,"date":"2024-06-08T18:16:16","date_gmt":"2024-06-08T22:16:16","guid":{"rendered":"https:\/\/www.carrefourfga.ca\/ticfga\/toutennuances\/?page_id=1025"},"modified":"2024-06-09T20:22:58","modified_gmt":"2024-06-10T00:22:58","slug":"6-planification-organisation-et-gestion-du-temps","status":"publish","type":"page","link":"https:\/\/www.carrefourfga.ca\/ticfga\/toutennuances\/manifestations\/6-planification-organisation-et-gestion-du-temps\/","title":{"rendered":"6 \u2013 PLANIFICATION, ORGANISATION ET GESTION DU TEMPS"},"content":{"rendered":"<p>La planification consiste \u00e0 d\u00e9terminer les diff\u00e9rentes \u00e9tapes\u00a0pour la r\u00e9alisation\u00a0d\u2019une t\u00e2che en consid\u00e9rant une\u00a0p\u00e9riode donn\u00e9e.\u200b<\/p>\n<p>L\u2019organisation voit \u00e0 hi\u00e9rarchiser\u00a0les actions et les informations n\u00e9cessaires\u00a0\u00e0 la r\u00e9alisation d\u2019une t\u00e2che.<\/p>\n<p>La gestion du temps est l\u2019habilet\u00e9 \u00e0 organiser et \u00e0 planifier la r\u00e9partition du temps\u00a0 entre des activit\u00e9s et des priorit\u00e9s.<\/p>\n<ul>\n<li><strong>Besoin 33<\/strong> : J\u2019ai besoin de planifier mon travail.<\/li>\n<li><strong>Besoin 34<\/strong> : J\u2019ai besoin de m\u2019organiser.<\/li>\n<li><strong>Besoin 35<\/strong> : J\u2019ai besoin d\u2019\u00e9tablir mes priorit\u00e9s.<\/li>\n<li><strong>Besoin 36<\/strong> : J\u2019ai besoin d\u2019\u00e9liminer les distractions.<\/li>\n<\/ul>\n","protected":false},"excerpt":{"rendered":"<p>La planification consiste \u00e0 d\u00e9terminer les diff\u00e9rentes \u00e9tapes\u00a0pour la r\u00e9alisation\u00a0d\u2019une t\u00e2che en consid\u00e9rant une\u00a0p\u00e9riode donn\u00e9e.\u200b L\u2019organisation voit \u00e0 hi\u00e9rarchiser\u00a0les actions et les informations n\u00e9cessaires\u00a0\u00e0 la r\u00e9alisation d\u2019une t\u00e2che. La gestion du temps est l\u2019habilet\u00e9 \u00e0 organiser et \u00e0 planifier la<\/p>\n","protected":false},"author":379,"featured_media":0,"parent":1077,"menu_order":0,"comment_status":"closed","ping_status":"closed","template":"","meta":{"footnotes":""},"class_list":["post-1025","page","type-page","status-publish","hentry"],"_links":{"self":[{"href":"https:\/\/www.carrefourfga.ca\/ticfga\/toutennuances\/wp-json\/wp\/v2\/pages\/1025"}],"collection":[{"href":"https:\/\/www.carrefourfga.ca\/ticfga\/toutennuances\/wp-json\/wp\/v2\/pages"}],"about":[{"href":"https:\/\/www.carrefourfga.ca\/ticfga\/toutennuances\/wp-json\/wp\/v2\/types\/page"}],"author":[{"embeddable":true,"href":"https:\/\/www.carrefourfga.ca\/ticfga\/toutennuances\/wp-json\/wp\/v2\/users\/379"}],"replies":[{"embeddable":true,"href":"https:\/\/www.carrefourfga.ca\/ticfga\/toutennuances\/wp-json\/wp\/v2\/comments?post=1025"}],"version-history":[{"count":2,"href":"https:\/\/www.carrefourfga.ca\/ticfga\/toutennuances\/wp-json\/wp\/v2\/pages\/1025\/revisions"}],"predecessor-version":[{"id":1129,"href":"https:\/\/www.carrefourfga.ca\/ticfga\/toutennuances\/wp-json\/wp\/v2\/pages\/1025\/revisions\/1129"}],"up":[{"embeddable":true,"href":"https:\/\/www.carrefourfga.ca\/ticfga\/toutennuances\/wp-json\/wp\/v2\/pages\/1077"}],"wp:attachment":[{"href":"https:\/\/www.carrefourfga.ca\/ticfga\/toutennuances\/wp-json\/wp\/v2\/media?parent=1025"}],"curies":[{"name":"wp","href":"https:\/\/api.w.org\/{rel}","templated":true}]}}