{"id":1024,"date":"2024-06-08T18:16:16","date_gmt":"2024-06-08T22:16:16","guid":{"rendered":"https:\/\/www.carrefourfga.ca\/ticfga\/toutennuances\/?page_id=1024"},"modified":"2024-06-09T20:22:24","modified_gmt":"2024-06-10T00:22:24","slug":"5-2-communication-ecrite-lecture-et-ecriture","status":"publish","type":"page","link":"https:\/\/www.carrefourfga.ca\/ticfga\/toutennuances\/manifestations\/5-2-communication-ecrite-lecture-et-ecriture\/","title":{"rendered":"5.2 \u2013 COMMUNICATION \u00c9CRITE : LECTURE ET \u00c9CRITURE"},"content":{"rendered":"<p style=\"text-align: left\">\u00ab Lire, c\u2019est donner un sens \u00e0 un message graphique [\u2026] \u00bb (Riquois, 2019)\u200b.<\/p>\n<p style=\"text-align: left\">\u00c9crire, c\u2019est la capacit\u00e9 \u00e0 exprimer la pens\u00e9e et \u00e0 communiquer au moyen d\u2019un message graphique (Larousse).\u200b<\/p>\n<p style=\"text-align: left\">Lire et \u00e9crire sont des actions ins\u00e9parables.<\/p>\n<ul>\n<li><strong>Besoin 26<\/strong> : J\u2019ai besoin d\u2019enrichir mon vocabulaire.<\/li>\n<li><strong>Besoin 27<\/strong> : J\u2019ai besoin d\u2019identifier les mots et leurs particularit\u00e9s.<\/li>\n<li><strong>Besoin 28<\/strong> : J\u2019ai besoin de lire de mani\u00e8re fluide.<\/li>\n<li><strong>Besoin 29<\/strong> : J\u2019ai besoin de comprendre quand je lis.<\/li>\n<li><strong>Besoin 30<\/strong> : J\u2019ai besoin de respecter l\u2019orthographe des mots.<\/li>\n<li><strong>Besoin 31<\/strong> : J\u2019ai besoin de r\u00e9viser mes \u00e9crits.<\/li>\n<li><strong>Besoin 32<\/strong> : J\u2019ai besoin de r\u00e9duire les activit\u00e9s li\u00e9es \u00e0 la t\u00e2che d\u2019\u00e9criture.<\/li>\n<\/ul>\n","protected":false},"excerpt":{"rendered":"<p>\u00ab Lire, c\u2019est donner un sens \u00e0 un message graphique [\u2026] \u00bb (Riquois, 2019)\u200b. \u00c9crire, c\u2019est la capacit\u00e9 \u00e0 exprimer la pens\u00e9e et \u00e0 communiquer au moyen d\u2019un message graphique (Larousse).\u200b Lire et \u00e9crire sont des actions ins\u00e9parables. Besoin 26<\/p>\n","protected":false},"author":379,"featured_media":0,"parent":1077,"menu_order":0,"comment_status":"closed","ping_status":"closed","template":"","meta":{"footnotes":""},"class_list":["post-1024","page","type-page","status-publish","hentry"],"_links":{"self":[{"href":"https:\/\/www.carrefourfga.ca\/ticfga\/toutennuances\/wp-json\/wp\/v2\/pages\/1024"}],"collection":[{"href":"https:\/\/www.carrefourfga.ca\/ticfga\/toutennuances\/wp-json\/wp\/v2\/pages"}],"about":[{"href":"https:\/\/www.carrefourfga.ca\/ticfga\/toutennuances\/wp-json\/wp\/v2\/types\/page"}],"author":[{"embeddable":true,"href":"https:\/\/www.carrefourfga.ca\/ticfga\/toutennuances\/wp-json\/wp\/v2\/users\/379"}],"replies":[{"embeddable":true,"href":"https:\/\/www.carrefourfga.ca\/ticfga\/toutennuances\/wp-json\/wp\/v2\/comments?post=1024"}],"version-history":[{"count":4,"href":"https:\/\/www.carrefourfga.ca\/ticfga\/toutennuances\/wp-json\/wp\/v2\/pages\/1024\/revisions"}],"predecessor-version":[{"id":1136,"href":"https:\/\/www.carrefourfga.ca\/ticfga\/toutennuances\/wp-json\/wp\/v2\/pages\/1024\/revisions\/1136"}],"up":[{"embeddable":true,"href":"https:\/\/www.carrefourfga.ca\/ticfga\/toutennuances\/wp-json\/wp\/v2\/pages\/1077"}],"wp:attachment":[{"href":"https:\/\/www.carrefourfga.ca\/ticfga\/toutennuances\/wp-json\/wp\/v2\/media?parent=1024"}],"curies":[{"name":"wp","href":"https:\/\/api.w.org\/{rel}","templated":true}]}}