{"id":1023,"date":"2024-06-08T18:16:16","date_gmt":"2024-06-08T22:16:16","guid":{"rendered":"https:\/\/www.carrefourfga.ca\/ticfga\/toutennuances\/?page_id=1023"},"modified":"2024-06-09T20:22:04","modified_gmt":"2024-06-10T00:22:04","slug":"5-1-communication-orale","status":"publish","type":"page","link":"https:\/\/www.carrefourfga.ca\/ticfga\/toutennuances\/manifestations\/5-1-communication-orale\/","title":{"rendered":"5.1 &#8211; COMMUNICATION ORALE"},"content":{"rendered":"<p>La communication orale consiste \u00e0 transmettre verbalement des id\u00e9es et des informations. Cela implique un \u00e9change entre une personne qui \u00e9met un message et une autre qui le re\u00e7oit.<\/p>\n<ul>\n<li><strong>Besoin 19<\/strong> : J\u2019ai besoin de clarifier des bouts de message.<\/li>\n<li><strong>Besoin 20<\/strong> : J\u2019ai besoin de structurer mes id\u00e9es.<\/li>\n<li><strong>Besoin 21<\/strong> : J\u2019ai besoin d\u2019utiliser le mot juste et d\u2019enrichir mon vocabulaire.<\/li>\n<li><strong>Besoin 22<\/strong> : J\u2019ai besoin d\u2019exprimer un message clair \u00e0 l\u2019oral.<\/li>\n<li><strong>Besoin 23<\/strong> : J\u2019ai besoin de v\u00e9rifier ma compr\u00e9hension orale.<\/li>\n<li><strong>Besoin 24<\/strong> : J\u2019ai besoin de g\u00e9rer mon stress.<\/li>\n<li><strong>Besoin 25<\/strong> : J\u2019ai besoin de participer \u00e0 des \u00e9changes verbaux.<\/li>\n<\/ul>\n","protected":false},"excerpt":{"rendered":"<p>La communication orale consiste \u00e0 transmettre verbalement des id\u00e9es et des informations. Cela implique un \u00e9change entre une personne qui \u00e9met un message et une autre qui le re\u00e7oit. Besoin 19 : J\u2019ai besoin de clarifier des bouts de message.<\/p>\n","protected":false},"author":379,"featured_media":0,"parent":1077,"menu_order":0,"comment_status":"closed","ping_status":"closed","template":"","meta":{"footnotes":""},"class_list":["post-1023","page","type-page","status-publish","hentry"],"_links":{"self":[{"href":"https:\/\/www.carrefourfga.ca\/ticfga\/toutennuances\/wp-json\/wp\/v2\/pages\/1023"}],"collection":[{"href":"https:\/\/www.carrefourfga.ca\/ticfga\/toutennuances\/wp-json\/wp\/v2\/pages"}],"about":[{"href":"https:\/\/www.carrefourfga.ca\/ticfga\/toutennuances\/wp-json\/wp\/v2\/types\/page"}],"author":[{"embeddable":true,"href":"https:\/\/www.carrefourfga.ca\/ticfga\/toutennuances\/wp-json\/wp\/v2\/users\/379"}],"replies":[{"embeddable":true,"href":"https:\/\/www.carrefourfga.ca\/ticfga\/toutennuances\/wp-json\/wp\/v2\/comments?post=1023"}],"version-history":[{"count":3,"href":"https:\/\/www.carrefourfga.ca\/ticfga\/toutennuances\/wp-json\/wp\/v2\/pages\/1023\/revisions"}],"predecessor-version":[{"id":1127,"href":"https:\/\/www.carrefourfga.ca\/ticfga\/toutennuances\/wp-json\/wp\/v2\/pages\/1023\/revisions\/1127"}],"up":[{"embeddable":true,"href":"https:\/\/www.carrefourfga.ca\/ticfga\/toutennuances\/wp-json\/wp\/v2\/pages\/1077"}],"wp:attachment":[{"href":"https:\/\/www.carrefourfga.ca\/ticfga\/toutennuances\/wp-json\/wp\/v2\/media?parent=1023"}],"curies":[{"name":"wp","href":"https:\/\/api.w.org\/{rel}","templated":true}]}}