{"id":1022,"date":"2024-06-08T18:16:16","date_gmt":"2024-06-08T22:16:16","guid":{"rendered":"https:\/\/www.carrefourfga.ca\/ticfga\/toutennuances\/?page_id=1022"},"modified":"2024-06-09T20:21:25","modified_gmt":"2024-06-10T00:21:25","slug":"4-2-coordination-et-motricite-non-verbale","status":"publish","type":"page","link":"https:\/\/www.carrefourfga.ca\/ticfga\/toutennuances\/manifestations\/4-2-coordination-et-motricite-non-verbale\/","title":{"rendered":"4.2 &#8211; COORDINATION ET MOTRICIT\u00c9 NON VERBALE"},"content":{"rendered":"<p>La coordination et la motricit\u00e9 non verbale consistent \u00e0 planifier et \u00e0 programmer les mouvements du\u00a0corps\u00a0pour r\u00e9aliser une s\u00e9quence de gestes de mani\u00e8re efficace.<\/p>\n<ul>\n<li><strong>Besoin 15<\/strong> : J\u2019ai besoin d\u2019organiser l\u2019information.<\/li>\n<li><strong>Besoin 16<\/strong> : J\u2019ai besoin d\u2019organiser la t\u00e2che \u00e0 faire.<\/li>\n<li><strong>Besoin 17<\/strong> : J\u2019ai besoin de r\u00e9duire le nombre de mots \u00e9crits.<\/li>\n<li><strong>Besoin 18<\/strong> : J\u2019ai besoin d\u2019observer quelqu\u2019un r\u00e9aliser la t\u00e2che.<\/li>\n<\/ul>\n","protected":false},"excerpt":{"rendered":"<p>La coordination et la motricit\u00e9 non verbale consistent \u00e0 planifier et \u00e0 programmer les mouvements du\u00a0corps\u00a0pour r\u00e9aliser une s\u00e9quence de gestes de mani\u00e8re efficace. Besoin 15 : J\u2019ai besoin d\u2019organiser l\u2019information. Besoin 16 : J\u2019ai besoin d\u2019organiser la t\u00e2che \u00e0<\/p>\n","protected":false},"author":379,"featured_media":0,"parent":1077,"menu_order":0,"comment_status":"closed","ping_status":"closed","template":"","meta":{"footnotes":""},"class_list":["post-1022","page","type-page","status-publish","hentry"],"_links":{"self":[{"href":"https:\/\/www.carrefourfga.ca\/ticfga\/toutennuances\/wp-json\/wp\/v2\/pages\/1022"}],"collection":[{"href":"https:\/\/www.carrefourfga.ca\/ticfga\/toutennuances\/wp-json\/wp\/v2\/pages"}],"about":[{"href":"https:\/\/www.carrefourfga.ca\/ticfga\/toutennuances\/wp-json\/wp\/v2\/types\/page"}],"author":[{"embeddable":true,"href":"https:\/\/www.carrefourfga.ca\/ticfga\/toutennuances\/wp-json\/wp\/v2\/users\/379"}],"replies":[{"embeddable":true,"href":"https:\/\/www.carrefourfga.ca\/ticfga\/toutennuances\/wp-json\/wp\/v2\/comments?post=1022"}],"version-history":[{"count":3,"href":"https:\/\/www.carrefourfga.ca\/ticfga\/toutennuances\/wp-json\/wp\/v2\/pages\/1022\/revisions"}],"predecessor-version":[{"id":1126,"href":"https:\/\/www.carrefourfga.ca\/ticfga\/toutennuances\/wp-json\/wp\/v2\/pages\/1022\/revisions\/1126"}],"up":[{"embeddable":true,"href":"https:\/\/www.carrefourfga.ca\/ticfga\/toutennuances\/wp-json\/wp\/v2\/pages\/1077"}],"wp:attachment":[{"href":"https:\/\/www.carrefourfga.ca\/ticfga\/toutennuances\/wp-json\/wp\/v2\/media?parent=1022"}],"curies":[{"name":"wp","href":"https:\/\/api.w.org\/{rel}","templated":true}]}}