{"id":1021,"date":"2024-06-08T18:16:16","date_gmt":"2024-06-08T22:16:16","guid":{"rendered":"https:\/\/www.carrefourfga.ca\/ticfga\/toutennuances\/?page_id=1021"},"modified":"2024-06-09T20:21:09","modified_gmt":"2024-06-10T00:21:09","slug":"4-1-coordination-et-motricite-verbale","status":"publish","type":"page","link":"https:\/\/www.carrefourfga.ca\/ticfga\/toutennuances\/manifestations\/4-1-coordination-et-motricite-verbale\/","title":{"rendered":"4.1- COORDINATION ET MOTRICIT\u00c9 VERBALE"},"content":{"rendered":"<p>La coordination et la motricit\u00e9 verbale consistent \u00e0 planifier et \u00e0 programmer les mouvements de la\u00a0bouche, des l\u00e8vres et des cordes vocales afin d\u2019\u00e9mettre les sons\u00a0pour\u00a0produire un message oral.<\/p>\n<ul>\n<li><strong>Besoin 13<\/strong> : J\u2019ai besoin de communiquer verbalement.<\/li>\n<li><strong>Besoin 14<\/strong> : J\u2019ai besoin de me faire comprendre.<\/li>\n<\/ul>\n","protected":false},"excerpt":{"rendered":"<p>La coordination et la motricit\u00e9 verbale consistent \u00e0 planifier et \u00e0 programmer les mouvements de la\u00a0bouche, des l\u00e8vres et des cordes vocales afin d\u2019\u00e9mettre les sons\u00a0pour\u00a0produire un message oral. Besoin 13 : J\u2019ai besoin de communiquer verbalement. Besoin 14 :<\/p>\n","protected":false},"author":379,"featured_media":0,"parent":1077,"menu_order":0,"comment_status":"closed","ping_status":"closed","template":"","meta":{"footnotes":""},"class_list":["post-1021","page","type-page","status-publish","hentry"],"_links":{"self":[{"href":"https:\/\/www.carrefourfga.ca\/ticfga\/toutennuances\/wp-json\/wp\/v2\/pages\/1021"}],"collection":[{"href":"https:\/\/www.carrefourfga.ca\/ticfga\/toutennuances\/wp-json\/wp\/v2\/pages"}],"about":[{"href":"https:\/\/www.carrefourfga.ca\/ticfga\/toutennuances\/wp-json\/wp\/v2\/types\/page"}],"author":[{"embeddable":true,"href":"https:\/\/www.carrefourfga.ca\/ticfga\/toutennuances\/wp-json\/wp\/v2\/users\/379"}],"replies":[{"embeddable":true,"href":"https:\/\/www.carrefourfga.ca\/ticfga\/toutennuances\/wp-json\/wp\/v2\/comments?post=1021"}],"version-history":[{"count":2,"href":"https:\/\/www.carrefourfga.ca\/ticfga\/toutennuances\/wp-json\/wp\/v2\/pages\/1021\/revisions"}],"predecessor-version":[{"id":1122,"href":"https:\/\/www.carrefourfga.ca\/ticfga\/toutennuances\/wp-json\/wp\/v2\/pages\/1021\/revisions\/1122"}],"up":[{"embeddable":true,"href":"https:\/\/www.carrefourfga.ca\/ticfga\/toutennuances\/wp-json\/wp\/v2\/pages\/1077"}],"wp:attachment":[{"href":"https:\/\/www.carrefourfga.ca\/ticfga\/toutennuances\/wp-json\/wp\/v2\/media?parent=1021"}],"curies":[{"name":"wp","href":"https:\/\/api.w.org\/{rel}","templated":true}]}}