{"id":1007,"date":"2024-06-08T18:04:44","date_gmt":"2024-06-08T22:04:44","guid":{"rendered":"https:\/\/www.carrefourfga.ca\/ticfga\/toutennuances\/?page_id=1007"},"modified":"2024-06-08T19:50:34","modified_gmt":"2024-06-08T23:50:34","slug":"3-comprehension-et-memorisation","status":"publish","type":"page","link":"https:\/\/www.carrefourfga.ca\/ticfga\/toutennuances\/manifestations\/3-comprehension-et-memorisation\/","title":{"rendered":"3- COMPR\u00c9HENSION ET M\u00c9MORISATION"},"content":{"rendered":"<p>La compr\u00e9hension est un processus qui vise \u00e0 d\u00e9voiler une part d\u2019inconnu autour d\u2019un th\u00e8me ou d\u2019une situation.<\/p>\n<p>La m\u00e9morisation est la capacit\u00e9 d\u2019enregistrer l\u2019information, \u00e0 la conserver et \u00e0 la traiter dans le but de cr\u00e9er des connaissances.<\/p>\n<ul>\n<li><strong>Besoin 8<\/strong> : J\u2019ai besoin de visualiser l\u2019information.<\/li>\n<li><strong>Besoin 9<\/strong> : J\u2019ai besoin de comprendre l\u2019information.<\/li>\n<li><strong>Besoin 10<\/strong> : J\u2019ai besoin de valider ma compr\u00e9hension.<\/li>\n<li><strong>Besoin 11<\/strong> : J\u2019ai besoin de comprendre les consignes.<\/li>\n<li><strong>Besoin 12<\/strong> : J\u2019ai besoin de m\u00e9moriser.<\/li>\n<\/ul>\n","protected":false},"excerpt":{"rendered":"<p>La compr\u00e9hension est un processus qui vise \u00e0 d\u00e9voiler une part d\u2019inconnu autour d\u2019un th\u00e8me ou d\u2019une situation. La m\u00e9morisation est la capacit\u00e9 d\u2019enregistrer l\u2019information, \u00e0 la conserver et \u00e0 la traiter dans le but de cr\u00e9er des connaissances. Besoin<\/p>\n","protected":false},"author":379,"featured_media":0,"parent":1077,"menu_order":0,"comment_status":"closed","ping_status":"closed","template":"","meta":{"footnotes":""},"class_list":["post-1007","page","type-page","status-publish","hentry"],"_links":{"self":[{"href":"https:\/\/www.carrefourfga.ca\/ticfga\/toutennuances\/wp-json\/wp\/v2\/pages\/1007"}],"collection":[{"href":"https:\/\/www.carrefourfga.ca\/ticfga\/toutennuances\/wp-json\/wp\/v2\/pages"}],"about":[{"href":"https:\/\/www.carrefourfga.ca\/ticfga\/toutennuances\/wp-json\/wp\/v2\/types\/page"}],"author":[{"embeddable":true,"href":"https:\/\/www.carrefourfga.ca\/ticfga\/toutennuances\/wp-json\/wp\/v2\/users\/379"}],"replies":[{"embeddable":true,"href":"https:\/\/www.carrefourfga.ca\/ticfga\/toutennuances\/wp-json\/wp\/v2\/comments?post=1007"}],"version-history":[{"count":3,"href":"https:\/\/www.carrefourfga.ca\/ticfga\/toutennuances\/wp-json\/wp\/v2\/pages\/1007\/revisions"}],"predecessor-version":[{"id":1111,"href":"https:\/\/www.carrefourfga.ca\/ticfga\/toutennuances\/wp-json\/wp\/v2\/pages\/1007\/revisions\/1111"}],"up":[{"embeddable":true,"href":"https:\/\/www.carrefourfga.ca\/ticfga\/toutennuances\/wp-json\/wp\/v2\/pages\/1077"}],"wp:attachment":[{"href":"https:\/\/www.carrefourfga.ca\/ticfga\/toutennuances\/wp-json\/wp\/v2\/media?parent=1007"}],"curies":[{"name":"wp","href":"https:\/\/api.w.org\/{rel}","templated":true}]}}