{"id":1006,"date":"2024-06-08T18:04:44","date_gmt":"2024-06-08T22:04:44","guid":{"rendered":"https:\/\/www.carrefourfga.ca\/ticfga\/toutennuances\/?page_id=1006"},"modified":"2024-06-08T19:47:41","modified_gmt":"2024-06-08T23:47:41","slug":"2-concentration-et-attention","status":"publish","type":"page","link":"https:\/\/www.carrefourfga.ca\/ticfga\/toutennuances\/manifestations\/2-concentration-et-attention\/","title":{"rendered":"2- CONCENTRATION ET ATTENTION"},"content":{"rendered":"<p>La concentration consiste \u00e0 focaliser son attention sur une t\u00e2che; l&rsquo;attention est pour sa part un \u00e9tat de vigilance.<\/p>\n<ul>\n<li><strong>Besoin 6<\/strong> : J\u2019ai besoin de me centrer et de soutenir mon attention.<\/li>\n<li><strong>Besoin 1<\/strong> : J\u2019ai besoin de bouger.<\/li>\n<li><strong>Besoin 7<\/strong> : J\u2019ai besoin de m\u2019organiser.<\/li>\n<\/ul>\n","protected":false},"excerpt":{"rendered":"<p>La concentration consiste \u00e0 focaliser son attention sur une t\u00e2che; l&rsquo;attention est pour sa part un \u00e9tat de vigilance. Besoin 6 : J\u2019ai besoin de me centrer et de soutenir mon attention. Besoin 1 : J\u2019ai besoin de bouger. Besoin<\/p>\n","protected":false},"author":379,"featured_media":0,"parent":1077,"menu_order":0,"comment_status":"closed","ping_status":"closed","template":"","meta":{"footnotes":""},"class_list":["post-1006","page","type-page","status-publish","hentry"],"_links":{"self":[{"href":"https:\/\/www.carrefourfga.ca\/ticfga\/toutennuances\/wp-json\/wp\/v2\/pages\/1006"}],"collection":[{"href":"https:\/\/www.carrefourfga.ca\/ticfga\/toutennuances\/wp-json\/wp\/v2\/pages"}],"about":[{"href":"https:\/\/www.carrefourfga.ca\/ticfga\/toutennuances\/wp-json\/wp\/v2\/types\/page"}],"author":[{"embeddable":true,"href":"https:\/\/www.carrefourfga.ca\/ticfga\/toutennuances\/wp-json\/wp\/v2\/users\/379"}],"replies":[{"embeddable":true,"href":"https:\/\/www.carrefourfga.ca\/ticfga\/toutennuances\/wp-json\/wp\/v2\/comments?post=1006"}],"version-history":[{"count":3,"href":"https:\/\/www.carrefourfga.ca\/ticfga\/toutennuances\/wp-json\/wp\/v2\/pages\/1006\/revisions"}],"predecessor-version":[{"id":1109,"href":"https:\/\/www.carrefourfga.ca\/ticfga\/toutennuances\/wp-json\/wp\/v2\/pages\/1006\/revisions\/1109"}],"up":[{"embeddable":true,"href":"https:\/\/www.carrefourfga.ca\/ticfga\/toutennuances\/wp-json\/wp\/v2\/pages\/1077"}],"wp:attachment":[{"href":"https:\/\/www.carrefourfga.ca\/ticfga\/toutennuances\/wp-json\/wp\/v2\/media?parent=1006"}],"curies":[{"name":"wp","href":"https:\/\/api.w.org\/{rel}","templated":true}]}}