{"id":1005,"date":"2024-06-08T18:04:43","date_gmt":"2024-06-08T22:04:43","guid":{"rendered":"https:\/\/www.carrefourfga.ca\/ticfga\/toutennuances\/?page_id=1005"},"modified":"2024-06-14T12:10:50","modified_gmt":"2024-06-14T16:10:50","slug":"1-agitation-et-impulsivite","status":"publish","type":"page","link":"https:\/\/www.carrefourfga.ca\/ticfga\/toutennuances\/manifestations\/1-agitation-et-impulsivite\/","title":{"rendered":"1 &#8211; AGITATION ET IMPULSIVIT\u00c9"},"content":{"rendered":"\t\t<div data-elementor-type=\"wp-page\" data-elementor-id=\"1005\" class=\"elementor elementor-1005\">\n\t\t\t\t<div class=\"elementor-element elementor-element-33528dea e-flex e-con-boxed e-con e-parent\" data-id=\"33528dea\" data-element_type=\"container\">\n\t\t\t\t\t<div class=\"e-con-inner\">\n\t\t\t\t<div class=\"elementor-element elementor-element-29046fcd elementor-widget elementor-widget-text-editor\" data-id=\"29046fcd\" data-element_type=\"widget\" data-widget_type=\"text-editor.default\">\n\t\t\t\t<div class=\"elementor-widget-container\">\n\t\t\t<style>\/*! elementor - v3.22.0 - 26-06-2024 *\/\n.elementor-widget-text-editor.elementor-drop-cap-view-stacked .elementor-drop-cap{background-color:#69727d;color:#fff}.elementor-widget-text-editor.elementor-drop-cap-view-framed .elementor-drop-cap{color:#69727d;border:3px solid;background-color:transparent}.elementor-widget-text-editor:not(.elementor-drop-cap-view-default) .elementor-drop-cap{margin-top:8px}.elementor-widget-text-editor:not(.elementor-drop-cap-view-default) .elementor-drop-cap-letter{width:1em;height:1em}.elementor-widget-text-editor .elementor-drop-cap{float:left;text-align:center;line-height:1;font-size:50px}.elementor-widget-text-editor .elementor-drop-cap-letter{display:inline-block}<\/style>\t\t\t\t<blockquote><p>L\u2019agitation et l\u2019impulsivit\u00e9 constituent \u00ab[\u2026] une pr\u00e9disposition \u00e0 r\u00e9agir rapidement et de fa\u00e7on non planifi\u00e9e en r\u00e9ponse \u00e0 un stimulus interne ou externe, sans consid\u00e9ration des \u00e9ventuelles cons\u00e9quences que ces r\u00e9actions pourraient avoir pour soi ou pour les autres.\u00bb(Moeller et al., 2001)\u200b.<\/p><\/blockquote>\t\t\t\t\t\t<\/div>\n\t\t\t\t<\/div>\n\t\t<div class=\"elementor-element elementor-element-99cbe2a e-con-full e-flex e-con e-child\" data-id=\"99cbe2a\" data-element_type=\"container\">\n\t\t\t\t<div class=\"elementor-element elementor-element-3548836 elementor-absolute elementor-widget elementor-widget-heading\" data-id=\"3548836\" data-element_type=\"widget\" data-settings=\"{&quot;_position&quot;:&quot;absolute&quot;}\" data-widget_type=\"heading.default\">\n\t\t\t\t<div class=\"elementor-widget-container\">\n\t\t\t<style>\/*! elementor - v3.22.0 - 26-06-2024 *\/\n.elementor-heading-title{padding:0;margin:0;line-height:1}.elementor-widget-heading .elementor-heading-title[class*=elementor-size-]>a{color:inherit;font-size:inherit;line-height:inherit}.elementor-widget-heading .elementor-heading-title.elementor-size-small{font-size:15px}.elementor-widget-heading .elementor-heading-title.elementor-size-medium{font-size:19px}.elementor-widget-heading .elementor-heading-title.elementor-size-large{font-size:29px}.elementor-widget-heading .elementor-heading-title.elementor-size-xl{font-size:39px}.elementor-widget-heading .elementor-heading-title.elementor-size-xxl{font-size:59px}<\/style><h6 class=\"elementor-heading-title elementor-size-default\">MANIFESTATIONS OBSERVABLES<\/h6>\t\t<\/div>\n\t\t\t\t<\/div>\n\t\t\t\t<\/div>\n\t\t\t\t<div class=\"elementor-element elementor-element-e29b466 elementor-widget elementor-widget-text-editor\" data-id=\"e29b466\" data-element_type=\"widget\" data-widget_type=\"text-editor.default\">\n\t\t\t\t<div class=\"elementor-widget-container\">\n\t\t\t\t\t\t\t<p>L\u2019adulte\u2026<\/p><ul><li>agit sans planifier, de fa\u00e7on impulsive et spontan\u00e9e.<\/li><li>bouge constamment.<\/li><li>recherche l\u2019action.<\/li><li>a des conflits fr\u00e9quents avec les pairs ou les intervenants.<\/li><li>donne des excuses pour \u00e9viter les nouvelles t\u00e2ches.<\/li><li>g\u00e8re mal sa frustration (se f\u00e2che ou r\u00e9agit d\u00e9mesur\u00e9ment aux \u00e9v\u00e8nements).<\/li><li>a des comportements immatures, interrompt.<\/li><li>passe des commentaires inappropri\u00e9s.<\/li><li>ne respecte pas les consignes ou les r\u00e8gles du groupe.<\/li><li>manifeste de la rigidit\u00e9, de l\u2019opposition.<\/li><li>d\u00e9fie l\u2019autorit\u00e9.<\/li><li>d\u00e9montre un besoin accru d\u2019attention se d\u00e9responsabilise.<\/li><\/ul>\t\t\t\t\t\t<\/div>\n\t\t\t\t<\/div>\n\t\t\t\t<div class=\"elementor-element elementor-element-7beabaf elementor-widget elementor-widget-text-editor\" data-id=\"7beabaf\" data-element_type=\"widget\" data-widget_type=\"text-editor.default\">\n\t\t\t\t<div class=\"elementor-widget-container\">\n\t\t\t\t\t\t\t<p><strong>Liste des besoins :<\/strong><\/p><ul><li><a href=\"#besoin1\">Besoin 1 : J\u2019ai besoin de bouger.<\/a><\/li><li><a href=\"#besoin2\">Besoin 2 : J\u2019ai besoin de me recentrer.<\/a><\/li><li>Besoin 3 : J\u2019ai besoin de g\u00e9rer mes \u00e9motions.<\/li><li>Besoin 4 : J\u2019ai besoin de me calmer.<\/li><li>Besoin 5 : J\u2019ai besoin de g\u00e9rer mon impulsivit\u00e9.<\/li><\/ul>\t\t\t\t\t\t<\/div>\n\t\t\t\t<\/div>\n\t\t\t\t\t<\/div>\n\t\t\t\t<\/div>\n\t\t<div class=\"elementor-element elementor-element-aa6a307 e-grid e-con-boxed e-con e-parent\" data-id=\"aa6a307\" data-element_type=\"container\">\n\t\t\t\t\t<div class=\"e-con-inner\">\n\t\t\t\t<div class=\"elementor-element elementor-element-9a89c29 elementor-widget elementor-widget-heading\" data-id=\"9a89c29\" data-element_type=\"widget\" data-widget_type=\"heading.default\">\n\t\t\t\t<div class=\"elementor-widget-container\">\n\t\t\t<div class=\"elementor-heading-title elementor-size-default\">Strat\u00e9gies d\u2019interventions p\u00e9dagogiques et psychosociales<\/div>\t\t<\/div>\n\t\t\t\t<\/div>\n\t\t\t\t<div class=\"elementor-element elementor-element-5ae0dad elementor-widget elementor-widget-heading\" data-id=\"5ae0dad\" data-element_type=\"widget\" data-widget_type=\"heading.default\">\n\t\t\t\t<div class=\"elementor-widget-container\">\n\t\t\t<div class=\"elementor-heading-title elementor-size-default\">Strat\u00e9gies de l\u2019\u00e9l\u00e8ve<\/div>\t\t<\/div>\n\t\t\t\t<\/div>\n\t\t\t\t<div class=\"elementor-element elementor-element-573f1b0 elementor-widget elementor-widget-heading\" data-id=\"573f1b0\" data-element_type=\"widget\" data-widget_type=\"heading.default\">\n\t\t\t\t<div class=\"elementor-widget-container\">\n\t\t\t<div class=\"elementor-heading-title elementor-size-default\">Strat\u00e9gies de l\u2019\u00e9l\u00e8ve int\u00e9grant le num\u00e9rique<\/div>\t\t<\/div>\n\t\t\t\t<\/div>\n\t\t\t\t\t<\/div>\n\t\t\t\t<\/div>\n\t\t<div class=\"elementor-element elementor-element-f931d2c e-grid e-con-full e-con e-parent\" data-id=\"f931d2c\" data-element_type=\"container\">\n\t\t\t\t<div class=\"elementor-element elementor-element-419d7a0 elementor-widget elementor-widget-text-editor\" data-id=\"419d7a0\" data-element_type=\"widget\" data-widget_type=\"text-editor.default\">\n\t\t\t\t<div class=\"elementor-widget-container\">\n\t\t\t\t\t\t\t<p><strong>Tenir compte des besoins de l\u2019\u00e9l\u00e8ve<\/strong><\/p><ul><li>Permettre \u00e0 l\u2019\u00e9l\u00e8ve de bouger dans son environnement.<\/li><li>Diversifier l\u2019enseignement et favoriser un am\u00e9nagement flexible.<\/li><\/ul>\t\t\t\t\t\t<\/div>\n\t\t\t\t<\/div>\n\t\t\t\t<div class=\"elementor-element elementor-element-590d346 elementor-widget elementor-widget-text-editor\" data-id=\"590d346\" data-element_type=\"widget\" data-widget_type=\"text-editor.default\">\n\t\t\t\t<div class=\"elementor-widget-container\">\n\t\t\t\t\t\t\t<p><strong>J\u2019ai besoin de bouger <\/strong><\/p><ul><li>J\u2019utilise diff\u00e9rents espaces de travail (pupitre, station debout, tableau, tabouret, ballon d\u2019exercice, coussin, etc.).<\/li><li>Je me propose pour participer \u00e0 la r\u00e9alisation des t\u00e2ches de la classe.<\/li><li>Je passe mon surplus d\u2019\u00e9nergie en m\u00e2chant de la gomme ou en manipulant une bouteille d\u2019eau, une balle antistress ou autre.<\/li><li>Je bouge ou je vais marcher avant de faire une activit\u00e9 d\u2019apprentissage.<\/li><li>J\u2019adopte de saines habitudes de vie et je fais de l\u2019activit\u00e9 physique r\u00e9guli\u00e8rement.<\/li><li>Je prends l\u2019habitude de faire des pauses actives entre les cours et les p\u00e9riodes d\u2019\u00e9tude.<\/li><\/ul>\t\t\t\t\t\t<\/div>\n\t\t\t\t<\/div>\n\t\t\t\t<div class=\"elementor-element elementor-element-7c3beb1 elementor-widget elementor-widget-text-editor\" data-id=\"7c3beb1\" data-element_type=\"widget\" id=\"besoin1\" data-widget_type=\"text-editor.default\">\n\t\t\t\t<div class=\"elementor-widget-container\">\n\t\t\t\t\t\t\t<p><strong>J\u2019ai besoin de bouger <\/strong><\/p><ul><li>J\u2019utilise un casque sans fil afin de pouvoir bouger durant une activit\u00e9 d\u2019apprentissage en ligne.<\/li><li>J\u2019utilise un stylet num\u00e9rique sur tablette ou Chromebook.<\/li><li>Je participe aux activit\u00e9s de manipulation et interactives sur l\u2019\u00e9cran plat interactif lorsque mon enseignante ou enseignant m\u2019offre cette possibilit\u00e9. (<a href=\"https:\/\/www.smarttech.com\/fr-fr\/products\/education-software\/notebook\/download\/basic\">Smart Notebook<\/a> , <a href=\"https:\/\/suite.smarttech-prod.com\/library\">Lumio<\/a>, <a href=\"https:\/\/www.geogebra.org\/?lang=fr\">Geogebra<\/a>, <a href=\"https:\/\/www.desmos.com\/calculator?lang=fr\">Desmos,<\/a> etc.).<\/li><li>Je m\u2019inspire de capsules d\u2019entra\u00eenement physique pour bouger. (<a href=\"https:\/\/www.youtube.com\/?hl=FR\">YouTube<\/a>).<\/li><li>J\u2019utilise des \u00e9couteurs pour \u00e9couter de la musique ou un fichier sonore pendant que je prends une marche.<\/li><li>J\u2019utilise une application pour pr\u00e9voir une pause active (<a href=\"https:\/\/hourra.ca\/op\">Ose la pause)<\/a>.<\/li><\/ul>\t\t\t\t\t\t<\/div>\n\t\t\t\t<\/div>\n\t\t\t\t<div class=\"elementor-element elementor-element-b786841 elementor-widget elementor-widget-text-editor\" data-id=\"b786841\" data-element_type=\"widget\" data-widget_type=\"text-editor.default\">\n\t\t\t\t<div class=\"elementor-widget-container\">\n\t\t\t\t\t\t\t<p><strong>Favoriser un climat propice \u00e0 l\u2019apprentissage<\/strong><\/p><ul><li>S\u2019assurer d&rsquo;avoir l\u2019attention de l\u2019\u00e9l\u00e8ve en l\u2019interpellant.<\/li><li>Se rapprocher de l\u2019adulte en lui touchant l\u2019\u00e9paule ou en se positionnant \u00e0 son niveau.<\/li><li>Utiliser un code non verbal.<\/li><li>Mettre en place un plan d\u2019organisation des activit\u00e9s<\/li><\/ul>\t\t\t\t\t\t<\/div>\n\t\t\t\t<\/div>\n\t\t\t\t<div class=\"elementor-element elementor-element-1d1e7ff elementor-widget elementor-widget-text-editor\" data-id=\"1d1e7ff\" data-element_type=\"widget\" data-widget_type=\"text-editor.default\">\n\t\t\t\t<div class=\"elementor-widget-container\">\n\t\t\t\t\t\t\t<p><strong>J\u2019ai besoin de me recentrer<\/strong><\/p><ul><li>Je mets en place les conditions propices \u00e0 mon bon fonctionnement en classe : emplacement o\u00f9 je ne serai pas d\u00e9rang\u00e9, t\u00e9l\u00e9phone \u00e9teint, musique sans paroles, bouchons\/coquilles, etc.<\/li><li>J\u2019\u00e9tablis mon plan de travail et mes objectifs \u00e0 chaque cours.<\/li><li>Je sollicite l\u2019aide de mon enseignante ou enseignant pour diviser la t\u00e2che en \u00e9tapes.<\/li><li>Je m\u2019engage dans mes apprentissages en restant actif : je prends des notes, je pose des questions, je sch\u00e9matise les notions et je verbalise \u00e0 mon enseignante ou enseignant ma compr\u00e9hension.<\/li><\/ul>\t\t\t\t\t\t<\/div>\n\t\t\t\t<\/div>\n\t\t\t\t<div class=\"elementor-element elementor-element-fb7068e elementor-widget elementor-widget-text-editor\" data-id=\"fb7068e\" data-element_type=\"widget\" id=\"besoin2\" data-widget_type=\"text-editor.default\">\n\t\t\t\t<div class=\"elementor-widget-container\">\n\t\t\t\t\t\t\t<p><strong>J\u2019ai besoin de me recentrer<\/strong><\/p><ul><li>Je vais voir des capsules vid\u00e9o sugg\u00e9r\u00e9es par mon enseignante ou enseignant afin de revoir la notion (<a href=\"https:\/\/www.alloprof.qc.ca\/\">Allo prof<\/a>, <a href=\"https:\/\/ecoleouverte.ca\/se-connecter\">Ma classe, <\/a><a href=\"https:\/\/www.edumedia-sciences.com\/fr\/\">Edumedia<\/a>, etc.).<\/li><li>J\u2019utilise une application pour cr\u00e9er une liste de t\u00e2ches \u00e0 r\u00e9aliser (<a href=\"https:\/\/to-do.office.com\/tasks\/\">To do<\/a>, <a href=\"https:\/\/keep.google.com\/u\/0\/\">Google Keep<\/a>).<\/li><li>Je travaille \u00e0 l\u2019ordinateur pour m\u2019engager dans la r\u00e9alisation des t\u00e2ches avec des outils de prise de notes (<a href=\"https:\/\/www.onenote.com\/hrd\">OneNote<\/a>, <a href=\"https:\/\/office.live.com\/start\/word.aspx\">Word<\/a> ou <a href=\"https:\/\/www.google.com\/intl\/fr_ca\/docs\/about\/\">Google Docs<\/a>).<\/li><\/ul>\t\t\t\t\t\t<\/div>\n\t\t\t\t<\/div>\n\t\t\t\t<\/div>\n\t\t\t\t<\/div>\n\t\t","protected":false},"excerpt":{"rendered":"<p>L\u2019agitation et l\u2019impulsivit\u00e9 constituent \u00ab[\u2026] une pr\u00e9disposition \u00e0 r\u00e9agir rapidement et de fa\u00e7on non planifi\u00e9e en r\u00e9ponse \u00e0 un stimulus interne ou externe, sans consid\u00e9ration des \u00e9ventuelles cons\u00e9quences que ces r\u00e9actions pourraient avoir pour soi ou pour les autres.\u00bb(Moeller et<\/p>\n","protected":false},"author":379,"featured_media":0,"parent":1077,"menu_order":0,"comment_status":"closed","ping_status":"closed","template":"","meta":{"footnotes":""},"class_list":["post-1005","page","type-page","status-publish","hentry"],"_links":{"self":[{"href":"https:\/\/www.carrefourfga.ca\/ticfga\/toutennuances\/wp-json\/wp\/v2\/pages\/1005"}],"collection":[{"href":"https:\/\/www.carrefourfga.ca\/ticfga\/toutennuances\/wp-json\/wp\/v2\/pages"}],"about":[{"href":"https:\/\/www.carrefourfga.ca\/ticfga\/toutennuances\/wp-json\/wp\/v2\/types\/page"}],"author":[{"embeddable":true,"href":"https:\/\/www.carrefourfga.ca\/ticfga\/toutennuances\/wp-json\/wp\/v2\/users\/379"}],"replies":[{"embeddable":true,"href":"https:\/\/www.carrefourfga.ca\/ticfga\/toutennuances\/wp-json\/wp\/v2\/comments?post=1005"}],"version-history":[{"count":114,"href":"https:\/\/www.carrefourfga.ca\/ticfga\/toutennuances\/wp-json\/wp\/v2\/pages\/1005\/revisions"}],"predecessor-version":[{"id":1415,"href":"https:\/\/www.carrefourfga.ca\/ticfga\/toutennuances\/wp-json\/wp\/v2\/pages\/1005\/revisions\/1415"}],"up":[{"embeddable":true,"href":"https:\/\/www.carrefourfga.ca\/ticfga\/toutennuances\/wp-json\/wp\/v2\/pages\/1077"}],"wp:attachment":[{"href":"https:\/\/www.carrefourfga.ca\/ticfga\/toutennuances\/wp-json\/wp\/v2\/media?parent=1005"}],"curies":[{"name":"wp","href":"https:\/\/api.w.org\/{rel}","templated":true}]}}