{"id":223,"date":"2019-11-24T20:52:53","date_gmt":"2019-11-24T19:52:53","guid":{"rendered":"https:\/\/www.carrefourfga.ca\/ticfga\/mauvaiselangue\/?page_id=223"},"modified":"2019-11-27T17:00:55","modified_gmt":"2019-11-27T16:00:55","slug":"reflexion","status":"publish","type":"page","link":"https:\/\/www.carrefourfga.ca\/ticfga\/mauvaiselangue\/reflexion\/","title":{"rendered":"R\u00e9flexion"},"content":{"rendered":"<p>Que pensez-vous apprendre dans l\u2019atelier de fran\u00e7ais qu\u00e9b\u00e9cois?<\/p>\n<p>Vous connaissez le fran\u00e7ais qu\u00e9b\u00e9cois. Connaissez-vous d\u2019autres vari\u00e9t\u00e9s de fran\u00e7ais?<\/p>\n<p>Selon-vous, qu\u2019est-ce qui distingue le fran\u00e7ais qu\u00e9b\u00e9cois des autres vari\u00e9t\u00e9s de fran\u00e7ais sur le plan\u2026<\/p>\n<ol>\n<li>a) de la prononciation (les sons, phon\u00e9tique)<\/li>\n<li>b) de la structure des phrases (la syntaxe)<\/li>\n<li>c) des mots employ\u00e9s (le lexique)<\/li>\n<\/ol>\n<p>Quelle est la diff\u00e9rence entre la langue parl\u00e9e et la langue \u00e9crite?<\/p>\n<p>Devrait-on parler de la m\u00eame mani\u00e8re que l\u2019on \u00e9crit?<\/p>\n<p>Qui d\u00e9cide comment une langue doit \u00eatre parl\u00e9e?<\/p>\n<p>Est-ce le fran\u00e7ais qu\u00e9b\u00e9cois a des r\u00e8gles?<\/p>\n<p>Est-ce que le fran\u00e7ais est le m\u00eame partout au Qu\u00e9bec?<\/p>\n<p>Est-ce que les gens parlent de la m\u00eame mani\u00e8re \u00e0 travers les diff\u00e9rentes g\u00e9n\u00e9rations?<\/p>\n<p>Est-ce qu\u2019une seule et m\u00eame personne parle la m\u00eame fa\u00e7on dans toutes les situations?<\/p>\n<p>Le fran\u00e7ais qu\u00e9b\u00e9cois est une langue ou un dialecte?<\/p>\n<p>Est-ce que toutes les vari\u00e9t\u00e9s de fran\u00e7ais ont la m\u00eame valeur?<\/p>\n<p>Est-ce qu\u2019il y a des langues qui sont valoris\u00e9es et d\u2019autres qui sont d\u00e9valoris\u00e9es?<\/p>\n<p>C\u2019est quoi \u00ab\u00a0Bien parler\u00a0\u00bb?<\/p>\n<p>Est-ce que votre langue maternelle se parle de diff\u00e9rentes mani\u00e8res dans diff\u00e9rentes r\u00e9gions?<\/p>\n<p>Est-ce que votre langue maternelle se parle de mani\u00e8res diff\u00e9rentes selon les diff\u00e9rentes g\u00e9n\u00e9rations?<\/p>\n<p>Est-ce que votre langue maternelle s\u2019\u00e9crit comme elle se parle?<\/p>\n<p>Est-ce qu\u2019il y a plusieurs langues dans votre pays ou dans votre province d\u2019origine? Lesquelles?<\/p>\n<p>Connaissez-vous des expressions qu\u00e9b\u00e9coises?<\/p>\n<p>Est-ce qu\u2019on parle de la m\u00eame mani\u00e8re avec tout le monde?<\/p>\n<p>Comment parle-ton avec\u2026<\/p>\n<ol>\n<li>Ses amis<\/li>\n<li>Son patron et sa patronne<\/li>\n<li>Ses parents<\/li>\n<li>Ses grands-parents<\/li>\n<li>Un enfant<\/li>\n<li>Des coll\u00e8gues de travail<\/li>\n<li>Un inconnu sur la rue<\/li>\n<\/ol>\n<p>&nbsp;<\/p>\n<p>\u00c0 quoi servent les mauvais mots?<\/p>\n<p>Dans votre langue maternelle, quelle est votre expression pr\u00e9f\u00e9r\u00e9e?<\/p>\n","protected":false},"excerpt":{"rendered":"<p>Que pensez-vous apprendre dans l\u2019atelier de fran\u00e7ais qu\u00e9b\u00e9cois? Vous connaissez le fran\u00e7ais qu\u00e9b\u00e9cois. Connaissez-vous d\u2019autres vari\u00e9t\u00e9s de fran\u00e7ais? Selon-vous, qu\u2019est-ce qui distingue le fran\u00e7ais qu\u00e9b\u00e9cois des autres vari\u00e9t\u00e9s de fran\u00e7ais sur le plan\u2026 a) de la prononciation (les sons, phon\u00e9tique) b) de la structure des phrases (la syntaxe) c) des&#8230; <a class=\"continue-reading-link\" href=\"https:\/\/www.carrefourfga.ca\/ticfga\/mauvaiselangue\/reflexion\/\"> Continue reading <span class=\"meta-nav\">&rarr; <\/span><\/a><\/p>\n","protected":false},"author":193,"featured_media":0,"parent":0,"menu_order":0,"comment_status":"closed","ping_status":"closed","template":"","meta":{"footnotes":""},"class_list":["post-223","page","type-page","status-publish","hentry"],"_links":{"self":[{"href":"https:\/\/www.carrefourfga.ca\/ticfga\/mauvaiselangue\/wp-json\/wp\/v2\/pages\/223"}],"collection":[{"href":"https:\/\/www.carrefourfga.ca\/ticfga\/mauvaiselangue\/wp-json\/wp\/v2\/pages"}],"about":[{"href":"https:\/\/www.carrefourfga.ca\/ticfga\/mauvaiselangue\/wp-json\/wp\/v2\/types\/page"}],"author":[{"embeddable":true,"href":"https:\/\/www.carrefourfga.ca\/ticfga\/mauvaiselangue\/wp-json\/wp\/v2\/users\/193"}],"replies":[{"embeddable":true,"href":"https:\/\/www.carrefourfga.ca\/ticfga\/mauvaiselangue\/wp-json\/wp\/v2\/comments?post=223"}],"version-history":[{"count":3,"href":"https:\/\/www.carrefourfga.ca\/ticfga\/mauvaiselangue\/wp-json\/wp\/v2\/pages\/223\/revisions"}],"predecessor-version":[{"id":301,"href":"https:\/\/www.carrefourfga.ca\/ticfga\/mauvaiselangue\/wp-json\/wp\/v2\/pages\/223\/revisions\/301"}],"wp:attachment":[{"href":"https:\/\/www.carrefourfga.ca\/ticfga\/mauvaiselangue\/wp-json\/wp\/v2\/media?parent=223"}],"curies":[{"name":"wp","href":"https:\/\/api.w.org\/{rel}","templated":true}]}}