{"id":10,"date":"2019-11-14T14:24:56","date_gmt":"2019-11-14T13:24:56","guid":{"rendered":"https:\/\/www.carrefourfga.ca\/ticfga\/mauvaiselangue\/?page_id=10"},"modified":"2019-11-27T16:53:12","modified_gmt":"2019-11-27T15:53:12","slug":"pronoms-sujets","status":"publish","type":"page","link":"https:\/\/www.carrefourfga.ca\/ticfga\/mauvaiselangue\/pronoms-sujets\/","title":{"rendered":"pronoms sujets"},"content":{"rendered":"<h2 style=\"text-align: center\">Le fran\u00e7ais parl\u00e9 au Qu\u00e9bec<\/h2>\n<p style=\"text-align: center\"><strong>Les pronoms sujets<\/strong><\/p>\n<p style=\"text-align: center\"><a href=\"https:\/\/www.carrefourfga.ca\/ticfga\/mauvaiselangue\/wp-content\/uploads\/sites\/67\/2019\/11\/pronoms-sujets-the\u0301orieexcercices.docx\">pronoms-sujets-the\u0301orie+excercices<\/a><\/p>\n<table style=\"height: 1703px\" width=\"1050\">\n<tbody>\n<tr>\n<td width=\"54\">\n<p style=\"text-align: center\"><strong>Fran\u00e7ais standard<\/strong><\/p>\n<\/td>\n<td width=\"69\"><strong>Variations linguistiques<\/strong><\/td>\n<td width=\"154\"><strong>Contexte<\/strong><\/td>\n<td width=\"154\"><strong>Exemple<\/strong><\/p>\n<p><strong>\u00a0<\/strong><\/td>\n<\/tr>\n<tr>\n<td rowspan=\"2\" width=\"54\">&nbsp;<\/p>\n<p>&nbsp;<\/p>\n<p>Je\/J\u2019<\/td>\n<td width=\"69\">J\u2019<\/td>\n<td width=\"154\"><strong>voyelles et consonnes sonores<\/strong><\/p>\n<p><em>a, e, i, o, u, b, d, g, l, m, n, z, j, r<\/em><\/p>\n<p>&nbsp;<\/td>\n<td width=\"154\"><em>j\u2019arrive, j\u2019bois, j\u2019viens, j\u2019dors<\/em><\/td>\n<\/tr>\n<tr>\n<td width=\"69\">ch\u2019<\/td>\n<td width=\"154\"><strong>consonnes sourdes<\/strong><\/p>\n<p><em>p, t, k, f, s, ch<\/em><\/p>\n<p>&nbsp;<\/td>\n<td width=\"154\"><em>ch\u2019parle, ch\u2019compte, ch\u2019trouve, ch\u2019comprends, ch\u2019sais (ch\u00e9)<\/em><\/td>\n<\/tr>\n<tr>\n<td rowspan=\"2\" width=\"54\">&nbsp;<\/p>\n<p>tu<\/td>\n<td width=\"69\">tu<\/td>\n<td width=\"154\"><strong>consonnes<\/strong><\/p>\n<p><strong>\u00a0<\/strong><\/td>\n<td width=\"154\"><em>tu parles<\/em><\/td>\n<\/tr>\n<tr>\n<td width=\"69\">t\u2019<\/td>\n<td width=\"154\"><strong>voyelles<\/strong><\/td>\n<td width=\"154\"><em>t\u2019arrives, t\u2019es, t\u2019oublies, t\u2019\u00e9tudies<\/em><\/td>\n<\/tr>\n<tr>\n<td rowspan=\"2\" width=\"54\">il<\/td>\n<td width=\"69\">i<\/td>\n<td width=\"154\"><strong>consonnes<\/strong><\/p>\n<p><strong>\u00a0<\/strong><\/td>\n<td width=\"154\"><em>i veut, i parle, i boit<\/em><\/td>\n<\/tr>\n<tr>\n<td width=\"69\">y\u2019<\/td>\n<td width=\"154\"><strong>voyelles<\/strong><\/p>\n<p><strong>\u00a0<\/strong><\/td>\n<td width=\"154\"><em>y\u2019arrive , y\u2019est, y\u2019oublie<\/em><\/td>\n<\/tr>\n<tr>\n<td rowspan=\"2\" width=\"54\">&nbsp;<\/p>\n<p>elle<\/td>\n<td width=\"69\">a<\/td>\n<td width=\"154\"><strong>consonnes<\/strong><\/p>\n<p><strong>\u00a0<\/strong><\/td>\n<td width=\"154\"><em>a veut, a parle, a boit<\/em><\/td>\n<\/tr>\n<tr>\n<td width=\"69\">al<\/td>\n<td width=\"154\"><strong>Voyelles<\/strong><\/p>\n<p><strong>\u00a0<\/strong><\/td>\n<td width=\"154\"><em>al\u2019arrive , al invite, al\u2019oublie<\/em><\/td>\n<\/tr>\n<tr>\n<td width=\"54\">nous<\/td>\n<td width=\"69\">on<\/td>\n<td width=\"154\"><strong>&#8211;<\/strong><\/p>\n<p><strong>\u00a0<\/strong><\/td>\n<td width=\"154\"><em>on mange<\/em><\/td>\n<\/tr>\n<tr>\n<td width=\"54\">vous<\/td>\n<td width=\"69\">vous<\/td>\n<td width=\"154\"><strong>&#8211;<\/strong><\/p>\n<p><strong>\u00a0<\/strong><\/td>\n<td width=\"154\"><em>vous mangez<\/em><\/td>\n<\/tr>\n<tr>\n<td rowspan=\"2\" width=\"54\">&nbsp;<\/p>\n<p>ils\/elles<\/td>\n<td width=\"69\">i<\/td>\n<td width=\"154\"><strong>consonnes<\/strong><\/p>\n<p><strong>\u00a0<\/strong><\/td>\n<td width=\"154\"><em>i vont, i boivent<\/em><\/td>\n<\/tr>\n<tr>\n<td width=\"69\">y\u2019<\/td>\n<td width=\"154\"><strong>voyelles<\/strong><\/p>\n<p><strong>\u00a0<\/strong><\/p>\n<p><strong>\u00a0<\/strong><\/td>\n<td width=\"154\"><em>y\u2019arrivent, y\u2019oublient, y\u2019apprennent<\/em><\/td>\n<\/tr>\n<\/tbody>\n<\/table>\n<table>\n<tbody>\n<tr>\n<td width=\"216\"><strong>Consonnes sonores <\/strong><\/p>\n<p><strong>(avec de la vibration)<\/strong><\/td>\n<td width=\"216\"><strong>Consonnes sourdes <\/strong><\/p>\n<p><strong>(sans vibration)<\/strong><\/td>\n<\/tr>\n<tr>\n<td width=\"216\"><strong><em>b, v, d, z, j, g, m, n, r, l<br \/>\n<\/em><\/strong><\/td>\n<td width=\"216\"><strong><em>p, f, t, s, ch, k,<br \/>\n<\/em><\/strong><\/td>\n<\/tr>\n<tr>\n<td width=\"216\"><\/td>\n<td width=\"216\"><\/td>\n<\/tr>\n<tr>\n<td width=\"216\"><\/td>\n<td width=\"216\"><\/td>\n<\/tr>\n<tr>\n<td width=\"216\"><\/td>\n<td width=\"216\"><\/td>\n<\/tr>\n<tr>\n<td width=\"216\"><\/td>\n<td width=\"216\"><\/td>\n<\/tr>\n<tr>\n<td width=\"216\"><\/td>\n<td width=\"216\"><\/td>\n<\/tr>\n<tr>\n<td width=\"216\"><\/td>\n<td width=\"216\"><\/td>\n<\/tr>\n<tr>\n<td width=\"216\">Je mange<\/p>\n<p>Je nage<\/p>\n<p>Je bois<\/p>\n<p>Je garde<\/p>\n<p>Je zigzague<\/p>\n<p>Je joue<\/p>\n<p>Je roule<\/p>\n<p>Je veux<\/p>\n<p>Je vois<\/p>\n<p>Je dois<\/p>\n<p>Je goute<\/p>\n<p>Je lave<\/p>\n<p>Je marche<\/p>\n<p>Je m\u00e9dite<\/p>\n<p>Je nie<\/p>\n<p>Je balaye le plancher<\/p>\n<p>Je grandis<\/p>\n<p>Je jure<\/p>\n<p>Je regarde<\/p>\n<p>Je vote<\/p>\n<p>Je d\u00e9plie<\/p>\n<p>Je livre<\/td>\n<td width=\"216\">Je tasse<\/p>\n<p>Je comprends<\/p>\n<p>Je salue<\/p>\n<p>Je cherche<\/p>\n<p>Je fends<\/p>\n<p>Je touche<\/p>\n<p>Je couvre<\/p>\n<p>Je peux<\/p>\n<p>Je feuillette<\/p>\n<p>Je secoue<\/p>\n<p>Je sais<\/p>\n<p>Je pense<\/p>\n<p>Je siffle<\/p>\n<p>Je fais<\/p>\n<p>Je trouve<\/p>\n<p>Je place<\/p>\n<p>Je prom\u00e8ne mon chien<\/p>\n<p>&nbsp;<\/p>\n<p>&nbsp;<\/td>\n<\/tr>\n<\/tbody>\n<\/table>\n<ol>\n<li><strong>a \u2013 al\u2026<\/strong><\/li>\n<li>\u2026mange<\/li>\n<li>\u2026a beaucoup d\u2019amis<\/li>\n<li>\u2026parle plusieurs langues<\/li>\n<li>\u2026aime le spaghetti<\/li>\n<li>\u2026attend l\u2019autobus<\/li>\n<li>\u2026comprend bien<\/li>\n<li>\u2026entend mal<\/li>\n<li>\u2026le regarde<\/li>\n<li>\u2026l\u2019admire<\/li>\n<li>\u2026admire sa meilleure amie<\/li>\n<li>\u2026danse<\/li>\n<li>\u2026\u00e9tudie le fran\u00e7ais depuis six mois<\/li>\n<\/ol>\n<p>&nbsp;<\/p>\n<ol start=\"2\">\n<li><strong>i \u2013 y\u2019<\/strong><\/li>\n<li>\u2026entend<\/li>\n<li>\u2026arrive toujours en retard<\/li>\n<li>\u2026parle trois langues<\/li>\n<li>\u2026saute par-dessus une flaque d\u2019eau<\/li>\n<li>\u2026se rase<\/li>\n<li>\u2026esp\u00e8re avoir des nouvelles bient\u00f4t<\/li>\n<li>\u2026prend le m\u00e9tro<\/li>\n<li>\u2026peut passer \u00e0 7 heures<\/li>\n<li>\u2026sait tout<\/li>\n<li>\u2026est mexicain<\/li>\n<li>\u2026grandit<\/li>\n<li>\u2026panique<\/li>\n<\/ol>\n<p>&nbsp;<\/p>\n<ol start=\"3\">\n<li><strong>i-y\u2026<\/strong><\/li>\n<li>\u2026entendent<\/li>\n<li>\u2026ont<\/li>\n<li>\u2026parlent<\/li>\n<li>\u2026oublient<\/li>\n<li>\u2026disent<\/li>\n<li>\u2026comprennent<\/li>\n<li>\u2026remarquent<\/li>\n<li>\u2026attendent<\/li>\n<li>\u2026utilisent<\/li>\n<li>\u2026observent<\/li>\n<li>\u2026veulent<\/li>\n<li>\u2026s\u2019ennuient<\/li>\n<\/ol>\n<p>&nbsp;<\/p>\n<p><strong>Comment dit-on les expressions suivantes en fran\u00e7ais parl\u00e9 au Qu\u00e9bec?<\/strong><\/p>\n<ol>\n<li>Elle parle<\/li>\n<li>Il mange<\/li>\n<li>Ils entendent<\/li>\n<li>Il entend<\/li>\n<li>Je parle<\/li>\n<li>Elles parlent<\/li>\n<li>Elle entend<\/li>\n<li>Tu entends<\/li>\n<li>Je comprends<\/li>\n<li>Nous parlons<\/li>\n<li>Ils veulent<\/li>\n<li>Elle apprend<\/li>\n<li>Elle sait<\/li>\n<li>Je ne sais pas<\/li>\n<li>Tu \u00e9coutes<\/li>\n<\/ol>\n<p><strong>Comment dit-on les phrases suivantes en fran\u00e7ais standard?<\/strong><\/p>\n<ol>\n<li>Ch\u2019parle avec Paco.<\/li>\n<li>T\u2019arrives toujours \u00e0 l\u2019heure.<\/li>\n<li>Ch\u2019prends l\u2019autobus.<\/li>\n<li>J\u2019m\u2019endors toujours vers dix heures.<\/li>\n<li>Ch\u2019travaille les fins de semaines.<\/li>\n<li>A boit un verre de vin \u00e0 tous les repas.<\/li>\n<li>Ma lampe, a fonctionne bien.<\/li>\n<li>Ma t\u00e9l\u00e9, a marche mal.<\/li>\n<li>Mes amis, i voudraient venir.<\/li>\n<li>Monsieur Girard, i parle beaucoup.<\/li>\n<li>I pense qu\u2019y est meilleur que les autres.<\/li>\n<li>A sait qu\u2019al a pas beaucoup de chances de gagner.<\/li>\n<\/ol>\n","protected":false},"excerpt":{"rendered":"<p>Le fran\u00e7ais parl\u00e9 au Qu\u00e9bec Les pronoms sujets pronoms-sujets-the\u0301orie+excercices Fran\u00e7ais standard Variations linguistiques Contexte Exemple \u00a0 &nbsp; &nbsp; Je\/J\u2019 J\u2019 voyelles et consonnes sonores a, e, i, o, u, b, d, g, l, m, n, z, j, r &nbsp; j\u2019arrive, j\u2019bois, j\u2019viens, j\u2019dors ch\u2019 consonnes sourdes p, t, k, f,&#8230; <a class=\"continue-reading-link\" href=\"https:\/\/www.carrefourfga.ca\/ticfga\/mauvaiselangue\/pronoms-sujets\/\"> Continue reading <span class=\"meta-nav\">&rarr; <\/span><\/a><\/p>\n","protected":false},"author":193,"featured_media":0,"parent":0,"menu_order":0,"comment_status":"closed","ping_status":"closed","template":"","meta":{"footnotes":""},"class_list":["post-10","page","type-page","status-publish","hentry"],"_links":{"self":[{"href":"https:\/\/www.carrefourfga.ca\/ticfga\/mauvaiselangue\/wp-json\/wp\/v2\/pages\/10"}],"collection":[{"href":"https:\/\/www.carrefourfga.ca\/ticfga\/mauvaiselangue\/wp-json\/wp\/v2\/pages"}],"about":[{"href":"https:\/\/www.carrefourfga.ca\/ticfga\/mauvaiselangue\/wp-json\/wp\/v2\/types\/page"}],"author":[{"embeddable":true,"href":"https:\/\/www.carrefourfga.ca\/ticfga\/mauvaiselangue\/wp-json\/wp\/v2\/users\/193"}],"replies":[{"embeddable":true,"href":"https:\/\/www.carrefourfga.ca\/ticfga\/mauvaiselangue\/wp-json\/wp\/v2\/comments?post=10"}],"version-history":[{"count":3,"href":"https:\/\/www.carrefourfga.ca\/ticfga\/mauvaiselangue\/wp-json\/wp\/v2\/pages\/10\/revisions"}],"predecessor-version":[{"id":296,"href":"https:\/\/www.carrefourfga.ca\/ticfga\/mauvaiselangue\/wp-json\/wp\/v2\/pages\/10\/revisions\/296"}],"wp:attachment":[{"href":"https:\/\/www.carrefourfga.ca\/ticfga\/mauvaiselangue\/wp-json\/wp\/v2\/media?parent=10"}],"curies":[{"name":"wp","href":"https:\/\/api.w.org\/{rel}","templated":true}]}}