{"id":9,"date":"2017-12-20T20:10:49","date_gmt":"2017-12-20T19:10:49","guid":{"rendered":"https:\/\/www.carrefourfga.ca\/ticfga\/jelis\/?page_id=9"},"modified":"2023-11-09T08:35:54","modified_gmt":"2023-11-09T13:35:54","slug":"accueil","status":"publish","type":"page","link":"https:\/\/www.carrefourfga.ca\/ticfga\/jelis\/","title":{"rendered":"Accueil"},"content":{"rendered":"<h3>\n\t\t\t\t\tLes difficult\u00e9s en lecture peuvent constituer un obstacle important \u00e0 l&rsquo;acc\u00e8s aux services et \u00e0 l&rsquo;autonomie en soci\u00e9t\u00e9<br \/>\n\t\t\t\t<\/h3>\n<p>Le projet <i>Je lis, je comprends, j&rsquo;agis!<\/i> a vu le jour pour tenter de d\u00e9velopper les comp\u00e9tences en litt\u00e9ratie d&rsquo;adultes vivant avec ces difficult\u00e9s. Dans une perspective \u00e9largie du concept de litt\u00e9ratie, le projet cherche \u00e9galement \u00e0 outiller les milieux dans leurs interventions aupr\u00e8s de ces adultes.<\/p>\n<figure><img fetchpriority=\"high\" decoding=\"async\" width=\"255\" height=\"282\" src=\"https:\/\/www.carrefourfga.ca\/ticfga\/jelis\/wp-content\/uploads\/sites\/59\/2019\/03\/Numero1.png\" alt=\"\" \/><\/figure>\n<h3>Une premi\u00e8re<\/h3>\n<p>premier projet de la Commission scolaire des Phares o\u00f9 une orthop\u00e9dagogue professionnelle intervient en dehors des centres de formation<\/p>\n<figure><img decoding=\"async\" width=\"255\" height=\"282\" src=\"https:\/\/www.carrefourfga.ca\/ticfga\/jelis\/wp-content\/uploads\/sites\/59\/2019\/03\/Cible.png\" alt=\"\" \/><\/figure>\n<h3>Des besoins cibl\u00e9s<\/h3>\n<p>rencontres avec une vingtaine d&rsquo;organismes communautaires pour d\u00e9terminer le type d&rsquo;interventions \u00e0 d\u00e9velopper<\/p>\n<figure><img decoding=\"async\" width=\"255\" height=\"282\" src=\"https:\/\/www.carrefourfga.ca\/ticfga\/jelis\/wp-content\/uploads\/sites\/59\/2019\/03\/Engrenages.png\" alt=\"\" \/><\/figure>\n<h3>Respect des missions<\/h3>\n<p>des interventions en litt\u00e9ratie cibl\u00e9es selon la mission des organismes, dans le respect des mandats de chacun<\/p>\n","protected":false},"excerpt":{"rendered":"<p>Les difficult\u00e9s en lecture peuvent constituer un obstacle important \u00e0 l&rsquo;acc\u00e8s aux services et \u00e0 l&rsquo;autonomie en soci\u00e9t\u00e9 Le projet Je lis, je comprends, j&rsquo;agis! a vu le jour pour tenter de d\u00e9velopper les comp\u00e9tences en litt\u00e9ratie d&rsquo;adultes vivant avec ces difficult\u00e9s. Dans une perspective \u00e9largie du concept de litt\u00e9ratie, le projet cherche \u00e9galement \u00e0 &#8230; <a title=\"Accueil\" class=\"read-more\" href=\"https:\/\/www.carrefourfga.ca\/ticfga\/jelis\/\" aria-label=\"Read more about Accueil\">Lire la suite<\/a><\/p>\n","protected":false},"author":82,"featured_media":87,"parent":0,"menu_order":0,"comment_status":"closed","ping_status":"closed","template":"","meta":{"footnotes":""},"class_list":["post-9","page","type-page","status-publish","has-post-thumbnail"],"_links":{"self":[{"href":"https:\/\/www.carrefourfga.ca\/ticfga\/jelis\/wp-json\/wp\/v2\/pages\/9"}],"collection":[{"href":"https:\/\/www.carrefourfga.ca\/ticfga\/jelis\/wp-json\/wp\/v2\/pages"}],"about":[{"href":"https:\/\/www.carrefourfga.ca\/ticfga\/jelis\/wp-json\/wp\/v2\/types\/page"}],"author":[{"embeddable":true,"href":"https:\/\/www.carrefourfga.ca\/ticfga\/jelis\/wp-json\/wp\/v2\/users\/82"}],"replies":[{"embeddable":true,"href":"https:\/\/www.carrefourfga.ca\/ticfga\/jelis\/wp-json\/wp\/v2\/comments?post=9"}],"version-history":[{"count":16,"href":"https:\/\/www.carrefourfga.ca\/ticfga\/jelis\/wp-json\/wp\/v2\/pages\/9\/revisions"}],"predecessor-version":[{"id":725,"href":"https:\/\/www.carrefourfga.ca\/ticfga\/jelis\/wp-json\/wp\/v2\/pages\/9\/revisions\/725"}],"wp:featuredmedia":[{"embeddable":true,"href":"https:\/\/www.carrefourfga.ca\/ticfga\/jelis\/wp-json\/wp\/v2\/media\/87"}],"wp:attachment":[{"href":"https:\/\/www.carrefourfga.ca\/ticfga\/jelis\/wp-json\/wp\/v2\/media?parent=9"}],"curies":[{"name":"wp","href":"https:\/\/api.w.org\/{rel}","templated":true}]}}