{"id":194,"date":"2019-02-14T10:25:20","date_gmt":"2019-02-14T15:25:20","guid":{"rendered":"https:\/\/www.carrefourfga.ca\/ticfga\/jelis\/?page_id=194"},"modified":"2019-10-23T16:54:21","modified_gmt":"2019-10-23T20:54:21","slug":"ateliers","status":"publish","type":"page","link":"https:\/\/www.carrefourfga.ca\/ticfga\/jelis\/ateliers\/","title":{"rendered":"Ateliers"},"content":{"rendered":"\t\t<div data-elementor-type=\"wp-post\" data-elementor-id=\"194\" class=\"elementor elementor-194\">\n\t\t\t\t\t\t<section class=\"elementor-section elementor-top-section elementor-element elementor-element-3cf4666 elementor-section-boxed elementor-section-height-default elementor-section-height-default\" data-id=\"3cf4666\" data-element_type=\"section\">\n\t\t\t\t\t\t<div class=\"elementor-container elementor-column-gap-default\">\n\t\t\t\t\t<div class=\"elementor-column elementor-col-100 elementor-top-column elementor-element elementor-element-e4be10c\" data-id=\"e4be10c\" data-element_type=\"column\">\n\t\t\t<div class=\"elementor-widget-wrap elementor-element-populated\">\n\t\t\t\t\t\t<div class=\"elementor-element elementor-element-9bb96c6 elementor-view-framed elementor-position-left elementor-shape-circle elementor-mobile-position-top elementor-vertical-align-top elementor-widget elementor-widget-icon-box\" data-id=\"9bb96c6\" data-element_type=\"widget\" data-widget_type=\"icon-box.default\">\n\t\t\t\t<div class=\"elementor-widget-container\">\n\t\t\t\t\t<div class=\"elementor-icon-box-wrapper\">\n\n\t\t\t\t\t\t<div class=\"elementor-icon-box-icon\">\n\t\t\t\t<span  class=\"elementor-icon elementor-animation-\">\n\t\t\t\t<i aria-hidden=\"true\" class=\"fas fa-users-cog\"><\/i>\t\t\t\t<\/span>\n\t\t\t<\/div>\n\t\t\t\n\t\t\t\t\t\t<div class=\"elementor-icon-box-content\">\n\n\t\t\t\t\t\t\t\t\t<h3 class=\"elementor-icon-box-title\">\n\t\t\t\t\t\t<span  >\n\t\t\t\t\t\t\tDes strat\u00e9gies pour faciliter la compr\u00e9hension en lecture\t\t\t\t\t\t<\/span>\n\t\t\t\t\t<\/h3>\n\t\t\t\t\n\t\t\t\t\t\t\t\t\t<p class=\"elementor-icon-box-description\">\n\t\t\t\t\t\tLors de notre cueillette de donn\u00e9es, les intervenantes et intervenants nous ont nomm\u00e9 des documents ou des situations de la vie de tous les jours qui repr\u00e9sentaient des difficult\u00e9s pour les personnes fr\u00e9quentant leurs services.\t\t\t\t\t<\/p>\n\t\t\t\t\n\t\t\t<\/div>\n\t\t\t\n\t\t<\/div>\n\t\t\t\t<\/div>\n\t\t\t\t<\/div>\n\t\t\t\t<div class=\"elementor-element elementor-element-7ad9eb9 elementor-widget elementor-widget-text-editor\" data-id=\"7ad9eb9\" data-element_type=\"widget\" data-widget_type=\"text-editor.default\">\n\t\t\t\t<div class=\"elementor-widget-container\">\n\t\t\t\t\t\t\t<p>Nous avons ensuite imagin\u00e9 des ateliers misant sur l&rsquo;enseignement explicite de strat\u00e9gies de lecture pouvant faciliter la lecture des documents cibl\u00e9s. De plus, dans chacun des ateliers, nous avons int\u00e9gr\u00e9 des strat\u00e9gies pour comprendre les mots nouveaux.<\/p><p>Vous trouverez ici un guide d&rsquo;animation pour chaque atelier, qui vous permettra de les pr\u00e9senter dans votre milieu !<\/p>\t\t\t\t\t\t<\/div>\n\t\t\t\t<\/div>\n\t\t\t\t\t<\/div>\n\t\t<\/div>\n\t\t\t\t\t<\/div>\n\t\t<\/section>\n\t\t\t\t<section class=\"elementor-section elementor-top-section elementor-element elementor-element-3308725 elementor-section-boxed elementor-section-height-default elementor-section-height-default\" data-id=\"3308725\" data-element_type=\"section\">\n\t\t\t\t\t\t<div class=\"elementor-container elementor-column-gap-default\">\n\t\t\t\t\t<div class=\"elementor-column elementor-col-100 elementor-top-column elementor-element elementor-element-2e1b12b\" data-id=\"2e1b12b\" data-element_type=\"column\">\n\t\t\t<div class=\"elementor-widget-wrap elementor-element-populated\">\n\t\t\t\t\t\t<section class=\"elementor-section elementor-inner-section elementor-element elementor-element-b5baad5 elementor-section-boxed elementor-section-height-default elementor-section-height-default\" data-id=\"b5baad5\" data-element_type=\"section\">\n\t\t\t\t\t\t<div class=\"elementor-container elementor-column-gap-default\">\n\t\t\t\t\t<div class=\"elementor-column elementor-col-33 elementor-inner-column elementor-element elementor-element-2367c2f\" data-id=\"2367c2f\" data-element_type=\"column\">\n\t\t\t<div class=\"elementor-widget-wrap elementor-element-populated\">\n\t\t\t\t\t\t<div class=\"elementor-element elementor-element-c7c8bcf elementor-widget elementor-widget-image\" data-id=\"c7c8bcf\" data-element_type=\"widget\" data-widget_type=\"image.default\">\n\t\t\t\t<div class=\"elementor-widget-container\">\n\t\t\t\t\t\t\t\t\t\t\t\t\t\t<a href=\"https:\/\/www.carrefourfga.ca\/ticfga\/jelis\/wp-content\/uploads\/sites\/59\/2019\/10\/GuideAnimation_AtelierOffresEmploi.pdf\" target=\"_blank\">\n\t\t\t\t\t\t\t<img decoding=\"async\" width=\"200\" height=\"150\" src=\"https:\/\/www.carrefourfga.ca\/ticfga\/jelis\/wp-content\/uploads\/sites\/59\/2019\/08\/OffresDEmploi-200x150.png\" class=\"attachment-thumbnail size-thumbnail wp-image-684\" alt=\"atelier offres d&#039;emploi\" \/>\t\t\t\t\t\t\t\t<\/a>\n\t\t\t\t\t\t\t\t\t\t\t\t\t<\/div>\n\t\t\t\t<\/div>\n\t\t\t\t<div class=\"elementor-element elementor-element-8acaae7 elementor-widget elementor-widget-heading\" data-id=\"8acaae7\" data-element_type=\"widget\" data-widget_type=\"heading.default\">\n\t\t\t\t<div class=\"elementor-widget-container\">\n\t\t\t<h2 class=\"elementor-heading-title elementor-size-default\"><a href=\"https:\/\/www.carrefourfga.ca\/ticfga\/jelis\/wp-content\/uploads\/sites\/59\/2019\/10\/GuideAnimation_AtelierOffresEmploi.pdf\" target=\"_blank\">Offres d'emploi<\/a><\/h2>\t\t<\/div>\n\t\t\t\t<\/div>\n\t\t\t\t<div class=\"elementor-element elementor-element-77efbcf elementor-widget elementor-widget-text-editor\" data-id=\"77efbcf\" data-element_type=\"widget\" data-widget_type=\"text-editor.default\">\n\t\t\t\t<div class=\"elementor-widget-container\">\n\t\t\t\t\t\t\t<p>Identifier les informations importantes dans une offre d&#8217;emploi et mettre en valeur ses comp\u00e9tences sur son CV<\/p>\t\t\t\t\t\t<\/div>\n\t\t\t\t<\/div>\n\t\t\t\t\t<\/div>\n\t\t<\/div>\n\t\t\t\t<div class=\"elementor-column elementor-col-33 elementor-inner-column elementor-element elementor-element-4baa910\" data-id=\"4baa910\" data-element_type=\"column\">\n\t\t\t<div class=\"elementor-widget-wrap elementor-element-populated\">\n\t\t\t\t\t\t<div class=\"elementor-element elementor-element-022d286 elementor-widget elementor-widget-image\" data-id=\"022d286\" data-element_type=\"widget\" data-widget_type=\"image.default\">\n\t\t\t\t<div class=\"elementor-widget-container\">\n\t\t\t\t\t\t\t\t\t\t\t\t\t<img decoding=\"async\" width=\"200\" height=\"150\" src=\"https:\/\/www.carrefourfga.ca\/ticfga\/jelis\/wp-content\/uploads\/sites\/59\/2019\/08\/RechercheSurInternet-200x150.png\" class=\"attachment-thumbnail size-thumbnail wp-image-679\" alt=\"atelier recherche sur internet\" \/>\t\t\t\t\t\t\t\t\t\t\t\t\t<\/div>\n\t\t\t\t<\/div>\n\t\t\t\t<div class=\"elementor-element elementor-element-1cfe473 elementor-widget elementor-widget-heading\" data-id=\"1cfe473\" data-element_type=\"widget\" data-widget_type=\"heading.default\">\n\t\t\t\t<div class=\"elementor-widget-container\">\n\t\t\t<h2 class=\"elementor-heading-title elementor-size-default\">Recherche sur internet<\/h2>\t\t<\/div>\n\t\t\t\t<\/div>\n\t\t\t\t<div class=\"elementor-element elementor-element-5f6b05e elementor-widget elementor-widget-text-editor\" data-id=\"5f6b05e\" data-element_type=\"widget\" data-widget_type=\"text-editor.default\">\n\t\t\t\t<div class=\"elementor-widget-container\">\n\t\t\t\t\t\t\t<p>Cibler les mots-cl\u00e9s appropri\u00e9s pour trouver l&rsquo;information souhait\u00e9e<\/p>\t\t\t\t\t\t<\/div>\n\t\t\t\t<\/div>\n\t\t\t\t\t<\/div>\n\t\t<\/div>\n\t\t\t\t<div class=\"elementor-column elementor-col-33 elementor-inner-column elementor-element elementor-element-1bb3b23\" data-id=\"1bb3b23\" data-element_type=\"column\">\n\t\t\t<div class=\"elementor-widget-wrap elementor-element-populated\">\n\t\t\t\t\t\t<div class=\"elementor-element elementor-element-f8efc97 elementor-widget elementor-widget-image\" data-id=\"f8efc97\" data-element_type=\"widget\" data-widget_type=\"image.default\">\n\t\t\t\t<div class=\"elementor-widget-container\">\n\t\t\t\t\t\t\t\t\t\t\t\t\t\t<a href=\"https:\/\/www.carrefourfga.ca\/ticfga\/jelis\/wp-content\/uploads\/sites\/59\/2019\/08\/GuideAnimationAtelier_EtiquettesAlimentaires.pdf\" target=\"_blank\">\n\t\t\t\t\t\t\t<img decoding=\"async\" width=\"200\" height=\"150\" src=\"https:\/\/www.carrefourfga.ca\/ticfga\/jelis\/wp-content\/uploads\/sites\/59\/2019\/08\/EtiquettesAlimentaires-200x150.png\" class=\"attachment-thumbnail size-thumbnail wp-image-681\" alt=\"atelier \u00e9tiquettes alimentaires\" \/>\t\t\t\t\t\t\t\t<\/a>\n\t\t\t\t\t\t\t\t\t\t\t\t\t<\/div>\n\t\t\t\t<\/div>\n\t\t\t\t<div class=\"elementor-element elementor-element-dbd011d elementor-widget elementor-widget-heading\" data-id=\"dbd011d\" data-element_type=\"widget\" data-widget_type=\"heading.default\">\n\t\t\t\t<div class=\"elementor-widget-container\">\n\t\t\t<h2 class=\"elementor-heading-title elementor-size-default\"><a href=\"https:\/\/www.carrefourfga.ca\/ticfga\/jelis\/wp-content\/uploads\/sites\/59\/2019\/08\/GuideAnimationAtelier_EtiquettesAlimentaires.pdf\" target=\"_blank\">\u00c9tiquettes alimentaires<\/a><\/h2>\t\t<\/div>\n\t\t\t\t<\/div>\n\t\t\t\t<div class=\"elementor-element elementor-element-5b853e4 elementor-widget elementor-widget-text-editor\" data-id=\"5b853e4\" data-element_type=\"widget\" data-widget_type=\"text-editor.default\">\n\t\t\t\t<div class=\"elementor-widget-container\">\n\t\t\t\t\t\t\t<p>Trouver l&rsquo;information en lien avec ses besoins alimentaires<\/p>\t\t\t\t\t\t<\/div>\n\t\t\t\t<\/div>\n\t\t\t\t\t<\/div>\n\t\t<\/div>\n\t\t\t\t\t<\/div>\n\t\t<\/section>\n\t\t\t\t<section class=\"elementor-section elementor-inner-section elementor-element elementor-element-325620b elementor-section-boxed elementor-section-height-default elementor-section-height-default\" data-id=\"325620b\" data-element_type=\"section\">\n\t\t\t\t\t\t<div class=\"elementor-container elementor-column-gap-default\">\n\t\t\t\t\t<div class=\"elementor-column elementor-col-33 elementor-inner-column elementor-element elementor-element-d0fac55\" data-id=\"d0fac55\" data-element_type=\"column\">\n\t\t\t<div class=\"elementor-widget-wrap elementor-element-populated\">\n\t\t\t\t\t\t<div class=\"elementor-element elementor-element-650157b elementor-widget elementor-widget-image\" data-id=\"650157b\" data-element_type=\"widget\" data-widget_type=\"image.default\">\n\t\t\t\t<div class=\"elementor-widget-container\">\n\t\t\t\t\t\t\t\t\t\t\t\t\t\t<a href=\"https:\/\/www.carrefourfga.ca\/ticfga\/jelis\/wp-content\/uploads\/sites\/59\/2019\/08\/GuideAnimationAtelier_LireAvecUnEnfant.pdf\" target=\"_blank\">\n\t\t\t\t\t\t\t<img loading=\"lazy\" decoding=\"async\" width=\"200\" height=\"150\" src=\"https:\/\/www.carrefourfga.ca\/ticfga\/jelis\/wp-content\/uploads\/sites\/59\/2019\/08\/LectureEnfants-200x150.png\" class=\"attachment-thumbnail size-thumbnail wp-image-683\" alt=\"atelier lecture livres jeunesse\" \/>\t\t\t\t\t\t\t\t<\/a>\n\t\t\t\t\t\t\t\t\t\t\t\t\t<\/div>\n\t\t\t\t<\/div>\n\t\t\t\t<div class=\"elementor-element elementor-element-030f79e elementor-widget elementor-widget-heading\" data-id=\"030f79e\" data-element_type=\"widget\" data-widget_type=\"heading.default\">\n\t\t\t\t<div class=\"elementor-widget-container\">\n\t\t\t<h2 class=\"elementor-heading-title elementor-size-default\"><a href=\"https:\/\/www.carrefourfga.ca\/ticfga\/jelis\/wp-content\/uploads\/sites\/59\/2019\/08\/GuideAnimationAtelier_LireAvecUnEnfant.pdf\" target=\"_blank\">Lire avec un enfant<\/a><\/h2>\t\t<\/div>\n\t\t\t\t<\/div>\n\t\t\t\t<div class=\"elementor-element elementor-element-8f9d9c6 elementor-widget elementor-widget-text-editor\" data-id=\"8f9d9c6\" data-element_type=\"widget\" data-widget_type=\"text-editor.default\">\n\t\t\t\t<div class=\"elementor-widget-container\">\n\t\t\t\t\t\t\t<p>Accompagner un enfant dans son apprentissage de la lecture<\/p>\t\t\t\t\t\t<\/div>\n\t\t\t\t<\/div>\n\t\t\t\t\t<\/div>\n\t\t<\/div>\n\t\t\t\t<div class=\"elementor-column elementor-col-33 elementor-inner-column elementor-element elementor-element-cfa6625\" data-id=\"cfa6625\" data-element_type=\"column\">\n\t\t\t<div class=\"elementor-widget-wrap elementor-element-populated\">\n\t\t\t\t\t\t<div class=\"elementor-element elementor-element-0c3be9b elementor-widget elementor-widget-image\" data-id=\"0c3be9b\" data-element_type=\"widget\" data-widget_type=\"image.default\">\n\t\t\t\t<div class=\"elementor-widget-container\">\n\t\t\t\t\t\t\t\t\t\t\t\t\t\t<a href=\"https:\/\/www.carrefourfga.ca\/ticfga\/jelis\/wp-content\/uploads\/sites\/59\/2019\/10\/GuideDanimationAtelierBail1.pdf\" target=\"_blank\">\n\t\t\t\t\t\t\t<img loading=\"lazy\" decoding=\"async\" width=\"200\" height=\"150\" src=\"https:\/\/www.carrefourfga.ca\/ticfga\/jelis\/wp-content\/uploads\/sites\/59\/2019\/08\/DocumentsAdministratifs-200x150.png\" class=\"attachment-thumbnail size-thumbnail wp-image-680\" alt=\"atelier documents administratifs\" \/>\t\t\t\t\t\t\t\t<\/a>\n\t\t\t\t\t\t\t\t\t\t\t\t\t<\/div>\n\t\t\t\t<\/div>\n\t\t\t\t<div class=\"elementor-element elementor-element-dc68449 elementor-widget elementor-widget-heading\" data-id=\"dc68449\" data-element_type=\"widget\" data-widget_type=\"heading.default\">\n\t\t\t\t<div class=\"elementor-widget-container\">\n\t\t\t<h2 class=\"elementor-heading-title elementor-size-default\"><a href=\"https:\/\/www.carrefourfga.ca\/ticfga\/jelis\/wp-content\/uploads\/sites\/59\/2019\/10\/GuideDanimationAtelierBail1.pdf\" target=\"_blank\">Documents administratifs<\/a><\/h2>\t\t<\/div>\n\t\t\t\t<\/div>\n\t\t\t\t<div class=\"elementor-element elementor-element-3e3920c elementor-widget elementor-widget-text-editor\" data-id=\"3e3920c\" data-element_type=\"widget\" data-widget_type=\"text-editor.default\">\n\t\t\t\t<div class=\"elementor-widget-container\">\n\t\t\t\t\t\t\t<p style=\"text-align: center\">Identifier les grandes lignes d&rsquo;un formulaire ou autre document<\/p>\t\t\t\t\t\t<\/div>\n\t\t\t\t<\/div>\n\t\t\t\t\t<\/div>\n\t\t<\/div>\n\t\t\t\t<div class=\"elementor-column elementor-col-33 elementor-inner-column elementor-element elementor-element-a745b79\" data-id=\"a745b79\" data-element_type=\"column\">\n\t\t\t<div class=\"elementor-widget-wrap elementor-element-populated\">\n\t\t\t\t\t\t<div class=\"elementor-element elementor-element-c876b05 elementor-widget elementor-widget-image\" data-id=\"c876b05\" data-element_type=\"widget\" data-widget_type=\"image.default\">\n\t\t\t\t<div class=\"elementor-widget-container\">\n\t\t\t\t\t\t\t\t\t\t\t\t\t\t<a href=\"https:\/\/www.carrefourfga.ca\/ticfga\/jelis\/wp-content\/uploads\/sites\/59\/2019\/08\/GuideAnimationAtelier_LectureDActualites.pdf\" target=\"_blank\">\n\t\t\t\t\t\t\t<img loading=\"lazy\" decoding=\"async\" width=\"200\" height=\"150\" src=\"https:\/\/www.carrefourfga.ca\/ticfga\/jelis\/wp-content\/uploads\/sites\/59\/2019\/08\/LectureDActualites-200x150.png\" class=\"attachment-thumbnail size-thumbnail wp-image-682\" alt=\"atelier lecture d&#039;actualit\u00e9s\" \/>\t\t\t\t\t\t\t\t<\/a>\n\t\t\t\t\t\t\t\t\t\t\t\t\t<\/div>\n\t\t\t\t<\/div>\n\t\t\t\t<div class=\"elementor-element elementor-element-f19f5c7 elementor-widget elementor-widget-heading\" data-id=\"f19f5c7\" data-element_type=\"widget\" data-widget_type=\"heading.default\">\n\t\t\t\t<div class=\"elementor-widget-container\">\n\t\t\t<h2 class=\"elementor-heading-title elementor-size-default\"><a href=\"https:\/\/www.carrefourfga.ca\/ticfga\/jelis\/wp-content\/uploads\/sites\/59\/2019\/08\/GuideAnimationAtelier_LectureDActualites.pdf\" target=\"_blank\">Lecture d'actualit\u00e9s<\/a><\/h2>\t\t<\/div>\n\t\t\t\t<\/div>\n\t\t\t\t<div class=\"elementor-element elementor-element-834e62e elementor-widget elementor-widget-text-editor\" data-id=\"834e62e\" data-element_type=\"widget\" data-widget_type=\"text-editor.default\">\n\t\t\t\t<div class=\"elementor-widget-container\">\n\t\t\t\t\t\t\t<p>Mieux comprendre et \u00e9valuer les nouvelles dans un journal<\/p>\t\t\t\t\t\t<\/div>\n\t\t\t\t<\/div>\n\t\t\t\t\t<\/div>\n\t\t<\/div>\n\t\t\t\t\t<\/div>\n\t\t<\/section>\n\t\t\t\t\t<\/div>\n\t\t<\/div>\n\t\t\t\t\t<\/div>\n\t\t<\/section>\n\t\t\t\t<\/div>\n\t\t","protected":false},"excerpt":{"rendered":"<p>Des strat\u00e9gies pour faciliter la compr\u00e9hension en lecture Lors de notre cueillette de donn\u00e9es, les intervenantes et intervenants nous ont nomm\u00e9 des documents ou des situations de la vie de tous les jours qui repr\u00e9sentaient des difficult\u00e9s pour les personnes fr\u00e9quentant leurs services. Nous avons ensuite imagin\u00e9 des ateliers misant sur l&rsquo;enseignement explicite de strat\u00e9gies &#8230; <a title=\"Ateliers\" class=\"read-more\" href=\"https:\/\/www.carrefourfga.ca\/ticfga\/jelis\/ateliers\/\" aria-label=\"Read more about Ateliers\">Lire la suite<\/a><\/p>\n","protected":false},"author":174,"featured_media":0,"parent":0,"menu_order":0,"comment_status":"closed","ping_status":"closed","template":"","meta":{"footnotes":""},"class_list":["post-194","page","type-page","status-publish"],"_links":{"self":[{"href":"https:\/\/www.carrefourfga.ca\/ticfga\/jelis\/wp-json\/wp\/v2\/pages\/194"}],"collection":[{"href":"https:\/\/www.carrefourfga.ca\/ticfga\/jelis\/wp-json\/wp\/v2\/pages"}],"about":[{"href":"https:\/\/www.carrefourfga.ca\/ticfga\/jelis\/wp-json\/wp\/v2\/types\/page"}],"author":[{"embeddable":true,"href":"https:\/\/www.carrefourfga.ca\/ticfga\/jelis\/wp-json\/wp\/v2\/users\/174"}],"replies":[{"embeddable":true,"href":"https:\/\/www.carrefourfga.ca\/ticfga\/jelis\/wp-json\/wp\/v2\/comments?post=194"}],"version-history":[{"count":13,"href":"https:\/\/www.carrefourfga.ca\/ticfga\/jelis\/wp-json\/wp\/v2\/pages\/194\/revisions"}],"predecessor-version":[{"id":709,"href":"https:\/\/www.carrefourfga.ca\/ticfga\/jelis\/wp-json\/wp\/v2\/pages\/194\/revisions\/709"}],"wp:attachment":[{"href":"https:\/\/www.carrefourfga.ca\/ticfga\/jelis\/wp-json\/wp\/v2\/media?parent=194"}],"curies":[{"name":"wp","href":"https:\/\/api.w.org\/{rel}","templated":true}]}}