{"id":192,"date":"2019-02-14T10:23:46","date_gmt":"2019-02-14T15:23:46","guid":{"rendered":"https:\/\/www.carrefourfga.ca\/ticfga\/jelis\/?page_id=192"},"modified":"2019-05-19T15:24:43","modified_gmt":"2019-05-19T19:24:43","slug":"bottin-de-ressources","status":"publish","type":"page","link":"https:\/\/www.carrefourfga.ca\/ticfga\/jelis\/outils\/bottin-de-ressources\/","title":{"rendered":"Bottin de ressources"},"content":{"rendered":"\t\t<div data-elementor-type=\"wp-post\" data-elementor-id=\"192\" class=\"elementor elementor-192\">\n\t\t\t\t\t\t<section class=\"elementor-section elementor-top-section elementor-element elementor-element-386442b elementor-section-boxed elementor-section-height-default elementor-section-height-default\" data-id=\"386442b\" data-element_type=\"section\">\n\t\t\t\t\t\t<div class=\"elementor-container elementor-column-gap-default\">\n\t\t\t\t\t<div class=\"elementor-column elementor-col-100 elementor-top-column elementor-element elementor-element-d0ea9b5\" data-id=\"d0ea9b5\" data-element_type=\"column\">\n\t\t\t<div class=\"elementor-widget-wrap elementor-element-populated\">\n\t\t\t\t\t\t<div class=\"elementor-element elementor-element-9cc6a5b elementor-view-framed elementor-position-left elementor-vertical-align-middle elementor-shape-circle elementor-mobile-position-top elementor-widget elementor-widget-icon-box\" data-id=\"9cc6a5b\" data-element_type=\"widget\" data-widget_type=\"icon-box.default\">\n\t\t\t\t<div class=\"elementor-widget-container\">\n\t\t\t\t\t<div class=\"elementor-icon-box-wrapper\">\n\n\t\t\t\t\t\t<div class=\"elementor-icon-box-icon\">\n\t\t\t\t<span  class=\"elementor-icon elementor-animation-\">\n\t\t\t\t<i class=\"fa fa-info\" aria-hidden=\"true\"><\/i>\t\t\t\t<\/span>\n\t\t\t<\/div>\n\t\t\t\n\t\t\t\t\t\t<div class=\"elementor-icon-box-content\">\n\n\t\t\t\t\t\t\t\t\t<h3 class=\"elementor-icon-box-title\">\n\t\t\t\t\t\t<span  >\n\t\t\t\t\t\t\tDes ressources locales \u00e0 conna\u00eetre\t\t\t\t\t\t<\/span>\n\t\t\t\t\t<\/h3>\n\t\t\t\t\n\t\t\t\t\t\t\t\t\t<p class=\"elementor-icon-box-description\">\n\t\t\t\t\t\tDans le cadre du projet, nous avons fait une liste de plusieurs services disponibles dans la r\u00e9gion pour aider \u00e0 la lecture et l'\u00e9criture de toutes sortes de documents.\t\t\t\t\t<\/p>\n\t\t\t\t\n\t\t\t<\/div>\n\t\t\t\n\t\t<\/div>\n\t\t\t\t<\/div>\n\t\t\t\t<\/div>\n\t\t\t\t<div class=\"elementor-element elementor-element-8872dcb elementor-widget elementor-widget-text-editor\" data-id=\"8872dcb\" data-element_type=\"widget\" data-widget_type=\"text-editor.default\">\n\t\t\t\t<div class=\"elementor-widget-container\">\n\t\t\t\t\t\t\t<p>Nous avons rassembl\u00e9 les coordonn\u00e9es des organismes qui donnent ces services dans un bottin que vous pouvez voir plus bas. Nous avons ensuite distribu\u00e9 ce bottin dans les milieux \u00e9ducatifs et communautaires pour que les intervenants et intervenantes puissent faire conna\u00eetre ces services aux adultes qui pourraient en avoir besoin.<\/p><p>La mise en page et le design du bottin sont l&rsquo;oeuvre de <a href=\"https:\/\/www.zigraph.net\/\" target=\"_blank\" rel=\"noopener\"><strong><span style=\"text-decoration: underline;\">Zigraph<\/span><\/strong><\/a>, une entreprise de Rimouski.<\/p>\t\t\t\t\t\t<\/div>\n\t\t\t\t<\/div>\n\t\t\t\t<div class=\"elementor-element elementor-element-572beed elementor-widget-divider--view-line elementor-widget elementor-widget-divider\" data-id=\"572beed\" data-element_type=\"widget\" data-widget_type=\"divider.default\">\n\t\t\t\t<div class=\"elementor-widget-container\">\n\t\t\t\t\t<div class=\"elementor-divider\">\n\t\t\t<span class=\"elementor-divider-separator\">\n\t\t\t\t\t\t<\/span>\n\t\t<\/div>\n\t\t\t\t<\/div>\n\t\t\t\t<\/div>\n\t\t\t\t<section class=\"elementor-section elementor-inner-section elementor-element elementor-element-f8e7a42 elementor-section-boxed elementor-section-height-default elementor-section-height-default\" data-id=\"f8e7a42\" data-element_type=\"section\">\n\t\t\t\t\t\t<div class=\"elementor-container elementor-column-gap-default\">\n\t\t\t\t\t<div class=\"elementor-column elementor-col-50 elementor-inner-column elementor-element elementor-element-f4bf4b2\" data-id=\"f4bf4b2\" data-element_type=\"column\">\n\t\t\t<div class=\"elementor-widget-wrap elementor-element-populated\">\n\t\t\t\t\t\t<div class=\"elementor-element elementor-element-29ff7c0 elementor-widget elementor-widget-image\" data-id=\"29ff7c0\" data-element_type=\"widget\" data-widget_type=\"image.default\">\n\t\t\t\t<div class=\"elementor-widget-container\">\n\t\t\t\t\t\t\t\t\t\t\t\t\t\t<a href=\"https:\/\/www.carrefourfga.ca\/ticfga\/jelis\/wp-content\/uploads\/sites\/59\/2019\/04\/Bottin_Couverture.png\" data-elementor-open-lightbox=\"yes\" data-elementor-lightbox-title=\"Bottin_Couverture\" data-e-action-hash=\"#elementor-action%3Aaction%3Dlightbox%26settings%3DeyJpZCI6NDg1LCJ1cmwiOiJodHRwczpcL1wvd3d3LmNhcnJlZm91cmZnYS5jYVwvdGljZmdhXC9qZWxpc1wvd3AtY29udGVudFwvdXBsb2Fkc1wvc2l0ZXNcLzU5XC8yMDE5XC8wNFwvQm90dGluX0NvdXZlcnR1cmUucG5nIn0%3D\">\n\t\t\t\t\t\t\t<img fetchpriority=\"high\" decoding=\"async\" width=\"1282\" height=\"1636\" src=\"https:\/\/www.carrefourfga.ca\/ticfga\/jelis\/wp-content\/uploads\/sites\/59\/2019\/04\/Bottin_Couverture.png\" class=\"attachment-full size-full wp-image-485\" alt=\"\" srcset=\"https:\/\/www.carrefourfga.ca\/ticfga\/jelis\/wp-content\/uploads\/sites\/59\/2019\/04\/Bottin_Couverture.png 1282w, https:\/\/www.carrefourfga.ca\/ticfga\/jelis\/wp-content\/uploads\/sites\/59\/2019\/04\/Bottin_Couverture-235x300.png 235w, https:\/\/www.carrefourfga.ca\/ticfga\/jelis\/wp-content\/uploads\/sites\/59\/2019\/04\/Bottin_Couverture-768x980.png 768w, https:\/\/www.carrefourfga.ca\/ticfga\/jelis\/wp-content\/uploads\/sites\/59\/2019\/04\/Bottin_Couverture-802x1024.png 802w\" sizes=\"(max-width: 1282px) 100vw, 1282px\" \/>\t\t\t\t\t\t\t\t<\/a>\n\t\t\t\t\t\t\t\t\t\t\t\t\t<\/div>\n\t\t\t\t<\/div>\n\t\t\t\t\t<\/div>\n\t\t<\/div>\n\t\t\t\t<div class=\"elementor-column elementor-col-50 elementor-inner-column elementor-element elementor-element-cf05c65\" data-id=\"cf05c65\" data-element_type=\"column\">\n\t\t\t<div class=\"elementor-widget-wrap elementor-element-populated\">\n\t\t\t\t\t\t<div class=\"elementor-element elementor-element-6451111 elementor-widget elementor-widget-image\" data-id=\"6451111\" data-element_type=\"widget\" data-widget_type=\"image.default\">\n\t\t\t\t<div class=\"elementor-widget-container\">\n\t\t\t\t\t\t\t\t\t\t\t\t\t\t<a href=\"https:\/\/www.carrefourfga.ca\/ticfga\/jelis\/wp-content\/uploads\/sites\/59\/2019\/04\/Bottin_Legende.png\" data-elementor-open-lightbox=\"yes\" data-elementor-lightbox-title=\"Bottin_Legende\" data-e-action-hash=\"#elementor-action%3Aaction%3Dlightbox%26settings%3DeyJpZCI6NDgyLCJ1cmwiOiJodHRwczpcL1wvd3d3LmNhcnJlZm91cmZnYS5jYVwvdGljZmdhXC9qZWxpc1wvd3AtY29udGVudFwvdXBsb2Fkc1wvc2l0ZXNcLzU5XC8yMDE5XC8wNFwvQm90dGluX0xlZ2VuZGUucG5nIn0%3D\">\n\t\t\t\t\t\t\t<img decoding=\"async\" width=\"1282\" height=\"1636\" src=\"https:\/\/www.carrefourfga.ca\/ticfga\/jelis\/wp-content\/uploads\/sites\/59\/2019\/04\/Bottin_Legende.png\" class=\"attachment-full size-full wp-image-482\" alt=\"\" srcset=\"https:\/\/www.carrefourfga.ca\/ticfga\/jelis\/wp-content\/uploads\/sites\/59\/2019\/04\/Bottin_Legende.png 1282w, https:\/\/www.carrefourfga.ca\/ticfga\/jelis\/wp-content\/uploads\/sites\/59\/2019\/04\/Bottin_Legende-235x300.png 235w, https:\/\/www.carrefourfga.ca\/ticfga\/jelis\/wp-content\/uploads\/sites\/59\/2019\/04\/Bottin_Legende-768x980.png 768w, https:\/\/www.carrefourfga.ca\/ticfga\/jelis\/wp-content\/uploads\/sites\/59\/2019\/04\/Bottin_Legende-802x1024.png 802w\" sizes=\"(max-width: 1282px) 100vw, 1282px\" \/>\t\t\t\t\t\t\t\t<\/a>\n\t\t\t\t\t\t\t\t\t\t\t\t\t<\/div>\n\t\t\t\t<\/div>\n\t\t\t\t\t<\/div>\n\t\t<\/div>\n\t\t\t\t\t<\/div>\n\t\t<\/section>\n\t\t\t\t\t<\/div>\n\t\t<\/div>\n\t\t\t\t\t<\/div>\n\t\t<\/section>\n\t\t\t\t<section class=\"elementor-section elementor-top-section elementor-element elementor-element-f4d3267 elementor-section-boxed elementor-section-height-default elementor-section-height-default\" data-id=\"f4d3267\" data-element_type=\"section\">\n\t\t\t\t\t\t<div class=\"elementor-container elementor-column-gap-default\">\n\t\t\t\t\t<div class=\"elementor-column elementor-col-100 elementor-top-column elementor-element elementor-element-4fdd470\" data-id=\"4fdd470\" data-element_type=\"column\">\n\t\t\t<div class=\"elementor-widget-wrap elementor-element-populated\">\n\t\t\t\t\t\t<div class=\"elementor-element elementor-element-33ff664 elementor-widget elementor-widget-spacer\" data-id=\"33ff664\" data-element_type=\"widget\" data-widget_type=\"spacer.default\">\n\t\t\t\t<div class=\"elementor-widget-container\">\n\t\t\t\t\t<div class=\"elementor-spacer\">\n\t\t\t<div class=\"elementor-spacer-inner\"><\/div>\n\t\t<\/div>\n\t\t\t\t<\/div>\n\t\t\t\t<\/div>\n\t\t\t\t<div class=\"elementor-element elementor-element-a20f994 elementor-view-default elementor-position-top elementor-mobile-position-top elementor-widget elementor-widget-icon-box\" data-id=\"a20f994\" data-element_type=\"widget\" data-widget_type=\"icon-box.default\">\n\t\t\t\t<div class=\"elementor-widget-container\">\n\t\t\t\t\t<div class=\"elementor-icon-box-wrapper\">\n\n\t\t\t\t\t\t<div class=\"elementor-icon-box-icon\">\n\t\t\t\t<a href=\"https:\/\/www.carrefourfga.ca\/ticfga\/jelis\/wp-content\/uploads\/sites\/59\/2019\/04\/BottinPourDepasserLesBarrieresDeLEcrit-AccorderieFermee-1.pdf\" target=\"_blank\" class=\"elementor-icon elementor-animation-\" tabindex=\"-1\">\n\t\t\t\t<i class=\"fa fa-angle-double-down\" aria-hidden=\"true\"><\/i>\t\t\t\t<\/a>\n\t\t\t<\/div>\n\t\t\t\n\t\t\t\t\t\t<div class=\"elementor-icon-box-content\">\n\n\t\t\t\t\t\t\t\t\t<h3 class=\"elementor-icon-box-title\">\n\t\t\t\t\t\t<a href=\"https:\/\/www.carrefourfga.ca\/ticfga\/jelis\/wp-content\/uploads\/sites\/59\/2019\/04\/BottinPourDepasserLesBarrieresDeLEcrit-AccorderieFermee-1.pdf\" target=\"_blank\" >\n\t\t\t\t\t\t\tVoir le bottin au complet\t\t\t\t\t\t<\/a>\n\t\t\t\t\t<\/h3>\n\t\t\t\t\n\t\t\t\t\n\t\t\t<\/div>\n\t\t\t\n\t\t<\/div>\n\t\t\t\t<\/div>\n\t\t\t\t<\/div>\n\t\t\t\t\t<\/div>\n\t\t<\/div>\n\t\t\t\t\t<\/div>\n\t\t<\/section>\n\t\t\t\t<\/div>\n\t\t","protected":false},"excerpt":{"rendered":"<p>Des ressources locales \u00e0 conna\u00eetre Dans le cadre du projet, nous avons fait une liste de plusieurs services disponibles dans la r\u00e9gion pour aider \u00e0 la lecture et l&rsquo;\u00e9criture de toutes sortes de documents. Nous avons rassembl\u00e9 les coordonn\u00e9es des organismes qui donnent ces services dans un bottin que vous pouvez voir plus bas. Nous &#8230; <a title=\"Bottin de ressources\" class=\"read-more\" href=\"https:\/\/www.carrefourfga.ca\/ticfga\/jelis\/outils\/bottin-de-ressources\/\" aria-label=\"Read more about Bottin de ressources\">Lire la suite<\/a><\/p>\n","protected":false},"author":174,"featured_media":0,"parent":95,"menu_order":0,"comment_status":"closed","ping_status":"closed","template":"","meta":{"footnotes":""},"class_list":["post-192","page","type-page","status-publish"],"_links":{"self":[{"href":"https:\/\/www.carrefourfga.ca\/ticfga\/jelis\/wp-json\/wp\/v2\/pages\/192"}],"collection":[{"href":"https:\/\/www.carrefourfga.ca\/ticfga\/jelis\/wp-json\/wp\/v2\/pages"}],"about":[{"href":"https:\/\/www.carrefourfga.ca\/ticfga\/jelis\/wp-json\/wp\/v2\/types\/page"}],"author":[{"embeddable":true,"href":"https:\/\/www.carrefourfga.ca\/ticfga\/jelis\/wp-json\/wp\/v2\/users\/174"}],"replies":[{"embeddable":true,"href":"https:\/\/www.carrefourfga.ca\/ticfga\/jelis\/wp-json\/wp\/v2\/comments?post=192"}],"version-history":[{"count":23,"href":"https:\/\/www.carrefourfga.ca\/ticfga\/jelis\/wp-json\/wp\/v2\/pages\/192\/revisions"}],"predecessor-version":[{"id":533,"href":"https:\/\/www.carrefourfga.ca\/ticfga\/jelis\/wp-json\/wp\/v2\/pages\/192\/revisions\/533"}],"up":[{"embeddable":true,"href":"https:\/\/www.carrefourfga.ca\/ticfga\/jelis\/wp-json\/wp\/v2\/pages\/95"}],"wp:attachment":[{"href":"https:\/\/www.carrefourfga.ca\/ticfga\/jelis\/wp-json\/wp\/v2\/media?parent=192"}],"curies":[{"name":"wp","href":"https:\/\/api.w.org\/{rel}","templated":true}]}}