{"id":190,"date":"2019-02-14T10:30:20","date_gmt":"2019-02-14T15:30:20","guid":{"rendered":"https:\/\/www.carrefourfga.ca\/ticfga\/jelis\/?page_id=190"},"modified":"2019-06-03T18:01:16","modified_gmt":"2019-06-03T22:01:16","slug":"outils-numeriques","status":"publish","type":"page","link":"https:\/\/www.carrefourfga.ca\/ticfga\/jelis\/outils\/outils-numeriques\/","title":{"rendered":"Outils num\u00e9riques"},"content":{"rendered":"\t\t<div data-elementor-type=\"wp-post\" data-elementor-id=\"190\" class=\"elementor elementor-190\">\n\t\t\t\t\t\t<section class=\"elementor-section elementor-top-section elementor-element elementor-element-5e800a1 elementor-section-boxed elementor-section-height-default elementor-section-height-default\" data-id=\"5e800a1\" data-element_type=\"section\">\n\t\t\t\t\t\t<div class=\"elementor-container elementor-column-gap-default\">\n\t\t\t\t\t<div class=\"elementor-column elementor-col-100 elementor-top-column elementor-element elementor-element-c71fd38\" data-id=\"c71fd38\" data-element_type=\"column\">\n\t\t\t<div class=\"elementor-widget-wrap elementor-element-populated\">\n\t\t\t\t\t\t<div class=\"elementor-element elementor-element-6df715c elementor-view-framed elementor-position-left elementor-vertical-align-middle elementor-shape-circle elementor-mobile-position-top elementor-widget elementor-widget-icon-box\" data-id=\"6df715c\" data-element_type=\"widget\" data-widget_type=\"icon-box.default\">\n\t\t\t\t<div class=\"elementor-widget-container\">\n\t\t\t\t\t<div class=\"elementor-icon-box-wrapper\">\n\n\t\t\t\t\t\t<div class=\"elementor-icon-box-icon\">\n\t\t\t\t<span  class=\"elementor-icon elementor-animation-\">\n\t\t\t\t<i class=\"fa fa-plug\" aria-hidden=\"true\"><\/i>\t\t\t\t<\/span>\n\t\t\t<\/div>\n\t\t\t\n\t\t\t\t\t\t<div class=\"elementor-icon-box-content\">\n\n\t\t\t\t\t\t\t\t\t<h3 class=\"elementor-icon-box-title\">\n\t\t\t\t\t\t<span  >\n\t\t\t\t\t\t\tDes outils pour faciliter l'utilisation de l'ordinateur\t\t\t\t\t\t<\/span>\n\t\t\t\t\t<\/h3>\n\t\t\t\t\n\t\t\t\t\t\t\t\t\t<p class=\"elementor-icon-box-description\">\n\t\t\t\t\t\tIl existe diff\u00e9rents outils pour minimiser les difficult\u00e9s li\u00e9es \u00e0 l'\u00e9crit lorsque l'on utilise un ordinateur. Dans cette section, vous trouverez plusieurs ressources gratuites, \u00e0 utiliser en ligne ou \u00e0 t\u00e9l\u00e9charger.\t\t\t\t\t<\/p>\n\t\t\t\t\n\t\t\t<\/div>\n\t\t\t\n\t\t<\/div>\n\t\t\t\t<\/div>\n\t\t\t\t<\/div>\n\t\t\t\t<div class=\"elementor-element elementor-element-538068c elementor-widget elementor-widget-text-editor\" data-id=\"538068c\" data-element_type=\"widget\" data-widget_type=\"text-editor.default\">\n\t\t\t\t<div class=\"elementor-widget-container\">\n\t\t\t\t\t\t\t<p>Nous avons re\u00e7u l&rsquo;aide d&rsquo;Anick Fortin du <a href=\"http:\/\/www.recitfganational.ca\/\" target=\"_blank\" rel=\"noopener\">R\u00c9CIT-FGA<\/a> pour trouver les outils que nous vous proposons ici.<\/p>\t\t\t\t\t\t<\/div>\n\t\t\t\t<\/div>\n\t\t\t\t\t<\/div>\n\t\t<\/div>\n\t\t\t\t\t<\/div>\n\t\t<\/section>\n\t\t\t\t<section class=\"elementor-section elementor-top-section elementor-element elementor-element-17fce1c elementor-section-boxed elementor-section-height-default elementor-section-height-default\" data-id=\"17fce1c\" data-element_type=\"section\">\n\t\t\t\t\t\t<div class=\"elementor-container elementor-column-gap-default\">\n\t\t\t\t\t<div class=\"elementor-column elementor-col-100 elementor-top-column elementor-element elementor-element-e68612a\" data-id=\"e68612a\" data-element_type=\"column\">\n\t\t\t<div class=\"elementor-widget-wrap elementor-element-populated\">\n\t\t\t\t\t\t<div class=\"elementor-element elementor-element-a0185d4 elementor-widget elementor-widget-accordion\" data-id=\"a0185d4\" data-element_type=\"widget\" data-widget_type=\"accordion.default\">\n\t\t\t\t<div class=\"elementor-widget-container\">\n\t\t\t\t\t<div class=\"elementor-accordion\">\n\t\t\t\t\t\t\t<div class=\"elementor-accordion-item\">\n\t\t\t\t\t<div id=\"elementor-tab-title-1671\" class=\"elementor-tab-title\" data-tab=\"1\" role=\"button\" aria-controls=\"elementor-tab-content-1671\" aria-expanded=\"false\">\n\t\t\t\t\t\t\t\t\t\t\t\t\t<span class=\"elementor-accordion-icon elementor-accordion-icon-left\" aria-hidden=\"true\">\n\t\t\t\t\t\t\t\t\t\t\t\t\t\t\t<span class=\"elementor-accordion-icon-closed\"><i class=\"fas fa-plus\"><\/i><\/span>\n\t\t\t\t\t\t\t\t<span class=\"elementor-accordion-icon-opened\"><i class=\"fas fa-minus\"><\/i><\/span>\n\t\t\t\t\t\t\t\t\t\t\t\t\t\t<\/span>\n\t\t\t\t\t\t\t\t\t\t\t\t<a class=\"elementor-accordion-title\" tabindex=\"0\">Pr\u00e9diction de mots<\/a>\n\t\t\t\t\t<\/div>\n\t\t\t\t\t<div id=\"elementor-tab-content-1671\" class=\"elementor-tab-content elementor-clearfix\" data-tab=\"1\" role=\"region\" aria-labelledby=\"elementor-tab-title-1671\"><p>Avoir \u00e0 chercher sur un clavier l&#8217;emplacement de chaque lettre d&rsquo;un mot peut rendre difficile l&rsquo;utilisation de l&rsquo;ordinateur. Les logiciels de pr\u00e9diction sugg\u00e8rent des mots en fonction des premi\u00e8res lettres tap\u00e9es et facilitent ainsi la r\u00e9daction \u00e0 l&rsquo;ordinateur, que ce soit des mots-cl\u00e9s dans un moteur de recherche ou un message pour un proche.<\/p><p style=\"padding-left: 60px;\"><a href=\"https:\/\/www.icomprovence.net\/ressources-developpement-logiciels-dicom-marseille-21.html\" target=\"_blank\" rel=\"noopener\"><img decoding=\"async\" class=\"alignleft wp-image-568 size-full\" src=\"https:\/\/www.carrefourfga.ca\/ticfga\/jelis\/wp-content\/uploads\/sites\/59\/2019\/05\/DICOM2.png\" alt=\"\" width=\"150\" height=\"150\" srcset=\"https:\/\/www.carrefourfga.ca\/ticfga\/jelis\/wp-content\/uploads\/sites\/59\/2019\/05\/DICOM2.png 150w, https:\/\/www.carrefourfga.ca\/ticfga\/jelis\/wp-content\/uploads\/sites\/59\/2019\/05\/DICOM2-144x144.png 144w\" sizes=\"(max-width: 150px) 100vw, 150px\" \/><\/a><\/p><blockquote><p><a href=\"https:\/\/www.icomprovence.net\/ressources-developpement-logiciels-dicom-marseille-21.html\" target=\"_blank\" rel=\"noopener\">DICOM<\/a> s&rsquo;installe gratuitement sur l&rsquo;ordinateur et offre la pr\u00e9diction de mots dans l&rsquo;ensemble des champs de texte de l&rsquo;ordinateur (navigateur web, Microsoft Word, explorateur de fichiers).<\/p><p>La liste des mots peut \u00eatre personnalis\u00e9e tout comme l&#8217;emplacement de la fen\u00eatre de suggestions.<\/p><\/blockquote><\/div>\n\t\t\t\t<\/div>\n\t\t\t\t\t\t\t<div class=\"elementor-accordion-item\">\n\t\t\t\t\t<div id=\"elementor-tab-title-1672\" class=\"elementor-tab-title\" data-tab=\"2\" role=\"button\" aria-controls=\"elementor-tab-content-1672\" aria-expanded=\"false\">\n\t\t\t\t\t\t\t\t\t\t\t\t\t<span class=\"elementor-accordion-icon elementor-accordion-icon-left\" aria-hidden=\"true\">\n\t\t\t\t\t\t\t\t\t\t\t\t\t\t\t<span class=\"elementor-accordion-icon-closed\"><i class=\"fas fa-plus\"><\/i><\/span>\n\t\t\t\t\t\t\t\t<span class=\"elementor-accordion-icon-opened\"><i class=\"fas fa-minus\"><\/i><\/span>\n\t\t\t\t\t\t\t\t\t\t\t\t\t\t<\/span>\n\t\t\t\t\t\t\t\t\t\t\t\t<a class=\"elementor-accordion-title\" tabindex=\"0\">Synth\u00e8se vocale<\/a>\n\t\t\t\t\t<\/div>\n\t\t\t\t\t<div id=\"elementor-tab-content-1672\" class=\"elementor-tab-content elementor-clearfix\" data-tab=\"2\" role=\"region\" aria-labelledby=\"elementor-tab-title-1672\"><p>La synth\u00e8se vocale permet d&rsquo;entendre \u00e0 voix haute n&rsquo;importe quel texte qui s&rsquo;affiche \u00e0 l&rsquo;\u00e9cran.<\/p><blockquote><p style=\"padding-left: 60px;\"><a href=\"https:\/\/chrome.google.com\/webstore\/detail\/click2speech\/djfpbemmcokhlllnafdmomgecdlicfhj\" target=\"_blank\" rel=\"noopener\"><img decoding=\"async\" class=\"alignleft size-full wp-image-547\" src=\"https:\/\/www.carrefourfga.ca\/ticfga\/jelis\/wp-content\/uploads\/sites\/59\/2019\/05\/Click2Speech.png\" alt=\"\" width=\"150\" height=\"150\" srcset=\"https:\/\/www.carrefourfga.ca\/ticfga\/jelis\/wp-content\/uploads\/sites\/59\/2019\/05\/Click2Speech.png 150w, https:\/\/www.carrefourfga.ca\/ticfga\/jelis\/wp-content\/uploads\/sites\/59\/2019\/05\/Click2Speech-144x144.png 144w\" sizes=\"(max-width: 150px) 100vw, 150px\" \/><\/a><br \/><a href=\"https:\/\/chrome.google.com\/webstore\/detail\/click2speech\/djfpbemmcokhlllnafdmomgecdlicfhj\" target=\"_blank\" rel=\"noopener\">click2speech<\/a> est une extension gratuite pour le navigateur Chrome. Une fois install\u00e9e, elle permet de lire, paragraphe par paragraphe, le contenu de toute page web consult\u00e9e dans ce navigateur.<\/p><p>La vitesse de lecture ainsi que la voix peuvent \u00eatre modifi\u00e9es.<\/p><\/blockquote><blockquote><p style=\"padding-left: 60px;\"><a href=\"http:\/\/https:\/\/www.mail2voice.org\/index.php\/fr\/\" target=\"_blank\" rel=\"noopener\" data-wplink-url-error=\"true\"><img decoding=\"async\" class=\"alignleft wp-image-553 size-full\" src=\"https:\/\/www.carrefourfga.ca\/ticfga\/jelis\/wp-content\/uploads\/sites\/59\/2019\/05\/Mail2Voice100.png\" alt=\"\" width=\"150\" height=\"100\" \/><\/a><a href=\"https:\/\/www.mail2voice.org\/index.php\/fr\/decouvrir.html\" target=\"_blank\" rel=\"noopener\">Mail2Voice<\/a> est un gestionnaire de courriels gratuit. Il permet la lecture de messages par synth\u00e8se vocale ainsi que l&rsquo;enregistrement de messages audios que les destinataires re\u00e7oivent sous format .mp3.<\/p><p style=\"padding-left: 60px;\">Plusieurs options sont pr\u00e9vues pour faciliter son utilisation.<\/p><\/blockquote><blockquote><p style=\"padding-left: 60px;\"><a href=\"https:\/\/www.commentcamarche.net\/download\/telecharger-34056099-dspeech\" target=\"_blank\" rel=\"noopener\"><img loading=\"lazy\" decoding=\"async\" class=\"alignleft size-full wp-image-554\" src=\"https:\/\/www.carrefourfga.ca\/ticfga\/jelis\/wp-content\/uploads\/sites\/59\/2019\/05\/DSpeech.png\" alt=\"\" width=\"150\" height=\"150\" srcset=\"https:\/\/www.carrefourfga.ca\/ticfga\/jelis\/wp-content\/uploads\/sites\/59\/2019\/05\/DSpeech.png 150w, https:\/\/www.carrefourfga.ca\/ticfga\/jelis\/wp-content\/uploads\/sites\/59\/2019\/05\/DSpeech-144x144.png 144w\" sizes=\"(max-width: 150px) 100vw, 150px\" \/><\/a> <a href=\"https:\/\/www.commentcamarche.net\/download\/telecharger-34056099-dspeech\" target=\"_blank\" rel=\"noopener\">DSpeech<\/a> est un logiciel gratuit qui permet de lire \u00e0 voix haute des textes ins\u00e9r\u00e9s dans son interface. Les mots sont surlign\u00e9s au fur et \u00e0 mesure.<\/p><p>Vous devrez peut-\u00eatre installer une voix fran\u00e7aise pour une lecture plus fluide : voici <a href=\"http:\/\/dl.free.fr\/getfile.pl?file=\/MSqbyVaB\/3-RSSolo4FrenchVirginie.exe\" target=\"_blank\" rel=\"noopener\">un lien<\/a><\/p><p>Voici aussi un lien vers le <a href=\"http:\/\/dimio.altervista.org\/zip\/Manual%20(FRA).pdf\" target=\"_blank\" rel=\"noopener\">manuel d&rsquo;utilisation<\/a> en fran\u00e7ais<\/p><\/blockquote><\/div>\n\t\t\t\t<\/div>\n\t\t\t\t\t\t\t<div class=\"elementor-accordion-item\">\n\t\t\t\t\t<div id=\"elementor-tab-title-1673\" class=\"elementor-tab-title\" data-tab=\"3\" role=\"button\" aria-controls=\"elementor-tab-content-1673\" aria-expanded=\"false\">\n\t\t\t\t\t\t\t\t\t\t\t\t\t<span class=\"elementor-accordion-icon elementor-accordion-icon-left\" aria-hidden=\"true\">\n\t\t\t\t\t\t\t\t\t\t\t\t\t\t\t<span class=\"elementor-accordion-icon-closed\"><i class=\"fas fa-plus\"><\/i><\/span>\n\t\t\t\t\t\t\t\t<span class=\"elementor-accordion-icon-opened\"><i class=\"fas fa-minus\"><\/i><\/span>\n\t\t\t\t\t\t\t\t\t\t\t\t\t\t<\/span>\n\t\t\t\t\t\t\t\t\t\t\t\t<a class=\"elementor-accordion-title\" tabindex=\"0\">Mise en page et apparence<\/a>\n\t\t\t\t\t<\/div>\n\t\t\t\t\t<div id=\"elementor-tab-content-1673\" class=\"elementor-tab-content elementor-clearfix\" data-tab=\"3\" role=\"region\" aria-labelledby=\"elementor-tab-title-1673\"><p>L&rsquo;apparence du texte \u00e0 l&rsquo;\u00e9cran peut le rendre plus ou moins facile \u00e0 lire.<\/p><blockquote><p><a href=\"http:\/\/http:\/\/confort-plus.orange.com\/\"><img loading=\"lazy\" decoding=\"async\" class=\"alignleft size-full wp-image-559\" src=\"https:\/\/www.carrefourfga.ca\/ticfga\/jelis\/wp-content\/uploads\/sites\/59\/2019\/05\/OrangeConfortPlus.png\" alt=\"\" width=\"150\" height=\"100\" \/><\/a> <a href=\"http:\/\/confort-plus.orange.com\/\" target=\"_blank\" rel=\"noopener\">Orange Confort+<\/a> est une extension gratuite pour les navigateurs Chrome, Firefox et Explorer.<\/p><p>Elle permet de modifier l&rsquo;allure du texte sur toutes les pages web consult\u00e9es. Par exemple, on peut choisir la taille du texte, l&rsquo;espacement entre les lignes, la police d&rsquo;\u00e9criture, la couleur d&rsquo;arri\u00e8re-plan et m\u00eame avoir une bande de lecture virtuelle.<\/p><\/blockquote><\/div>\n\t\t\t\t<\/div>\n\t\t\t\t\t\t\t<div class=\"elementor-accordion-item\">\n\t\t\t\t\t<div id=\"elementor-tab-title-1674\" class=\"elementor-tab-title\" data-tab=\"4\" role=\"button\" aria-controls=\"elementor-tab-content-1674\" aria-expanded=\"false\">\n\t\t\t\t\t\t\t\t\t\t\t\t\t<span class=\"elementor-accordion-icon elementor-accordion-icon-left\" aria-hidden=\"true\">\n\t\t\t\t\t\t\t\t\t\t\t\t\t\t\t<span class=\"elementor-accordion-icon-closed\"><i class=\"fas fa-plus\"><\/i><\/span>\n\t\t\t\t\t\t\t\t<span class=\"elementor-accordion-icon-opened\"><i class=\"fas fa-minus\"><\/i><\/span>\n\t\t\t\t\t\t\t\t\t\t\t\t\t\t<\/span>\n\t\t\t\t\t\t\t\t\t\t\t\t<a class=\"elementor-accordion-title\" tabindex=\"0\">Autres ressources<\/a>\n\t\t\t\t\t<\/div>\n\t\t\t\t\t<div id=\"elementor-tab-content-1674\" class=\"elementor-tab-content elementor-clearfix\" data-tab=\"4\" role=\"region\" aria-labelledby=\"elementor-tab-title-1674\"><p><a href=\"http:\/\/idee-association.org\/\"><img loading=\"lazy\" decoding=\"async\" class=\"alignleft size-full wp-image-563\" src=\"https:\/\/www.carrefourfga.ca\/ticfga\/jelis\/wp-content\/uploads\/sites\/59\/2019\/05\/IDEE.png\" alt=\"\" width=\"150\" height=\"150\" srcset=\"https:\/\/www.carrefourfga.ca\/ticfga\/jelis\/wp-content\/uploads\/sites\/59\/2019\/05\/IDEE.png 150w, https:\/\/www.carrefourfga.ca\/ticfga\/jelis\/wp-content\/uploads\/sites\/59\/2019\/05\/IDEE-144x144.png 144w\" sizes=\"(max-width: 150px) 100vw, 150px\" \/><\/a>L&rsquo;association <a href=\"http:\/\/idee-association.org\/\" target=\"_blank\" rel=\"noopener\">ID\u00c9E<\/a> offre de nombreux outils gratuitement sur son site web.<\/p><p>Il s&rsquo;agit de programmes pouvant r\u00e9pondre \u00e0 des besoins plus sp\u00e9cifiques, notamment pour les personnes ayant de grandes difficult\u00e9s \u00e0 communiquer. Plusieurs logiciels de traitement de texte adapt\u00e9s sont \u00e9galement propos\u00e9s.<\/p><\/div>\n\t\t\t\t<\/div>\n\t\t\t\t\t\t\t\t<\/div>\n\t\t\t\t<\/div>\n\t\t\t\t<\/div>\n\t\t\t\t\t<\/div>\n\t\t<\/div>\n\t\t\t\t\t<\/div>\n\t\t<\/section>\n\t\t\t\t<\/div>\n\t\t","protected":false},"excerpt":{"rendered":"<p>Des outils pour faciliter l&rsquo;utilisation de l&rsquo;ordinateur Il existe diff\u00e9rents outils pour minimiser les difficult\u00e9s li\u00e9es \u00e0 l&rsquo;\u00e9crit lorsque l&rsquo;on utilise un ordinateur. Dans cette section, vous trouverez plusieurs ressources gratuites, \u00e0 utiliser en ligne ou \u00e0 t\u00e9l\u00e9charger. Nous avons re\u00e7u l&rsquo;aide d&rsquo;Anick Fortin du R\u00c9CIT-FGA pour trouver les outils que nous vous proposons ici. &#8230; <a title=\"Outils num\u00e9riques\" class=\"read-more\" href=\"https:\/\/www.carrefourfga.ca\/ticfga\/jelis\/outils\/outils-numeriques\/\" aria-label=\"Read more about Outils num\u00e9riques\">Lire la suite<\/a><\/p>\n","protected":false},"author":174,"featured_media":0,"parent":95,"menu_order":0,"comment_status":"closed","ping_status":"closed","template":"","meta":{"footnotes":""},"class_list":["post-190","page","type-page","status-publish"],"_links":{"self":[{"href":"https:\/\/www.carrefourfga.ca\/ticfga\/jelis\/wp-json\/wp\/v2\/pages\/190"}],"collection":[{"href":"https:\/\/www.carrefourfga.ca\/ticfga\/jelis\/wp-json\/wp\/v2\/pages"}],"about":[{"href":"https:\/\/www.carrefourfga.ca\/ticfga\/jelis\/wp-json\/wp\/v2\/types\/page"}],"author":[{"embeddable":true,"href":"https:\/\/www.carrefourfga.ca\/ticfga\/jelis\/wp-json\/wp\/v2\/users\/174"}],"replies":[{"embeddable":true,"href":"https:\/\/www.carrefourfga.ca\/ticfga\/jelis\/wp-json\/wp\/v2\/comments?post=190"}],"version-history":[{"count":21,"href":"https:\/\/www.carrefourfga.ca\/ticfga\/jelis\/wp-json\/wp\/v2\/pages\/190\/revisions"}],"predecessor-version":[{"id":577,"href":"https:\/\/www.carrefourfga.ca\/ticfga\/jelis\/wp-json\/wp\/v2\/pages\/190\/revisions\/577"}],"up":[{"embeddable":true,"href":"https:\/\/www.carrefourfga.ca\/ticfga\/jelis\/wp-json\/wp\/v2\/pages\/95"}],"wp:attachment":[{"href":"https:\/\/www.carrefourfga.ca\/ticfga\/jelis\/wp-json\/wp\/v2\/media?parent=190"}],"curies":[{"name":"wp","href":"https:\/\/api.w.org\/{rel}","templated":true}]}}