{"id":187,"date":"2019-02-14T10:22:53","date_gmt":"2019-02-14T15:22:53","guid":{"rendered":"https:\/\/www.carrefourfga.ca\/ticfga\/jelis\/?page_id=187"},"modified":"2019-06-25T17:22:18","modified_gmt":"2019-06-25T21:22:18","slug":"documentation","status":"publish","type":"page","link":"https:\/\/www.carrefourfga.ca\/ticfga\/jelis\/outils\/documentation\/","title":{"rendered":"Documentation\/guides"},"content":{"rendered":"\t\t<div data-elementor-type=\"wp-post\" data-elementor-id=\"187\" class=\"elementor elementor-187\">\n\t\t\t\t\t\t<section class=\"elementor-section elementor-top-section elementor-element elementor-element-493e819 elementor-section-boxed elementor-section-height-default elementor-section-height-default\" data-id=\"493e819\" data-element_type=\"section\">\n\t\t\t\t\t\t<div class=\"elementor-container elementor-column-gap-default\">\n\t\t\t\t\t<div class=\"elementor-column elementor-col-100 elementor-top-column elementor-element elementor-element-619afe3\" data-id=\"619afe3\" data-element_type=\"column\">\n\t\t\t<div class=\"elementor-widget-wrap elementor-element-populated\">\n\t\t\t\t\t\t<div class=\"elementor-element elementor-element-885aa43 elementor-view-framed elementor-position-left elementor-vertical-align-middle elementor-shape-circle elementor-mobile-position-top elementor-widget elementor-widget-icon-box\" data-id=\"885aa43\" data-element_type=\"widget\" data-widget_type=\"icon-box.default\">\n\t\t\t\t<div class=\"elementor-widget-container\">\n\t\t\t\t\t<div class=\"elementor-icon-box-wrapper\">\n\n\t\t\t\t\t\t<div class=\"elementor-icon-box-icon\">\n\t\t\t\t<span  class=\"elementor-icon elementor-animation-\">\n\t\t\t\t<i class=\"fa fa-folder-open-o\" aria-hidden=\"true\"><\/i>\t\t\t\t<\/span>\n\t\t\t<\/div>\n\t\t\t\n\t\t\t\t\t\t<div class=\"elementor-icon-box-content\">\n\n\t\t\t\t\t\t\t\t\t<h3 class=\"elementor-icon-box-title\">\n\t\t\t\t\t\t<span  >\n\t\t\t\t\t\t\tDes ressources pour appuyer les interventions\t\t\t\t\t\t<\/span>\n\t\t\t\t\t<\/h3>\n\t\t\t\t\n\t\t\t\t\t\t\t\t\t<p class=\"elementor-icon-box-description\">\n\t\t\t\t\t\tTout au long de la r\u00e9alisation du projet, nous avons cherch\u00e9 \u00e0 appuyer nos interventions par de la documentation fiable. Les ressources propos\u00e9es ici ont servi \u00e0 construire les ateliers ainsi que les fiches informatives.\t\t\t\t\t<\/p>\n\t\t\t\t\n\t\t\t<\/div>\n\t\t\t\n\t\t<\/div>\n\t\t\t\t<\/div>\n\t\t\t\t<\/div>\n\t\t\t\t\t<\/div>\n\t\t<\/div>\n\t\t\t\t\t<\/div>\n\t\t<\/section>\n\t\t\t\t<section class=\"elementor-section elementor-top-section elementor-element elementor-element-74b18a9 elementor-section-boxed elementor-section-height-default elementor-section-height-default\" data-id=\"74b18a9\" data-element_type=\"section\">\n\t\t\t\t\t\t<div class=\"elementor-container elementor-column-gap-default\">\n\t\t\t\t\t<div class=\"elementor-column elementor-col-100 elementor-top-column elementor-element elementor-element-562124e\" data-id=\"562124e\" data-element_type=\"column\">\n\t\t\t<div class=\"elementor-widget-wrap elementor-element-populated\">\n\t\t\t\t\t\t<div class=\"elementor-element elementor-element-3dedec0 elementor-widget elementor-widget-accordion\" data-id=\"3dedec0\" data-element_type=\"widget\" data-widget_type=\"accordion.default\">\n\t\t\t\t<div class=\"elementor-widget-container\">\n\t\t\t\t\t<div class=\"elementor-accordion\">\n\t\t\t\t\t\t\t<div class=\"elementor-accordion-item\">\n\t\t\t\t\t<div id=\"elementor-tab-title-6491\" class=\"elementor-tab-title\" data-tab=\"1\" role=\"button\" aria-controls=\"elementor-tab-content-6491\" aria-expanded=\"false\">\n\t\t\t\t\t\t\t\t\t\t\t\t\t<span class=\"elementor-accordion-icon elementor-accordion-icon-left\" aria-hidden=\"true\">\n\t\t\t\t\t\t\t\t\t\t\t\t\t\t\t<i class=\"elementor-accordion-icon-closed fa fa-folder\"><\/i>\n\t\t\t\t\t\t\t\t<i class=\"elementor-accordion-icon-opened fa fa-folder-open\"><\/i>\n\t\t\t\t\t\t\t\t\t\t\t\t\t\t<\/span>\n\t\t\t\t\t\t\t\t\t\t\t\t<a class=\"elementor-accordion-title\" tabindex=\"0\">La litt\u00e9ratie : statistiques et d\u00e9finitions<\/a>\n\t\t\t\t\t<\/div>\n\t\t\t\t\t<div id=\"elementor-tab-content-6491\" class=\"elementor-tab-content elementor-clearfix\" data-tab=\"1\" role=\"region\" aria-labelledby=\"elementor-tab-title-6491\"><blockquote><p><a href=\"http:\/\/www.stat.gouv.qc.ca\/statistiques\/education\/alphabetisation-litteratie\/peica.pdf\" target=\"_blank\" rel=\"noopener\"><img decoding=\"async\" class=\"alignleft wp-image-595 size-full\" src=\"https:\/\/www.carrefourfga.ca\/ticfga\/jelis\/wp-content\/uploads\/sites\/59\/2019\/06\/PEICA_StatsQuebec2.png\" alt=\"Rapport qu\u00e9b\u00e9cois du PEICA\" width=\"150\" height=\"200\" \/><\/a>Le <a href=\"http:\/\/www.stat.gouv.qc.ca\/statistiques\/education\/alphabetisation-litteratie\/peica.pdf\" target=\"_blank\" rel=\"noopener\"><span style=\"text-decoration: underline;\">Rapport qu\u00e9b\u00e9cois du Programme pour l&rsquo;\u00e9valuation internationale des comp\u00e9tences des adultes (PEICA)<\/span><\/a> pr\u00e9sente les grands r\u00e9sultats de l&rsquo;enqu\u00eate pour la province du Qu\u00e9bec.<\/p><p>Il s&rsquo;agit d&rsquo;un document int\u00e9ressant pour :<\/p><p>&#8211; mieux comprendre la d\u00e9finition de la litt\u00e9ratie selon l&rsquo;OCDE, qui coordonne le PEICA ;<\/p><p>&#8211; mieux saisir les facteurs de vuln\u00e9rabilit\u00e9 li\u00e9s aux niveaux de litt\u00e9ratie.<\/p><\/blockquote><blockquote><p>\u00a0<a href=\"http:\/\/www.cse.gouv.qc.ca\/fichiers\/documents\/publications\/Avis\/50-0482.pdf\" target=\"_blank\" rel=\"noopener\"><img decoding=\"async\" class=\"alignleft wp-image-602\" src=\"https:\/\/www.carrefourfga.ca\/ticfga\/jelis\/wp-content\/uploads\/sites\/59\/2019\/06\/CSE_Litteratie1.png\" alt=\"Avis du Conseil sup\u00e9rieur de l'\u00e9ducation sur la litt\u00e9ratie\" width=\"150\" height=\"200\" \/><\/a>L&rsquo;avis du Conseil sup\u00e9rieur de l&rsquo;\u00e9ducation <a href=\"http:\/\/www.cse.gouv.qc.ca\/fichiers\/documents\/publications\/Avis\/50-0482.pdf\" target=\"_blank\" rel=\"noopener\"><span style=\"text-decoration: underline;\">Un engagement collectif pour maintenir et rehausser les comp\u00e9tences en litt\u00e9ratie des adultes<\/span><\/a> dresse un portrait des comp\u00e9tences en litt\u00e9ratie de la population qu\u00e9b\u00e9coise ainsi que des actions gouvernementales pour soutenir celles-ci.<\/p><p>Il s&rsquo;agit d&rsquo;un document int\u00e9ressant pour :<\/p><p>&#8211; mieux conna\u00eetre les initiatives gouvernementales en lien avec la litt\u00e9ratie ;<\/p><p>&#8211; d\u00e9couvrir des facteurs favorables au d\u00e9veloppement d&rsquo;un rapport positif \u00e0 l&rsquo;\u00e9crit pour les personnes ayant de faibles comp\u00e9tences en litt\u00e9ratie.<\/p><\/blockquote><\/div>\n\t\t\t\t<\/div>\n\t\t\t\t\t\t\t<div class=\"elementor-accordion-item\">\n\t\t\t\t\t<div id=\"elementor-tab-title-6492\" class=\"elementor-tab-title\" data-tab=\"2\" role=\"button\" aria-controls=\"elementor-tab-content-6492\" aria-expanded=\"false\">\n\t\t\t\t\t\t\t\t\t\t\t\t\t<span class=\"elementor-accordion-icon elementor-accordion-icon-left\" aria-hidden=\"true\">\n\t\t\t\t\t\t\t\t\t\t\t\t\t\t\t<i class=\"elementor-accordion-icon-closed fa fa-folder\"><\/i>\n\t\t\t\t\t\t\t\t<i class=\"elementor-accordion-icon-opened fa fa-folder-open\"><\/i>\n\t\t\t\t\t\t\t\t\t\t\t\t\t\t<\/span>\n\t\t\t\t\t\t\t\t\t\t\t\t<a class=\"elementor-accordion-title\" tabindex=\"0\">Interventions en litt\u00e9ratie<\/a>\n\t\t\t\t\t<\/div>\n\t\t\t\t\t<div id=\"elementor-tab-content-6492\" class=\"elementor-tab-content elementor-clearfix\" data-tab=\"2\" role=\"region\" aria-labelledby=\"elementor-tab-title-6492\"><blockquote><p><a href=\"http:\/\/www.3evoie.org\/telechargementpublic\/canada\/rcrla2009a.pdf\" target=\"_blank\" rel=\"noopener\"><img decoding=\"async\" class=\"alignleft wp-image-614\" src=\"https:\/\/www.carrefourfga.ca\/ticfga\/jelis\/wp-content\/uploads\/sites\/59\/2019\/06\/ReseauAlphabetisation_TrousseAppuyeeParLaRecherche.png\" alt=\"Trousse d'intervention appuy\u00e9e par la recherche\" width=\"150\" height=\"200\" \/><\/a> La trousse d&rsquo;intervention appuy\u00e9e par la recherche <span style=\"text-decoration: underline;\"><a href=\"http:\/\/www.3evoie.org\/telechargementpublic\/canada\/rcrla2009a.pdf\" target=\"_blank\" rel=\"noopener\">Pour un enseignement de la lecture et de l&rsquo;\u00e9criture<\/a><\/span> du R\u00e9seau canadien de recherche sur le langage et l&rsquo;alphab\u00e9tisation pr\u00e9sente une synth\u00e8se r\u00e9sultats de recherches concernant l&rsquo;apprentissage de la lecture et de l&rsquo;\u00e9criture.<\/p><p>Il s&rsquo;agit d&rsquo;un document int\u00e9ressant pour :<\/p><p>&#8211; mieux comprendre les fondements de l&rsquo;apprentissage de la lecture et de l&rsquo;\u00e9criture ;<\/p><p>&#8211; d\u00e9couvrir des moyens efficaces pour soutenir le d\u00e9veloppement des comp\u00e9tences en litt\u00e9ratie.<\/p><\/blockquote><blockquote><p><a href=\"https:\/\/www.coalition.ca\/trousse-dinformation\/http:\/\/\" target=\"_blank\" rel=\"noopener\"><img loading=\"lazy\" decoding=\"async\" class=\"alignleft wp-image-616\" src=\"https:\/\/www.carrefourfga.ca\/ticfga\/jelis\/wp-content\/uploads\/sites\/59\/2019\/06\/CoalitionOntarienne_Fiches.png\" alt=\"Fiches informatives de la Coalition ontarienne de formation des adultes\" width=\"150\" height=\"200\" \/><\/a> La <a href=\"https:\/\/www.coalition.ca\/trousse-dinformation\/\" target=\"_blank\" rel=\"noopener\"><span style=\"text-decoration: underline;\">trousse d&rsquo;information de la Coalition ontarienne de formation des adultes<\/span><\/a> est compos\u00e9e de dix fiches dressant un portrait global des adultes en formation de base et de leurs besoins.<\/p><p>Il s&rsquo;agit d&rsquo;un document int\u00e9ressant pour :<\/p><p>&#8211; reconna\u00eetre certains comportements associ\u00e9s \u00e0 un faible niveau de litt\u00e9ratie ;<\/p><p>&#8211; d\u00e9couvrir des fa\u00e7ons d&rsquo;intervenir aupr\u00e8s d&rsquo;adultes ayant un faible niveau de litt\u00e9ratie.<\/p><\/blockquote><blockquote><p><a href=\"http:\/\/inpes.santepubliquefrance.fr\/SLH\/pdf\/sante-action-440.pdf\" target=\"_blank\" rel=\"noopener\"><img loading=\"lazy\" decoding=\"async\" class=\"alignleft wp-image-664\" src=\"https:\/\/www.carrefourfga.ca\/ticfga\/jelis\/wp-content\/uploads\/sites\/59\/2019\/06\/SanteEnAction.png\" alt=\"\" width=\"150\" height=\"200\" \/><\/a>Dans <span style=\"text-decoration: underline;\"><a href=\"http:\/\/inpes.santepubliquefrance.fr\/SLH\/pdf\/sante-action-440.pdf\" target=\"_blank\" rel=\"noopener\">ce num\u00e9ro de la revue La Sant\u00e9 en action<\/a><\/span>, Sant\u00e9 publique France propose plusieurs articles sur la litt\u00e9ratie en sant\u00e9.<\/p><p>Il s&rsquo;agit d&rsquo;un document int\u00e9ressant pour :<\/p><p>&#8211; d\u00e9couvrir du mat\u00e9riel informatif construit en partenariat avec des personnes peu alphab\u00e9tis\u00e9es<\/p><p>&#8211; mieux comprendre le concept de litt\u00e9ratie en sant\u00e9<\/p><\/blockquote><\/div>\n\t\t\t\t<\/div>\n\t\t\t\t\t\t\t<div class=\"elementor-accordion-item\">\n\t\t\t\t\t<div id=\"elementor-tab-title-6493\" class=\"elementor-tab-title\" data-tab=\"3\" role=\"button\" aria-controls=\"elementor-tab-content-6493\" aria-expanded=\"false\">\n\t\t\t\t\t\t\t\t\t\t\t\t\t<span class=\"elementor-accordion-icon elementor-accordion-icon-left\" aria-hidden=\"true\">\n\t\t\t\t\t\t\t\t\t\t\t\t\t\t\t<i class=\"elementor-accordion-icon-closed fa fa-folder\"><\/i>\n\t\t\t\t\t\t\t\t<i class=\"elementor-accordion-icon-opened fa fa-folder-open\"><\/i>\n\t\t\t\t\t\t\t\t\t\t\t\t\t\t<\/span>\n\t\t\t\t\t\t\t\t\t\t\t\t<a class=\"elementor-accordion-title\" tabindex=\"0\">Les strat\u00e9gies de lecture<\/a>\n\t\t\t\t\t<\/div>\n\t\t\t\t\t<div id=\"elementor-tab-content-6493\" class=\"elementor-tab-content elementor-clearfix\" data-tab=\"3\" role=\"region\" aria-labelledby=\"elementor-tab-title-6493\"><blockquote><p><a href=\"http:\/\/www.adel.uqam.ca\/outils_pedagogiques\"><img loading=\"lazy\" decoding=\"async\" class=\"alignleft wp-image-672\" src=\"https:\/\/www.carrefourfga.ca\/ticfga\/jelis\/wp-content\/uploads\/sites\/59\/2019\/06\/Strategie_FaireInferences.jpg\" alt=\"\" width=\"150\" height=\"138\" \/><\/a>L&rsquo;\u00e9quipe de recherche <a href=\"http:\/\/www.adel.uqam.ca\/outils_pedagogiques\" target=\"_blank\" rel=\"noopener\"><span style=\"text-decoration: underline;\">Apprenants en difficult\u00e9 et litt\u00e9ratie (ADEL)<\/span><\/a> propose plusieurs ressources pour l&rsquo;enseignement des strat\u00e9gies de lecture. Les outils propos\u00e9s permettent de mieux comprendre ce qu&rsquo;est une strat\u00e9gie de lecture et comment les mobiliser.<\/p><p>Sur leur site web, on retrouve entre autres des guides pour l&rsquo;enseignement explicite des strat\u00e9gies ainsi que des affiches aide-m\u00e9moire.<\/p><\/blockquote><\/div>\n\t\t\t\t<\/div>\n\t\t\t\t\t\t\t<div class=\"elementor-accordion-item\">\n\t\t\t\t\t<div id=\"elementor-tab-title-6494\" class=\"elementor-tab-title\" data-tab=\"4\" role=\"button\" aria-controls=\"elementor-tab-content-6494\" aria-expanded=\"false\">\n\t\t\t\t\t\t\t\t\t\t\t\t\t<span class=\"elementor-accordion-icon elementor-accordion-icon-left\" aria-hidden=\"true\">\n\t\t\t\t\t\t\t\t\t\t\t\t\t\t\t<i class=\"elementor-accordion-icon-closed fa fa-folder\"><\/i>\n\t\t\t\t\t\t\t\t<i class=\"elementor-accordion-icon-opened fa fa-folder-open\"><\/i>\n\t\t\t\t\t\t\t\t\t\t\t\t\t\t<\/span>\n\t\t\t\t\t\t\t\t\t\t\t\t<a class=\"elementor-accordion-title\" tabindex=\"0\">R\u00e9daction accessible<\/a>\n\t\t\t\t\t<\/div>\n\t\t\t\t\t<div id=\"elementor-tab-content-6494\" class=\"elementor-tab-content elementor-clearfix\" data-tab=\"4\" role=\"region\" aria-labelledby=\"elementor-tab-title-6494\"><blockquote><p><a href=\"http:\/\/w3.uqo.ca\/communiquerpourtoushttp:\/\/\" target=\"_blank\" rel=\"noopener\"><img loading=\"lazy\" decoding=\"async\" class=\"alignleft wp-image-605\" src=\"https:\/\/www.carrefourfga.ca\/ticfga\/jelis\/wp-content\/uploads\/sites\/59\/2019\/06\/PageTitre_CommuniquerPourTous2.png\" alt=\"Guide Communiquer pour tous\" width=\"150\" height=\"200\" \/><\/a>Le guide <a href=\"http:\/\/w3.uqo.ca\/communiquerpourtous\" target=\"_blank\" rel=\"noopener\"><span style=\"text-decoration: underline;\">Communiquer pour tous<\/span><\/a> propose plusieurs \u00e9l\u00e9ments \u00e0 consid\u00e9rer pour guider la conception de communications accessibles \u00e0 tout public.<\/p><p>Il s&rsquo;agit d&rsquo;un document int\u00e9ressant pour :<\/p><p>&#8211; mieux comprendre le concept \u00e9largi de litt\u00e9ratie et le principe de responsabilit\u00e9 partag\u00e9e ;<\/p><p>&#8211; d\u00e9couvrir des fa\u00e7ons d&rsquo;adapter la pr\u00e9sentation de l&rsquo;information \u00e9crite \u00e0 un public ayant un faible niveau de litt\u00e9ratie.<\/p><\/blockquote><blockquote><p><img loading=\"lazy\" decoding=\"async\" class=\"alignleft wp-image-651\" src=\"https:\/\/www.carrefourfga.ca\/ticfga\/jelis\/wp-content\/uploads\/sites\/59\/2019\/06\/Polices.png\" alt=\"\" width=\"150\" height=\"200\" \/>Il existe plusieurs polices d&rsquo;\u00e9criture con\u00e7ues sp\u00e9cialement pour faciliter la lecture. Dans le cadre du projet, nous avons con\u00e7u tout notre mat\u00e9riel avec la police <a href=\"https:\/\/software.sil.org\/andika\/\" target=\"_blank\" rel=\"noopener\"><span style=\"text-decoration: underline;\">Andika<\/span><\/a>.<\/p><p>Pour d\u00e9couvrir d&rsquo;autres polices d&rsquo;\u00e9criture t\u00e9l\u00e9chargeables gratuitement, nous vous conseillons <span style=\"text-decoration: underline;\"><a href=\"http:\/\/romy.tetue.net\/quelle-police-pour-les-dyslexiques\" target=\"_blank\" rel=\"noopener\">cet article<\/a><\/span>. En plus de fournir plusieurs liens de t\u00e9l\u00e9chargement, l&rsquo;article explique les caract\u00e9ristiques qui rendent les lettres plus lisibles.<\/p><p>Et voici <span style=\"text-decoration: underline;\"><a href=\"https:\/\/support.office.com\/fr-fr\/article\/ajouter-une-police-b7c5f17c-4426-4b53-967f-455339c564c1\" target=\"_blank\" rel=\"noopener\">un tutoriel pour l&rsquo;installation de polices d&rsquo;\u00e9criture sur Windows<\/a><\/span>. Une fois la police install\u00e9e, elle est disponible dans tous les logiciels install\u00e9s sur votre disque dur.<\/p><\/blockquote><\/div>\n\t\t\t\t<\/div>\n\t\t\t\t\t\t\t<div class=\"elementor-accordion-item\">\n\t\t\t\t\t<div id=\"elementor-tab-title-6495\" class=\"elementor-tab-title\" data-tab=\"5\" role=\"button\" aria-controls=\"elementor-tab-content-6495\" aria-expanded=\"false\">\n\t\t\t\t\t\t\t\t\t\t\t\t\t<span class=\"elementor-accordion-icon elementor-accordion-icon-left\" aria-hidden=\"true\">\n\t\t\t\t\t\t\t\t\t\t\t\t\t\t\t<i class=\"elementor-accordion-icon-closed fa fa-folder\"><\/i>\n\t\t\t\t\t\t\t\t<i class=\"elementor-accordion-icon-opened fa fa-folder-open\"><\/i>\n\t\t\t\t\t\t\t\t\t\t\t\t\t\t<\/span>\n\t\t\t\t\t\t\t\t\t\t\t\t<a class=\"elementor-accordion-title\" tabindex=\"0\">Lectures accessibles<\/a>\n\t\t\t\t\t<\/div>\n\t\t\t\t\t<div id=\"elementor-tab-content-6495\" class=\"elementor-tab-content elementor-clearfix\" data-tab=\"5\" role=\"region\" aria-labelledby=\"elementor-tab-title-6495\"><blockquote><p><img loading=\"lazy\" decoding=\"async\" class=\"alignleft wp-image-661\" src=\"https:\/\/www.carrefourfga.ca\/ticfga\/jelis\/wp-content\/uploads\/sites\/59\/2019\/06\/icon-2727224_1920-200x150.png\" alt=\"\" width=\"150\" height=\"150\" srcset=\"https:\/\/www.carrefourfga.ca\/ticfga\/jelis\/wp-content\/uploads\/sites\/59\/2019\/06\/icon-2727224_1920-300x300.png 300w, https:\/\/www.carrefourfga.ca\/ticfga\/jelis\/wp-content\/uploads\/sites\/59\/2019\/06\/icon-2727224_1920-768x768.png 768w, https:\/\/www.carrefourfga.ca\/ticfga\/jelis\/wp-content\/uploads\/sites\/59\/2019\/06\/icon-2727224_1920-1024x1024.png 1024w, https:\/\/www.carrefourfga.ca\/ticfga\/jelis\/wp-content\/uploads\/sites\/59\/2019\/06\/icon-2727224_1920-144x144.png 144w, https:\/\/www.carrefourfga.ca\/ticfga\/jelis\/wp-content\/uploads\/sites\/59\/2019\/06\/icon-2727224_1920-270x270.png 270w, https:\/\/www.carrefourfga.ca\/ticfga\/jelis\/wp-content\/uploads\/sites\/59\/2019\/06\/icon-2727224_1920-230x230.png 230w, https:\/\/www.carrefourfga.ca\/ticfga\/jelis\/wp-content\/uploads\/sites\/59\/2019\/06\/icon-2727224_1920.png 1920w\" sizes=\"(max-width: 150px) 100vw, 150px\" \/>Dans le cadre du projet, nous avons \u00e9labor\u00e9 une s\u00e9lection de livres faciles \u00e0 lire pour un public adulte qui d\u00e9couvre la lecture. La s\u00e9lection s&rsquo;est faite au cours d&rsquo;activit\u00e9s avec des personnes en processus d&rsquo;alphab\u00e9tisation pour s&rsquo;assurer que les livres soient int\u00e9ressants pour eux. La biblioth\u00e8que Lisette-Morin a ensuite identifi\u00e9 les livres de sa collection qui r\u00e9pondaient \u00e0 ces crit\u00e8res. La liste des livres retenus se retrouve dans <a href=\"https:\/\/biblio.ville.rimouski.qc.ca\/client\/fr_CA\/default\/search\/results?qu=biblio-pop\" target=\"_blank\" rel=\"noopener\"><span style=\"text-decoration: underline;\">le catalogue en ligne de la biblioth\u00e8que<\/span><\/a>.<\/p><\/blockquote><\/div>\n\t\t\t\t<\/div>\n\t\t\t\t\t\t\t<div class=\"elementor-accordion-item\">\n\t\t\t\t\t<div id=\"elementor-tab-title-6496\" class=\"elementor-tab-title\" data-tab=\"6\" role=\"button\" aria-controls=\"elementor-tab-content-6496\" aria-expanded=\"false\">\n\t\t\t\t\t\t\t\t\t\t\t\t\t<span class=\"elementor-accordion-icon elementor-accordion-icon-left\" aria-hidden=\"true\">\n\t\t\t\t\t\t\t\t\t\t\t\t\t\t\t<i class=\"elementor-accordion-icon-closed fa fa-folder\"><\/i>\n\t\t\t\t\t\t\t\t<i class=\"elementor-accordion-icon-opened fa fa-folder-open\"><\/i>\n\t\t\t\t\t\t\t\t\t\t\t\t\t\t<\/span>\n\t\t\t\t\t\t\t\t\t\t\t\t<a class=\"elementor-accordion-title\" tabindex=\"0\">D'autres sites d\u00e9di\u00e9s \u00e0 la litt\u00e9ratie<\/a>\n\t\t\t\t\t<\/div>\n\t\t\t\t\t<div id=\"elementor-tab-content-6496\" class=\"elementor-tab-content elementor-clearfix\" data-tab=\"6\" role=\"region\" aria-labelledby=\"elementor-tab-title-6496\"><blockquote><p><a href=\"http:\/\/cdeacf.ca\" target=\"_blank\" rel=\"noopener\"><img loading=\"lazy\" decoding=\"async\" class=\"alignleft wp-image-656 size-full\" src=\"https:\/\/www.carrefourfga.ca\/ticfga\/jelis\/wp-content\/uploads\/sites\/59\/2019\/06\/logoCDEACF.png\" alt=\"\" width=\"150\" height=\"100\" \/><\/a>Le <a href=\"http:\/\/cdeacf.ca\" target=\"_blank\" rel=\"noopener\"><span style=\"text-decoration: underline;\">Centre de documentation sur l&rsquo;\u00e9ducation des adultes et la condition f\u00e9minine (CD\u00c9ACF)<\/span><\/a> propose plusieurs ressources en lien avec l&rsquo;alphab\u00e9tisation dont :<\/p><p>&#8211; un <a href=\"http:\/\/cdeacf.ca\/dossier\/peica\" target=\"_blank\" rel=\"noopener\"><span style=\"text-decoration: underline;\">dossier sp\u00e9cial sur le PEICA<\/span><\/a><br \/>&#8211; une liste de <a href=\"http:\/\/cdeacf.ca\/ace\/ressources\/LiensUtiles\" target=\"_blank\" rel=\"noopener\"><span style=\"text-decoration: underline;\">ressources pour l&rsquo;apprentissage du fran\u00e7ais<\/span><\/a><\/p><\/blockquote><blockquote><p><a href=\"http:\/\/www.formationcontinue.clg.qc.ca\/centre-de-recherche-et-dexpertise-en-multilitteratie-des-adultes-crema\/presentation-du-crema\/\" target=\"_blank\" rel=\"noopener\"><img loading=\"lazy\" decoding=\"async\" class=\"alignleft wp-image-657 size-full\" src=\"https:\/\/www.carrefourfga.ca\/ticfga\/jelis\/wp-content\/uploads\/sites\/59\/2019\/06\/RTEmagicC_2019-03-13_banniereSW-CREMA.jpg.jpg\" alt=\"\" width=\"150\" height=\"100\" \/><\/a>Le <span style=\"text-decoration: underline;\"><a href=\"http:\/\/www.formationcontinue.clg.qc.ca\/centre-de-recherche-et-dexpertise-en-multilitteratie-des-adultes-crema\/presentation-du-crema\/\" target=\"_blank\" rel=\"noopener\">Centre de recherche et d\u2019expertise en multilitt\u00e9ratie des adultes (CREMA)<\/a><\/span> propose d&rsquo;informer et soutenir les organismes qui souhaitent \u00eatre mieux outill\u00e9s pour \u00e9valuer les comp\u00e9tences en litt\u00e9ratie des adultes et intervenir pour les rehausser. Entre autres, le CREMA a cr\u00e9\u00e9 une s\u00e9rie de <span style=\"text-decoration: underline;\"><a href=\"https:\/\/www.youtube.com\/playlist?list=PLAMDC-sC1fz8laXqMbVbqRxX7PSwGCTxB\" target=\"_blank\" rel=\"noopener\">capsules en rehaussement des comp\u00e9tences en litt\u00e9ratie<\/a><\/span>.<\/p><\/blockquote><blockquote><p><a href=\"http:\/\/w3.uqo.ca\/litteratie\/index.htmlhttp:\/\/\" target=\"_blank\" rel=\"noopener\"><img loading=\"lazy\" decoding=\"async\" class=\"alignleft wp-image-667 size-full\" src=\"https:\/\/www.carrefourfga.ca\/ticfga\/jelis\/wp-content\/uploads\/sites\/59\/2019\/06\/logoCIRLI.jpg\" alt=\"\" width=\"150\" height=\"100\" \/><\/a>La <a href=\"http:\/\/w3.uqo.ca\/litteratie\/index.html\" target=\"_blank\" rel=\"noopener\"><span style=\"text-decoration: underline;\">chaire interdisciplinaire de recherche en litt\u00e9ratie et inclusion<\/span><\/a> documente les conditions qui permettent aux milieux et aux services de mieux desservir leurs populations.<\/p><p>Sur son site web, on trouve <a href=\"http:\/\/w3.uqo.ca\/litteratie\/contenu\/publications.html\" target=\"_blank\" rel=\"noopener\"><span style=\"text-decoration: underline;\">plusieurs articles et rapports de recherche<\/span><\/a> en lien avec l&rsquo;acc\u00e8s \u00e0 l&rsquo;information et la d\u00e9marche de r\u00e9daction avec les publics concern\u00e9s.<\/p><\/blockquote><\/div>\n\t\t\t\t<\/div>\n\t\t\t\t\t\t\t\t<\/div>\n\t\t\t\t<\/div>\n\t\t\t\t<\/div>\n\t\t\t\t\t<\/div>\n\t\t<\/div>\n\t\t\t\t\t<\/div>\n\t\t<\/section>\n\t\t\t\t<\/div>\n\t\t","protected":false},"excerpt":{"rendered":"<p>Des ressources pour appuyer les interventions Tout au long de la r\u00e9alisation du projet, nous avons cherch\u00e9 \u00e0 appuyer nos interventions par de la documentation fiable. Les ressources propos\u00e9es ici ont servi \u00e0 construire les ateliers ainsi que les fiches informatives. La litt\u00e9ratie : statistiques et d\u00e9finitions Le Rapport qu\u00e9b\u00e9cois du Programme pour l&rsquo;\u00e9valuation internationale &#8230; <a title=\"Documentation\/guides\" class=\"read-more\" href=\"https:\/\/www.carrefourfga.ca\/ticfga\/jelis\/outils\/documentation\/\" aria-label=\"Read more about Documentation\/guides\">Lire la suite<\/a><\/p>\n","protected":false},"author":174,"featured_media":0,"parent":95,"menu_order":0,"comment_status":"closed","ping_status":"closed","template":"","meta":{"footnotes":""},"class_list":["post-187","page","type-page","status-publish"],"_links":{"self":[{"href":"https:\/\/www.carrefourfga.ca\/ticfga\/jelis\/wp-json\/wp\/v2\/pages\/187"}],"collection":[{"href":"https:\/\/www.carrefourfga.ca\/ticfga\/jelis\/wp-json\/wp\/v2\/pages"}],"about":[{"href":"https:\/\/www.carrefourfga.ca\/ticfga\/jelis\/wp-json\/wp\/v2\/types\/page"}],"author":[{"embeddable":true,"href":"https:\/\/www.carrefourfga.ca\/ticfga\/jelis\/wp-json\/wp\/v2\/users\/174"}],"replies":[{"embeddable":true,"href":"https:\/\/www.carrefourfga.ca\/ticfga\/jelis\/wp-json\/wp\/v2\/comments?post=187"}],"version-history":[{"count":38,"href":"https:\/\/www.carrefourfga.ca\/ticfga\/jelis\/wp-json\/wp\/v2\/pages\/187\/revisions"}],"predecessor-version":[{"id":675,"href":"https:\/\/www.carrefourfga.ca\/ticfga\/jelis\/wp-json\/wp\/v2\/pages\/187\/revisions\/675"}],"up":[{"embeddable":true,"href":"https:\/\/www.carrefourfga.ca\/ticfga\/jelis\/wp-json\/wp\/v2\/pages\/95"}],"wp:attachment":[{"href":"https:\/\/www.carrefourfga.ca\/ticfga\/jelis\/wp-json\/wp\/v2\/media?parent=187"}],"curies":[{"name":"wp","href":"https:\/\/api.w.org\/{rel}","templated":true}]}}