{"id":181,"date":"2019-02-14T10:21:40","date_gmt":"2019-02-14T15:21:40","guid":{"rendered":"https:\/\/www.carrefourfga.ca\/ticfga\/jelis\/?page_id=181"},"modified":"2019-06-25T13:55:52","modified_gmt":"2019-06-25T17:55:52","slug":"resultats","status":"publish","type":"page","link":"https:\/\/www.carrefourfga.ca\/ticfga\/jelis\/le-projet\/resultats\/","title":{"rendered":"R\u00e9sultats"},"content":{"rendered":"\t\t<div data-elementor-type=\"wp-post\" data-elementor-id=\"181\" class=\"elementor elementor-181\">\n\t\t\t\t\t\t<section class=\"elementor-section elementor-top-section elementor-element elementor-element-cc5273a elementor-section-boxed elementor-section-height-default elementor-section-height-default\" data-id=\"cc5273a\" data-element_type=\"section\">\n\t\t\t\t\t\t<div class=\"elementor-container elementor-column-gap-default\">\n\t\t\t\t\t<div class=\"elementor-column elementor-col-100 elementor-top-column elementor-element elementor-element-28e546c\" data-id=\"28e546c\" data-element_type=\"column\">\n\t\t\t<div class=\"elementor-widget-wrap elementor-element-populated\">\n\t\t\t\t\t\t<div class=\"elementor-element elementor-element-2e8eec4 elementor-view-framed elementor-position-left elementor-vertical-align-middle elementor-shape-circle elementor-mobile-position-top elementor-widget elementor-widget-icon-box\" data-id=\"2e8eec4\" data-element_type=\"widget\" data-widget_type=\"icon-box.default\">\n\t\t\t\t<div class=\"elementor-widget-container\">\n\t\t\t\t\t<div class=\"elementor-icon-box-wrapper\">\n\n\t\t\t\t\t\t<div class=\"elementor-icon-box-icon\">\n\t\t\t\t<span  class=\"elementor-icon elementor-animation-\">\n\t\t\t\t<i class=\"fa fa-pie-chart\" aria-hidden=\"true\"><\/i>\t\t\t\t<\/span>\n\t\t\t<\/div>\n\t\t\t\n\t\t\t\t\t\t<div class=\"elementor-icon-box-content\">\n\n\t\t\t\t\t\t\t\t\t<h3 class=\"elementor-icon-box-title\">\n\t\t\t\t\t\t<span  >\n\t\t\t\t\t\t\tDes bilans encourageants\t\t\t\t\t\t<\/span>\n\t\t\t\t\t<\/h3>\n\t\t\t\t\n\t\t\t\t\t\t\t\t\t<p class=\"elementor-icon-box-description\">\n\t\t\t\t\t\tPour continuer \u00e0 r\u00e9pondre aux besoins des milieux, nous avons \u00e0 coeur d'\u00e9valuer notre projet tout au long de son d\u00e9roulement. Ainsi, les participants, participantes et les intervenants, intervenantes remplissent un questionnaire d'\u00e9valuation du projet apr\u00e8s chaque atelier.\t\t\t\t\t<\/p>\n\t\t\t\t\n\t\t\t<\/div>\n\t\t\t\n\t\t<\/div>\n\t\t\t\t<\/div>\n\t\t\t\t<\/div>\n\t\t\t\t<div class=\"elementor-element elementor-element-59e5ad3 elementor-widget elementor-widget-text-editor\" data-id=\"59e5ad3\" data-element_type=\"widget\" data-widget_type=\"text-editor.default\">\n\t\t\t\t<div class=\"elementor-widget-container\">\n\t\t\t\t\t\t\t<p>Vous trouverez dans cette section les principaux r\u00e9sultats issus de ces \u00e9valuations.<\/p>\t\t\t\t\t\t<\/div>\n\t\t\t\t<\/div>\n\t\t\t\t\t<\/div>\n\t\t<\/div>\n\t\t\t\t\t<\/div>\n\t\t<\/section>\n\t\t\t\t<section class=\"elementor-section elementor-top-section elementor-element elementor-element-09c345b elementor-section-boxed elementor-section-height-default elementor-section-height-default\" data-id=\"09c345b\" data-element_type=\"section\">\n\t\t\t\t\t\t<div class=\"elementor-container elementor-column-gap-default\">\n\t\t\t\t\t<div class=\"elementor-column elementor-col-100 elementor-top-column elementor-element elementor-element-dd5f6be\" data-id=\"dd5f6be\" data-element_type=\"column\">\n\t\t\t<div class=\"elementor-widget-wrap elementor-element-populated\">\n\t\t\t\t\t\t<div class=\"elementor-element elementor-element-7fadc32 elementor-tabs-view-horizontal elementor-widget elementor-widget-tabs\" data-id=\"7fadc32\" data-element_type=\"widget\" data-widget_type=\"tabs.default\">\n\t\t\t\t<div class=\"elementor-widget-container\">\n\t\t\t\t\t<div class=\"elementor-tabs\">\n\t\t\t<div class=\"elementor-tabs-wrapper\" role=\"tablist\" >\n\t\t\t\t\t\t\t\t\t<div id=\"elementor-tab-title-1331\" class=\"elementor-tab-title elementor-tab-desktop-title\" aria-selected=\"true\" data-tab=\"1\" role=\"tab\" tabindex=\"0\" aria-controls=\"elementor-tab-content-1331\" aria-expanded=\"false\">R\u00e9sultats 2018-2019<\/div>\n\t\t\t\t\t\t\t\t\t<div id=\"elementor-tab-title-1332\" class=\"elementor-tab-title elementor-tab-desktop-title\" aria-selected=\"false\" data-tab=\"2\" role=\"tab\" tabindex=\"-1\" aria-controls=\"elementor-tab-content-1332\" aria-expanded=\"false\">R\u00e9sultats 2017-2018<\/div>\n\t\t\t\t\t\t\t<\/div>\n\t\t\t<div class=\"elementor-tabs-content-wrapper\" role=\"tablist\" aria-orientation=\"vertical\">\n\t\t\t\t\t\t\t\t\t<div class=\"elementor-tab-title elementor-tab-mobile-title\" aria-selected=\"true\" data-tab=\"1\" role=\"tab\" tabindex=\"0\" aria-controls=\"elementor-tab-content-1331\" aria-expanded=\"false\">R\u00e9sultats 2018-2019<\/div>\n\t\t\t\t\t<div id=\"elementor-tab-content-1331\" class=\"elementor-tab-content elementor-clearfix\" data-tab=\"1\" role=\"tabpanel\" aria-labelledby=\"elementor-tab-title-1331\" tabindex=\"0\" hidden=\"false\"><p><img fetchpriority=\"high\" decoding=\"async\" class=\"alignleft size-full wp-image-645\" src=\"https:\/\/www.carrefourfga.ca\/ticfga\/jelis\/wp-content\/uploads\/sites\/59\/2019\/06\/Resultats_recto2019.png\" alt=\"\" width=\"2550\" height=\"3300\" srcset=\"https:\/\/www.carrefourfga.ca\/ticfga\/jelis\/wp-content\/uploads\/sites\/59\/2019\/06\/Resultats_recto2019.png 2550w, https:\/\/www.carrefourfga.ca\/ticfga\/jelis\/wp-content\/uploads\/sites\/59\/2019\/06\/Resultats_recto2019-232x300.png 232w, https:\/\/www.carrefourfga.ca\/ticfga\/jelis\/wp-content\/uploads\/sites\/59\/2019\/06\/Resultats_recto2019-768x994.png 768w, https:\/\/www.carrefourfga.ca\/ticfga\/jelis\/wp-content\/uploads\/sites\/59\/2019\/06\/Resultats_recto2019-791x1024.png 791w\" sizes=\"(max-width: 2550px) 100vw, 2550px\" \/><img decoding=\"async\" class=\"alignleft size-full wp-image-646\" src=\"https:\/\/www.carrefourfga.ca\/ticfga\/jelis\/wp-content\/uploads\/sites\/59\/2019\/06\/Resultats_verso2019.png\" alt=\"\" width=\"2550\" height=\"3300\" srcset=\"https:\/\/www.carrefourfga.ca\/ticfga\/jelis\/wp-content\/uploads\/sites\/59\/2019\/06\/Resultats_verso2019.png 2550w, https:\/\/www.carrefourfga.ca\/ticfga\/jelis\/wp-content\/uploads\/sites\/59\/2019\/06\/Resultats_verso2019-232x300.png 232w, https:\/\/www.carrefourfga.ca\/ticfga\/jelis\/wp-content\/uploads\/sites\/59\/2019\/06\/Resultats_verso2019-768x994.png 768w, https:\/\/www.carrefourfga.ca\/ticfga\/jelis\/wp-content\/uploads\/sites\/59\/2019\/06\/Resultats_verso2019-791x1024.png 791w\" sizes=\"(max-width: 2550px) 100vw, 2550px\" \/><\/p><\/div>\n\t\t\t\t\t\t\t\t\t<div class=\"elementor-tab-title elementor-tab-mobile-title\" aria-selected=\"false\" data-tab=\"2\" role=\"tab\" tabindex=\"-1\" aria-controls=\"elementor-tab-content-1332\" aria-expanded=\"false\">R\u00e9sultats 2017-2018<\/div>\n\t\t\t\t\t<div id=\"elementor-tab-content-1332\" class=\"elementor-tab-content elementor-clearfix\" data-tab=\"2\" role=\"tabpanel\" aria-labelledby=\"elementor-tab-title-1332\" tabindex=\"0\" hidden=\"hidden\"><p><img decoding=\"async\" class=\"alignleft wp-image-447 size-full\" src=\"https:\/\/www.carrefourfga.ca\/ticfga\/jelis\/wp-content\/uploads\/sites\/59\/2019\/04\/Resultats_recto.png\" alt=\"R\u00e9sultats Je lis et je comprends !\" width=\"2550\" height=\"3300\" srcset=\"https:\/\/www.carrefourfga.ca\/ticfga\/jelis\/wp-content\/uploads\/sites\/59\/2019\/04\/Resultats_recto.png 2550w, https:\/\/www.carrefourfga.ca\/ticfga\/jelis\/wp-content\/uploads\/sites\/59\/2019\/04\/Resultats_recto-232x300.png 232w, https:\/\/www.carrefourfga.ca\/ticfga\/jelis\/wp-content\/uploads\/sites\/59\/2019\/04\/Resultats_recto-768x994.png 768w, https:\/\/www.carrefourfga.ca\/ticfga\/jelis\/wp-content\/uploads\/sites\/59\/2019\/04\/Resultats_recto-791x1024.png 791w\" sizes=\"(max-width: 2550px) 100vw, 2550px\" \/><\/p><p><img loading=\"lazy\" decoding=\"async\" class=\"alignleft wp-image-448 size-full\" src=\"https:\/\/www.carrefourfga.ca\/ticfga\/jelis\/wp-content\/uploads\/sites\/59\/2019\/04\/Resultats_verso.png\" alt=\"R\u00e9sultats Je lis et je comprends\" width=\"2550\" height=\"3300\" srcset=\"https:\/\/www.carrefourfga.ca\/ticfga\/jelis\/wp-content\/uploads\/sites\/59\/2019\/04\/Resultats_verso.png 2550w, https:\/\/www.carrefourfga.ca\/ticfga\/jelis\/wp-content\/uploads\/sites\/59\/2019\/04\/Resultats_verso-232x300.png 232w, https:\/\/www.carrefourfga.ca\/ticfga\/jelis\/wp-content\/uploads\/sites\/59\/2019\/04\/Resultats_verso-768x994.png 768w, https:\/\/www.carrefourfga.ca\/ticfga\/jelis\/wp-content\/uploads\/sites\/59\/2019\/04\/Resultats_verso-791x1024.png 791w\" sizes=\"(max-width: 2550px) 100vw, 2550px\" \/><\/p><\/div>\n\t\t\t\t\t\t\t<\/div>\n\t\t<\/div>\n\t\t\t\t<\/div>\n\t\t\t\t<\/div>\n\t\t\t\t\t<\/div>\n\t\t<\/div>\n\t\t\t\t\t<\/div>\n\t\t<\/section>\n\t\t\t\t<\/div>\n\t\t","protected":false},"excerpt":{"rendered":"<p>Des bilans encourageants Pour continuer \u00e0 r\u00e9pondre aux besoins des milieux, nous avons \u00e0 coeur d&rsquo;\u00e9valuer notre projet tout au long de son d\u00e9roulement. Ainsi, les participants, participantes et les intervenants, intervenantes remplissent un questionnaire d&rsquo;\u00e9valuation du projet apr\u00e8s chaque atelier. Vous trouverez dans cette section les principaux r\u00e9sultats issus de ces \u00e9valuations. R\u00e9sultats 2018-2019 &#8230; <a title=\"R\u00e9sultats\" class=\"read-more\" href=\"https:\/\/www.carrefourfga.ca\/ticfga\/jelis\/le-projet\/resultats\/\" aria-label=\"Read more about R\u00e9sultats\">Lire la suite<\/a><\/p>\n","protected":false},"author":174,"featured_media":0,"parent":171,"menu_order":0,"comment_status":"closed","ping_status":"closed","template":"","meta":{"footnotes":""},"class_list":["post-181","page","type-page","status-publish"],"_links":{"self":[{"href":"https:\/\/www.carrefourfga.ca\/ticfga\/jelis\/wp-json\/wp\/v2\/pages\/181"}],"collection":[{"href":"https:\/\/www.carrefourfga.ca\/ticfga\/jelis\/wp-json\/wp\/v2\/pages"}],"about":[{"href":"https:\/\/www.carrefourfga.ca\/ticfga\/jelis\/wp-json\/wp\/v2\/types\/page"}],"author":[{"embeddable":true,"href":"https:\/\/www.carrefourfga.ca\/ticfga\/jelis\/wp-json\/wp\/v2\/users\/174"}],"replies":[{"embeddable":true,"href":"https:\/\/www.carrefourfga.ca\/ticfga\/jelis\/wp-json\/wp\/v2\/comments?post=181"}],"version-history":[{"count":9,"href":"https:\/\/www.carrefourfga.ca\/ticfga\/jelis\/wp-json\/wp\/v2\/pages\/181\/revisions"}],"predecessor-version":[{"id":649,"href":"https:\/\/www.carrefourfga.ca\/ticfga\/jelis\/wp-json\/wp\/v2\/pages\/181\/revisions\/649"}],"up":[{"embeddable":true,"href":"https:\/\/www.carrefourfga.ca\/ticfga\/jelis\/wp-json\/wp\/v2\/pages\/171"}],"wp:attachment":[{"href":"https:\/\/www.carrefourfga.ca\/ticfga\/jelis\/wp-json\/wp\/v2\/media?parent=181"}],"curies":[{"name":"wp","href":"https:\/\/api.w.org\/{rel}","templated":true}]}}