{"id":660,"date":"2020-02-17T21:38:48","date_gmt":"2020-02-17T20:38:48","guid":{"rendered":"https:\/\/www.carrefourfga.ca\/ticfga\/classedecatherine\/?page_id=660"},"modified":"2020-12-03T14:06:18","modified_gmt":"2020-12-03T13:06:18","slug":"fada-formation-a-distance-assistee","status":"publish","type":"page","link":"https:\/\/www.carrefourfga.ca\/ticfga\/classedecatherine\/fada-formation-a-distance-assistee\/","title":{"rendered":"Enseignement \u00e0 distance"},"content":{"rendered":"<h2><strong>Se connecter \u00e0 Office 365 pour acc\u00e9der \u00e0 Teams, etc.<\/strong><\/h2>\n<p><a href=\"https:\/\/www.carrefourfga.ca\/ticfga\/classedecatherine\/wp-content\/uploads\/sites\/50\/2020\/12\/MS365-icons-Microsoft-Office-365-backup.jpg\"><img loading=\"lazy\" decoding=\"async\" class=\"alignnone size-medium wp-image-711\" src=\"https:\/\/www.carrefourfga.ca\/ticfga\/classedecatherine\/wp-content\/uploads\/sites\/50\/2020\/12\/MS365-icons-Microsoft-Office-365-backup-300x141.jpg\" alt=\"\" width=\"300\" height=\"141\" srcset=\"https:\/\/www.carrefourfga.ca\/ticfga\/classedecatherine\/wp-content\/uploads\/sites\/50\/2020\/12\/MS365-icons-Microsoft-Office-365-backup-300x141.jpg 300w, https:\/\/www.carrefourfga.ca\/ticfga\/classedecatherine\/wp-content\/uploads\/sites\/50\/2020\/12\/MS365-icons-Microsoft-Office-365-backup.jpg 558w\" sizes=\"(max-width: 300px) 100vw, 300px\" \/><\/a><\/p>\n<h3>Cliquer sur ce lien:\u00a0 <strong><a href=\"https:\/\/login.microsoftonline.com\/common\/oauth2\/authorize?client_id=00000006-0000-0ff1-ce00-000000000000&amp;response_mode=form_post&amp;response_type=code+id_token&amp;scope=openid+profile&amp;state=OpenIdConnect.AuthenticationProperties%3dkgMzavtzENBXZKwuVuMZsmQ1ttF_PdpLjeUC8teZSKYZQLxXVLMxG-QcUXNwxy_X3YVjNiQo3ODAL03xfIVPnrHxtVRsfdbR8RNyE-HpD56oeQQfQwbya2GFsICxR7kxaaJ1c8hjO_Oh7GXFdRpIq0Pm8cp1xduJ5kLHNZc_Pis&amp;nonce=636800721824237711.NzNkNDUyMWYtNGE3MC00OGY2LTlkZGUtYjE4ZTI0NGNlNzY2NzE1ZDE3YjctNzliYy00NmQxLTg0MmYtZWM3OWY2NjI0MjI4&amp;redirect_uri=https%3a%2f%2fportal.office.com%2flanding&amp;ui_locales=fr-FR&amp;mkt=fr-FR&amp;client-request-id=48c4f252-8887-4ae1-b8d2-fa0bf0876693&amp;sso_reload=true\">Connexion<\/a> Office 365<\/strong><\/h3>\n<p>&nbsp;<\/p>\n<h3>Entrer l&rsquo;adresse courriel fournie par l&rsquo;\u00e9cole\u00a0 \u00a0 \u00a0#de fiche @csmv.qc.ca<\/h3>\n<p>&nbsp;<\/p>\n<h3>Mot de passe: date de naissance AAAAMMJJ\u00a0 \u00a0(ann\u00e9e mois jour)<\/h3>\n","protected":false},"excerpt":{"rendered":"<p>Se connecter \u00e0 Office 365 pour acc\u00e9der \u00e0 Teams, etc. Cliquer sur ce lien:\u00a0 Connexion Office 365 &nbsp; Entrer l&rsquo;adresse courriel fournie par l&rsquo;\u00e9cole\u00a0 \u00a0 \u00a0#de fiche @csmv.qc.ca &nbsp; Mot de passe: date de naissance AAAAMMJJ\u00a0 \u00a0(ann\u00e9e mois jour)<\/p>\n","protected":false},"author":87,"featured_media":47,"parent":0,"menu_order":0,"comment_status":"closed","ping_status":"closed","template":"","meta":{"footnotes":""},"class_list":["post-660","page","type-page","status-publish","has-post-thumbnail","hentry"],"_links":{"self":[{"href":"https:\/\/www.carrefourfga.ca\/ticfga\/classedecatherine\/wp-json\/wp\/v2\/pages\/660"}],"collection":[{"href":"https:\/\/www.carrefourfga.ca\/ticfga\/classedecatherine\/wp-json\/wp\/v2\/pages"}],"about":[{"href":"https:\/\/www.carrefourfga.ca\/ticfga\/classedecatherine\/wp-json\/wp\/v2\/types\/page"}],"author":[{"embeddable":true,"href":"https:\/\/www.carrefourfga.ca\/ticfga\/classedecatherine\/wp-json\/wp\/v2\/users\/87"}],"replies":[{"embeddable":true,"href":"https:\/\/www.carrefourfga.ca\/ticfga\/classedecatherine\/wp-json\/wp\/v2\/comments?post=660"}],"version-history":[{"count":7,"href":"https:\/\/www.carrefourfga.ca\/ticfga\/classedecatherine\/wp-json\/wp\/v2\/pages\/660\/revisions"}],"predecessor-version":[{"id":713,"href":"https:\/\/www.carrefourfga.ca\/ticfga\/classedecatherine\/wp-json\/wp\/v2\/pages\/660\/revisions\/713"}],"wp:featuredmedia":[{"embeddable":true,"href":"https:\/\/www.carrefourfga.ca\/ticfga\/classedecatherine\/wp-json\/wp\/v2\/media\/47"}],"wp:attachment":[{"href":"https:\/\/www.carrefourfga.ca\/ticfga\/classedecatherine\/wp-json\/wp\/v2\/media?parent=660"}],"curies":[{"name":"wp","href":"https:\/\/api.w.org\/{rel}","templated":true}]}}