{"id":585,"date":"2019-03-11T22:05:08","date_gmt":"2019-03-11T21:05:08","guid":{"rendered":"https:\/\/www.carrefourfga.ca\/ticfga\/classedecatherine\/?page_id=585"},"modified":"2019-10-18T20:08:25","modified_gmt":"2019-10-18T19:08:25","slug":"questionnaire-dautoevaluation-en-francais","status":"publish","type":"page","link":"https:\/\/www.carrefourfga.ca\/ticfga\/classedecatherine\/a-propos\/questionnaire-dautoevaluation-en-francais\/","title":{"rendered":"Questionnaire d&rsquo;auto\u00e9valuation en fran\u00e7ais"},"content":{"rendered":"<p>Afin de bien progresser en classe de fran\u00e7ais, il est utile de s&rsquo;auto\u00e9valuer.\u00a0 Ainsi il est possible de constater ce qui fonctionne bien et ce qui pourrait \u00eatre am\u00e9lior\u00e9.<\/p>\n<p>Voici un <a href=\"https:\/\/docs.google.com\/forms\/d\/e\/1FAIpQLSdqhe3CUzjVAoRnA0Qa6AgdpjgUjSLQ2AT3S8nuAvjDBrC7Qg\/viewform?usp=pp_url\" target=\"_blank\" rel=\"noopener noreferrer\">questionnaire<\/a> d&rsquo;auto\u00e9valuation que j&rsquo;ai cr\u00e9\u00e9 pour mes \u00e9l\u00e8ves. (Pour y acc\u00e9der, cliquez sur le mot <a href=\"https:\/\/docs.google.com\/forms\/d\/e\/1FAIpQLSdqhe3CUzjVAoRnA0Qa6AgdpjgUjSLQ2AT3S8nuAvjDBrC7Qg\/viewform?usp=pp_url\">questionnaire.)<\/a><\/p>\n<p>Bonne r\u00e9flexion!<\/p>\n<p>Faites-moi signe si vous avez besoin d&rsquo;aide!<\/p>\n","protected":false},"excerpt":{"rendered":"<p>Afin de bien progresser en classe de fran\u00e7ais, il est utile de s&rsquo;auto\u00e9valuer.\u00a0 Ainsi il est possible de constater ce qui fonctionne bien et ce qui pourrait \u00eatre am\u00e9lior\u00e9. Voici un questionnaire d&rsquo;auto\u00e9valuation que j&rsquo;ai cr\u00e9\u00e9 pour mes \u00e9l\u00e8ves. (Pour y acc\u00e9der, cliquez sur le mot questionnaire.) Bonne r\u00e9flexion! Faites-moi signe si vous avez besoin &hellip; <a class=\"read-excerpt\" href=\"https:\/\/www.carrefourfga.ca\/ticfga\/classedecatherine\/a-propos\/questionnaire-dautoevaluation-en-francais\/\">Continuer la lecture <span class=\"meta-nav\">&raquo;<\/span><\/a><\/p>\n","protected":false},"author":87,"featured_media":0,"parent":26,"menu_order":0,"comment_status":"closed","ping_status":"closed","template":"","meta":{"footnotes":""},"class_list":["post-585","page","type-page","status-publish","hentry"],"_links":{"self":[{"href":"https:\/\/www.carrefourfga.ca\/ticfga\/classedecatherine\/wp-json\/wp\/v2\/pages\/585"}],"collection":[{"href":"https:\/\/www.carrefourfga.ca\/ticfga\/classedecatherine\/wp-json\/wp\/v2\/pages"}],"about":[{"href":"https:\/\/www.carrefourfga.ca\/ticfga\/classedecatherine\/wp-json\/wp\/v2\/types\/page"}],"author":[{"embeddable":true,"href":"https:\/\/www.carrefourfga.ca\/ticfga\/classedecatherine\/wp-json\/wp\/v2\/users\/87"}],"replies":[{"embeddable":true,"href":"https:\/\/www.carrefourfga.ca\/ticfga\/classedecatherine\/wp-json\/wp\/v2\/comments?post=585"}],"version-history":[{"count":2,"href":"https:\/\/www.carrefourfga.ca\/ticfga\/classedecatherine\/wp-json\/wp\/v2\/pages\/585\/revisions"}],"predecessor-version":[{"id":643,"href":"https:\/\/www.carrefourfga.ca\/ticfga\/classedecatherine\/wp-json\/wp\/v2\/pages\/585\/revisions\/643"}],"up":[{"embeddable":true,"href":"https:\/\/www.carrefourfga.ca\/ticfga\/classedecatherine\/wp-json\/wp\/v2\/pages\/26"}],"wp:attachment":[{"href":"https:\/\/www.carrefourfga.ca\/ticfga\/classedecatherine\/wp-json\/wp\/v2\/media?parent=585"}],"curies":[{"name":"wp","href":"https:\/\/api.w.org\/{rel}","templated":true}]}}