{"id":190,"date":"2016-03-15T20:44:13","date_gmt":"2016-03-15T19:44:13","guid":{"rendered":"https:\/\/www.carrefourfga.ca\/ticfga\/classedecatherine\/?page_id=190"},"modified":"2023-04-12T18:59:12","modified_gmt":"2023-04-12T17:59:12","slug":"cours-moodle","status":"publish","type":"page","link":"https:\/\/www.carrefourfga.ca\/ticfga\/classedecatherine\/cours-moodle\/","title":{"rendered":"Cours MOODLE"},"content":{"rendered":"<h2><strong>Cours de fran\u00e7ais<\/strong><\/h2>\n<p><strong>Pour acc\u00e9der au cours Moodle Classe de fran\u00e7ais FBC:<\/strong><\/p>\n<p><a href=\"https:\/\/moodle.recitfgafp.ca\/enrol\/index.php?id=338\">Classe<\/a> de <a href=\"https:\/\/moodle.recitfgafp.ca\/enrol\/index.php?id=338\">fran\u00e7ais<\/a> FBC <a href=\"https:\/\/moodle.recitfgafp.ca\/enrol\/index.php?id=338\">LeMoyne-D&rsquo;Iberville<\/a> pour les \u00e9l\u00e8ves<\/p>\n<p>Pour vous connecter, si vous n&rsquo;avez pas de compte Moodle, cliquez sur \u00ab\u00a0<strong>connexion anonyme<\/strong>\u00a0\u00bb<\/p>\n<p>&nbsp;<\/p>\n<p>Fran\u00e7ais <a href=\"https:\/\/moodle.ticfgafp.ca\/course\/view.php?id=850\">FRA-3101<\/a><\/p>\n<p>&nbsp;<\/p>\n<p><strong>Pour acc\u00e9der au cours EVR:<\/strong><\/p>\n<p>Cours <a href=\"https:\/\/moodle.recitfga.ca\/enrol\/index.php?id=877\">EVR<\/a> <a href=\"https:\/\/moodle.recitfga.ca\/enrol\/index.php?id=877\">(Engagement<\/a> vers la <a href=\"https:\/\/moodle.recitfga.ca\/enrol\/index.php?id=877\">r\u00e9ussite)<\/a><\/p>\n<p>&nbsp;<\/p>\n<p><strong>Pour acc\u00e9der aux cours FBD:<\/strong><\/p>\n<p><a href=\"https:\/\/moodle.ticfga.ca\/course\/view.php?id=850\">FRA-3101<\/a><\/p>\n<p><a href=\"https:\/\/moodle.ticfga.ca\/course\/view.php?id=565\">FRA-3103<\/a><\/p>\n<p><a href=\"https:\/\/moodle.ticfga.ca\/course\/view.php?id=885\">FRA-3104<\/a><\/p>\n<p><a href=\"https:\/\/moodle.ticfga.ca\/course\/view.php?id=932\">FRA-3105<\/a><\/p>\n<p><a href=\"https:\/\/moodle.ticfga.ca\/course\/view.php?id=944\">FRA-3106<\/a><\/p>\n<p><a href=\"https:\/\/moodle.ticfga.ca\/course\/view.php?id=1079\">FRA-4101<\/a><\/p>\n<p><a href=\"https:\/\/moodle.ticfga.ca\/course\/view.php?id=1169\">FRA-4102<\/a><\/p>\n<p>Acc\u00e9dez au cours d&rsquo;histoire MOODLE\u00a0<a href=\"http:\/\/moodle.ticfga.ca\/course\/view.php?id=334\">en cliquant ici\u00a0<\/a><\/p>\n","protected":false},"excerpt":{"rendered":"<p>Cours de fran\u00e7ais Pour acc\u00e9der au cours Moodle Classe de fran\u00e7ais FBC: Classe de fran\u00e7ais FBC LeMoyne-D&rsquo;Iberville pour les \u00e9l\u00e8ves Pour vous connecter, si vous n&rsquo;avez pas de compte Moodle, cliquez sur \u00ab\u00a0connexion anonyme\u00a0\u00bb &nbsp; Fran\u00e7ais FRA-3101 &nbsp; Pour acc\u00e9der au cours EVR: Cours EVR (Engagement vers la r\u00e9ussite) &nbsp; Pour acc\u00e9der aux cours FBD: &hellip; <a class=\"read-excerpt\" href=\"https:\/\/www.carrefourfga.ca\/ticfga\/classedecatherine\/cours-moodle\/\">Continuer la lecture <span class=\"meta-nav\">&raquo;<\/span><\/a><\/p>\n","protected":false},"author":87,"featured_media":0,"parent":0,"menu_order":0,"comment_status":"closed","ping_status":"closed","template":"","meta":{"footnotes":""},"class_list":["post-190","page","type-page","status-publish","hentry"],"_links":{"self":[{"href":"https:\/\/www.carrefourfga.ca\/ticfga\/classedecatherine\/wp-json\/wp\/v2\/pages\/190"}],"collection":[{"href":"https:\/\/www.carrefourfga.ca\/ticfga\/classedecatherine\/wp-json\/wp\/v2\/pages"}],"about":[{"href":"https:\/\/www.carrefourfga.ca\/ticfga\/classedecatherine\/wp-json\/wp\/v2\/types\/page"}],"author":[{"embeddable":true,"href":"https:\/\/www.carrefourfga.ca\/ticfga\/classedecatherine\/wp-json\/wp\/v2\/users\/87"}],"replies":[{"embeddable":true,"href":"https:\/\/www.carrefourfga.ca\/ticfga\/classedecatherine\/wp-json\/wp\/v2\/comments?post=190"}],"version-history":[{"count":15,"href":"https:\/\/www.carrefourfga.ca\/ticfga\/classedecatherine\/wp-json\/wp\/v2\/pages\/190\/revisions"}],"predecessor-version":[{"id":725,"href":"https:\/\/www.carrefourfga.ca\/ticfga\/classedecatherine\/wp-json\/wp\/v2\/pages\/190\/revisions\/725"}],"wp:attachment":[{"href":"https:\/\/www.carrefourfga.ca\/ticfga\/classedecatherine\/wp-json\/wp\/v2\/media?parent=190"}],"curies":[{"name":"wp","href":"https:\/\/api.w.org\/{rel}","templated":true}]}}