{"id":288,"date":"2017-11-21T12:08:38","date_gmt":"2017-11-21T17:08:38","guid":{"rendered":"https:\/\/cfrjournal.wordpress.com\/?page_id=288"},"modified":"2017-11-21T12:08:38","modified_gmt":"2017-11-21T17:08:38","slug":"ma-plus-belle-histoire","status":"publish","type":"page","link":"https:\/\/www.carrefourfga.ca\/ticfga\/cfrjournal\/ma-plus-belle-histoire\/","title":{"rendered":"Ma plus belle histoire"},"content":{"rendered":"<h1>Chanter<\/h1>\n<h3><em>par St\u00e9fany Bondu<\/em><\/h3>\n<p style=\"text-align:justify\"><img loading=\"lazy\" decoding=\"async\" src=\"https:\/\/cfrjournal.files.wordpress.com\/2017\/12\/resolution-bien-c3aatre.jpg?w=300\" class=\"size-medium wp-image-601 alignright\" width=\"300\" height=\"134\" alt=\"\">Parfois, malgr\u00e9 les grandes et bonnes intentions que l\u2019on peut avoir, et le sentiment profond que nous contr\u00f4lons tout, on se fait prendre en chemin. Un virage inattendu se manifeste. On r\u00e9alise que ce n\u2019est pas nous qui d\u00e9cidions de tout et qu\u2019on est totalement impuissant !<\/p>\n<p style=\"text-align:justify\">Dans les derni\u00e8res semaines, mon corps a cess\u00e9 de bien fonctionner, prisonni\u00e8re \u00e0 l\u2019int\u00e9rieur de mon enveloppe remplis d\u2019anxi\u00e9t\u00e9, d\u2019impulsivit\u00e9 et d\u2019autodestruction. Une fois physiquement \u00e9croul\u00e9, mon mental et mes \u00e9motions ont aussi d\u00e9raill\u00e9s.<\/p>\n<p style=\"text-align:justify\">J\u2019avais perdu la maitrise de ma vie. Mes enfants et les \u00e9tudes m\u2019ont encourag\u00e9 \u00e0 rester debout, mais bien \u00e9videmment, j\u2019ai d\u00fb reconnaitre que j\u2019avais besoin d\u2019aide.<\/p>\n<p style=\"text-align:justify\">Pendant que j\u2019\u00e9tais dans ce tourbillon incontr\u00f4lable, une opportunit\u00e9 s\u2019est pr\u00e9sent\u00e9 \u00e0 moi et alors que je n\u2019ai jamais cru en cette capacit\u00e9, elle m\u2019a donn\u00e9 la force de pers\u00e9v\u00e9rer et de croire en moi. Chanter ! Oui chanter ! On m\u2019a demand\u00e9 de participer \u00e0 un petit \u00e9v\u00e8nement qui impliquait du temps \u00e0 consacrer pour quelques pratiques. Alors que tout mon \u00eatre ne se sentait pas capable, j\u2019y suis all\u00e9 une journ\u00e9e \u00e0 la fois.<\/p>\n<p style=\"text-align:justify\">Cinq soirs \u00e0 consacrer du temps \u00e0 chanter avant cette soir\u00e9e. Le calme s\u2019installait durant ces r\u00e9p\u00e8tes, le souffle me revenait. Mon corps me foutait la paix ! Le temps de chaque petite pratique, je vivais l\u2019espoir en moi. Et le soir venu de l\u2019\u00e9v\u00e8nement, ma souffrance n\u2019\u00e9tait pas au rendez-vous.<\/p>\n<p style=\"text-align:justify\">On m\u2019a si souvent pouss\u00e9 \u00e0 vivre de la musique et de croire en mon talent. On me disait d\u2019utiliser ma voix comme moyen lib\u00e9rateur, mais le manque de confiance en moi me bloquait. Ce n\u2019est pas la premi\u00e8re fois que je me retrouve dans ma noirceur, mais aujourd\u2019hui, ici et maintenant, je peux t\u00e9moigner que ma voix me portait hors de ma d\u00e9tresse.<\/p>\n<p style=\"text-align:justify\">Ma voix et n\u2019importe quel de vos talents, de vos dons pourront en t\u00e9moigner.<\/p>\n<p style=\"text-align:justify\">J\u2019ai os\u00e9 croire qu\u2019une certaine force pouvait faire pour moi ce que je ne pouvais pas faire pour moi-m\u00eame.<\/p>\n<h1>30 ans&#8230;<\/h1>\n<h3><em>par Francis Boisvert-Daigneault<\/em><\/h3>\n<p style=\"text-align:justify\"><img loading=\"lazy\" decoding=\"async\" src=\"https:\/\/cfrjournal.files.wordpress.com\/2017\/12\/30.jpg?w=300\" class=\"alignleft wp-image-593 size-thumbnail\" width=\"150\" height=\"150\" alt=\"30\">Il faisait un temps magnifique \u00e0 l\u2019ext\u00e9rieur. Mike Boisvert et Tommy Daigneault reluquaient les filles \u00e0 leurs premi\u00e8res journ\u00e9es de la rentr\u00e9e. Elles \u00e9taient aussi belles les unes que les autres.<\/p>\n<p style=\"text-align:justify\">Soudain, une jeune fille attira l\u2019attention des deux \u00e9coliers. Une splendide blonde aux yeux bruns d\u00e9ambulait lentement devant eux, comme si elle voulait se faire d\u00e9sirer. Mike regarda Tom et lui dit\u00a0:<\/p>\n<ul style=\"text-align:justify\">\n<li>Hey ! Tom, celle-l\u00e0, elle est \u00e0 moi.<\/li>\n<li>Il n\u2019y a aucune r\u00e9servation, voyons celui qu\u2019elle pr\u00e9f\u00e8rera.<\/li>\n<\/ul>\n<p style=\"text-align:justify\">Mike accepta le d\u00e9fi sans h\u00e9siter.<\/p>\n<p style=\"text-align:justify\">Le lendemain, Tom, le sourire fendu aux l\u00e8vres, rentra \u00e0 l\u2019int\u00e9rieur de l\u2019\u00e9cole en scrutant les alentours \u00e0 la recherche de Mike. Il \u00e9tait fier d\u2019aller lui raconter comment il avait text\u00e9 toute la nuit avec Bethy, la ravissante blonde. Lorsqu\u2019il tourna le coin d\u2019un des corridors, il vit son ami en train de l\u2019embrasser. Quel salaud\u2009! pensa Tommy. Il n\u2019\u00e9tait pas jaloux, mais cette fois-ci, la col\u00e8re l\u2019emporta. Il sauta sur son ami pour lui r\u00e9gler son compte. Mike re\u00e7ut un coup de poing qu\u2019il n\u2019avait jamais vu venir et tomba comme une feuille de papier. R\u00e9sultat, les deux furent renvoy\u00e9s de l\u2019\u00e9cole.<\/p>\n<p style=\"text-align:justify\">Le lendemain, l\u2019adolescent, qui \u00e9tait en train de nettoyer le grenier, \u00e9tait encore sous le choc. Jamais il n\u2019aurait pens\u00e9 se disputer avec son meilleur ami pour une fille. Il ne savait pas s\u2019il voulait encore sortir avec Beth, car il ressentait un \u00e9trange sentiment envers elle. Il l\u2019aimait \u00e0 la folie (D\u00c9J\u00c0) et en m\u00eame temps, il en avait peur. Mais qu\u2019est-ce qui clochait avec cette femme\u2009? Il tomba sur un vieil album des finissants qui datait de 30 ans. C\u2019\u00e9tait celui de sa m\u00e8re. Par curiosit\u00e9, le jeune homme d\u00e9cida de le regarder. Il trouvait que les modes de cette \u00e9poque \u00e9taient assez ridicules. Son sourire moqueur s\u2019effa\u00e7a \u00e0 la d\u00e9couverte d\u2019une des pages. Bethy \u00e9tait l\u00e0, 30 ans plus t\u00f4t. Elle \u00e9tait habill\u00e9e et maquill\u00e9e selon la mode de ce temps. L\u2019\u00e9colier pensa que peut-\u00eatre c\u2019\u00e9tait la m\u00e8re de la magnifique femme et qu\u2019elle lui avait donn\u00e9 le m\u00eame nom, mais le doute persista.<\/p>\n<p style=\"text-align:justify\">De retour \u00e0 l\u2019\u00e9cole, le jeune Mike voulut montrer l\u2019album \u00e0 Tom m\u00eame s\u2019il s\u2019\u00e9tait bagarr\u00e9, car il trouvait que leur amiti\u00e9 \u00e9tait plus forte qu\u2019une fille. Il manquait plusieurs personnes \u00e0 l\u2019appel, principalement des gar\u00e7ons, dont son ami. Il d\u00e9cida de l\u2019appeler chez lui, mais n\u2019obtient aucune r\u00e9ponse. Peut-\u00eatre \u00e9tait-il encore f\u00e2ch\u00e9\u2009? pensa l\u2019\u00e9tudiant.<\/p>\n<p style=\"text-align:justify\">\u00c0 la fin de la journ\u00e9e, le jeune Boisvert d\u00e9cida d\u2019aller jeter un coup d\u2019\u0153il chez son ami. L\u2019arriv\u00e9e fut brutale. Il y avait une voiture de police et une ambulance. Les parents du jeune jaloux \u00e9taient \u00e0 l\u2019ext\u00e9rieure en pleurs. Il attendit un policier parler \u00e0 un de ses coll\u00e8gues.<\/p>\n<ul style=\"text-align:justify\">\n<li>Un autre suicide, le trenti\u00e8me aujourd\u2019hui, la derni\u00e8re fois qu\u2019un \u00e9v\u00e8nement semblable s\u2019\u00e9tait produit, c\u2019\u00e9tait il y a 30 ans. Quelle co\u00efncidence\u2009!<\/li>\n<\/ul>\n<p style=\"text-align:justify\">Le visage de Mike bl\u00eamit rapidement, il courut vers sa maison les larmes aux yeux.<\/p>\n<p style=\"text-align:justify\">Arriv\u00e9 \u00e0 sa demeure, il d\u00e9couvrit une lettre qui lui \u00e9tait destin\u00e9e. C\u2019\u00e9tait de Tommy. Il l\u2019ouvrit. Un m\u00e9lange d\u2019insultes et de jalousies \u00e9taient grav\u00e9s sur cette lettre. Il aimait tellement Beth qu\u2019il s\u2019\u00e9tait suicid\u00e9. Ce geste ne lui ressemblait aucunement. L\u2019homme en deuil la jeta dans un feu qu\u2019il venait d\u2019allumer, mais m\u00eame si les flammes aval\u00e8rent le papier, la lettre ne brula pas.<\/p>\n<p style=\"text-align:justify\">30 ans plus tard, Mike \u00e9tait devenu un adulte responsable en charge de deux magnifiques enfants. Il n\u2019avait jamais revu Beth apr\u00e8s la trag\u00e9die qui \u00e9tait arriv\u00e9e \u00e0 son meilleur ami et c\u2019\u00e9tait peut-\u00eatre mieux ainsi. L\u2019\u00e9cole recommen\u00e7ait aujourd\u2019hui et le p\u00e8re d\u00e9vou\u00e9 accompagna ses enfants jusqu\u2019\u00e0 l\u2019arr\u00eat de bus.<\/p>\n<ul style=\"text-align:justify\">\n<li>Bonne journ\u00e9e les jeunes\u2009!<\/li>\n<li>Bonne journ\u00e9e, papa.<\/li>\n<\/ul>\n<p style=\"text-align:justify\">En s\u2019\u00e9loignant de l\u2019\u00e9cole, le p\u00e8re de famille remarqua qu\u2019une magnifique jeune blonde le d\u00e9visageait avec un grand sourire aux l\u00e8vres.<\/p>\n","protected":false},"excerpt":{"rendered":"<p>Chanter par St\u00e9fany Bondu Parfois, malgr\u00e9 les grandes et bonnes intentions que l\u2019on peut avoir, et le sentiment profond que nous contr\u00f4lons tout, on se fait prendre en chemin. Un virage inattendu se manifeste. On r\u00e9alise que ce n\u2019est pas &hellip; <a href=\"https:\/\/www.carrefourfga.ca\/ticfga\/cfrjournal\/ma-plus-belle-histoire\/\">Continuer la lecture <span class=\"meta-nav\">&rarr;<\/span><\/a><\/p>\n","protected":false},"author":139,"featured_media":0,"parent":0,"menu_order":0,"comment_status":"closed","ping_status":"closed","template":"","meta":{"footnotes":""},"class_list":["post-288","page","type-page","status-publish","hentry"],"_links":{"self":[{"href":"https:\/\/www.carrefourfga.ca\/ticfga\/cfrjournal\/wp-json\/wp\/v2\/pages\/288"}],"collection":[{"href":"https:\/\/www.carrefourfga.ca\/ticfga\/cfrjournal\/wp-json\/wp\/v2\/pages"}],"about":[{"href":"https:\/\/www.carrefourfga.ca\/ticfga\/cfrjournal\/wp-json\/wp\/v2\/types\/page"}],"author":[{"embeddable":true,"href":"https:\/\/www.carrefourfga.ca\/ticfga\/cfrjournal\/wp-json\/wp\/v2\/users\/139"}],"replies":[{"embeddable":true,"href":"https:\/\/www.carrefourfga.ca\/ticfga\/cfrjournal\/wp-json\/wp\/v2\/comments?post=288"}],"version-history":[{"count":0,"href":"https:\/\/www.carrefourfga.ca\/ticfga\/cfrjournal\/wp-json\/wp\/v2\/pages\/288\/revisions"}],"wp:attachment":[{"href":"https:\/\/www.carrefourfga.ca\/ticfga\/cfrjournal\/wp-json\/wp\/v2\/media?parent=288"}],"curies":[{"name":"wp","href":"https:\/\/api.w.org\/{rel}","templated":true}]}}