{"id":8992,"date":"2020-12-14T09:15:35","date_gmt":"2020-12-14T14:15:35","guid":{"rendered":"https:\/\/www.carrefourfga.ca\/ticfga\/aprescours\/?page_id=8992"},"modified":"2021-01-19T13:36:33","modified_gmt":"2021-01-19T18:36:33","slug":"podga","status":"publish","type":"page","link":"https:\/\/www.carrefourfga.ca\/ticfga\/aprescours\/podga\/","title":{"rendered":"PodGA"},"content":{"rendered":"\t\t<div data-elementor-type=\"wp-page\" data-elementor-id=\"8992\" class=\"elementor elementor-8992\">\n\t\t\t\t\t\t<section class=\"elementor-section elementor-top-section elementor-element elementor-element-15b93546 elementor-section-boxed elementor-section-height-default elementor-section-height-default\" data-id=\"15b93546\" data-element_type=\"section\">\n\t\t\t\t\t\t<div class=\"elementor-container elementor-column-gap-default\">\n\t\t\t\t\t<div class=\"elementor-column elementor-col-100 elementor-top-column elementor-element elementor-element-8086a61\" data-id=\"8086a61\" data-element_type=\"column\">\n\t\t\t<div class=\"elementor-widget-wrap elementor-element-populated\">\n\t\t\t\t\t\t<div class=\"elementor-element elementor-element-10bcb279 elementor-widget elementor-widget-text-editor\" data-id=\"10bcb279\" data-element_type=\"widget\" data-widget_type=\"text-editor.default\">\n\t\t\t\t<div class=\"elementor-widget-container\">\n\t\t\t\t\t\t\t<p>PodGA,  une s\u00e9rie de baladodiffusions de l&rsquo;\u00e9quipe du R\u00c9CIT FGA dont la vis\u00e9e est de vous faire d\u00e9couvrir l&rsquo;univers p\u00e9dagonum\u00e9rique en vous lib\u00e9rant les mains et la t\u00eate de votre ordinateur. PodGA fait r\u00e9f\u00e9rence \u00e0 \u00ab pas de g\u00e9ant \u00bb une m\u00e9taphore en lien avec le d\u00e9fi qu&rsquo;assume les \u00e9l\u00e8ves et les enseignants de la formation g\u00e9n\u00e9rale des adultes. La formule propos\u00e9e consiste \u00e0 vous partager la r\u00e9alit\u00e9, les actions et les r\u00e9alisations du r\u00e9seau en donnant la parole aux diff\u00e9rents acteurs des diff\u00e9rentes r\u00e9gions du Qu\u00e9bec. <\/p>\n<p>Les balados sont disponibles sur&nbsp;<a href=\"https:\/\/open.spotify.com\/show\/4yL7wuwMj2B1rRPXLGQrPW\" target=\"_blank\" rel=\"noopener noreferrer\" data-auth=\"NotApplicable\" title=\"https:\/\/open.spotify.com\/show\/4yL7wuwMj2B1rRPXLGQrPW\" style=\"font-weight: 400; margin: 0px; padding: 0px; border: 0px; font-variant-numeric: inherit; font-variant-east-asian: inherit; font-stretch: inherit; font-size: 16px; line-height: inherit; font-family: Calibri, Arial, Helvetica, sans-serif, serif, EmojiFont; vertical-align: baseline; background-color: rgb(255, 255, 255);\">Spotify<\/a><font color=\"#000000\">&nbsp;et&nbsp;<\/font><a href=\"https:\/\/podcasts.apple.com\/ca\/podcast\/podga\/id1548524076?l=fr\" target=\"_blank\" rel=\"noopener noreferrer\" data-auth=\"NotApplicable\" title=\"https:\/\/podcasts.apple.com\/ca\/podcast\/podga\/id1548524076?l=fr\" style=\"font-weight: 400; margin: 0px; padding: 0px; border: 0px; font-variant-numeric: inherit; font-variant-east-asian: inherit; font-stretch: inherit; font-size: 16px; line-height: inherit; font-family: Calibri, Arial, Helvetica, sans-serif, serif, EmojiFont; vertical-align: baseline; background-color: rgb(255, 255, 255);\">Apple Podcasts<\/a><\/p>\t\t\t\t\t\t<\/div>\n\t\t\t\t<\/div>\n\t\t\t\t\t<\/div>\n\t\t<\/div>\n\t\t\t\t\t<\/div>\n\t\t<\/section>\n\t\t\t\t<section class=\"elementor-section elementor-top-section elementor-element elementor-element-ee5e3b4 elementor-section-boxed elementor-section-height-default elementor-section-height-default\" data-id=\"ee5e3b4\" data-element_type=\"section\">\n\t\t\t\t\t\t<div class=\"elementor-container elementor-column-gap-default\">\n\t\t\t\t\t<div class=\"elementor-column elementor-col-100 elementor-top-column elementor-element elementor-element-8a3e49c\" data-id=\"8a3e49c\" data-element_type=\"column\">\n\t\t\t<div class=\"elementor-widget-wrap elementor-element-populated\">\n\t\t\t\t\t\t<div class=\"elementor-element elementor-element-62bebe0 elementor-grid-eael-col-4 elementor-grid-tablet-eael-col-2 elementor-grid-mobile-eael-col-1 elementor-widget elementor-widget-eael-post-grid\" data-id=\"62bebe0\" data-element_type=\"widget\" data-settings=\"{&quot;eael_post_grid_columns&quot;:&quot;eael-col-4&quot;,&quot;eael_post_grid_columns_tablet&quot;:&quot;eael-col-2&quot;,&quot;eael_post_grid_columns_mobile&quot;:&quot;eael-col-1&quot;}\" data-widget_type=\"eael-post-grid.default\">\n\t\t\t\t<div class=\"elementor-widget-container\">\n\t\t\t<div id=\"eael-post-grid-62bebe0\" class=\"eael-post-grid-container\">\n            <div class=\"eael-post-grid eael-post-appender eael-post-appender-62bebe0 eael-post-grid-style-two\" data-layout-mode=\"masonry\"><article class=\"eael-grid-post eael-post-grid-column\" data-id=\"15852\">\n        <div class=\"eael-grid-post-holder\">\n            <div class=\"eael-grid-post-holder-inner\"><div class=\"eael-entry-media\"><div class=\"eael-entry-overlay fade-in\"><i class=\"fas fa-long-arrow-alt-right\" aria-hidden=\"true\"><\/i><a href=\"https:\/\/www.carrefourfga.ca\/ticfga\/aprescours\/baladodiffusion-podga-episode-7-la-gestion-de-classe\/\"><\/a><\/div><div class=\"eael-entry-thumbnail \">\n                                <img fetchpriority=\"high\" decoding=\"async\" width=\"250\" height=\"250\" src=\"https:\/\/www.carrefourfga.ca\/ticfga\/aprescours\/wp-content\/uploads\/sites\/2\/2023\/03\/Logo-PODGA-7-mini.png\" class=\"attachment-medium size-medium wp-image-15855\" alt=\"\" srcset=\"https:\/\/www.carrefourfga.ca\/ticfga\/aprescours\/wp-content\/uploads\/sites\/2\/2023\/03\/Logo-PODGA-7-mini.png 250w, https:\/\/www.carrefourfga.ca\/ticfga\/aprescours\/wp-content\/uploads\/sites\/2\/2023\/03\/Logo-PODGA-7-mini-149x149.png 149w, https:\/\/www.carrefourfga.ca\/ticfga\/aprescours\/wp-content\/uploads\/sites\/2\/2023\/03\/Logo-PODGA-7-mini-144x144.png 144w\" sizes=\"(max-width: 250px) 100vw, 250px\" \/>\n                              <\/div>\n                      <\/div><div class=\"eael-entry-wrapper\"><header class=\"eael-entry-header\"><h2 class=\"eael-entry-title\"><a\n                                    class=\"eael-grid-post-link\"\n                                    href=\"https:\/\/www.carrefourfga.ca\/ticfga\/aprescours\/baladodiffusion-podga-episode-7-la-gestion-de-classe\/\"\n                                    title=\"Baladodiffusion, PodGA, \u00e9pisode 7 | La gestion de classe\">Baladodiffusion, PodGA, \u00e9pisode 7 | La gestion de classe<\/a><\/h2><\/header><div class=\"eael-entry-content\">\n                                    <div class=\"eael-grid-post-excerpt\"><p>Le th\u00e8me de cette balado porte sur la gestion de...<\/p><a\n                                        href=\"https:\/\/www.carrefourfga.ca\/ticfga\/aprescours\/baladodiffusion-podga-episode-7-la-gestion-de-classe\/\"\n                                        class=\"eael-post-elements-readmore-btn\">\u00c9couter la balado<\/a><\/div>\n                                <\/div><div class=\"eael-entry-header-after style-two\"><div class=\"eael-entry-meta\"><span class=\"eael-meta-posted-on\"><i class=\"far fa-clock\"><\/i><time datetime=\"27 mars 2023\">27 mars 2023<\/time><\/span><\/div><\/div><\/div><\/div>\n        <\/div>\n    <\/article><article class=\"eael-grid-post eael-post-grid-column\" data-id=\"14426\">\n        <div class=\"eael-grid-post-holder\">\n            <div class=\"eael-grid-post-holder-inner\"><div class=\"eael-entry-media\"><div class=\"eael-entry-overlay fade-in\"><i class=\"fas fa-long-arrow-alt-right\" aria-hidden=\"true\"><\/i><a href=\"https:\/\/www.carrefourfga.ca\/ticfga\/aprescours\/baladodiffusion-podga-episode-6-la-reussite-en-fga\/\"><\/a><\/div><div class=\"eael-entry-thumbnail \">\n                                <img decoding=\"async\" width=\"300\" height=\"300\" src=\"https:\/\/www.carrefourfga.ca\/ticfga\/aprescours\/wp-content\/uploads\/sites\/2\/2022\/09\/Logo-PodGA-6-300x300.png\" class=\"attachment-medium size-medium wp-image-14427\" alt=\"\" srcset=\"https:\/\/www.carrefourfga.ca\/ticfga\/aprescours\/wp-content\/uploads\/sites\/2\/2022\/09\/Logo-PodGA-6-300x300.png 300w, https:\/\/www.carrefourfga.ca\/ticfga\/aprescours\/wp-content\/uploads\/sites\/2\/2022\/09\/Logo-PodGA-6-149x149.png 149w, https:\/\/www.carrefourfga.ca\/ticfga\/aprescours\/wp-content\/uploads\/sites\/2\/2022\/09\/Logo-PodGA-6-144x144.png 144w, https:\/\/www.carrefourfga.ca\/ticfga\/aprescours\/wp-content\/uploads\/sites\/2\/2022\/09\/Logo-PodGA-6.png 400w\" sizes=\"(max-width: 300px) 100vw, 300px\" \/>\n                              <\/div>\n                      <\/div><div class=\"eael-entry-wrapper\"><header class=\"eael-entry-header\"><h2 class=\"eael-entry-title\"><a\n                                    class=\"eael-grid-post-link\"\n                                    href=\"https:\/\/www.carrefourfga.ca\/ticfga\/aprescours\/baladodiffusion-podga-episode-6-la-reussite-en-fga\/\"\n                                    title=\"Baladodiffusion, PodGA, \u00e9pisode 6 | La r\u00e9ussite en FGA\">Baladodiffusion, PodGA, \u00e9pisode 6 | La r\u00e9ussite en FGA<\/a><\/h2><\/header><div class=\"eael-entry-content\">\n                                    <div class=\"eael-grid-post-excerpt\"><p>Le th\u00e8me de cette balado porte sur la r\u00e9ussite. Qu\u2019est-ce...<\/p><a\n                                        href=\"https:\/\/www.carrefourfga.ca\/ticfga\/aprescours\/baladodiffusion-podga-episode-6-la-reussite-en-fga\/\"\n                                        class=\"eael-post-elements-readmore-btn\">\u00c9couter la balado<\/a><\/div>\n                                <\/div><div class=\"eael-entry-header-after style-two\"><div class=\"eael-entry-meta\"><span class=\"eael-meta-posted-on\"><i class=\"far fa-clock\"><\/i><time datetime=\"19 septembre 2022\">19 septembre 2022<\/time><\/span><\/div><\/div><\/div><\/div>\n        <\/div>\n    <\/article><article class=\"eael-grid-post eael-post-grid-column\" data-id=\"14174\">\n        <div class=\"eael-grid-post-holder\">\n            <div class=\"eael-grid-post-holder-inner\"><div class=\"eael-entry-media\"><div class=\"eael-entry-overlay fade-in\"><i class=\"fas fa-long-arrow-alt-right\" aria-hidden=\"true\"><\/i><a href=\"https:\/\/www.carrefourfga.ca\/ticfga\/aprescours\/baladodiffusion-podga-episode-5-la-collaboration-en-fga\/\"><\/a><\/div><div class=\"eael-entry-thumbnail \">\n                                <img decoding=\"async\" width=\"250\" height=\"250\" src=\"https:\/\/www.carrefourfga.ca\/ticfga\/aprescours\/wp-content\/uploads\/sites\/2\/2022\/06\/Logo-PodGA-5-mini.png\" class=\"attachment-medium size-medium wp-image-14175\" alt=\"\" srcset=\"https:\/\/www.carrefourfga.ca\/ticfga\/aprescours\/wp-content\/uploads\/sites\/2\/2022\/06\/Logo-PodGA-5-mini.png 250w, https:\/\/www.carrefourfga.ca\/ticfga\/aprescours\/wp-content\/uploads\/sites\/2\/2022\/06\/Logo-PodGA-5-mini-149x149.png 149w, https:\/\/www.carrefourfga.ca\/ticfga\/aprescours\/wp-content\/uploads\/sites\/2\/2022\/06\/Logo-PodGA-5-mini-144x144.png 144w\" sizes=\"(max-width: 250px) 100vw, 250px\" \/>\n                              <\/div>\n                      <\/div><div class=\"eael-entry-wrapper\"><header class=\"eael-entry-header\"><h2 class=\"eael-entry-title\"><a\n                                    class=\"eael-grid-post-link\"\n                                    href=\"https:\/\/www.carrefourfga.ca\/ticfga\/aprescours\/baladodiffusion-podga-episode-5-la-collaboration-en-fga\/\"\n                                    title=\"Baladodiffusion, PodGA, \u00e9pisode 5 | La collaboration en FGA\">Baladodiffusion, PodGA, \u00e9pisode 5 | La collaboration en FGA<\/a><\/h2><\/header><div class=\"eael-entry-content\">\n                                    <div class=\"eael-grid-post-excerpt\"><p>Le th\u00e8me de cette cinqui\u00e8me balado porte sur la collaboration....<\/p><a\n                                        href=\"https:\/\/www.carrefourfga.ca\/ticfga\/aprescours\/baladodiffusion-podga-episode-5-la-collaboration-en-fga\/\"\n                                        class=\"eael-post-elements-readmore-btn\">\u00c9couter la balado<\/a><\/div>\n                                <\/div><div class=\"eael-entry-header-after style-two\"><div class=\"eael-entry-meta\"><span class=\"eael-meta-posted-on\"><i class=\"far fa-clock\"><\/i><time datetime=\"8 juin 2022\">8 juin 2022<\/time><\/span><\/div><\/div><\/div><\/div>\n        <\/div>\n    <\/article><article class=\"eael-grid-post eael-post-grid-column\" data-id=\"13311\">\n        <div class=\"eael-grid-post-holder\">\n            <div class=\"eael-grid-post-holder-inner\"><div class=\"eael-entry-media\"><div class=\"eael-entry-overlay fade-in\"><i class=\"fas fa-long-arrow-alt-right\" aria-hidden=\"true\"><\/i><a href=\"https:\/\/www.carrefourfga.ca\/ticfga\/aprescours\/baladodiffusion-podga-episode-4-le-developpement-professionnel\/\"><\/a><\/div><div class=\"eael-entry-thumbnail \">\n                                <img loading=\"lazy\" decoding=\"async\" width=\"250\" height=\"250\" src=\"https:\/\/www.carrefourfga.ca\/ticfga\/aprescours\/wp-content\/uploads\/sites\/2\/2022\/03\/Logo_PODGA_4mini.png\" class=\"attachment-medium size-medium wp-image-13312\" alt=\"\" srcset=\"https:\/\/www.carrefourfga.ca\/ticfga\/aprescours\/wp-content\/uploads\/sites\/2\/2022\/03\/Logo_PODGA_4mini.png 250w, https:\/\/www.carrefourfga.ca\/ticfga\/aprescours\/wp-content\/uploads\/sites\/2\/2022\/03\/Logo_PODGA_4mini-149x149.png 149w, https:\/\/www.carrefourfga.ca\/ticfga\/aprescours\/wp-content\/uploads\/sites\/2\/2022\/03\/Logo_PODGA_4mini-144x144.png 144w\" sizes=\"(max-width: 250px) 100vw, 250px\" \/>\n                              <\/div>\n                      <\/div><div class=\"eael-entry-wrapper\"><header class=\"eael-entry-header\"><h2 class=\"eael-entry-title\"><a\n                                    class=\"eael-grid-post-link\"\n                                    href=\"https:\/\/www.carrefourfga.ca\/ticfga\/aprescours\/baladodiffusion-podga-episode-4-le-developpement-professionnel\/\"\n                                    title=\"Baladodiffusion, PodGA, \u00e9pisode 4 | Le d\u00e9veloppement professionnel\">Baladodiffusion, PodGA, \u00e9pisode 4 | Le d\u00e9veloppement professionnel<\/a><\/h2><\/header><div class=\"eael-entry-content\">\n                                    <div class=\"eael-grid-post-excerpt\"><p>Le th\u00e8me de cette quatri\u00e8me balado est le d\u00e9veloppement professionnel....<\/p><a\n                                        href=\"https:\/\/www.carrefourfga.ca\/ticfga\/aprescours\/baladodiffusion-podga-episode-4-le-developpement-professionnel\/\"\n                                        class=\"eael-post-elements-readmore-btn\">\u00c9couter la balado<\/a><\/div>\n                                <\/div><div class=\"eael-entry-header-after style-two\"><div class=\"eael-entry-meta\"><span class=\"eael-meta-posted-on\"><i class=\"far fa-clock\"><\/i><time datetime=\"10 mars 2022\">10 mars 2022<\/time><\/span><\/div><\/div><\/div><\/div>\n        <\/div>\n    <\/article><\/div>\n            <div class=\"clearfix\"><\/div>\n        <\/div>            <div class=\"eael-load-more-button-wrap\">\n                <button class=\"eael-load-more-button\" id=\"eael-load-more-btn-62bebe0\" data-widget-id=\"62bebe0\" data-widget=\"62bebe0\" data-page-id=\"8992\" data-template=\"{&quot;dir&quot;:&quot;lite&quot;,&quot;file_name&quot;:&quot;default.php&quot;,&quot;name&quot;:&quot;Post-Grid&quot;}\" data-class=\"Essential_Addons_Elementor\\Elements\\Post_Grid\" data-layout=\"masonry\" data-page=\"1\" data-args=\"orderby=date&amp;order=desc&amp;ignore_sticky_posts=1&amp;post_status=publish&amp;posts_per_page=4&amp;offset=0&amp;post_type=post&amp;tax_query%5B0%5D%5Btaxonomy%5D=category&amp;tax_query%5B0%5D%5Bfield%5D=term_id&amp;tax_query%5B0%5D%5Bterms%5D%5B0%5D=309&amp;tax_query%5Brelation%5D=AND\" data-max-page=\"2\">\n                    <span class=\"eael-btn-loader button__loader\"><\/span>\n                    <span class=\"eael_load_more_text\">Voir plus d&#039;articles<\/span>\n                <\/button>\n            <\/div>\n            \t\t<\/div>\n\t\t\t\t<\/div>\n\t\t\t\t\t<\/div>\n\t\t<\/div>\n\t\t\t\t\t<\/div>\n\t\t<\/section>\n\t\t\t\t<\/div>\n\t\t","protected":false},"excerpt":{"rendered":"<p>PodGA, une s\u00e9rie de baladodiffusions de l&rsquo;\u00e9quipe du R\u00c9CIT FGA dont la vis\u00e9e est de vous faire d\u00e9couvrir l&rsquo;univers p\u00e9dagonum\u00e9rique en vous lib\u00e9rant les mains et la t\u00eate de votre ordinateur. PodGA fait r\u00e9f\u00e9rence \u00e0 \u00ab pas de g\u00e9ant \u00bb une m\u00e9taphore en lien avec le d\u00e9fi qu&rsquo;assume les \u00e9l\u00e8ves et les enseignants de la formation g\u00e9n\u00e9rale des adultes. La formule propos\u00e9e consiste \u00e0 vous partager la r\u00e9alit\u00e9, les actions et les r\u00e9alisations du r\u00e9seau en donnant la parole aux diff\u00e9rents acteurs des diff\u00e9rentes r\u00e9gions du Qu\u00e9bec. Les balados sont disponibles sur&nbsp;Spotify&nbsp;et&nbsp;Apple Podcasts Baladodiffusion, PodGA, \u00e9pisode 1 | L&rsquo;enseignement hybride Le th\u00e8me de cette premi\u00e8re balado est l\u2019enseignement hybride. On&#8230; \u00c9couter la balado Voir plus d&#039;articles<\/p>\n","protected":false},"author":6,"featured_media":8990,"parent":0,"menu_order":0,"comment_status":"closed","ping_status":"closed","template":"","meta":{"footnotes":""},"class_list":["post-8992","page","type-page","status-publish","has-post-thumbnail","hentry"],"_links":{"self":[{"href":"https:\/\/www.carrefourfga.ca\/ticfga\/aprescours\/wp-json\/wp\/v2\/pages\/8992"}],"collection":[{"href":"https:\/\/www.carrefourfga.ca\/ticfga\/aprescours\/wp-json\/wp\/v2\/pages"}],"about":[{"href":"https:\/\/www.carrefourfga.ca\/ticfga\/aprescours\/wp-json\/wp\/v2\/types\/page"}],"author":[{"embeddable":true,"href":"https:\/\/www.carrefourfga.ca\/ticfga\/aprescours\/wp-json\/wp\/v2\/users\/6"}],"replies":[{"embeddable":true,"href":"https:\/\/www.carrefourfga.ca\/ticfga\/aprescours\/wp-json\/wp\/v2\/comments?post=8992"}],"version-history":[{"count":0,"href":"https:\/\/www.carrefourfga.ca\/ticfga\/aprescours\/wp-json\/wp\/v2\/pages\/8992\/revisions"}],"wp:featuredmedia":[{"embeddable":true,"href":"https:\/\/www.carrefourfga.ca\/ticfga\/aprescours\/wp-json\/wp\/v2\/media\/8990"}],"wp:attachment":[{"href":"https:\/\/www.carrefourfga.ca\/ticfga\/aprescours\/wp-json\/wp\/v2\/media?parent=8992"}],"curies":[{"name":"wp","href":"https:\/\/api.w.org\/{rel}","templated":true}]}}