{"id":8759,"date":"2020-11-25T09:51:23","date_gmt":"2020-11-25T14:51:23","guid":{"rendered":"https:\/\/www.carrefourfga.ca\/ticfga\/aprescours\/?page_id=8759"},"modified":"2023-11-06T13:08:16","modified_gmt":"2023-11-06T18:08:16","slug":"formations-nationales-en-mathematique-2020-21-virtuel","status":"publish","type":"page","link":"https:\/\/www.carrefourfga.ca\/ticfga\/aprescours\/formations-nationales-en-mathematique-2020-21-virtuel\/","title":{"rendered":"Formations nationales en math\u00e9matique"},"content":{"rendered":"\t\t<div data-elementor-type=\"wp-page\" data-elementor-id=\"8759\" class=\"elementor elementor-8759\">\n\t\t\t\t\t\t<section class=\"elementor-section elementor-top-section elementor-element elementor-element-7180054 elementor-section-boxed elementor-section-height-default elementor-section-height-default\" data-id=\"7180054\" data-element_type=\"section\">\n\t\t\t\t\t\t<div class=\"elementor-container elementor-column-gap-default\">\n\t\t\t\t\t<div class=\"elementor-column elementor-col-100 elementor-top-column elementor-element elementor-element-2650f8b\" data-id=\"2650f8b\" data-element_type=\"column\">\n\t\t\t<div class=\"elementor-widget-wrap elementor-element-populated\">\n\t\t\t\t\t\t<div class=\"elementor-element elementor-element-15169e8 elementor-widget elementor-widget-text-editor\" data-id=\"15169e8\" data-element_type=\"widget\" data-widget_type=\"text-editor.default\">\n\t\t\t\t<div class=\"elementor-widget-container\">\n\t\t\t\t\t\t\t<section id=\"h.29e15b2580acecb0_95\" class=\"yaqOZd\"><div class=\"mYVXT\"><div class=\"LS81yb VICjCf\" tabindex=\"-1\"><div class=\"hJDwNd-AhqUyc-uQSCkd purZT-AhqUyc-II5mzb pSzOP-AhqUyc-qWD73c JNdkSc\"><div class=\"JNdkSc-SmKAyb\"><div class=\"\"><div class=\"oKdM2c Kzv0Me\"><div id=\"h.29e15b2580acecb0_98\" class=\"hJDwNd-AhqUyc-uQSCkd jXK9ad D2fZ2 OjCsFc wHaque GNzUNc\"><div class=\"jXK9ad-SmKAyb\"><div class=\"tyJCtd mGzaTb baZpAe\"><p class=\"CDt4Ke zfr3Q\" dir=\"ltr\">Dans le but de soutenir et d\u2019accompagner le personnel enseignant et de conseillance en math\u00e9matique, l\u2019<strong>\u00c9quipe-choc p\u00e9dagogique<\/strong>\u00a0du\u00a0<strong>Carrefour FGA<\/strong> offre, depuis l\u2019ann\u00e9e scolaire 2020-21, des ateliers en math\u00e9matiques. Ces formations prendront diff\u00e9rentes formes et auront divers objectifs tels que :<span style=\"font-size: 1em; color: #373a3c;\">\u00a0<\/span><\/p><\/div><\/div><\/div><\/div><\/div><\/div><\/div><\/div><\/div><\/section><section id=\"h.29e15b2580acecb0_81\" class=\"yaqOZd\"><div class=\"mYVXT\"><div class=\"LS81yb VICjCf\" tabindex=\"-1\"><div class=\"hJDwNd-AhqUyc-EehZO purZT-AhqUyc-II5mzb pSzOP-AhqUyc-qWD73c JNdkSc\"><div class=\"JNdkSc-SmKAyb\"><div class=\"\"><div class=\"oKdM2c Kzv0Me\"><div id=\"h.29e15b2580acecb0_84\" class=\"hJDwNd-AhqUyc-EehZO jXK9ad D2fZ2 OjCsFc wHaque GNzUNc\"><div class=\"jXK9ad-SmKAyb\"><div class=\"tyJCtd mGzaTb baZpAe\"><ul class=\"n8H08c UVNKR\"><li class=\"TYR86d zfr3Q\" dir=\"ltr\"><p class=\"CDt4Ke zfr3Q\" dir=\"ltr\">Soutenir le personnel dans l\u2019appropriation de nouveaux savoirs du programme de formation, notamment pour la 5<sup>e<\/sup> secondaire;<\/p><\/li><li class=\"TYR86d zfr3Q\" dir=\"ltr\"><p class=\"CDt4Ke zfr3Q\" dir=\"ltr\">Partager des actions p\u00e9dagogiques et didactiques innovantes qui ont fait leurs preuves;<\/p><\/li><li class=\"TYR86d zfr3Q\" dir=\"ltr\"><p class=\"CDt4Ke zfr3Q\" dir=\"ltr\">Actualiser des pratiques \u00e9valuatives en tenant compte des nouvelles \u00e9preuves de la DEAFP;<\/p><\/li><li class=\"TYR86d zfr3Q\" dir=\"ltr\"><p class=\"CDt4Ke zfr3Q\" dir=\"ltr\">Pr\u00e9senter des outils technologiques stimulant le d\u00e9veloppement des comp\u00e9tences disciplinaires \u00e0 distance;<\/p><\/li><li class=\"TYR86d zfr3Q\" dir=\"ltr\"><p class=\"CDt4Ke zfr3Q\" dir=\"ltr\">Analyser les avantages et les limites de la technologie en vue de faciliter les interventions \u00e0 distance.e<\/p><\/li><\/ul><\/div><\/div><\/div><\/div><\/div><\/div><\/div><\/div><\/div><\/section>\t\t\t\t\t\t<\/div>\n\t\t\t\t<\/div>\n\t\t\t\t\t<\/div>\n\t\t<\/div>\n\t\t\t\t\t<\/div>\n\t\t<\/section>\n\t\t<div class=\"elementor-element elementor-element-ef81340 e-flex e-con-boxed e-con e-parent\" data-id=\"ef81340\" data-element_type=\"container\">\n\t\t\t\t\t<div class=\"e-con-inner\">\n\t\t\t\t<div class=\"elementor-element elementor-element-8427258 elementor-grid-eael-col-4 elementor-grid-tablet-eael-col-2 elementor-grid-mobile-eael-col-1 elementor-widget elementor-widget-eael-post-grid\" data-id=\"8427258\" data-element_type=\"widget\" data-settings=\"{&quot;eael_post_grid_columns&quot;:&quot;eael-col-4&quot;,&quot;eael_post_grid_columns_tablet&quot;:&quot;eael-col-2&quot;,&quot;eael_post_grid_columns_mobile&quot;:&quot;eael-col-1&quot;}\" data-widget_type=\"eael-post-grid.default\">\n\t\t\t\t<div class=\"elementor-widget-container\">\n\t\t\t<div id=\"eael-post-grid-8427258\" class=\"eael-post-grid-container\">\n            <div class=\"eael-post-grid eael-post-appender eael-post-appender-8427258 eael-post-grid-style-two\" data-layout-mode=\"masonry\"><article class=\"eael-grid-post eael-post-grid-column\" data-id=\"17663\">\n        <div class=\"eael-grid-post-holder\">\n            <div class=\"eael-grid-post-holder-inner\"><div class=\"eael-entry-media\"><div class=\"eael-entry-overlay none\"><i class=\"fas fa-long-arrow-alt-right\" aria-hidden=\"true\"><\/i><a href=\"https:\/\/www.carrefourfga.ca\/ticfga\/aprescours\/fnm-soutenir-le-developpement-de-la-competence-a-resoudre-des-taches-complexes-en-fbd\/\"><\/a><\/div><div class=\"eael-entry-thumbnail \">\n                                <img decoding=\"async\" width=\"250\" height=\"141\" src=\"https:\/\/www.carrefourfga.ca\/ticfga\/aprescours\/wp-content\/uploads\/sites\/2\/2024\/01\/FNM-18-janvier.png\" class=\"attachment-medium size-medium wp-image-17664\" alt=\"\" \/>\n                              <\/div>\n                      <\/div><div class=\"eael-entry-wrapper\"><header class=\"eael-entry-header\"><h2 class=\"eael-entry-title\"><a\n                                    class=\"eael-grid-post-link\"\n                                    href=\"https:\/\/www.carrefourfga.ca\/ticfga\/aprescours\/fnm-soutenir-le-developpement-de-la-competence-a-resoudre-des-taches-complexes-en-fbd\/\"\n                                    title=\"FNM | Soutenir le d\u00e9veloppement de la comp\u00e9tence \u00e0 r\u00e9soudre des t\u00e2ches complexes en FBD\">FNM | Soutenir le d\u00e9veloppement de la comp\u00e9tence \u00e0 r\u00e9soudre des t\u00e2ches complexes en FBD<\/a><\/h2><\/header><div class=\"eael-entry-content\">\n                                    <div class=\"eael-grid-post-excerpt\"><p>A-t-on r\u00e9ellement besoin d&rsquo;une \u00e9preuve unique de fin de cours...<\/p><a\n                                        href=\"https:\/\/www.carrefourfga.ca\/ticfga\/aprescours\/fnm-soutenir-le-developpement-de-la-competence-a-resoudre-des-taches-complexes-en-fbd\/\"\n                                        class=\"eael-post-elements-readmore-btn\">Consulter l'article<\/a><\/div>\n                                <\/div><div class=\"eael-entry-header-after style-two\"><div class=\"eael-entry-meta\"><span class=\"eael-meta-posted-on\"><i class=\"far fa-clock\"><\/i><time datetime=\"22 janvier 2024\">22 janvier 2024<\/time><\/span><\/div><\/div><\/div><\/div>\n        <\/div>\n    <\/article><article class=\"eael-grid-post eael-post-grid-column\" data-id=\"17523\">\n        <div class=\"eael-grid-post-holder\">\n            <div class=\"eael-grid-post-holder-inner\"><div class=\"eael-entry-media\"><div class=\"eael-entry-overlay none\"><i class=\"fas fa-long-arrow-alt-right\" aria-hidden=\"true\"><\/i><a href=\"https:\/\/www.carrefourfga.ca\/ticfga\/aprescours\/fnm-soutenir-lapprentissage-des-strategies-de-lecture-7-decembre-2023\/\"><\/a><\/div><div class=\"eael-entry-thumbnail \">\n                                <img decoding=\"async\" width=\"250\" height=\"140\" src=\"https:\/\/www.carrefourfga.ca\/ticfga\/aprescours\/wp-content\/uploads\/sites\/2\/2023\/12\/FNM-7-decembre-2023-mini.png\" class=\"attachment-medium size-medium wp-image-17524\" alt=\"\" \/>\n                              <\/div>\n                      <\/div><div class=\"eael-entry-wrapper\"><header class=\"eael-entry-header\"><h2 class=\"eael-entry-title\"><a\n                                    class=\"eael-grid-post-link\"\n                                    href=\"https:\/\/www.carrefourfga.ca\/ticfga\/aprescours\/fnm-soutenir-lapprentissage-des-strategies-de-lecture-7-decembre-2023\/\"\n                                    title=\"FNM | Soutenir l\u2019apprentissage des strat\u00e9gies de lecture en math\u00e9matique pour les \u00e9l\u00e8ves en FBC, 7 d\u00e9cembre 2023\">FNM | Soutenir l\u2019apprentissage des strat\u00e9gies de lecture en math\u00e9matique pour les \u00e9l\u00e8ves en FBC, 7 d\u00e9cembre 2023<\/a><\/h2><\/header><div class=\"eael-entry-content\">\n                                    <div class=\"eael-grid-post-excerpt\"><p>L\u2019approche par comp\u00e9tence am\u00e8ne son lot de d\u00e9fis en mati\u00e8re...<\/p><a\n                                        href=\"https:\/\/www.carrefourfga.ca\/ticfga\/aprescours\/fnm-soutenir-lapprentissage-des-strategies-de-lecture-7-decembre-2023\/\"\n                                        class=\"eael-post-elements-readmore-btn\">Consulter l'article<\/a><\/div>\n                                <\/div><div class=\"eael-entry-header-after style-two\"><div class=\"eael-entry-meta\"><span class=\"eael-meta-posted-on\"><i class=\"far fa-clock\"><\/i><time datetime=\"15 d\u00e9cembre 2023\">15 d\u00e9cembre 2023<\/time><\/span><\/div><\/div><\/div><\/div>\n        <\/div>\n    <\/article><article class=\"eael-grid-post eael-post-grid-column\" data-id=\"15736\">\n        <div class=\"eael-grid-post-holder\">\n            <div class=\"eael-grid-post-holder-inner\"><div class=\"eael-entry-media\"><div class=\"eael-entry-overlay none\"><i class=\"fas fa-long-arrow-alt-right\" aria-hidden=\"true\"><\/i><a href=\"https:\/\/www.carrefourfga.ca\/ticfga\/aprescours\/nmw-experiential-mathematics-february-23-2023\/\"><\/a><\/div><div class=\"eael-entry-thumbnail \">\n                                <img fetchpriority=\"high\" decoding=\"async\" width=\"300\" height=\"171\" src=\"https:\/\/www.carrefourfga.ca\/ticfga\/aprescours\/wp-content\/uploads\/sites\/2\/2023\/03\/NMW-Feb-23-2-mini-300x171.png\" class=\"attachment-medium size-medium wp-image-15744\" alt=\"\" srcset=\"https:\/\/www.carrefourfga.ca\/ticfga\/aprescours\/wp-content\/uploads\/sites\/2\/2023\/03\/NMW-Feb-23-2-mini-300x171.png 300w, https:\/\/www.carrefourfga.ca\/ticfga\/aprescours\/wp-content\/uploads\/sites\/2\/2023\/03\/NMW-Feb-23-2-mini-262x149.png 262w, https:\/\/www.carrefourfga.ca\/ticfga\/aprescours\/wp-content\/uploads\/sites\/2\/2023\/03\/NMW-Feb-23-2-mini.png 450w\" sizes=\"(max-width: 300px) 100vw, 300px\" \/>\n                              <\/div>\n                      <\/div><div class=\"eael-entry-wrapper\"><header class=\"eael-entry-header\"><h2 class=\"eael-entry-title\"><a\n                                    class=\"eael-grid-post-link\"\n                                    href=\"https:\/\/www.carrefourfga.ca\/ticfga\/aprescours\/nmw-experiential-mathematics-february-23-2023\/\"\n                                    title=\"NMW | Experiential Mathematics, February 23, 2023\">NMW | Experiential Mathematics, February 23, 2023<\/a><\/h2><\/header><div class=\"eael-entry-content\">\n                                    <div class=\"eael-grid-post-excerpt\"><p>Experiential learning is learning through experience and it gained significance...<\/p><a\n                                        href=\"https:\/\/www.carrefourfga.ca\/ticfga\/aprescours\/nmw-experiential-mathematics-february-23-2023\/\"\n                                        class=\"eael-post-elements-readmore-btn\">Consulter l'article<\/a><\/div>\n                                <\/div><div class=\"eael-entry-header-after style-two\"><div class=\"eael-entry-meta\"><span class=\"eael-meta-posted-on\"><i class=\"far fa-clock\"><\/i><time datetime=\"1 mars 2023\">1 mars 2023<\/time><\/span><\/div><\/div><\/div><\/div>\n        <\/div>\n    <\/article><article class=\"eael-grid-post eael-post-grid-column\" data-id=\"15140\">\n        <div class=\"eael-grid-post-holder\">\n            <div class=\"eael-grid-post-holder-inner\"><div class=\"eael-entry-media\"><div class=\"eael-entry-overlay none\"><i class=\"fas fa-long-arrow-alt-right\" aria-hidden=\"true\"><\/i><a href=\"https:\/\/www.carrefourfga.ca\/ticfga\/aprescours\/fnm-interpretation-des-traces\/\"><\/a><\/div><div class=\"eael-entry-thumbnail \">\n                                <img loading=\"lazy\" decoding=\"async\" width=\"250\" height=\"140\" src=\"https:\/\/www.carrefourfga.ca\/ticfga\/aprescours\/wp-content\/uploads\/sites\/2\/2022\/12\/Correction-collective-mini.png\" class=\"attachment-medium size-medium wp-image-15144\" alt=\"\" \/>\n                              <\/div>\n                      <\/div><div class=\"eael-entry-wrapper\"><header class=\"eael-entry-header\"><h2 class=\"eael-entry-title\"><a\n                                    class=\"eael-grid-post-link\"\n                                    href=\"https:\/\/www.carrefourfga.ca\/ticfga\/aprescours\/fnm-interpretation-des-traces\/\"\n                                    title=\"FNM | Interpr\u00e9tation des traces de productions math\u00e9matiques. Limites et construction du jugement professionnel\">FNM | Interpr\u00e9tation des traces de productions math\u00e9matiques. Limites et construction du jugement professionnel<\/a><\/h2><\/header><div class=\"eael-entry-content\">\n                                    <div class=\"eael-grid-post-excerpt\"><p>L\u2019approche par comp\u00e9tence am\u00e8ne son lot de d\u00e9fis en mati\u00e8re...<\/p><a\n                                        href=\"https:\/\/www.carrefourfga.ca\/ticfga\/aprescours\/fnm-interpretation-des-traces\/\"\n                                        class=\"eael-post-elements-readmore-btn\">Consulter l'article<\/a><\/div>\n                                <\/div><div class=\"eael-entry-header-after style-two\"><div class=\"eael-entry-meta\"><span class=\"eael-meta-posted-on\"><i class=\"far fa-clock\"><\/i><time datetime=\"6 d\u00e9cembre 2022\">6 d\u00e9cembre 2022<\/time><\/span><\/div><\/div><\/div><\/div>\n        <\/div>\n    <\/article><\/div>\n            <div class=\"clearfix\"><\/div>\n        <\/div>            <div class=\"eael-load-more-button-wrap\">\n                <button class=\"eael-load-more-button\" id=\"eael-load-more-btn-8427258\" data-widget-id=\"8427258\" data-widget=\"8427258\" data-page-id=\"8759\" data-template=\"{&quot;dir&quot;:&quot;lite&quot;,&quot;file_name&quot;:&quot;default.php&quot;,&quot;name&quot;:&quot;Post-Grid&quot;}\" data-class=\"Essential_Addons_Elementor\\Elements\\Post_Grid\" data-layout=\"masonry\" data-page=\"1\" data-args=\"orderby=date&amp;order=desc&amp;ignore_sticky_posts=1&amp;post_status=publish&amp;posts_per_page=4&amp;offset=0&amp;post_type=post&amp;tax_query%5B0%5D%5Btaxonomy%5D=category&amp;tax_query%5B0%5D%5Bfield%5D=term_id&amp;tax_query%5B0%5D%5Bterms%5D%5B0%5D=308&amp;tax_query%5Brelation%5D=AND\" data-max-page=\"6\">\n                    <span class=\"eael-btn-loader button__loader\"><\/span>\n                    <span class=\"eael_load_more_text\">Voir plus d&#039;articles<\/span>\n                <\/button>\n            <\/div>\n            \t\t<\/div>\n\t\t\t\t<\/div>\n\t\t\t\t\t<\/div>\n\t\t\t\t<\/div>\n\t\t\t\t<\/div>\n\t\t","protected":false},"excerpt":{"rendered":"<p>Dans le but de soutenir et d\u2019accompagner le personnel enseignant et de conseillance en math\u00e9matique, l\u2019\u00c9quipe-choc p\u00e9dagogique\u00a0du\u00a0Carrefour FGA offre, depuis l\u2019ann\u00e9e scolaire 2020-21, des ateliers en math\u00e9matiques. Ces formations prendront diff\u00e9rentes formes et auront divers objectifs tels que :\u00a0 Soutenir le personnel dans l\u2019appropriation de nouveaux savoirs du programme de formation, notamment pour la 5e secondaire; Partager des actions p\u00e9dagogiques et didactiques innovantes qui ont fait leurs preuves; Actualiser des pratiques \u00e9valuatives en tenant compte des nouvelles \u00e9preuves de la DEAFP; Pr\u00e9senter des outils technologiques stimulant le d\u00e9veloppement des comp\u00e9tences disciplinaires \u00e0 distance; Analyser les avantages et les limites de la technologie en vue de faciliter les interventions \u00e0 distance.e NMW | Experiential Mathematics, February 23, 2023 Experiential learning is learning through experience and it gained significance&#8230; Consulter l&rsquo;article FNM | Interpr\u00e9tation des traces de productions math\u00e9matiques. Limites et construction du jugement professionnel L\u2019approche par comp\u00e9tence am\u00e8ne son lot de d\u00e9fis en mati\u00e8re&#8230; Consulter l&rsquo;article NMW | Mathematics Intervention Framework, October 27, 2022 \u00ab\u00a0The Mathematics Intervention Framework is based on research evidence. It&#8230; Consulter l&rsquo;article FNM | Soutenir et accompagner le d\u00e9veloppement de comp\u00e9tence par le questionnement oral L\u2019absence de programme de 1er cycle du secondaire \u00e0 la&#8230; Consulter l&rsquo;article&#8230;<\/p>\n","protected":false},"author":6,"featured_media":0,"parent":0,"menu_order":0,"comment_status":"closed","ping_status":"closed","template":"","meta":{"footnotes":""},"class_list":["post-8759","page","type-page","status-publish","hentry"],"_links":{"self":[{"href":"https:\/\/www.carrefourfga.ca\/ticfga\/aprescours\/wp-json\/wp\/v2\/pages\/8759"}],"collection":[{"href":"https:\/\/www.carrefourfga.ca\/ticfga\/aprescours\/wp-json\/wp\/v2\/pages"}],"about":[{"href":"https:\/\/www.carrefourfga.ca\/ticfga\/aprescours\/wp-json\/wp\/v2\/types\/page"}],"author":[{"embeddable":true,"href":"https:\/\/www.carrefourfga.ca\/ticfga\/aprescours\/wp-json\/wp\/v2\/users\/6"}],"replies":[{"embeddable":true,"href":"https:\/\/www.carrefourfga.ca\/ticfga\/aprescours\/wp-json\/wp\/v2\/comments?post=8759"}],"version-history":[{"count":6,"href":"https:\/\/www.carrefourfga.ca\/ticfga\/aprescours\/wp-json\/wp\/v2\/pages\/8759\/revisions"}],"predecessor-version":[{"id":17274,"href":"https:\/\/www.carrefourfga.ca\/ticfga\/aprescours\/wp-json\/wp\/v2\/pages\/8759\/revisions\/17274"}],"wp:attachment":[{"href":"https:\/\/www.carrefourfga.ca\/ticfga\/aprescours\/wp-json\/wp\/v2\/media?parent=8759"}],"curies":[{"name":"wp","href":"https:\/\/api.w.org\/{rel}","templated":true}]}}