{"id":8666,"date":"2020-11-24T09:31:52","date_gmt":"2020-11-24T14:31:52","guid":{"rendered":"https:\/\/www.carrefourfga.ca\/ticfga\/aprescours\/?page_id=8666"},"modified":"2021-01-06T08:50:27","modified_gmt":"2021-01-06T13:50:27","slug":"creation-de-cours-moodle","status":"publish","type":"page","link":"https:\/\/www.carrefourfga.ca\/ticfga\/aprescours\/creation-de-cours-moodle\/","title":{"rendered":"Cr\u00e9ation de cours Moodle"},"content":{"rendered":"\t\t<div data-elementor-type=\"wp-page\" data-elementor-id=\"8666\" class=\"elementor elementor-8666\">\n\t\t\t\t\t\t<section class=\"elementor-section elementor-top-section elementor-element elementor-element-5e685afd elementor-section-boxed elementor-section-height-default elementor-section-height-default\" data-id=\"5e685afd\" data-element_type=\"section\">\n\t\t\t\t\t\t<div class=\"elementor-container elementor-column-gap-default\">\n\t\t\t\t\t<div class=\"elementor-column elementor-col-100 elementor-top-column elementor-element elementor-element-56dc23d3\" data-id=\"56dc23d3\" data-element_type=\"column\">\n\t\t\t<div class=\"elementor-widget-wrap elementor-element-populated\">\n\t\t\t\t\t\t<div class=\"elementor-element elementor-element-46c87120 elementor-widget elementor-widget-text-editor\" data-id=\"46c87120\" data-element_type=\"widget\" data-widget_type=\"text-editor.default\">\n\t\t\t\t<div class=\"elementor-widget-container\">\n\t\t\t\t\t\t\t<p>Guillaume Poulin, du service r\u00e9gional du R\u00c9CIT FGA en Estrie, a r\u00e9alis\u00e9 une s\u00e9rie de courtes capsules permettant de cr\u00e9er un cours sur Moodle.<\/p><p><a href=\"https:\/\/moodle.recitfga.ca\/course\/view.php?id=2448\" target=\"_blank\" rel=\"noopener\">Le cours original<\/a> se trouve sur Moodle FGA et il nous a gracieusement permis de reprendre le contenu vid\u00e9o.<\/p>\t\t\t\t\t\t<\/div>\n\t\t\t\t<\/div>\n\t\t\t\t\t<\/div>\n\t\t<\/div>\n\t\t\t\t\t<\/div>\n\t\t<\/section>\n\t\t\t\t<section class=\"elementor-section elementor-top-section elementor-element elementor-element-8ea9d98 elementor-section-boxed elementor-section-height-default elementor-section-height-default\" data-id=\"8ea9d98\" data-element_type=\"section\">\n\t\t\t\t\t\t<div class=\"elementor-container elementor-column-gap-default\">\n\t\t\t\t\t<div class=\"elementor-column elementor-col-100 elementor-top-column elementor-element elementor-element-c100c03\" data-id=\"c100c03\" data-element_type=\"column\">\n\t\t\t<div class=\"elementor-widget-wrap elementor-element-populated\">\n\t\t\t\t\t\t<div class=\"elementor-element elementor-element-4b7e7a0 elementor-grid-eael-col-4 elementor-grid-tablet-eael-col-2 elementor-grid-mobile-eael-col-1 elementor-widget elementor-widget-eael-post-grid\" data-id=\"4b7e7a0\" data-element_type=\"widget\" data-settings=\"{&quot;eael_post_grid_columns&quot;:&quot;eael-col-4&quot;,&quot;eael_post_grid_columns_tablet&quot;:&quot;eael-col-2&quot;,&quot;eael_post_grid_columns_mobile&quot;:&quot;eael-col-1&quot;}\" data-widget_type=\"eael-post-grid.default\">\n\t\t\t\t<div class=\"elementor-widget-container\">\n\t\t\t<div id=\"eael-post-grid-4b7e7a0\" class=\"eael-post-grid-container\">\n            <div class=\"eael-post-grid eael-post-appender eael-post-appender-4b7e7a0 eael-post-grid-style-two\" data-layout-mode=\"grid\"><article class=\"eael-grid-post eael-post-grid-column\" data-id=\"8670\">\n        <div class=\"eael-grid-post-holder\">\n            <div class=\"eael-grid-post-holder-inner\"><div class=\"eael-entry-media\"><div class=\"eael-entry-overlay fade-in\"><i class=\"fas fa-long-arrow-alt-right\" aria-hidden=\"true\"><\/i><a href=\"https:\/\/www.carrefourfga.ca\/ticfga\/aprescours\/introduction-au-cours-moodle\/\"><\/a><\/div><div class=\"eael-entry-thumbnail \">\n                                <img decoding=\"async\" width=\"250\" height=\"132\" src=\"https:\/\/www.carrefourfga.ca\/ticfga\/aprescours\/wp-content\/uploads\/sites\/2\/2020\/11\/Logo-cours-Moodlemini.png\" class=\"attachment-medium size-medium wp-image-8671\" alt=\"\" \/>\n                              <\/div>\n                      <\/div><div class=\"eael-entry-wrapper\"><header class=\"eael-entry-header\"><h2 class=\"eael-entry-title\"><a\n                                    class=\"eael-grid-post-link\"\n                                    href=\"https:\/\/www.carrefourfga.ca\/ticfga\/aprescours\/introduction-au-cours-moodle\/\"\n                                    title=\"Introduction au cours Moodle\">Introduction au cours Moodle<\/a><\/h2><\/header><div class=\"eael-entry-content\">\n                                    <div class=\"eael-grid-post-excerpt\"><p>Contenu du cours \u00abCr\u00e9ation d&rsquo;un cours Moodle\u00bb.<\/p><a\n                                        href=\"https:\/\/www.carrefourfga.ca\/ticfga\/aprescours\/introduction-au-cours-moodle\/\"\n                                        class=\"eael-post-elements-readmore-btn\">Consulter l'article<\/a><\/div>\n                                <\/div><div class=\"eael-entry-header-after style-two\"><div class=\"eael-entry-meta\"><span class=\"eael-meta-posted-on\"><i class=\"far fa-clock\"><\/i><time datetime=\"24 novembre 2020\">24 novembre 2020<\/time><\/span><\/div><\/div><\/div><\/div>\n        <\/div>\n    <\/article><article class=\"eael-grid-post eael-post-grid-column\" data-id=\"8675\">\n        <div class=\"eael-grid-post-holder\">\n            <div class=\"eael-grid-post-holder-inner\"><div class=\"eael-entry-media\"><div class=\"eael-entry-overlay fade-in\"><i class=\"fas fa-long-arrow-alt-right\" aria-hidden=\"true\"><\/i><a href=\"https:\/\/www.carrefourfga.ca\/ticfga\/aprescours\/demander-la-creation-dune-cours-sur-moodle-fga\/\"><\/a><\/div><div class=\"eael-entry-thumbnail \">\n                                <img decoding=\"async\" width=\"250\" height=\"132\" src=\"https:\/\/www.carrefourfga.ca\/ticfga\/aprescours\/wp-content\/uploads\/sites\/2\/2020\/11\/Logo-cours-Moodlemini.png\" class=\"attachment-medium size-medium wp-image-8671\" alt=\"\" \/>\n                              <\/div>\n                      <\/div><div class=\"eael-entry-wrapper\"><header class=\"eael-entry-header\"><h2 class=\"eael-entry-title\"><a\n                                    class=\"eael-grid-post-link\"\n                                    href=\"https:\/\/www.carrefourfga.ca\/ticfga\/aprescours\/demander-la-creation-dune-cours-sur-moodle-fga\/\"\n                                    title=\"Demander la cr\u00e9ation d&rsquo;une cours sur Moodle FGA\">Demander la cr\u00e9ation d&rsquo;une cours sur Moodle FGA<\/a><\/h2><\/header><div class=\"eael-entry-content\">\n                                    <div class=\"eael-grid-post-excerpt\"><p>Comment demander la cr\u00e9ation d&rsquo;un cours sur Moodle FGA.<\/p><a\n                                        href=\"https:\/\/www.carrefourfga.ca\/ticfga\/aprescours\/demander-la-creation-dune-cours-sur-moodle-fga\/\"\n                                        class=\"eael-post-elements-readmore-btn\">Consulter l'article<\/a><\/div>\n                                <\/div><div class=\"eael-entry-header-after style-two\"><div class=\"eael-entry-meta\"><span class=\"eael-meta-posted-on\"><i class=\"far fa-clock\"><\/i><time datetime=\"24 novembre 2020\">24 novembre 2020<\/time><\/span><\/div><\/div><\/div><\/div>\n        <\/div>\n    <\/article><article class=\"eael-grid-post eael-post-grid-column\" data-id=\"8694\">\n        <div class=\"eael-grid-post-holder\">\n            <div class=\"eael-grid-post-holder-inner\"><div class=\"eael-entry-media\"><div class=\"eael-entry-overlay fade-in\"><i class=\"fas fa-long-arrow-alt-right\" aria-hidden=\"true\"><\/i><a href=\"https:\/\/www.carrefourfga.ca\/ticfga\/aprescours\/editer-un-cours\/\"><\/a><\/div><div class=\"eael-entry-thumbnail \">\n                                <img decoding=\"async\" width=\"250\" height=\"132\" src=\"https:\/\/www.carrefourfga.ca\/ticfga\/aprescours\/wp-content\/uploads\/sites\/2\/2020\/11\/Logo-cours-Moodlemini.png\" class=\"attachment-medium size-medium wp-image-8671\" alt=\"\" \/>\n                              <\/div>\n                      <\/div><div class=\"eael-entry-wrapper\"><header class=\"eael-entry-header\"><h2 class=\"eael-entry-title\"><a\n                                    class=\"eael-grid-post-link\"\n                                    href=\"https:\/\/www.carrefourfga.ca\/ticfga\/aprescours\/editer-un-cours\/\"\n                                    title=\"\u00c9diter un cours\">\u00c9diter un cours<\/a><\/h2><\/header><div class=\"eael-entry-content\">\n                                    <div class=\"eael-grid-post-excerpt\"><p>\u00c9diter un cours Moodle: l&rsquo;interface, le mode \u00e9dition et l&rsquo;\u00e9diteur...<\/p><a\n                                        href=\"https:\/\/www.carrefourfga.ca\/ticfga\/aprescours\/editer-un-cours\/\"\n                                        class=\"eael-post-elements-readmore-btn\">Consulter l'article<\/a><\/div>\n                                <\/div><div class=\"eael-entry-header-after style-two\"><div class=\"eael-entry-meta\"><span class=\"eael-meta-posted-on\"><i class=\"far fa-clock\"><\/i><time datetime=\"24 novembre 2020\">24 novembre 2020<\/time><\/span><\/div><\/div><\/div><\/div>\n        <\/div>\n    <\/article><article class=\"eael-grid-post eael-post-grid-column\" data-id=\"8684\">\n        <div class=\"eael-grid-post-holder\">\n            <div class=\"eael-grid-post-holder-inner\"><div class=\"eael-entry-media\"><div class=\"eael-entry-overlay fade-in\"><i class=\"fas fa-long-arrow-alt-right\" aria-hidden=\"true\"><\/i><a href=\"https:\/\/www.carrefourfga.ca\/ticfga\/aprescours\/parametrer-un-cours\/\"><\/a><\/div><div class=\"eael-entry-thumbnail \">\n                                <img decoding=\"async\" width=\"250\" height=\"132\" src=\"https:\/\/www.carrefourfga.ca\/ticfga\/aprescours\/wp-content\/uploads\/sites\/2\/2020\/11\/Logo-cours-Moodlemini.png\" class=\"attachment-medium size-medium wp-image-8671\" alt=\"\" \/>\n                              <\/div>\n                      <\/div><div class=\"eael-entry-wrapper\"><header class=\"eael-entry-header\"><h2 class=\"eael-entry-title\"><a\n                                    class=\"eael-grid-post-link\"\n                                    href=\"https:\/\/www.carrefourfga.ca\/ticfga\/aprescours\/parametrer-un-cours\/\"\n                                    title=\"Param\u00e9trer un cours\">Param\u00e9trer un cours<\/a><\/h2><\/header><div class=\"eael-entry-content\">\n                                    <div class=\"eael-grid-post-excerpt\"><p>Param\u00e9trer un cours Moodle: param\u00e8tres g\u00e9n\u00e9raux, les formats de cours...<\/p><a\n                                        href=\"https:\/\/www.carrefourfga.ca\/ticfga\/aprescours\/parametrer-un-cours\/\"\n                                        class=\"eael-post-elements-readmore-btn\">Consulter l'article<\/a><\/div>\n                                <\/div><div class=\"eael-entry-header-after style-two\"><div class=\"eael-entry-meta\"><span class=\"eael-meta-posted-on\"><i class=\"far fa-clock\"><\/i><time datetime=\"24 novembre 2020\">24 novembre 2020<\/time><\/span><\/div><\/div><\/div><\/div>\n        <\/div>\n    <\/article><article class=\"eael-grid-post eael-post-grid-column\" data-id=\"8705\">\n        <div class=\"eael-grid-post-holder\">\n            <div class=\"eael-grid-post-holder-inner\"><div class=\"eael-entry-media\"><div class=\"eael-entry-overlay fade-in\"><i class=\"fas fa-long-arrow-alt-right\" aria-hidden=\"true\"><\/i><a href=\"https:\/\/www.carrefourfga.ca\/ticfga\/aprescours\/les-activites-et-ressources\/\"><\/a><\/div><div class=\"eael-entry-thumbnail \">\n                                <img decoding=\"async\" width=\"250\" height=\"132\" src=\"https:\/\/www.carrefourfga.ca\/ticfga\/aprescours\/wp-content\/uploads\/sites\/2\/2020\/11\/Logo-cours-Moodlemini.png\" class=\"attachment-medium size-medium wp-image-8671\" alt=\"\" \/>\n                              <\/div>\n                      <\/div><div class=\"eael-entry-wrapper\"><header class=\"eael-entry-header\"><h2 class=\"eael-entry-title\"><a\n                                    class=\"eael-grid-post-link\"\n                                    href=\"https:\/\/www.carrefourfga.ca\/ticfga\/aprescours\/les-activites-et-ressources\/\"\n                                    title=\"Les activit\u00e9s et ressources\">Les activit\u00e9s et ressources<\/a><\/h2><\/header><div class=\"eael-entry-content\">\n                                    <div class=\"eael-grid-post-excerpt\"><p>Les activit\u00e9s et ressources: survol des activit\u00e9s et ressources, restreindre...<\/p><a\n                                        href=\"https:\/\/www.carrefourfga.ca\/ticfga\/aprescours\/les-activites-et-ressources\/\"\n                                        class=\"eael-post-elements-readmore-btn\">Consulter l'article<\/a><\/div>\n                                <\/div><div class=\"eael-entry-header-after style-two\"><div class=\"eael-entry-meta\"><span class=\"eael-meta-posted-on\"><i class=\"far fa-clock\"><\/i><time datetime=\"24 novembre 2020\">24 novembre 2020<\/time><\/span><\/div><\/div><\/div><\/div>\n        <\/div>\n    <\/article><article class=\"eael-grid-post eael-post-grid-column\" data-id=\"8712\">\n        <div class=\"eael-grid-post-holder\">\n            <div class=\"eael-grid-post-holder-inner\"><div class=\"eael-entry-media\"><div class=\"eael-entry-overlay fade-in\"><i class=\"fas fa-long-arrow-alt-right\" aria-hidden=\"true\"><\/i><a href=\"https:\/\/www.carrefourfga.ca\/ticfga\/aprescours\/les-devoirs\/\"><\/a><\/div><div class=\"eael-entry-thumbnail \">\n                                <img decoding=\"async\" width=\"250\" height=\"132\" src=\"https:\/\/www.carrefourfga.ca\/ticfga\/aprescours\/wp-content\/uploads\/sites\/2\/2020\/11\/Logo-cours-Moodlemini.png\" class=\"attachment-medium size-medium wp-image-8671\" alt=\"\" \/>\n                              <\/div>\n                      <\/div><div class=\"eael-entry-wrapper\"><header class=\"eael-entry-header\"><h2 class=\"eael-entry-title\"><a\n                                    class=\"eael-grid-post-link\"\n                                    href=\"https:\/\/www.carrefourfga.ca\/ticfga\/aprescours\/les-devoirs\/\"\n                                    title=\"Les devoirs\">Les devoirs<\/a><\/h2><\/header><div class=\"eael-entry-content\">\n                                    <div class=\"eael-grid-post-excerpt\"><p>Les devoirs: param\u00e8tres g\u00e9n\u00e9raux, disponibilit\u00e9 des devoirs et types de...<\/p><a\n                                        href=\"https:\/\/www.carrefourfga.ca\/ticfga\/aprescours\/les-devoirs\/\"\n                                        class=\"eael-post-elements-readmore-btn\">Consulter l'article<\/a><\/div>\n                                <\/div><div class=\"eael-entry-header-after style-two\"><div class=\"eael-entry-meta\"><span class=\"eael-meta-posted-on\"><i class=\"far fa-clock\"><\/i><time datetime=\"24 novembre 2020\">24 novembre 2020<\/time><\/span><\/div><\/div><\/div><\/div>\n        <\/div>\n    <\/article><article class=\"eael-grid-post eael-post-grid-column\" data-id=\"8718\">\n        <div class=\"eael-grid-post-holder\">\n            <div class=\"eael-grid-post-holder-inner\"><div class=\"eael-entry-media\"><div class=\"eael-entry-overlay fade-in\"><i class=\"fas fa-long-arrow-alt-right\" aria-hidden=\"true\"><\/i><a href=\"https:\/\/www.carrefourfga.ca\/ticfga\/aprescours\/les-tests-et-le-questionnaires\/\"><\/a><\/div><div class=\"eael-entry-thumbnail \">\n                                <img decoding=\"async\" width=\"250\" height=\"132\" src=\"https:\/\/www.carrefourfga.ca\/ticfga\/aprescours\/wp-content\/uploads\/sites\/2\/2020\/11\/Logo-cours-Moodlemini.png\" class=\"attachment-medium size-medium wp-image-8671\" alt=\"\" \/>\n                              <\/div>\n                      <\/div><div class=\"eael-entry-wrapper\"><header class=\"eael-entry-header\"><h2 class=\"eael-entry-title\"><a\n                                    class=\"eael-grid-post-link\"\n                                    href=\"https:\/\/www.carrefourfga.ca\/ticfga\/aprescours\/les-tests-et-le-questionnaires\/\"\n                                    title=\"Les tests et le questionnaires\">Les tests et le questionnaires<\/a><\/h2><\/header><div class=\"eael-entry-content\">\n                                    <div class=\"eael-grid-post-excerpt\"><p>Les tests et le questionnaires: les questionnaires (survol), Cr\u00e9er un...<\/p><a\n                                        href=\"https:\/\/www.carrefourfga.ca\/ticfga\/aprescours\/les-tests-et-le-questionnaires\/\"\n                                        class=\"eael-post-elements-readmore-btn\">Consulter l'article<\/a><\/div>\n                                <\/div><div class=\"eael-entry-header-after style-two\"><div class=\"eael-entry-meta\"><span class=\"eael-meta-posted-on\"><i class=\"far fa-clock\"><\/i><time datetime=\"24 novembre 2020\">24 novembre 2020<\/time><\/span><\/div><\/div><\/div><\/div>\n        <\/div>\n    <\/article><article class=\"eael-grid-post eael-post-grid-column\" data-id=\"8723\">\n        <div class=\"eael-grid-post-holder\">\n            <div class=\"eael-grid-post-holder-inner\"><div class=\"eael-entry-media\"><div class=\"eael-entry-overlay fade-in\"><i class=\"fas fa-long-arrow-alt-right\" aria-hidden=\"true\"><\/i><a href=\"https:\/\/www.carrefourfga.ca\/ticfga\/aprescours\/les-activites-interactives-h5p\/\"><\/a><\/div><div class=\"eael-entry-thumbnail \">\n                                <img decoding=\"async\" width=\"250\" height=\"132\" src=\"https:\/\/www.carrefourfga.ca\/ticfga\/aprescours\/wp-content\/uploads\/sites\/2\/2020\/11\/Logo-cours-Moodlemini.png\" class=\"attachment-medium size-medium wp-image-8671\" alt=\"\" \/>\n                              <\/div>\n                      <\/div><div class=\"eael-entry-wrapper\"><header class=\"eael-entry-header\"><h2 class=\"eael-entry-title\"><a\n                                    class=\"eael-grid-post-link\"\n                                    href=\"https:\/\/www.carrefourfga.ca\/ticfga\/aprescours\/les-activites-interactives-h5p\/\"\n                                    title=\"Les activit\u00e9s interactives H5P\">Les activit\u00e9s interactives H5P<\/a><\/h2><\/header><div class=\"eael-entry-content\">\n                                    <div class=\"eael-grid-post-excerpt\"><p>Les activit\u00e9s interactives H5P .<\/p><a\n                                        href=\"https:\/\/www.carrefourfga.ca\/ticfga\/aprescours\/les-activites-interactives-h5p\/\"\n                                        class=\"eael-post-elements-readmore-btn\">Consulter l'article<\/a><\/div>\n                                <\/div><div class=\"eael-entry-header-after style-two\"><div class=\"eael-entry-meta\"><span class=\"eael-meta-posted-on\"><i class=\"far fa-clock\"><\/i><time datetime=\"24 novembre 2020\">24 novembre 2020<\/time><\/span><\/div><\/div><\/div><\/div>\n        <\/div>\n    <\/article><article class=\"eael-grid-post eael-post-grid-column\" data-id=\"8726\">\n        <div class=\"eael-grid-post-holder\">\n            <div class=\"eael-grid-post-holder-inner\"><div class=\"eael-entry-media\"><div class=\"eael-entry-overlay fade-in\"><i class=\"fas fa-long-arrow-alt-right\" aria-hidden=\"true\"><\/i><a href=\"https:\/\/www.carrefourfga.ca\/ticfga\/aprescours\/gerer-les-utilisateurs\/\"><\/a><\/div><div class=\"eael-entry-thumbnail \">\n                                <img decoding=\"async\" width=\"250\" height=\"132\" src=\"https:\/\/www.carrefourfga.ca\/ticfga\/aprescours\/wp-content\/uploads\/sites\/2\/2020\/11\/Logo-cours-Moodlemini.png\" class=\"attachment-medium size-medium wp-image-8671\" alt=\"\" \/>\n                              <\/div>\n                      <\/div><div class=\"eael-entry-wrapper\"><header class=\"eael-entry-header\"><h2 class=\"eael-entry-title\"><a\n                                    class=\"eael-grid-post-link\"\n                                    href=\"https:\/\/www.carrefourfga.ca\/ticfga\/aprescours\/gerer-les-utilisateurs\/\"\n                                    title=\"G\u00e9rer les utilisateurs\">G\u00e9rer les utilisateurs<\/a><\/h2><\/header><div class=\"eael-entry-content\">\n                                    <div class=\"eael-grid-post-excerpt\"><p>G\u00e9rer les utilisateurs: inscrire des participants et les bases du...<\/p><a\n                                        href=\"https:\/\/www.carrefourfga.ca\/ticfga\/aprescours\/gerer-les-utilisateurs\/\"\n                                        class=\"eael-post-elements-readmore-btn\">Consulter l'article<\/a><\/div>\n                                <\/div><div class=\"eael-entry-header-after style-two\"><div class=\"eael-entry-meta\"><span class=\"eael-meta-posted-on\"><i class=\"far fa-clock\"><\/i><time datetime=\"24 novembre 2020\">24 novembre 2020<\/time><\/span><\/div><\/div><\/div><\/div>\n        <\/div>\n    <\/article><\/div>\n            <div class=\"clearfix\"><\/div>\n        <\/div>\t\t<\/div>\n\t\t\t\t<\/div>\n\t\t\t\t\t<\/div>\n\t\t<\/div>\n\t\t\t\t\t<\/div>\n\t\t<\/section>\n\t\t\t\t<\/div>\n\t\t","protected":false},"excerpt":{"rendered":"<p>Guillaume Poulin, du service r\u00e9gional du R\u00c9CIT FGA en Estrie, a r\u00e9alis\u00e9 une s\u00e9rie de courtes capsules permettant de cr\u00e9er un cours sur Moodle. Le cours original se trouve sur Moodle FGA et il nous a gracieusement permis de reprendre le contenu vid\u00e9o. Introduction au cours Moodle Contenu du cours \u00abCr\u00e9ation d\u2019un cours Moodle\u00bb. Consulter l&rsquo;article Demander la cr\u00e9ation d\u2019une cours sur Moodle FGA Comment demander la cr\u00e9ation d\u2019un cours sur Moodle FGA. Consulter l&rsquo;article \u00c9diter un cours \u00c9diter un cours Moodle: l\u2019interface, le mode \u00e9dition et l\u2019\u00e9diteur&#8230; Consulter l&rsquo;article Param\u00e9trer un cours Param\u00e9trer un cours Moodle: param\u00e8tres g\u00e9n\u00e9raux, les formats de cours&#8230; Consulter l&rsquo;article Les activit\u00e9s et ressources Les activit\u00e9s et ressources: survol des activit\u00e9s et ressources, restreindre&#8230; Consulter l&rsquo;article Les devoirs Les devoirs: param\u00e8tres g\u00e9n\u00e9raux, disponibilit\u00e9 des devoirs et types de&#8230; Consulter l&rsquo;article Les tests et le questionnaires Les tests et le questionnaires: les questionnaires (survol), Cr\u00e9er un&#8230; Consulter l&rsquo;article Les activit\u00e9s interactives H5P Les activit\u00e9s interactives H5P . Consulter l&rsquo;article G\u00e9rer les utilisateurs G\u00e9rer les utilisateurs: inscrire des participants et les bases du&#8230; Consulter l&rsquo;article<\/p>\n","protected":false},"author":6,"featured_media":0,"parent":0,"menu_order":0,"comment_status":"closed","ping_status":"closed","template":"","meta":{"footnotes":""},"class_list":["post-8666","page","type-page","status-publish","hentry"],"_links":{"self":[{"href":"https:\/\/www.carrefourfga.ca\/ticfga\/aprescours\/wp-json\/wp\/v2\/pages\/8666"}],"collection":[{"href":"https:\/\/www.carrefourfga.ca\/ticfga\/aprescours\/wp-json\/wp\/v2\/pages"}],"about":[{"href":"https:\/\/www.carrefourfga.ca\/ticfga\/aprescours\/wp-json\/wp\/v2\/types\/page"}],"author":[{"embeddable":true,"href":"https:\/\/www.carrefourfga.ca\/ticfga\/aprescours\/wp-json\/wp\/v2\/users\/6"}],"replies":[{"embeddable":true,"href":"https:\/\/www.carrefourfga.ca\/ticfga\/aprescours\/wp-json\/wp\/v2\/comments?post=8666"}],"version-history":[{"count":0,"href":"https:\/\/www.carrefourfga.ca\/ticfga\/aprescours\/wp-json\/wp\/v2\/pages\/8666\/revisions"}],"wp:attachment":[{"href":"https:\/\/www.carrefourfga.ca\/ticfga\/aprescours\/wp-json\/wp\/v2\/media?parent=8666"}],"curies":[{"name":"wp","href":"https:\/\/api.w.org\/{rel}","templated":true}]}}