{"id":8424,"date":"2020-10-21T08:35:48","date_gmt":"2020-10-21T12:35:48","guid":{"rendered":"https:\/\/www.carrefourfga.ca\/ticfga\/aprescours\/?page_id=8424"},"modified":"2024-09-11T10:37:54","modified_gmt":"2024-09-11T14:37:54","slug":"communaute-rac-fms","status":"publish","type":"page","link":"https:\/\/www.carrefourfga.ca\/ticfga\/aprescours\/communaute-rac-fms\/","title":{"rendered":"Communaut\u00e9 RAC-FMS"},"content":{"rendered":"\t\t<div data-elementor-type=\"wp-page\" data-elementor-id=\"8424\" class=\"elementor elementor-8424\">\n\t\t\t\t<div class=\"elementor-element elementor-element-a5195c8 e-flex e-con-boxed e-con e-parent\" data-id=\"a5195c8\" data-element_type=\"container\">\n\t\t\t\t\t<div class=\"e-con-inner\">\n\t\t<div class=\"elementor-element elementor-element-64d1134 e-con-full e-flex e-con e-child\" data-id=\"64d1134\" data-element_type=\"container\">\n\t\t<div class=\"elementor-element elementor-element-bd70116 e-flex e-con-boxed e-con e-child\" data-id=\"bd70116\" data-element_type=\"container\">\n\t\t\t\t\t<div class=\"e-con-inner\">\n\t\t\t\t<div class=\"elementor-element elementor-element-f0a8be4 elementor-button-warning elementor-align-justify elementor-widget elementor-widget-button\" data-id=\"f0a8be4\" data-element_type=\"widget\" data-widget_type=\"button.default\">\n\t\t\t\t<div class=\"elementor-widget-container\">\n\t\t\t\t\t<div class=\"elementor-button-wrapper\">\n\t\t\t<a class=\"elementor-button elementor-button-link elementor-size-sm\" href=\"https:\/\/sites.google.com\/cssmi.qc.ca\/apc-fga-fp\/accueil\">\n\t\t\t\t\t\t<span class=\"elementor-button-content-wrapper\">\n\t\t\t\t\t\t\t\t\t<span class=\"elementor-button-text\">Cliquez ici pour acc\u00e9der au nouveau site!<\/span>\n\t\t\t\t\t<\/span>\n\t\t\t\t\t<\/a>\n\t\t<\/div>\n\t\t\t\t<\/div>\n\t\t\t\t<\/div>\n\t\t\t\t<div class=\"elementor-element elementor-element-b74ce1f elementor-widget elementor-widget-image\" data-id=\"b74ce1f\" data-element_type=\"widget\" data-widget_type=\"image.default\">\n\t\t\t\t<div class=\"elementor-widget-container\">\n\t\t\t\t\t\t\t\t\t\t\t\t\t\t<a href=\"https:\/\/sites.google.com\/cssmi.qc.ca\/apc-fga-fp\/accueil\">\n\t\t\t\t\t\t\t<img fetchpriority=\"high\" decoding=\"async\" width=\"812\" height=\"171\" src=\"https:\/\/www.carrefourfga.ca\/ticfga\/aprescours\/wp-content\/uploads\/sites\/2\/2024\/09\/Creer-Photoroom-1024x216.png\" class=\"attachment-large size-large wp-image-18173\" alt=\"\" srcset=\"https:\/\/www.carrefourfga.ca\/ticfga\/aprescours\/wp-content\/uploads\/sites\/2\/2024\/09\/Creer-Photoroom-1024x216.png 1024w, https:\/\/www.carrefourfga.ca\/ticfga\/aprescours\/wp-content\/uploads\/sites\/2\/2024\/09\/Creer-Photoroom-300x63.png 300w, https:\/\/www.carrefourfga.ca\/ticfga\/aprescours\/wp-content\/uploads\/sites\/2\/2024\/09\/Creer-Photoroom-265x56.png 265w, https:\/\/www.carrefourfga.ca\/ticfga\/aprescours\/wp-content\/uploads\/sites\/2\/2024\/09\/Creer-Photoroom-768x162.png 768w, https:\/\/www.carrefourfga.ca\/ticfga\/aprescours\/wp-content\/uploads\/sites\/2\/2024\/09\/Creer-Photoroom.png 1042w\" sizes=\"(max-width: 812px) 100vw, 812px\" \/>\t\t\t\t\t\t\t\t<\/a>\n\t\t\t\t\t\t\t\t\t\t\t\t\t<\/div>\n\t\t\t\t<\/div>\n\t\t\t\t\t<\/div>\n\t\t\t\t<\/div>\n\t\t\t\t<\/div>\n\t\t\t\t<div class=\"elementor-element elementor-element-2c25ee5 elementor-grid-eael-col-4 elementor-grid-tablet-eael-col-2 elementor-grid-mobile-eael-col-1 elementor-widget elementor-widget-eael-post-grid\" data-id=\"2c25ee5\" data-element_type=\"widget\" data-settings=\"{&quot;eael_post_grid_columns&quot;:&quot;eael-col-4&quot;,&quot;eael_post_grid_columns_tablet&quot;:&quot;eael-col-2&quot;,&quot;eael_post_grid_columns_mobile&quot;:&quot;eael-col-1&quot;}\" data-widget_type=\"eael-post-grid.default\">\n\t\t\t\t<div class=\"elementor-widget-container\">\n\t\t\t<div id=\"eael-post-grid-2c25ee5\" class=\"eael-post-grid-container\">\n            <div class=\"eael-post-grid eael-post-appender eael-post-appender-2c25ee5 eael-post-grid-style-two\" data-layout-mode=\"masonry\"><article class=\"eael-grid-post eael-post-grid-column\" data-id=\"17785\">\n        <div class=\"eael-grid-post-holder\">\n            <div class=\"eael-grid-post-holder-inner\"><div class=\"eael-entry-media\"><div class=\"eael-entry-overlay fade-in\"><i class=\"fas fa-long-arrow-alt-right\" aria-hidden=\"true\"><\/i><a href=\"https:\/\/www.carrefourfga.ca\/ticfga\/aprescours\/communaute-rac-fms-7-fevrier-2024\/\"><\/a><\/div><div class=\"eael-entry-thumbnail \">\n                                <img decoding=\"async\" width=\"250\" height=\"141\" src=\"https:\/\/www.carrefourfga.ca\/ticfga\/aprescours\/wp-content\/uploads\/sites\/2\/2020\/11\/CommRAC-FMS_mini2.png\" class=\"attachment-medium size-medium wp-image-8598\" alt=\"\" \/>\n                              <\/div>\n                      <\/div><div class=\"eael-entry-wrapper\"><header class=\"eael-entry-header\"><h2 class=\"eael-entry-title\"><a\n                                    class=\"eael-grid-post-link\"\n                                    href=\"https:\/\/www.carrefourfga.ca\/ticfga\/aprescours\/communaute-rac-fms-7-fevrier-2024\/\"\n                                    title=\"Communaut\u00e9 RAC-FMS, 7 f\u00e9vrier 2024\">Communaut\u00e9 RAC-FMS, 7 f\u00e9vrier 2024<\/a><\/h2><\/header><div class=\"eael-entry-content\">\n                                    <div class=\"eael-grid-post-excerpt\"><p>Consultez l&rsquo;ordre du jour pour prendre connaissance des points discut\u00e9es...<\/p><a\n                                        href=\"https:\/\/www.carrefourfga.ca\/ticfga\/aprescours\/communaute-rac-fms-7-fevrier-2024\/\"\n                                        class=\"eael-post-elements-readmore-btn\">Consulter l'article<\/a><\/div>\n                                <\/div><div class=\"eael-entry-header-after style-two\"><div class=\"eael-entry-meta\"><span class=\"eael-meta-posted-on\"><i class=\"far fa-clock\"><\/i><time datetime=\"7 f\u00e9vrier 2024\">7 f\u00e9vrier 2024<\/time><\/span><\/div><\/div><\/div><\/div>\n        <\/div>\n    <\/article><article class=\"eael-grid-post eael-post-grid-column\" data-id=\"17591\">\n        <div class=\"eael-grid-post-holder\">\n            <div class=\"eael-grid-post-holder-inner\"><div class=\"eael-entry-media\"><div class=\"eael-entry-overlay fade-in\"><i class=\"fas fa-long-arrow-alt-right\" aria-hidden=\"true\"><\/i><a href=\"https:\/\/www.carrefourfga.ca\/ticfga\/aprescours\/communaute-rac-fms-21-decembre-2023\/\"><\/a><\/div><div class=\"eael-entry-thumbnail \">\n                                <img decoding=\"async\" width=\"250\" height=\"141\" src=\"https:\/\/www.carrefourfga.ca\/ticfga\/aprescours\/wp-content\/uploads\/sites\/2\/2020\/11\/CommRAC-FMS_mini2.png\" class=\"attachment-medium size-medium wp-image-8598\" alt=\"\" \/>\n                              <\/div>\n                      <\/div><div class=\"eael-entry-wrapper\"><header class=\"eael-entry-header\"><h2 class=\"eael-entry-title\"><a\n                                    class=\"eael-grid-post-link\"\n                                    href=\"https:\/\/www.carrefourfga.ca\/ticfga\/aprescours\/communaute-rac-fms-21-decembre-2023\/\"\n                                    title=\"Communaut\u00e9 RAC-FMS, 21 d\u00e9cembre 2023\">Communaut\u00e9 RAC-FMS, 21 d\u00e9cembre 2023<\/a><\/h2><\/header><div class=\"eael-entry-content\">\n                                    <div class=\"eael-grid-post-excerpt\"><p>Les participants pr\u00e9sentent l\u2019\u00e9tat de d\u00e9veloppement du m\u00e9canisme de la...<\/p><a\n                                        href=\"https:\/\/www.carrefourfga.ca\/ticfga\/aprescours\/communaute-rac-fms-21-decembre-2023\/\"\n                                        class=\"eael-post-elements-readmore-btn\">Consulter l'article<\/a><\/div>\n                                <\/div><div class=\"eael-entry-header-after style-two\"><div class=\"eael-entry-meta\"><span class=\"eael-meta-posted-on\"><i class=\"far fa-clock\"><\/i><time datetime=\"8 janvier 2024\">8 janvier 2024<\/time><\/span><\/div><\/div><\/div><\/div>\n        <\/div>\n    <\/article><article class=\"eael-grid-post eael-post-grid-column\" data-id=\"17320\">\n        <div class=\"eael-grid-post-holder\">\n            <div class=\"eael-grid-post-holder-inner\"><div class=\"eael-entry-media\"><div class=\"eael-entry-overlay fade-in\"><i class=\"fas fa-long-arrow-alt-right\" aria-hidden=\"true\"><\/i><a href=\"https:\/\/www.carrefourfga.ca\/ticfga\/aprescours\/la-rac-fms-de-a-a-z-9-novembre-2023\/\"><\/a><\/div><div class=\"eael-entry-thumbnail \">\n                                <img decoding=\"async\" width=\"250\" height=\"141\" src=\"https:\/\/www.carrefourfga.ca\/ticfga\/aprescours\/wp-content\/uploads\/sites\/2\/2020\/11\/CommRAC-FMS_mini2.png\" class=\"attachment-medium size-medium wp-image-8598\" alt=\"\" \/>\n                              <\/div>\n                      <\/div><div class=\"eael-entry-wrapper\"><header class=\"eael-entry-header\"><h2 class=\"eael-entry-title\"><a\n                                    class=\"eael-grid-post-link\"\n                                    href=\"https:\/\/www.carrefourfga.ca\/ticfga\/aprescours\/la-rac-fms-de-a-a-z-9-novembre-2023\/\"\n                                    title=\"La RAC-FMS de A \u00e0 Z, 9 novembre 2023\">La RAC-FMS de A \u00e0 Z, 9 novembre 2023<\/a><\/h2><\/header><div class=\"eael-entry-content\">\n                                    <div class=\"eael-grid-post-excerpt\"><p>La reconnaissance des acquis et des comp\u00e9tences pour la formation...<\/p><a\n                                        href=\"https:\/\/www.carrefourfga.ca\/ticfga\/aprescours\/la-rac-fms-de-a-a-z-9-novembre-2023\/\"\n                                        class=\"eael-post-elements-readmore-btn\">Consulter l'article<\/a><\/div>\n                                <\/div><div class=\"eael-entry-header-after style-two\"><div class=\"eael-entry-meta\"><span class=\"eael-meta-posted-on\"><i class=\"far fa-clock\"><\/i><time datetime=\"15 novembre 2023\">15 novembre 2023<\/time><\/span><\/div><\/div><\/div><\/div>\n        <\/div>\n    <\/article><article class=\"eael-grid-post eael-post-grid-column\" data-id=\"16822\">\n        <div class=\"eael-grid-post-holder\">\n            <div class=\"eael-grid-post-holder-inner\"><div class=\"eael-entry-media\"><div class=\"eael-entry-overlay fade-in\"><i class=\"fas fa-long-arrow-alt-right\" aria-hidden=\"true\"><\/i><a href=\"https:\/\/www.carrefourfga.ca\/ticfga\/aprescours\/communaute-rac-fms-5-octobre-2023\/\"><\/a><\/div><div class=\"eael-entry-thumbnail \">\n                                <img decoding=\"async\" width=\"250\" height=\"141\" src=\"https:\/\/www.carrefourfga.ca\/ticfga\/aprescours\/wp-content\/uploads\/sites\/2\/2020\/11\/CommRAC-FMS_mini2.png\" class=\"attachment-medium size-medium wp-image-8598\" alt=\"\" \/>\n                              <\/div>\n                      <\/div><div class=\"eael-entry-wrapper\"><header class=\"eael-entry-header\"><h2 class=\"eael-entry-title\"><a\n                                    class=\"eael-grid-post-link\"\n                                    href=\"https:\/\/www.carrefourfga.ca\/ticfga\/aprescours\/communaute-rac-fms-5-octobre-2023\/\"\n                                    title=\"Communaut\u00e9 RAC-FMS, 5 octobre 2023\">Communaut\u00e9 RAC-FMS, 5 octobre 2023<\/a><\/h2><\/header><div class=\"eael-entry-content\">\n                                    <div class=\"eael-grid-post-excerpt\"><p>Les participants pr\u00e9sentent l\u2019\u00e9tat de d\u00e9veloppement du m\u00e9canisme de la...<\/p><a\n                                        href=\"https:\/\/www.carrefourfga.ca\/ticfga\/aprescours\/communaute-rac-fms-5-octobre-2023\/\"\n                                        class=\"eael-post-elements-readmore-btn\">Consulter l'article<\/a><\/div>\n                                <\/div><div class=\"eael-entry-header-after style-two\"><div class=\"eael-entry-meta\"><span class=\"eael-meta-posted-on\"><i class=\"far fa-clock\"><\/i><time datetime=\"11 octobre 2023\">11 octobre 2023<\/time><\/span><\/div><\/div><\/div><\/div>\n        <\/div>\n    <\/article><\/div>\n            <div class=\"clearfix\"><\/div>\n        <\/div>            <div class=\"eael-load-more-button-wrap\">\n                <button class=\"eael-load-more-button\" id=\"eael-load-more-btn-2c25ee5\" data-widget-id=\"2c25ee5\" data-widget=\"2c25ee5\" data-page-id=\"8424\" data-template=\"{&quot;dir&quot;:&quot;lite&quot;,&quot;file_name&quot;:&quot;default.php&quot;,&quot;name&quot;:&quot;Post-Grid&quot;}\" data-class=\"Essential_Addons_Elementor\\Elements\\Post_Grid\" data-layout=\"masonry\" data-page=\"1\" data-args=\"orderby=date&amp;order=desc&amp;ignore_sticky_posts=1&amp;post_status=publish&amp;posts_per_page=4&amp;offset=0&amp;post_type=post&amp;tax_query%5B0%5D%5Btaxonomy%5D=category&amp;tax_query%5B0%5D%5Bfield%5D=term_id&amp;tax_query%5B0%5D%5Bterms%5D%5B0%5D=302&amp;tax_query%5Brelation%5D=AND\" data-max-page=\"8\">\n                    <span class=\"eael-btn-loader button__loader\"><\/span>\n                    <span class=\"eael_load_more_text\">Voir plus d&#039;articles<\/span>\n                <\/button>\n            <\/div>\n            \t\t<\/div>\n\t\t\t\t<\/div>\n\t\t\t\t\t<\/div>\n\t\t\t\t<\/div>\n\t\t\t\t<\/div>\n\t\t","protected":false},"excerpt":{"rendered":"<p>Cliquez ici pour acc\u00e9der au nouveau site! Communaut\u00e9 RAC-FMS, 7 f\u00e9vrier 2024 Consultez l&rsquo;ordre du jour pour prendre connaissance des points discut\u00e9es&#8230; Consulter l&rsquo;article 7 f\u00e9vrier 2024 Communaut\u00e9 RAC-FMS, 21 d\u00e9cembre 2023 Les participants pr\u00e9sentent l\u2019\u00e9tat de d\u00e9veloppement du m\u00e9canisme de la&#8230; Consulter l&rsquo;article 8 janvier 2024 La RAC-FMS de A \u00e0 Z, 9 novembre 2023 La reconnaissance des acquis et des comp\u00e9tences pour la formation&#8230; Consulter l&rsquo;article 15 novembre 2023 Communaut\u00e9 RAC-FMS, 5 octobre 2023 Les participants pr\u00e9sentent l\u2019\u00e9tat de d\u00e9veloppement du m\u00e9canisme de la&#8230; Consulter l&rsquo;article 11 octobre 2023 Voir plus d&#039;articles<\/p>\n","protected":false},"author":6,"featured_media":0,"parent":0,"menu_order":0,"comment_status":"closed","ping_status":"closed","template":"","meta":{"footnotes":""},"class_list":["post-8424","page","type-page","status-publish","hentry"],"_links":{"self":[{"href":"https:\/\/www.carrefourfga.ca\/ticfga\/aprescours\/wp-json\/wp\/v2\/pages\/8424"}],"collection":[{"href":"https:\/\/www.carrefourfga.ca\/ticfga\/aprescours\/wp-json\/wp\/v2\/pages"}],"about":[{"href":"https:\/\/www.carrefourfga.ca\/ticfga\/aprescours\/wp-json\/wp\/v2\/types\/page"}],"author":[{"embeddable":true,"href":"https:\/\/www.carrefourfga.ca\/ticfga\/aprescours\/wp-json\/wp\/v2\/users\/6"}],"replies":[{"embeddable":true,"href":"https:\/\/www.carrefourfga.ca\/ticfga\/aprescours\/wp-json\/wp\/v2\/comments?post=8424"}],"version-history":[{"count":9,"href":"https:\/\/www.carrefourfga.ca\/ticfga\/aprescours\/wp-json\/wp\/v2\/pages\/8424\/revisions"}],"predecessor-version":[{"id":18195,"href":"https:\/\/www.carrefourfga.ca\/ticfga\/aprescours\/wp-json\/wp\/v2\/pages\/8424\/revisions\/18195"}],"wp:attachment":[{"href":"https:\/\/www.carrefourfga.ca\/ticfga\/aprescours\/wp-json\/wp\/v2\/media?parent=8424"}],"curies":[{"name":"wp","href":"https:\/\/api.w.org\/{rel}","templated":true}]}}