{"id":6536,"date":"2019-09-03T15:31:40","date_gmt":"2019-09-03T19:31:40","guid":{"rendered":"https:\/\/www.carrefourfga.ca\/ticfga\/aprescours\/?page_id=6536"},"modified":"2024-01-22T09:38:41","modified_gmt":"2024-01-22T14:38:41","slug":"webinaires","status":"publish","type":"page","link":"https:\/\/www.carrefourfga.ca\/ticfga\/aprescours\/webinaires\/","title":{"rendered":"Webinaires"},"content":{"rendered":"\t\t<div data-elementor-type=\"wp-post\" data-elementor-id=\"6536\" class=\"elementor elementor-6536\">\n\t\t\t\t<div class=\"elementor-element elementor-element-1e5af90 e-flex e-con-boxed e-con e-parent\" data-id=\"1e5af90\" data-element_type=\"container\">\n\t\t\t\t\t<div class=\"e-con-inner\">\n\t\t\t\t<div class=\"elementor-element elementor-element-54786b8 elementor-grid-eael-col-4 elementor-grid-tablet-eael-col-2 elementor-grid-mobile-eael-col-1 elementor-widget elementor-widget-eael-post-grid\" data-id=\"54786b8\" data-element_type=\"widget\" data-settings=\"{&quot;eael_post_grid_columns&quot;:&quot;eael-col-4&quot;,&quot;eael_post_grid_columns_tablet&quot;:&quot;eael-col-2&quot;,&quot;eael_post_grid_columns_mobile&quot;:&quot;eael-col-1&quot;}\" data-widget_type=\"eael-post-grid.default\">\n\t\t\t\t<div class=\"elementor-widget-container\">\n\t\t\t<div id=\"eael-post-grid-54786b8\" class=\"eael-post-grid-container\">\n            <div class=\"eael-post-grid eael-post-appender eael-post-appender-54786b8 eael-post-grid-style-two\" data-layout-mode=\"masonry\"><article class=\"eael-grid-post eael-post-grid-column\" data-id=\"17791\">\n        <div class=\"eael-grid-post-holder\">\n            <div class=\"eael-grid-post-holder-inner\"><div class=\"eael-entry-media\"><div class=\"eael-entry-overlay none\"><i class=\"fas fa-long-arrow-alt-right\" aria-hidden=\"true\"><\/i><a href=\"https:\/\/www.carrefourfga.ca\/ticfga\/aprescours\/webinaire-des-sec-limportance-des-cse-en-education-7-fevrier-2024\/\"><\/a><\/div><div class=\"eael-entry-thumbnail \">\n                                <img decoding=\"async\" width=\"250\" height=\"137\" src=\"https:\/\/www.carrefourfga.ca\/ticfga\/aprescours\/wp-content\/uploads\/sites\/2\/2024\/02\/CSE\u0301-en-e\u0301ducation-mini.png\" class=\"attachment-medium size-medium wp-image-17792\" alt=\"\" \/>\n                              <\/div>\n                      <\/div><div class=\"eael-entry-wrapper\"><header class=\"eael-entry-header\"><h2 class=\"eael-entry-title\"><a\n                                    class=\"eael-grid-post-link\"\n                                    href=\"https:\/\/www.carrefourfga.ca\/ticfga\/aprescours\/webinaire-des-sec-limportance-des-cse-en-education-7-fevrier-2024\/\"\n                                    title=\"Webinaire des S\u00c9C-L&rsquo;importance des CS\u00c9 en \u00e9ducation, 7 f\u00e9vrier 2024\">Webinaire des S\u00c9C-L&rsquo;importance des CS\u00c9 en \u00e9ducation, 7 f\u00e9vrier 2024<\/a><\/h2><\/header><div class=\"eael-entry-content\">\n                                    <div class=\"eael-grid-post-excerpt\"><p>Et si on se servait des \u00e9motions comme levier d\u2019apprentissage...<\/p><a\n                                        href=\"https:\/\/www.carrefourfga.ca\/ticfga\/aprescours\/webinaire-des-sec-limportance-des-cse-en-education-7-fevrier-2024\/\"\n                                        class=\"eael-post-elements-readmore-btn\">Consulter l'article<\/a><\/div>\n                                <\/div><div class=\"eael-entry-header-after style-two\"><div class=\"eael-entry-meta\"><span class=\"eael-meta-posted-on\"><i class=\"far fa-clock\"><\/i><time datetime=\"7 f\u00e9vrier 2024\">7 f\u00e9vrier 2024<\/time><\/span><\/div><\/div><\/div><\/div>\n        <\/div>\n    <\/article><article class=\"eael-grid-post eael-post-grid-column\" data-id=\"17735\">\n        <div class=\"eael-grid-post-holder\">\n            <div class=\"eael-grid-post-holder-inner\"><div class=\"eael-entry-media\"><div class=\"eael-entry-overlay none\"><i class=\"fas fa-long-arrow-alt-right\" aria-hidden=\"true\"><\/i><a href=\"https:\/\/www.carrefourfga.ca\/ticfga\/aprescours\/webinaire-sarca-la-contribution-des-sarca-pour-lepanouissement-de-leleve-un-eclairage-de-la-sante-publique-30-janvier-2024\/\"><\/a><\/div><div class=\"eael-entry-thumbnail \">\n                                <img fetchpriority=\"high\" decoding=\"async\" width=\"250\" height=\"250\" src=\"https:\/\/www.carrefourfga.ca\/ticfga\/aprescours\/wp-content\/uploads\/sites\/2\/2024\/01\/WEBINAIRE-SARCA-2024-30-janvier-mini.jpg\" class=\"attachment-medium size-medium wp-image-17742\" alt=\"\" srcset=\"https:\/\/www.carrefourfga.ca\/ticfga\/aprescours\/wp-content\/uploads\/sites\/2\/2024\/01\/WEBINAIRE-SARCA-2024-30-janvier-mini.jpg 250w, https:\/\/www.carrefourfga.ca\/ticfga\/aprescours\/wp-content\/uploads\/sites\/2\/2024\/01\/WEBINAIRE-SARCA-2024-30-janvier-mini-149x149.jpg 149w\" sizes=\"(max-width: 250px) 100vw, 250px\" \/>\n                              <\/div>\n                      <\/div><div class=\"eael-entry-wrapper\"><header class=\"eael-entry-header\"><h2 class=\"eael-entry-title\"><a\n                                    class=\"eael-grid-post-link\"\n                                    href=\"https:\/\/www.carrefourfga.ca\/ticfga\/aprescours\/webinaire-sarca-la-contribution-des-sarca-pour-lepanouissement-de-leleve-un-eclairage-de-la-sante-publique-30-janvier-2024\/\"\n                                    title=\"Webinaire SARCA: La contribution des SARCA pour l&rsquo;\u00e9panouissement de l&rsquo;\u00e9l\u00e8ve: un \u00e9clairage de la sant\u00e9 publique, 30 janvier 2024\">Webinaire SARCA: La contribution des SARCA pour l&rsquo;\u00e9panouissement de l&rsquo;\u00e9l\u00e8ve: un \u00e9clairage de la sant\u00e9 publique, 30 janvier 2024<\/a><\/h2><\/header><div class=\"eael-entry-content\">\n                                    <div class=\"eael-grid-post-excerpt\"><p>La contribution des SARCA pour l&rsquo;\u00e9panouissement de l&rsquo;\u00e9l\u00e8ve: un \u00e9clairage...<\/p><a\n                                        href=\"https:\/\/www.carrefourfga.ca\/ticfga\/aprescours\/webinaire-sarca-la-contribution-des-sarca-pour-lepanouissement-de-leleve-un-eclairage-de-la-sante-publique-30-janvier-2024\/\"\n                                        class=\"eael-post-elements-readmore-btn\">Consulter l'article<\/a><\/div>\n                                <\/div><div class=\"eael-entry-header-after style-two\"><div class=\"eael-entry-meta\"><span class=\"eael-meta-posted-on\"><i class=\"far fa-clock\"><\/i><time datetime=\"1 f\u00e9vrier 2024\">1 f\u00e9vrier 2024<\/time><\/span><\/div><\/div><\/div><\/div>\n        <\/div>\n    <\/article><article class=\"eael-grid-post eael-post-grid-column\" data-id=\"17663\">\n        <div class=\"eael-grid-post-holder\">\n            <div class=\"eael-grid-post-holder-inner\"><div class=\"eael-entry-media\"><div class=\"eael-entry-overlay none\"><i class=\"fas fa-long-arrow-alt-right\" aria-hidden=\"true\"><\/i><a href=\"https:\/\/www.carrefourfga.ca\/ticfga\/aprescours\/fnm-soutenir-le-developpement-de-la-competence-a-resoudre-des-taches-complexes-en-fbd\/\"><\/a><\/div><div class=\"eael-entry-thumbnail \">\n                                <img decoding=\"async\" width=\"250\" height=\"141\" src=\"https:\/\/www.carrefourfga.ca\/ticfga\/aprescours\/wp-content\/uploads\/sites\/2\/2024\/01\/FNM-18-janvier.png\" class=\"attachment-medium size-medium wp-image-17664\" alt=\"\" \/>\n                              <\/div>\n                      <\/div><div class=\"eael-entry-wrapper\"><header class=\"eael-entry-header\"><h2 class=\"eael-entry-title\"><a\n                                    class=\"eael-grid-post-link\"\n                                    href=\"https:\/\/www.carrefourfga.ca\/ticfga\/aprescours\/fnm-soutenir-le-developpement-de-la-competence-a-resoudre-des-taches-complexes-en-fbd\/\"\n                                    title=\"FNM | Soutenir le d\u00e9veloppement de la comp\u00e9tence \u00e0 r\u00e9soudre des t\u00e2ches complexes en FBD\">FNM | Soutenir le d\u00e9veloppement de la comp\u00e9tence \u00e0 r\u00e9soudre des t\u00e2ches complexes en FBD<\/a><\/h2><\/header><div class=\"eael-entry-content\">\n                                    <div class=\"eael-grid-post-excerpt\"><p>A-t-on r\u00e9ellement besoin d&rsquo;une \u00e9preuve unique de fin de cours...<\/p><a\n                                        href=\"https:\/\/www.carrefourfga.ca\/ticfga\/aprescours\/fnm-soutenir-le-developpement-de-la-competence-a-resoudre-des-taches-complexes-en-fbd\/\"\n                                        class=\"eael-post-elements-readmore-btn\">Consulter l'article<\/a><\/div>\n                                <\/div><div class=\"eael-entry-header-after style-two\"><div class=\"eael-entry-meta\"><span class=\"eael-meta-posted-on\"><i class=\"far fa-clock\"><\/i><time datetime=\"22 janvier 2024\">22 janvier 2024<\/time><\/span><\/div><\/div><\/div><\/div>\n        <\/div>\n    <\/article><article class=\"eael-grid-post eael-post-grid-column\" data-id=\"17649\">\n        <div class=\"eael-grid-post-holder\">\n            <div class=\"eael-grid-post-holder-inner\"><div class=\"eael-entry-media\"><div class=\"eael-entry-overlay none\"><i class=\"fas fa-long-arrow-alt-right\" aria-hidden=\"true\"><\/i><a href=\"https:\/\/www.carrefourfga.ca\/ticfga\/aprescours\/webinaire-des-sec-bien-etre-et-diversite-humaine-16-janvier-2024\/\"><\/a><\/div><div class=\"eael-entry-thumbnail \">\n                                <img loading=\"lazy\" decoding=\"async\" width=\"250\" height=\"141\" src=\"https:\/\/www.carrefourfga.ca\/ticfga\/aprescours\/wp-content\/uploads\/sites\/2\/2024\/01\/Bien-e\u0302tre-mini.png\" class=\"attachment-medium size-medium wp-image-17650\" alt=\"\" \/>\n                              <\/div>\n                      <\/div><div class=\"eael-entry-wrapper\"><header class=\"eael-entry-header\"><h2 class=\"eael-entry-title\"><a\n                                    class=\"eael-grid-post-link\"\n                                    href=\"https:\/\/www.carrefourfga.ca\/ticfga\/aprescours\/webinaire-des-sec-bien-etre-et-diversite-humaine-16-janvier-2024\/\"\n                                    title=\"Webinaire des S\u00c9C &#8211; Bien-\u00eatre et diversit\u00e9 humaine, 16 janvier 2024\">Webinaire des S\u00c9C &#8211; Bien-\u00eatre et diversit\u00e9 humaine, 16 janvier 2024<\/a><\/h2><\/header><div class=\"eael-entry-content\">\n                                    <div class=\"eael-grid-post-excerpt\"><p>Consid\u00e9ration de la diversit\u00e9 humaine des personnes apprenantes des C\u00c9A...<\/p><a\n                                        href=\"https:\/\/www.carrefourfga.ca\/ticfga\/aprescours\/webinaire-des-sec-bien-etre-et-diversite-humaine-16-janvier-2024\/\"\n                                        class=\"eael-post-elements-readmore-btn\">Consulter l'article<\/a><\/div>\n                                <\/div><div class=\"eael-entry-header-after style-two\"><div class=\"eael-entry-meta\"><span class=\"eael-meta-posted-on\"><i class=\"far fa-clock\"><\/i><time datetime=\"17 janvier 2024\">17 janvier 2024<\/time><\/span><\/div><\/div><\/div><\/div>\n        <\/div>\n    <\/article><\/div>\n            <div class=\"clearfix\"><\/div>\n        <\/div>            <div class=\"eael-load-more-button-wrap\">\n                <button class=\"eael-load-more-button\" id=\"eael-load-more-btn-54786b8\" data-widget-id=\"54786b8\" data-widget=\"54786b8\" data-page-id=\"6536\" data-template=\"{&quot;dir&quot;:&quot;lite&quot;,&quot;file_name&quot;:&quot;default.php&quot;,&quot;name&quot;:&quot;Post-Grid&quot;}\" data-class=\"Essential_Addons_Elementor\\Elements\\Post_Grid\" data-layout=\"masonry\" data-page=\"1\" data-args=\"orderby=date&amp;order=desc&amp;ignore_sticky_posts=1&amp;post_status=publish&amp;posts_per_page=4&amp;offset=0&amp;post_type=post&amp;tax_query%5B0%5D%5Btaxonomy%5D=category&amp;tax_query%5B0%5D%5Bfield%5D=term_id&amp;tax_query%5B0%5D%5Bterms%5D%5B0%5D=198&amp;tax_query%5Brelation%5D=AND\" data-max-page=\"38\">\n                    <span class=\"eael-btn-loader button__loader\"><\/span>\n                    <span class=\"eael_load_more_text\">Voir plus d&#039;articles<\/span>\n                <\/button>\n            <\/div>\n            \t\t<\/div>\n\t\t\t\t<\/div>\n\t\t\t\t\t<\/div>\n\t\t\t\t<\/div>\n\t\t\t\t<\/div>\n\t\t","protected":false},"excerpt":{"rendered":"<p>Webinaire des S\u00c9C &#8211; Bien-\u00eatre et diversit\u00e9 humaine, 16 janvier 2024 Consid\u00e9ration de la diversit\u00e9 humaine des personnes apprenantes des C\u00c9A&#8230; Consulter l&rsquo;article FNM | Soutenir l\u2019apprentissage des strat\u00e9gies de lecture en math\u00e9matique pour les \u00e9l\u00e8ves en FBC, 7 d\u00e9cembre 2023 L\u2019approche par comp\u00e9tence am\u00e8ne son lot de d\u00e9fis en mati\u00e8re&#8230; Consulter l&rsquo;article Projet \u00c9panouir \u2013 Promotion de la sant\u00e9 mentale positive en contexte scolaire, 26 octobre 2023 Le projet \u00c9panouir est un projet de sant\u00e9 mentale positive&#8230; Consulter l&rsquo;article Webinaire des S\u00c9C &#8211; Transition r\u00e9ussie : besoins et strat\u00e9gies gagnantes, une perspective des \u00e9l\u00e8ves, 28 novembre 2023 Les Services \u00e9ducatifs compl\u00e9mentaires pr\u00e9sentent: les transitions \u00e0 l&rsquo;\u00e9cole: besoins&#8230; Consulter l&rsquo;article Voir plus d&#039;articles<\/p>\n","protected":false},"author":6,"featured_media":0,"parent":0,"menu_order":0,"comment_status":"closed","ping_status":"closed","template":"","meta":{"footnotes":""},"class_list":["post-6536","page","type-page","status-publish","hentry"],"_links":{"self":[{"href":"https:\/\/www.carrefourfga.ca\/ticfga\/aprescours\/wp-json\/wp\/v2\/pages\/6536"}],"collection":[{"href":"https:\/\/www.carrefourfga.ca\/ticfga\/aprescours\/wp-json\/wp\/v2\/pages"}],"about":[{"href":"https:\/\/www.carrefourfga.ca\/ticfga\/aprescours\/wp-json\/wp\/v2\/types\/page"}],"author":[{"embeddable":true,"href":"https:\/\/www.carrefourfga.ca\/ticfga\/aprescours\/wp-json\/wp\/v2\/users\/6"}],"replies":[{"embeddable":true,"href":"https:\/\/www.carrefourfga.ca\/ticfga\/aprescours\/wp-json\/wp\/v2\/comments?post=6536"}],"version-history":[{"count":9,"href":"https:\/\/www.carrefourfga.ca\/ticfga\/aprescours\/wp-json\/wp\/v2\/pages\/6536\/revisions"}],"predecessor-version":[{"id":17674,"href":"https:\/\/www.carrefourfga.ca\/ticfga\/aprescours\/wp-json\/wp\/v2\/pages\/6536\/revisions\/17674"}],"wp:attachment":[{"href":"https:\/\/www.carrefourfga.ca\/ticfga\/aprescours\/wp-json\/wp\/v2\/media?parent=6536"}],"curies":[{"name":"wp","href":"https:\/\/api.w.org\/{rel}","templated":true}]}}