{"id":6319,"date":"2019-08-20T17:09:01","date_gmt":"2019-08-20T21:09:01","guid":{"rendered":"https:\/\/www.carrefourfga.ca\/ticfga\/aprescours\/?page_id=6319"},"modified":"2024-09-11T11:14:28","modified_gmt":"2024-09-11T15:14:28","slug":"communaute-science-et-technologie","status":"publish","type":"page","link":"https:\/\/www.carrefourfga.ca\/ticfga\/aprescours\/communaute-science-et-technologie\/","title":{"rendered":"Communaut\u00e9 Science et Technologie"},"content":{"rendered":"\t\t<div data-elementor-type=\"wp-post\" data-elementor-id=\"6319\" class=\"elementor elementor-6319\">\n\t\t\t\t<div class=\"elementor-element elementor-element-e690398 e-flex e-con-boxed e-con e-parent\" data-id=\"e690398\" data-element_type=\"container\">\n\t\t\t\t\t<div class=\"e-con-inner\">\n\t\t<div class=\"elementor-element elementor-element-bed400c e-con-full e-flex e-con e-child\" data-id=\"bed400c\" data-element_type=\"container\">\n\t\t<div class=\"elementor-element elementor-element-eb1f663 e-con-full e-flex e-con e-child\" data-id=\"eb1f663\" data-element_type=\"container\">\n\t\t\t\t<div class=\"elementor-element elementor-element-20d0b90 elementor-button-warning elementor-align-justify elementor-widget elementor-widget-button\" data-id=\"20d0b90\" data-element_type=\"widget\" data-widget_type=\"button.default\">\n\t\t\t\t<div class=\"elementor-widget-container\">\n\t\t\t\t\t<div class=\"elementor-button-wrapper\">\n\t\t\t<a class=\"elementor-button elementor-button-link elementor-size-sm\" href=\"https:\/\/sites.google.com\/cssmi.qc.ca\/apc-fga-fp\/accueil\">\n\t\t\t\t\t\t<span class=\"elementor-button-content-wrapper\">\n\t\t\t\t\t\t\t\t\t<span class=\"elementor-button-text\">Cliquez ici pour acc\u00e9der au nouveau site!<\/span>\n\t\t\t\t\t<\/span>\n\t\t\t\t\t<\/a>\n\t\t<\/div>\n\t\t\t\t<\/div>\n\t\t\t\t<\/div>\n\t\t\t\t<div class=\"elementor-element elementor-element-c8e68a0 elementor-widget elementor-widget-image\" data-id=\"c8e68a0\" data-element_type=\"widget\" data-widget_type=\"image.default\">\n\t\t\t\t<div class=\"elementor-widget-container\">\n\t\t\t\t\t\t\t\t\t\t\t\t\t\t<a href=\"https:\/\/sites.google.com\/cssmi.qc.ca\/apc-fga-fp\/accueil\">\n\t\t\t\t\t\t\t<img fetchpriority=\"high\" decoding=\"async\" width=\"812\" height=\"171\" src=\"https:\/\/www.carrefourfga.ca\/ticfga\/aprescours\/wp-content\/uploads\/sites\/2\/2024\/09\/Creer-Photoroom-1024x216.png\" class=\"attachment-large size-large wp-image-18173\" alt=\"\" srcset=\"https:\/\/www.carrefourfga.ca\/ticfga\/aprescours\/wp-content\/uploads\/sites\/2\/2024\/09\/Creer-Photoroom-1024x216.png 1024w, https:\/\/www.carrefourfga.ca\/ticfga\/aprescours\/wp-content\/uploads\/sites\/2\/2024\/09\/Creer-Photoroom-300x63.png 300w, https:\/\/www.carrefourfga.ca\/ticfga\/aprescours\/wp-content\/uploads\/sites\/2\/2024\/09\/Creer-Photoroom-265x56.png 265w, https:\/\/www.carrefourfga.ca\/ticfga\/aprescours\/wp-content\/uploads\/sites\/2\/2024\/09\/Creer-Photoroom-768x162.png 768w, https:\/\/www.carrefourfga.ca\/ticfga\/aprescours\/wp-content\/uploads\/sites\/2\/2024\/09\/Creer-Photoroom.png 1042w\" sizes=\"(max-width: 812px) 100vw, 812px\" \/>\t\t\t\t\t\t\t\t<\/a>\n\t\t\t\t\t\t\t\t\t\t\t\t\t<\/div>\n\t\t\t\t<\/div>\n\t\t\t\t<\/div>\n\t\t\t\t<\/div>\n\t\t\t\t<div class=\"elementor-element elementor-element-eb74c46 elementor-grid-eael-col-4 elementor-grid-tablet-eael-col-2 elementor-grid-mobile-eael-col-1 elementor-widget elementor-widget-eael-post-grid\" data-id=\"eb74c46\" data-element_type=\"widget\" data-settings=\"{&quot;eael_post_grid_columns&quot;:&quot;eael-col-4&quot;,&quot;eael_post_grid_columns_tablet&quot;:&quot;eael-col-2&quot;,&quot;eael_post_grid_columns_mobile&quot;:&quot;eael-col-1&quot;}\" data-widget_type=\"eael-post-grid.default\">\n\t\t\t\t<div class=\"elementor-widget-container\">\n\t\t\t<div id=\"eael-post-grid-eb74c46\" class=\"eael-post-grid-container\">\n            <div class=\"eael-post-grid eael-post-appender eael-post-appender-eb74c46 eael-post-grid-style-two\" data-layout-mode=\"masonry\"><article class=\"eael-grid-post eael-post-grid-column\" data-id=\"17684\">\n        <div class=\"eael-grid-post-holder\">\n            <div class=\"eael-grid-post-holder-inner\"><div class=\"eael-entry-media\"><div class=\"eael-entry-overlay fade-in\"><i class=\"fas fa-long-arrow-alt-right\" aria-hidden=\"true\"><\/i><a href=\"https:\/\/www.carrefourfga.ca\/ticfga\/aprescours\/communaute-science-et-techno-22-janvier-2024\/\"><\/a><\/div><div class=\"eael-entry-thumbnail \">\n                                <img decoding=\"async\" width=\"250\" height=\"141\" src=\"https:\/\/www.carrefourfga.ca\/ticfga\/aprescours\/wp-content\/uploads\/sites\/2\/2020\/12\/CommSciences_2_mini.png\" class=\"attachment-medium size-medium wp-image-9045\" alt=\"\" \/>\n                              <\/div>\n                      <\/div><div class=\"eael-entry-wrapper\"><header class=\"eael-entry-header\"><h2 class=\"eael-entry-title\"><a\n                                    class=\"eael-grid-post-link\"\n                                    href=\"https:\/\/www.carrefourfga.ca\/ticfga\/aprescours\/communaute-science-et-techno-22-janvier-2024\/\"\n                                    title=\"Communaut\u00e9 science et techno, 22 janvier 2024\">Communaut\u00e9 science et techno, 22 janvier 2024<\/a><\/h2><\/header><div class=\"eael-entry-content\">\n                                    <div class=\"eael-grid-post-excerpt\"><p>On d\u00e9bute, comme \u00e0 l&rsquo;habitude, avec les nouvelles de la...<\/p><a\n                                        href=\"https:\/\/www.carrefourfga.ca\/ticfga\/aprescours\/communaute-science-et-techno-22-janvier-2024\/\"\n                                        class=\"eael-post-elements-readmore-btn\">Consulter l'article<\/a><\/div>\n                                <\/div><div class=\"eael-entry-header-after style-two\"><div class=\"eael-entry-meta\"><span class=\"eael-meta-posted-on\"><i class=\"far fa-clock\"><\/i><time datetime=\"23 janvier 2024\">23 janvier 2024<\/time><\/span><\/div><\/div><\/div><\/div>\n        <\/div>\n    <\/article><article class=\"eael-grid-post eael-post-grid-column\" data-id=\"17310\">\n        <div class=\"eael-grid-post-holder\">\n            <div class=\"eael-grid-post-holder-inner\"><div class=\"eael-entry-media\"><div class=\"eael-entry-overlay fade-in\"><i class=\"fas fa-long-arrow-alt-right\" aria-hidden=\"true\"><\/i><a href=\"https:\/\/www.carrefourfga.ca\/ticfga\/aprescours\/communaute-science-et-techno-9-novembre-2023\/\"><\/a><\/div><div class=\"eael-entry-thumbnail \">\n                                <img decoding=\"async\" width=\"250\" height=\"141\" src=\"https:\/\/www.carrefourfga.ca\/ticfga\/aprescours\/wp-content\/uploads\/sites\/2\/2020\/12\/CommSciences_2_mini.png\" class=\"attachment-medium size-medium wp-image-9045\" alt=\"\" \/>\n                              <\/div>\n                      <\/div><div class=\"eael-entry-wrapper\"><header class=\"eael-entry-header\"><h2 class=\"eael-entry-title\"><a\n                                    class=\"eael-grid-post-link\"\n                                    href=\"https:\/\/www.carrefourfga.ca\/ticfga\/aprescours\/communaute-science-et-techno-9-novembre-2023\/\"\n                                    title=\"Communaut\u00e9 science et techno, 9 novembre 2023\">Communaut\u00e9 science et techno, 9 novembre 2023<\/a><\/h2><\/header><div class=\"eael-entry-content\">\n                                    <div class=\"eael-grid-post-excerpt\"><p>Lors de cette rencontre, on discute des mises \u00e0 jour...<\/p><a\n                                        href=\"https:\/\/www.carrefourfga.ca\/ticfga\/aprescours\/communaute-science-et-techno-9-novembre-2023\/\"\n                                        class=\"eael-post-elements-readmore-btn\">Consulter l'article<\/a><\/div>\n                                <\/div><div class=\"eael-entry-header-after style-two\"><div class=\"eael-entry-meta\"><span class=\"eael-meta-posted-on\"><i class=\"far fa-clock\"><\/i><time datetime=\"14 novembre 2023\">14 novembre 2023<\/time><\/span><\/div><\/div><\/div><\/div>\n        <\/div>\n    <\/article><article class=\"eael-grid-post eael-post-grid-column\" data-id=\"16662\">\n        <div class=\"eael-grid-post-holder\">\n            <div class=\"eael-grid-post-holder-inner\"><div class=\"eael-entry-media\"><div class=\"eael-entry-overlay fade-in\"><i class=\"fas fa-long-arrow-alt-right\" aria-hidden=\"true\"><\/i><a href=\"https:\/\/www.carrefourfga.ca\/ticfga\/aprescours\/communaute-science-et-techno-25-septembre-2023\/\"><\/a><\/div><div class=\"eael-entry-thumbnail \">\n                                <img decoding=\"async\" width=\"250\" height=\"141\" src=\"https:\/\/www.carrefourfga.ca\/ticfga\/aprescours\/wp-content\/uploads\/sites\/2\/2020\/12\/CommSciences_2_mini.png\" class=\"attachment-medium size-medium wp-image-9045\" alt=\"\" \/>\n                              <\/div>\n                      <\/div><div class=\"eael-entry-wrapper\"><header class=\"eael-entry-header\"><h2 class=\"eael-entry-title\"><a\n                                    class=\"eael-grid-post-link\"\n                                    href=\"https:\/\/www.carrefourfga.ca\/ticfga\/aprescours\/communaute-science-et-techno-25-septembre-2023\/\"\n                                    title=\"Communaut\u00e9 science et techno, 25 septembre 2023\">Communaut\u00e9 science et techno, 25 septembre 2023<\/a><\/h2><\/header><div class=\"eael-entry-content\">\n                                    <div class=\"eael-grid-post-excerpt\"><p>En plus des mises \u00e0 jour des \u00e9valuations par la...<\/p><a\n                                        href=\"https:\/\/www.carrefourfga.ca\/ticfga\/aprescours\/communaute-science-et-techno-25-septembre-2023\/\"\n                                        class=\"eael-post-elements-readmore-btn\">Consulter l'article<\/a><\/div>\n                                <\/div><div class=\"eael-entry-header-after style-two\"><div class=\"eael-entry-meta\"><span class=\"eael-meta-posted-on\"><i class=\"far fa-clock\"><\/i><time datetime=\"27 septembre 2023\">27 septembre 2023<\/time><\/span><\/div><\/div><\/div><\/div>\n        <\/div>\n    <\/article><article class=\"eael-grid-post eael-post-grid-column\" data-id=\"16119\">\n        <div class=\"eael-grid-post-holder\">\n            <div class=\"eael-grid-post-holder-inner\"><div class=\"eael-entry-media\"><div class=\"eael-entry-overlay fade-in\"><i class=\"fas fa-long-arrow-alt-right\" aria-hidden=\"true\"><\/i><a href=\"https:\/\/www.carrefourfga.ca\/ticfga\/aprescours\/communaute-science-et-techno-16-mai-2023\/\"><\/a><\/div><div class=\"eael-entry-thumbnail \">\n                                <img decoding=\"async\" width=\"250\" height=\"141\" src=\"https:\/\/www.carrefourfga.ca\/ticfga\/aprescours\/wp-content\/uploads\/sites\/2\/2020\/12\/CommSciences_2_mini.png\" class=\"attachment-medium size-medium wp-image-9045\" alt=\"\" \/>\n                              <\/div>\n                      <\/div><div class=\"eael-entry-wrapper\"><header class=\"eael-entry-header\"><h2 class=\"eael-entry-title\"><a\n                                    class=\"eael-grid-post-link\"\n                                    href=\"https:\/\/www.carrefourfga.ca\/ticfga\/aprescours\/communaute-science-et-techno-16-mai-2023\/\"\n                                    title=\"Communaut\u00e9 science et techno, 16 mai 2023\">Communaut\u00e9 science et techno, 16 mai 2023<\/a><\/h2><\/header><div class=\"eael-entry-content\">\n                                    <div class=\"eael-grid-post-excerpt\"><p>Au cours de cette derni\u00e8re rencontre, on nous met au...<\/p><a\n                                        href=\"https:\/\/www.carrefourfga.ca\/ticfga\/aprescours\/communaute-science-et-techno-16-mai-2023\/\"\n                                        class=\"eael-post-elements-readmore-btn\">Consulter l'article<\/a><\/div>\n                                <\/div><div class=\"eael-entry-header-after style-two\"><div class=\"eael-entry-meta\"><span class=\"eael-meta-posted-on\"><i class=\"far fa-clock\"><\/i><time datetime=\"18 mai 2023\">18 mai 2023<\/time><\/span><\/div><\/div><\/div><\/div>\n        <\/div>\n    <\/article><\/div>\n            <div class=\"clearfix\"><\/div>\n        <\/div>            <div class=\"eael-load-more-button-wrap\">\n                <button class=\"eael-load-more-button\" id=\"eael-load-more-btn-eb74c46\" data-widget-id=\"eb74c46\" data-widget=\"eb74c46\" data-page-id=\"6319\" data-template=\"{&quot;dir&quot;:&quot;lite&quot;,&quot;file_name&quot;:&quot;default.php&quot;,&quot;name&quot;:&quot;Post-Grid&quot;}\" data-class=\"Essential_Addons_Elementor\\Elements\\Post_Grid\" data-layout=\"masonry\" data-page=\"1\" data-args=\"orderby=date&amp;order=desc&amp;ignore_sticky_posts=1&amp;post_status=publish&amp;posts_per_page=4&amp;offset=0&amp;post_type=post&amp;tax_query%5B0%5D%5Btaxonomy%5D=category&amp;tax_query%5B0%5D%5Bfield%5D=term_id&amp;tax_query%5B0%5D%5Bterms%5D%5B0%5D=112&amp;tax_query%5Brelation%5D=AND\" data-max-page=\"23\">\n                    <span class=\"eael-btn-loader button__loader\"><\/span>\n                    <span class=\"eael_load_more_text\">Voir plus d&#039;articles<\/span>\n                <\/button>\n            <\/div>\n            \t\t<\/div>\n\t\t\t\t<\/div>\n\t\t\t\t\t<\/div>\n\t\t\t\t<\/div>\n\t\t\t\t<\/div>\n\t\t","protected":false},"excerpt":{"rendered":"<p>Cliquez ici pour acc\u00e9der au nouveau site! Communaut\u00e9 science et techno, 22 janvier 2024 On d\u00e9bute, comme \u00e0 l&rsquo;habitude, avec les nouvelles de la&#8230; Consulter l&rsquo;article 23 janvier 2024 Communaut\u00e9 science et techno, 9 novembre 2023 Lors de cette rencontre, on discute des mises \u00e0 jour&#8230; Consulter l&rsquo;article 14 novembre 2023 Communaut\u00e9 science et techno, 25 septembre 2023 En plus des mises \u00e0 jour des \u00e9valuations par la&#8230; Consulter l&rsquo;article 27 septembre 2023 Communaut\u00e9 science et techno, 16 mai 2023 Au cours de cette derni\u00e8re rencontre, on nous met au&#8230; Consulter l&rsquo;article 18 mai 2023 Voir plus d&#039;articles<\/p>\n","protected":false},"author":6,"featured_media":0,"parent":0,"menu_order":0,"comment_status":"closed","ping_status":"closed","template":"","meta":{"footnotes":""},"class_list":["post-6319","page","type-page","status-publish","hentry"],"_links":{"self":[{"href":"https:\/\/www.carrefourfga.ca\/ticfga\/aprescours\/wp-json\/wp\/v2\/pages\/6319"}],"collection":[{"href":"https:\/\/www.carrefourfga.ca\/ticfga\/aprescours\/wp-json\/wp\/v2\/pages"}],"about":[{"href":"https:\/\/www.carrefourfga.ca\/ticfga\/aprescours\/wp-json\/wp\/v2\/types\/page"}],"author":[{"embeddable":true,"href":"https:\/\/www.carrefourfga.ca\/ticfga\/aprescours\/wp-json\/wp\/v2\/users\/6"}],"replies":[{"embeddable":true,"href":"https:\/\/www.carrefourfga.ca\/ticfga\/aprescours\/wp-json\/wp\/v2\/comments?post=6319"}],"version-history":[{"count":9,"href":"https:\/\/www.carrefourfga.ca\/ticfga\/aprescours\/wp-json\/wp\/v2\/pages\/6319\/revisions"}],"predecessor-version":[{"id":18249,"href":"https:\/\/www.carrefourfga.ca\/ticfga\/aprescours\/wp-json\/wp\/v2\/pages\/6319\/revisions\/18249"}],"wp:attachment":[{"href":"https:\/\/www.carrefourfga.ca\/ticfga\/aprescours\/wp-json\/wp\/v2\/media?parent=6319"}],"curies":[{"name":"wp","href":"https:\/\/api.w.org\/{rel}","templated":true}]}}