{"id":3717,"date":"2016-12-12T14:37:29","date_gmt":"2016-12-12T19:37:29","guid":{"rendered":"https:\/\/www.carrefourfga.ca\/ticfga\/aprescours\/?page_id=3717"},"modified":"2024-09-11T10:51:54","modified_gmt":"2024-09-11T14:51:54","slug":"a-propos-des-apres-cours-fga","status":"publish","type":"page","link":"https:\/\/www.carrefourfga.ca\/ticfga\/aprescours\/a-propos-des-apres-cours-fga\/","title":{"rendered":"\u00c0 propos des ApC"},"content":{"rendered":"\t\t<div data-elementor-type=\"wp-page\" data-elementor-id=\"3717\" class=\"elementor elementor-3717\">\n\t\t\t\t<div class=\"elementor-element elementor-element-cf9365c e-flex e-con-boxed e-con e-parent\" data-id=\"cf9365c\" data-element_type=\"container\">\n\t\t\t\t\t<div class=\"e-con-inner\">\n\t\t<div class=\"elementor-element elementor-element-91071ab e-con-full e-flex e-con e-child\" data-id=\"91071ab\" data-element_type=\"container\">\n\t\t\t\t<div class=\"elementor-element elementor-element-5155df0 elementor-button-warning elementor-align-justify elementor-widget elementor-widget-button\" data-id=\"5155df0\" data-element_type=\"widget\" data-widget_type=\"button.default\">\n\t\t\t\t<div class=\"elementor-widget-container\">\n\t\t\t\t\t<div class=\"elementor-button-wrapper\">\n\t\t\t<a class=\"elementor-button elementor-button-link elementor-size-sm\" href=\"https:\/\/sites.google.com\/cssmi.qc.ca\/apc-fga-fp\/accueil\">\n\t\t\t\t\t\t<span class=\"elementor-button-content-wrapper\">\n\t\t\t\t\t\t\t\t\t<span class=\"elementor-button-text\">Cliquez ici pour acc\u00e9der au nouveau site!<\/span>\n\t\t\t\t\t<\/span>\n\t\t\t\t\t<\/a>\n\t\t<\/div>\n\t\t\t\t<\/div>\n\t\t\t\t<\/div>\n\t\t\t\t<div class=\"elementor-element elementor-element-74012f6 elementor-widget elementor-widget-image\" data-id=\"74012f6\" data-element_type=\"widget\" data-widget_type=\"image.default\">\n\t\t\t\t<div class=\"elementor-widget-container\">\n\t\t\t\t\t\t\t\t\t\t\t\t\t\t<a href=\"https:\/\/sites.google.com\/cssmi.qc.ca\/apc-fga-fp\/accueil\">\n\t\t\t\t\t\t\t<img fetchpriority=\"high\" decoding=\"async\" width=\"812\" height=\"171\" src=\"https:\/\/www.carrefourfga.ca\/ticfga\/aprescours\/wp-content\/uploads\/sites\/2\/2024\/09\/Creer-Photoroom-1024x216.png\" class=\"attachment-large size-large wp-image-18173\" alt=\"\" srcset=\"https:\/\/www.carrefourfga.ca\/ticfga\/aprescours\/wp-content\/uploads\/sites\/2\/2024\/09\/Creer-Photoroom-1024x216.png 1024w, https:\/\/www.carrefourfga.ca\/ticfga\/aprescours\/wp-content\/uploads\/sites\/2\/2024\/09\/Creer-Photoroom-300x63.png 300w, https:\/\/www.carrefourfga.ca\/ticfga\/aprescours\/wp-content\/uploads\/sites\/2\/2024\/09\/Creer-Photoroom-265x56.png 265w, https:\/\/www.carrefourfga.ca\/ticfga\/aprescours\/wp-content\/uploads\/sites\/2\/2024\/09\/Creer-Photoroom-768x162.png 768w, https:\/\/www.carrefourfga.ca\/ticfga\/aprescours\/wp-content\/uploads\/sites\/2\/2024\/09\/Creer-Photoroom.png 1042w\" sizes=\"(max-width: 812px) 100vw, 812px\" \/>\t\t\t\t\t\t\t\t<\/a>\n\t\t\t\t\t\t\t\t\t\t\t\t\t<\/div>\n\t\t\t\t<\/div>\n\t\t\t\t<\/div>\n\t\t\t\t\t<\/div>\n\t\t\t\t<\/div>\n\t\t<div class=\"elementor-element elementor-element-5efdc88c e-flex e-con-boxed e-con e-parent\" data-id=\"5efdc88c\" data-element_type=\"container\">\n\t\t\t\t\t<div class=\"e-con-inner\">\n\t\t\t\t<div class=\"elementor-element elementor-element-4b0e593b elementor-widget elementor-widget-text-editor\" data-id=\"4b0e593b\" data-element_type=\"widget\" data-widget_type=\"text-editor.default\">\n\t\t\t\t<div class=\"elementor-widget-container\">\n\t\t\t\t\t\t\t<h2><b style=\"color: #515151; font-size: 14px; text-align: var(--text-align);\">Les Apr\u00e8s-cours,\u00a0<\/b><b style=\"color: #515151; font-size: 14px; text-align: var(--text-align);\">un espace \u00e0 privil\u00e9gier pour son d\u00e9veloppement professionnel<\/b><\/h2><p><span style=\"font-weight: 400;\">Depuis 2009, la mission des Apr\u00e8s-cours est d\u2019accompagner et de soutenir les acteurs de l&rsquo;\u00e9ducation des adultes dans leur d\u00e9marche de formation continue <\/span><span style=\"font-weight: 400;\">et de viser l\u2019int\u00e9gration du num\u00e9rique dans les diff\u00e9rentes sph\u00e8res de leur travail et le d\u00e9veloppement des comp\u00e9tences des \u00e9l\u00e8ves par l\u2019int\u00e9gration des TIC<\/span><span style=\"font-weight: 400;\">.<\/span><\/p><p><span style=\"font-weight: 400;\">Les activit\u00e9s propos\u00e9es sont de deux types :<\/span><\/p><p><span style=\"font-weight: 400;\">1- <\/span><a href=\"https:\/\/www.carrefourfga.ca\/ticfga\/aprescours\/webinaires\/\"><b>Webinaires<\/b><\/a><\/p><p><span style=\"font-weight: 400;\">R\u00e9unions interactives en visioconf\u00e9rence, g\u00e9n\u00e9ralement dans un but de travail collaboratif ou de formation.<\/span><\/p><p><span style=\"font-weight: 400;\">2- <\/span><a href=\"https:\/\/www.carrefourfga.ca\/ticfga\/aprescours\/les-rencontres-de-communautes\/\"><b>Communaut\u00e9s de partage<\/b><\/a><\/p><p><span style=\"font-weight: 400;\">Rencontres virtuelles planifi\u00e9es regroupant des intervenants ayant les m\u00eames pr\u00e9occupations. Les participants partagent leur expertise et leur documentation afin d\u2019en faire profiter la communaut\u00e9 et de r\u00e9pondre \u00e0 des probl\u00e9matiques de leur milieu. <\/span><\/p><p><span style=\"font-weight: 400;\">25 communaut\u00e9s de partage, anim\u00e9es par des personnes-ressources, sont offertes :<\/span><\/p><ul><li style=\"font-weight: 400;\"><a href=\"https:\/\/www.carrefourfga.ca\/ticfga\/aprescours\/anglais\/\" rel=\"noopener noreferrer\">Anglais langue seconde<\/a><\/li><li style=\"font-weight: 400;\"><a href=\"https:\/\/www.carrefourfga.ca\/ticfga\/aprescours\/conseillance-pedagogique\/\" rel=\"noopener noreferrer\">Conseillance p\u00e9dagogique<\/a><\/li><li><a href=\"https:\/\/www.carrefourfga.ca\/ticfga\/aprescours\/communaute-evr\/\">Engagement vers sa r\u00e9ussite<\/a><\/li><li><a href=\"https:\/\/www.carrefourfga.ca\/ticfga\/aprescours\/communaute-en-milieu-carceral\/\">Enseignement en milieu carc\u00e9ral<\/a><\/li><li style=\"font-weight: 400;\"><a href=\"https:\/\/www.carrefourfga.ca\/ticfga\/aprescours\/formation-a-distance-fad\/\">Formation \u00e0 distance<\/a><\/li><li style=\"font-weight: 400;\"><a href=\"https:\/\/www.carrefourfga.ca\/ticfga\/aprescours\/francais\/\">Fran\u00e7ais langue d\u2019enseignement<\/a><\/li><li style=\"font-weight: 400;\"><a href=\"https:\/\/www.carrefourfga.ca\/ticfga\/aprescours\/francisation-2\/\">Francisation<\/a><\/li><li style=\"font-weight: 400;\"><a href=\"https:\/\/www.carrefourfga.ca\/ticfga\/aprescours\/informatique-3\/\">Informatique<\/a><\/li><li><a href=\"https:\/\/www.carrefourfga.ca\/ticfga\/aprescours\/communaute-integration-socioprofessionnelle\/\">Int\u00e9gration socioprofessionnelle<\/a><\/li><li><a href=\"https:\/\/www.carrefourfga.ca\/ticfga\/aprescours\/intervenants-psychosociaux\/\">Intervenants psychosociaux<\/a><\/li><li style=\"font-weight: 400;\"><a href=\"https:\/\/www.carrefourfga.ca\/ticfga\/aprescours\/communaute-mathematique\/\">Math\u00e9matique<\/a><\/li><li><a href=\"https:\/\/www.carrefourfga.ca\/ticfga\/aprescours\/communaute-orientation-sarca\/\">Orientation-SARCA<\/a><\/li><li style=\"font-weight: 400;\">Orthop\u00e9dagogie, <a href=\"https:\/\/www.carrefourfga.ca\/ticfga\/aprescours\/communaute-orthopedagogie-fp\/\">FP<\/a> et <a href=\"https:\/\/www.carrefourfga.ca\/ticfga\/aprescours\/communaute-orthopedagogie\/\">FGA<\/a><\/li><li><a href=\"https:\/\/www.carrefourfga.ca\/ticfga\/aprescours\/communaute-participation-sociale\/\">Participation sociale<\/a> (Insertion sociale)<\/li><li><a href=\"https:\/\/www.carrefourfga.ca\/ticfga\/aprescours\/communaute-rac-fms\/\">RAC-FMS<\/a><\/li><li style=\"font-weight: 400;\"><a href=\"https:\/\/www.carrefourfga.ca\/ticfga\/aprescours\/communaute-science-et-technologie\/\">Sciences<\/a><\/li><li style=\"font-weight: 400;\"><a href=\"https:\/\/www.carrefourfga.ca\/ticfga\/aprescours\/communaute-univers-social\/\">Univers social<\/a><\/li><\/ul><p><strong>Communaut\u00e9s anglophones<\/strong><\/p><ul><li><a href=\"https:\/\/www.carrefourfga.ca\/ticfga\/aprescours\/anglophone-community\/\">Anglophone Community<\/a><\/li><li><a href=\"https:\/\/www.carrefourfga.ca\/ticfga\/aprescours\/english-language-arts\/\">English, Language Arts<\/a><\/li><li><a href=\"https:\/\/www.carrefourfga.ca\/ticfga\/aprescours\/french-second-language\/\">French, Second Language<\/a><\/li><li><a href=\"https:\/\/www.carrefourfga.ca\/ticfga\/aprescours\/mathematics-community\/\">Mathematics<\/a><\/li><li><a href=\"https:\/\/www.carrefourfga.ca\/ticfga\/aprescours\/science-community\/\">Science Community<\/a><\/li><li><a href=\"https:\/\/www.carrefourfga.ca\/ticfga\/aprescours\/social-integration-community\/\">Social Integration<\/a><\/li><li><a href=\"https:\/\/www.carrefourfga.ca\/ticfga\/aprescours\/social-science-community\/\">Social Science<\/a><\/li><\/ul><p><span style=\"font-weight: 400;\">Les deux types de rencontres sont enregistr\u00e9s et peuvent \u00eatre consult\u00e9es \u00e0 partir du <a href=\"https:\/\/www.carrefourfga.ca\/ticfga\/aprescours\/\">site<\/a> ou de la <a href=\"http:\/\/youtube.com\/c\/LesApr%C3%A8scoursFGA\">cha\u00eene des ApC<\/a>.<\/span><\/p><h2><span style=\"font-weight: 400;\">En direct ou en diff\u00e9r\u00e9, les intervenants en \u00e9ducation des adultes ont un moyen de se d\u00e9velopper professionnellement!<\/span><\/h2><p><span style=\"font-weight: 400;\">Consultez le calendrier<a href=\"https:\/\/www.carrefourfga.ca\/ticfga\/aprescours\/calendrier\/\"> pour conna\u00eetre les activit\u00e9s \u00e0 venir!<\/a><\/span><\/p><p><span style=\"color: #000000;\"><strong>Ce lieu de r\u00e9seautage est rendu possible gr\u00e2ce au soutien financier du MEQ. <\/strong><\/span><\/p>\t\t\t\t\t\t<\/div>\n\t\t\t\t<\/div>\n\t\t\t\t\t<\/div>\n\t\t\t\t<\/div>\n\t\t\t\t<\/div>\n\t\t","protected":false},"excerpt":{"rendered":"<p>Cliquez ici pour acc\u00e9der au nouveau site! Les Apr\u00e8s-cours,\u00a0un espace \u00e0 privil\u00e9gier pour son d\u00e9veloppement professionnel Depuis 2009, la mission des Apr\u00e8s-cours est d\u2019accompagner et de soutenir les acteurs de l&rsquo;\u00e9ducation des adultes dans leur d\u00e9marche de formation continue et de viser l\u2019int\u00e9gration du num\u00e9rique dans les diff\u00e9rentes sph\u00e8res de leur travail et le d\u00e9veloppement des comp\u00e9tences des \u00e9l\u00e8ves par l\u2019int\u00e9gration des TIC. Les activit\u00e9s propos\u00e9es sont de deux types : 1- Webinaires R\u00e9unions interactives en visioconf\u00e9rence, g\u00e9n\u00e9ralement dans un but de travail collaboratif ou de formation. 2- Communaut\u00e9s de partage Rencontres virtuelles planifi\u00e9es regroupant des intervenants ayant les m\u00eames pr\u00e9occupations. Les participants partagent leur expertise et leur documentation afin d\u2019en faire profiter la communaut\u00e9 et de r\u00e9pondre \u00e0 des probl\u00e9matiques de leur milieu. 25 communaut\u00e9s de partage, anim\u00e9es par des personnes-ressources, sont offertes : Anglais langue seconde Conseillance p\u00e9dagogique Engagement vers sa r\u00e9ussite Enseignement en milieu carc\u00e9ral Formation \u00e0 distance Fran\u00e7ais langue d\u2019enseignement Francisation Informatique Int\u00e9gration socioprofessionnelle Intervenants psychosociaux Math\u00e9matique Orientation-SARCA Orthop\u00e9dagogie, FP et FGA Participation sociale (Insertion sociale) RAC-FMS Sciences Univers social Communaut\u00e9s anglophones Anglophone Community English, Language Arts French, Second Language Mathematics Science Community Social Integration Social Science Les deux types de rencontres sont enregistr\u00e9s et peuvent&#8230;<\/p>\n","protected":false},"author":6,"featured_media":0,"parent":0,"menu_order":0,"comment_status":"closed","ping_status":"closed","template":"","meta":{"footnotes":""},"class_list":["post-3717","page","type-page","status-publish","hentry"],"_links":{"self":[{"href":"https:\/\/www.carrefourfga.ca\/ticfga\/aprescours\/wp-json\/wp\/v2\/pages\/3717"}],"collection":[{"href":"https:\/\/www.carrefourfga.ca\/ticfga\/aprescours\/wp-json\/wp\/v2\/pages"}],"about":[{"href":"https:\/\/www.carrefourfga.ca\/ticfga\/aprescours\/wp-json\/wp\/v2\/types\/page"}],"author":[{"embeddable":true,"href":"https:\/\/www.carrefourfga.ca\/ticfga\/aprescours\/wp-json\/wp\/v2\/users\/6"}],"replies":[{"embeddable":true,"href":"https:\/\/www.carrefourfga.ca\/ticfga\/aprescours\/wp-json\/wp\/v2\/comments?post=3717"}],"version-history":[{"count":5,"href":"https:\/\/www.carrefourfga.ca\/ticfga\/aprescours\/wp-json\/wp\/v2\/pages\/3717\/revisions"}],"predecessor-version":[{"id":18201,"href":"https:\/\/www.carrefourfga.ca\/ticfga\/aprescours\/wp-json\/wp\/v2\/pages\/3717\/revisions\/18201"}],"wp:attachment":[{"href":"https:\/\/www.carrefourfga.ca\/ticfga\/aprescours\/wp-json\/wp\/v2\/media?parent=3717"}],"curies":[{"name":"wp","href":"https:\/\/api.w.org\/{rel}","templated":true}]}}