{"id":2727,"date":"2024-01-25T15:38:55","date_gmt":"2024-01-25T20:38:55","guid":{"rendered":"https:\/\/www.carrefourfga.ca\/ticfga\/aprescours\/?page_id=2727"},"modified":"2024-01-25T15:58:30","modified_gmt":"2024-01-25T20:58:30","slug":"calendrier","status":"publish","type":"page","link":"https:\/\/www.carrefourfga.ca\/ticfga\/aprescours\/calendrier\/","title":{"rendered":"Calendrier"},"content":{"rendered":"\t\t<div data-elementor-type=\"wp-post\" data-elementor-id=\"2727\" class=\"elementor elementor-2727\">\n\t\t\t\t\t\t<section class=\"elementor-section elementor-top-section elementor-element elementor-element-36ef8e14 elementor-section-boxed elementor-section-height-default elementor-section-height-default\" data-id=\"36ef8e14\" data-element_type=\"section\">\n\t\t\t\t\t\t<div class=\"elementor-container elementor-column-gap-default\">\n\t\t\t\t\t<div class=\"elementor-column elementor-col-100 elementor-top-column elementor-element elementor-element-389e75a9\" data-id=\"389e75a9\" data-element_type=\"column\">\n\t\t\t<div class=\"elementor-widget-wrap elementor-element-populated\">\n\t\t\t\t\t\t<div class=\"elementor-element elementor-element-625efe41 elementor-widget elementor-widget-text-editor\" data-id=\"625efe41\" data-element_type=\"widget\" data-widget_type=\"text-editor.default\">\n\t\t\t\t<div class=\"elementor-widget-container\">\n\t\t\t\t\t\t\t<p>Voici le calendrier des Apr\u00e8s-cours pour l&rsquo;ann\u00e9e scolaire 2023-2024. Pour assister aux rencontres, rendez-vous sur la <a href=\"https:\/\/www.carrefourfga.ca\/ticfga\/aprescours\">page d&rsquo;accueil<\/a>, cliquez le bouton rouge et vous serez dirig\u00e9 vers la salle de visioconf\u00e9rence.<\/p><p><a href=\"https:\/\/docs.google.com\/document\/d\/1J_otYkvyS6l8ym7stgjxNHFVioBze9LWp0J0jCb_-m4\/edit?usp=sharing\">Voici comment l&rsquo;int\u00e9grer \u00e0 votre propre agenda<\/a> (Google ou Outlook)<\/p>\t\t\t\t\t\t<\/div>\n\t\t\t\t<\/div>\n\t\t<div class=\"elementor-element elementor-element-e1756d1 e-flex e-con-boxed e-con e-parent\" data-id=\"e1756d1\" data-element_type=\"container\">\n\t\t\t\t\t<div class=\"e-con-inner\">\n\t\t\t\t<div class=\"elementor-element elementor-element-746a5ad elementor-widget elementor-widget-html\" data-id=\"746a5ad\" data-element_type=\"widget\" data-widget_type=\"html.default\">\n\t\t\t\t<div class=\"elementor-widget-container\">\n\t\t\t<iframe src=\"https:\/\/calendar.google.com\/calendar\/embed?height=400&wkst=2&bgcolor=%23ffffff&ctz=America%2FToronto&mode=AGENDA&showTz=0&showCalendars=0&showTabs=0&showPrint=0&src=b2kxbW5lbmlsdjdqZ3I1azlkY2NjOW9pcjRAZ3JvdXAuY2FsZW5kYXIuZ29vZ2xlLmNvbQ&color=%23D50000\" style=\"border-width:0\" width=\"400\" height=\"400\" frameborder=\"0\" scrolling=\"no\"><\/iframe>\t\t<\/div>\n\t\t\t\t<\/div>\n\t\t\t\t\t<\/div>\n\t\t\t\t<\/div>\n\t\t\t\t<div class=\"elementor-element elementor-element-22d44ca elementor-widget elementor-widget-text-editor\" data-id=\"22d44ca\" data-element_type=\"widget\" data-widget_type=\"text-editor.default\">\n\t\t\t\t<div class=\"elementor-widget-container\">\n\t\t\t\t\t\t\t<p><span style=\"color: #635a90;\"><strong>Chers coll\u00e8gues!<\/strong><\/span><\/p>\n<p>C&rsquo;est la quinzi\u00e8me \u00e9dition des <strong>Apr\u00e8s-cours ! <\/strong>Les activit\u00e9s, encore cette ann\u00e9e, sont de deux types:<\/p>\n<p>1- <strong>Webinaires&nbsp;<\/strong><br><em>Webinaire<\/em> est un n\u00e9ologisme associant les mots <span style=\"color: #635a90;\"><a href=\"http:\/\/fr.wikipedia.org\/wiki\/Web\">Web<\/a><\/span> et <span style=\"color: #635a90;\"><a href=\"http:\/\/fr.wikipedia.org\/wiki\/S%C3%A9minaire_%28enseignement%29\">s\u00e9minaire<\/a><\/span>, cr\u00e9\u00e9 pour d\u00e9signer toutes les formes de <strong>r\u00e9unions interactives de type s\u00e9minaire<\/strong> faites via <span style=\"color: #635a90;\"><a href=\"http:\/\/fr.wikipedia.org\/wiki\/Internet\">Internet<\/a><\/span> g\u00e9n\u00e9ralement dans un but de travail <span style=\"color: #635a90;\"><a href=\"http:\/\/fr.wikipedia.org\/wiki\/Travail_collaboratif\">collaboratif<\/a><\/span> ou d&rsquo;enseignement \u00e0 distance.(<span style=\"color: #635a90;\"><a href=\"http:\/\/fr.wikipedia.org\/wiki\/Webinaire\">Wikip\u00e9dia<\/a><\/span>)<\/p>\n<p>2- <strong>Communaut\u00e9 de partage&nbsp;<\/strong><br>Rencontres virtuelles planifi\u00e9es regroupant des intervenants ayant les m\u00eames pr\u00e9occupations. Les participants partagent leur expertise et leur documentation afin d\u2019en faire profiter la communaut\u00e9 et r\u00e9pondre \u00e0 des probl\u00e9matiques de leur milieu. Il existe pr\u00e9sentement une vingtaine de communaut\u00e9s actives!<\/p>\n<p><span style=\"color: #635a90;\"><strong>En direct ou en diff\u00e9r\u00e9, les intervenants en FGA ont, depuis onze ans, un moyen de se d\u00e9velopper professionnellement!&nbsp;<\/strong><\/span><\/p>\t\t\t\t\t\t<\/div>\n\t\t\t\t<\/div>\n\t\t\t\t\t<\/div>\n\t\t<\/div>\n\t\t\t\t\t<\/div>\n\t\t<\/section>\n\t\t\t\t<\/div>\n\t\t","protected":false},"excerpt":{"rendered":"<p>Voici le calendrier des Apr\u00e8s-cours pour l&rsquo;ann\u00e9e scolaire 2023-2024. Pour assister aux rencontres, rendez-vous sur la page d&rsquo;accueil, cliquez le bouton rouge et vous serez dirig\u00e9 vers la salle de visioconf\u00e9rence. Voici comment l&rsquo;int\u00e9grer \u00e0 votre propre agenda (Google ou Outlook) Chers coll\u00e8gues! C&rsquo;est la quinzi\u00e8me \u00e9dition des Apr\u00e8s-cours ! Les activit\u00e9s, encore cette ann\u00e9e, sont de deux types: 1- Webinaires\u00a0 Webinaire est un n\u00e9ologisme associant les mots Web et s\u00e9minaire, cr\u00e9\u00e9 pour d\u00e9signer toutes les formes de r\u00e9unions interactives de type s\u00e9minaire faites via Internet g\u00e9n\u00e9ralement dans un but de travail collaboratif ou d&rsquo;enseignement \u00e0 distance.(Wikip\u00e9dia) 2- Communaut\u00e9 de partage\u00a0 Rencontres virtuelles planifi\u00e9es regroupant des intervenants ayant les m\u00eames pr\u00e9occupations. Les participants partagent leur expertise et leur documentation afin d\u2019en faire profiter la communaut\u00e9 et r\u00e9pondre \u00e0 des probl\u00e9matiques de leur milieu. Il existe pr\u00e9sentement une vingtaine de communaut\u00e9s actives! En direct ou en diff\u00e9r\u00e9, les intervenants en FGA ont, depuis onze ans, un moyen de se d\u00e9velopper professionnellement!\u00a0<\/p>\n","protected":false},"author":6,"featured_media":0,"parent":0,"menu_order":0,"comment_status":"open","ping_status":"closed","template":"","meta":{"footnotes":""},"class_list":["post-2727","page","type-page","status-publish","hentry"],"_links":{"self":[{"href":"https:\/\/www.carrefourfga.ca\/ticfga\/aprescours\/wp-json\/wp\/v2\/pages\/2727"}],"collection":[{"href":"https:\/\/www.carrefourfga.ca\/ticfga\/aprescours\/wp-json\/wp\/v2\/pages"}],"about":[{"href":"https:\/\/www.carrefourfga.ca\/ticfga\/aprescours\/wp-json\/wp\/v2\/types\/page"}],"author":[{"embeddable":true,"href":"https:\/\/www.carrefourfga.ca\/ticfga\/aprescours\/wp-json\/wp\/v2\/users\/6"}],"replies":[{"embeddable":true,"href":"https:\/\/www.carrefourfga.ca\/ticfga\/aprescours\/wp-json\/wp\/v2\/comments?post=2727"}],"version-history":[{"count":20,"href":"https:\/\/www.carrefourfga.ca\/ticfga\/aprescours\/wp-json\/wp\/v2\/pages\/2727\/revisions"}],"predecessor-version":[{"id":17714,"href":"https:\/\/www.carrefourfga.ca\/ticfga\/aprescours\/wp-json\/wp\/v2\/pages\/2727\/revisions\/17714"}],"wp:attachment":[{"href":"https:\/\/www.carrefourfga.ca\/ticfga\/aprescours\/wp-json\/wp\/v2\/media?parent=2727"}],"curies":[{"name":"wp","href":"https:\/\/api.w.org\/{rel}","templated":true}]}}