{"id":15516,"date":"2023-01-25T12:01:20","date_gmt":"2023-01-25T17:01:20","guid":{"rendered":"https:\/\/www.carrefourfga.ca\/ticfga\/aprescours\/?page_id=15516"},"modified":"2023-10-24T10:58:51","modified_gmt":"2023-10-24T14:58:51","slug":"cours-optionnels","status":"publish","type":"page","link":"https:\/\/www.carrefourfga.ca\/ticfga\/aprescours\/cours-optionnels\/","title":{"rendered":"Cours optionnels"},"content":{"rendered":"\t\t<div data-elementor-type=\"wp-page\" data-elementor-id=\"15516\" class=\"elementor elementor-15516\">\n\t\t\t\t\t\t<section class=\"elementor-section elementor-top-section elementor-element elementor-element-25e46d68 elementor-section-boxed elementor-section-height-default elementor-section-height-default\" data-id=\"25e46d68\" data-element_type=\"section\">\n\t\t\t\t\t\t<div class=\"elementor-container elementor-column-gap-default\">\n\t\t\t\t\t<div class=\"elementor-column elementor-col-100 elementor-top-column elementor-element elementor-element-443162ba\" data-id=\"443162ba\" data-element_type=\"column\">\n\t\t\t<div class=\"elementor-widget-wrap elementor-element-populated\">\n\t\t\t\t\t\t<div class=\"elementor-element elementor-element-3512e9e8 elementor-widget elementor-widget-text-editor\" data-id=\"3512e9e8\" data-element_type=\"widget\" data-widget_type=\"text-editor.default\">\n\t\t\t\t<div class=\"elementor-widget-container\">\n\t\t\t\t\t\t\t<p>Cette communaut\u00e9 a pour buts de rassembler les cours d\u2019options qui n\u2019ont pas encore d\u2019autres endroits pour rayonner sur la plateforme des Apr\u00e8s-cours FGA et de partager sur les cours d\u2019options qui sortent du cadre habituel du cahier, qui ont un volet cr\u00e9atif ou qui mettent les adultes en action dans une structure diff\u00e9rente.<\/p><p>Dans ce <a href=\"https:\/\/docs.google.com\/document\/d\/1Ec6_SpAqNLm0Po_orBeujT2WR4JxCa11Bvs2KdMJawo\/edit\">tableau<\/a> vous pouvez \u00e9crire votre nom et nous dire pour quels cours vous auriez des informations \u00e0 partager pour l\u2019an prochain.<\/p>\t\t\t\t\t\t<\/div>\n\t\t\t\t<\/div>\n\t\t\t\t\t<\/div>\n\t\t<\/div>\n\t\t\t\t\t<\/div>\n\t\t<\/section>\n\t\t<div class=\"elementor-element elementor-element-fdaa327 e-flex e-con-boxed e-con e-parent\" data-id=\"fdaa327\" data-element_type=\"container\">\n\t\t\t\t\t<div class=\"e-con-inner\">\n\t\t\t\t<div class=\"elementor-element elementor-element-57194d5 elementor-grid-eael-col-4 elementor-grid-tablet-eael-col-2 elementor-grid-mobile-eael-col-1 elementor-widget elementor-widget-eael-post-grid\" data-id=\"57194d5\" data-element_type=\"widget\" data-settings=\"{&quot;eael_post_grid_columns&quot;:&quot;eael-col-4&quot;,&quot;eael_post_grid_columns_tablet&quot;:&quot;eael-col-2&quot;,&quot;eael_post_grid_columns_mobile&quot;:&quot;eael-col-1&quot;}\" data-widget_type=\"eael-post-grid.default\">\n\t\t\t\t<div class=\"elementor-widget-container\">\n\t\t\t<div id=\"eael-post-grid-57194d5\" class=\"eael-post-grid-container\">\n            <div class=\"eael-post-grid eael-post-appender eael-post-appender-57194d5 eael-post-grid-style-two\" data-layout-mode=\"masonry\"><article class=\"eael-grid-post eael-post-grid-column\" data-id=\"16841\">\n        <div class=\"eael-grid-post-holder\">\n            <div class=\"eael-grid-post-holder-inner\"><div class=\"eael-entry-media\"><div class=\"eael-entry-overlay fade-in\"><i class=\"fas fa-long-arrow-alt-right\" aria-hidden=\"true\"><\/i><a href=\"https:\/\/www.carrefourfga.ca\/ticfga\/aprescours\/communaute-cours-optionnels-12-octobre-2023\/\"><\/a><\/div><div class=\"eael-entry-thumbnail \">\n                                <img decoding=\"async\" width=\"250\" height=\"141\" src=\"https:\/\/www.carrefourfga.ca\/ticfga\/aprescours\/wp-content\/uploads\/sites\/2\/2023\/10\/Vignette-logo-communaute\u0301s-mini-3.png\" class=\"attachment-medium size-medium wp-image-16704\" alt=\"\" \/>\n                              <\/div>\n                      <\/div><div class=\"eael-entry-wrapper\"><header class=\"eael-entry-header\"><h2 class=\"eael-entry-title\"><a\n                                    class=\"eael-grid-post-link\"\n                                    href=\"https:\/\/www.carrefourfga.ca\/ticfga\/aprescours\/communaute-cours-optionnels-12-octobre-2023\/\"\n                                    title=\"Communaut\u00e9 cours optionnels, 12 octobre 2023\">Communaut\u00e9 cours optionnels, 12 octobre 2023<\/a><\/h2><\/header><div class=\"eael-entry-content\">\n                                    <div class=\"eael-grid-post-excerpt\"><p>Premi\u00e8re rencontre de cette nouvelle communaut\u00e9 traitant des cours optionnels....<\/p><a\n                                        href=\"https:\/\/www.carrefourfga.ca\/ticfga\/aprescours\/communaute-cours-optionnels-12-octobre-2023\/\"\n                                        class=\"eael-post-elements-readmore-btn\">Consulter l'article<\/a><\/div>\n                                <\/div><div class=\"eael-entry-header-after style-two\"><div class=\"eael-entry-meta\"><span class=\"eael-meta-posted-on\"><i class=\"far fa-clock\"><\/i><time datetime=\"13 octobre 2023\">13 octobre 2023<\/time><\/span><\/div><\/div><\/div><\/div>\n        <\/div>\n    <\/article><\/div>\n            <div class=\"clearfix\"><\/div>\n        <\/div>\t\t<\/div>\n\t\t\t\t<\/div>\n\t\t\t\t\t<\/div>\n\t\t\t\t<\/div>\n\t\t\t\t<\/div>\n\t\t","protected":false},"excerpt":{"rendered":"<p>Cette communaut\u00e9 a pour buts de rassembler les cours d\u2019options qui n\u2019ont pas encore d\u2019autres endroits pour rayonner sur la plateforme des Apr\u00e8s-cours FGA et de partager sur les cours d\u2019options qui sortent du cadre habituel du cahier, qui ont un volet cr\u00e9atif ou qui mettent les adultes en action dans une structure diff\u00e9rente. Dans ce tableau vous pouvez \u00e9crire votre nom et nous dire pour quels cours vous auriez des informations \u00e0 partager pour l\u2019an prochain. Communaut\u00e9 cours optionnels, 12 octobre 2023 Premi\u00e8re rencontre de cette nouvelle communaut\u00e9 traitant des cours optionnels&#8230;. Consulter l&rsquo;article<\/p>\n","protected":false},"author":6,"featured_media":0,"parent":0,"menu_order":0,"comment_status":"open","ping_status":"closed","template":"","meta":{"footnotes":""},"class_list":["post-15516","page","type-page","status-publish","hentry"],"_links":{"self":[{"href":"https:\/\/www.carrefourfga.ca\/ticfga\/aprescours\/wp-json\/wp\/v2\/pages\/15516"}],"collection":[{"href":"https:\/\/www.carrefourfga.ca\/ticfga\/aprescours\/wp-json\/wp\/v2\/pages"}],"about":[{"href":"https:\/\/www.carrefourfga.ca\/ticfga\/aprescours\/wp-json\/wp\/v2\/types\/page"}],"author":[{"embeddable":true,"href":"https:\/\/www.carrefourfga.ca\/ticfga\/aprescours\/wp-json\/wp\/v2\/users\/6"}],"replies":[{"embeddable":true,"href":"https:\/\/www.carrefourfga.ca\/ticfga\/aprescours\/wp-json\/wp\/v2\/comments?post=15516"}],"version-history":[{"count":10,"href":"https:\/\/www.carrefourfga.ca\/ticfga\/aprescours\/wp-json\/wp\/v2\/pages\/15516\/revisions"}],"predecessor-version":[{"id":16923,"href":"https:\/\/www.carrefourfga.ca\/ticfga\/aprescours\/wp-json\/wp\/v2\/pages\/15516\/revisions\/16923"}],"wp:attachment":[{"href":"https:\/\/www.carrefourfga.ca\/ticfga\/aprescours\/wp-json\/wp\/v2\/media?parent=15516"}],"curies":[{"name":"wp","href":"https:\/\/api.w.org\/{rel}","templated":true}]}}