{"id":12027,"date":"2021-11-11T08:59:22","date_gmt":"2021-11-11T13:59:22","guid":{"rendered":"https:\/\/www.carrefourfga.ca\/ticfga\/aprescours\/?page_id=12027"},"modified":"2023-10-24T16:26:05","modified_gmt":"2023-10-24T20:26:05","slug":"francisation-community","status":"publish","type":"page","link":"https:\/\/www.carrefourfga.ca\/ticfga\/aprescours\/francisation-community\/","title":{"rendered":"Francisation Community"},"content":{"rendered":"\t\t<div data-elementor-type=\"wp-page\" data-elementor-id=\"12027\" class=\"elementor elementor-12027\">\n\t\t\t\t<div class=\"elementor-element elementor-element-af9b396 e-flex e-con-boxed e-con e-parent\" data-id=\"af9b396\" data-element_type=\"container\">\n\t\t\t\t\t<div class=\"e-con-inner\">\n\t\t\t\t<div class=\"elementor-element elementor-element-2845d75 elementor-grid-eael-col-4 elementor-grid-tablet-eael-col-2 elementor-grid-mobile-eael-col-1 elementor-widget elementor-widget-eael-post-grid\" data-id=\"2845d75\" data-element_type=\"widget\" data-settings=\"{&quot;eael_post_grid_columns&quot;:&quot;eael-col-4&quot;,&quot;eael_post_grid_columns_tablet&quot;:&quot;eael-col-2&quot;,&quot;eael_post_grid_columns_mobile&quot;:&quot;eael-col-1&quot;}\" data-widget_type=\"eael-post-grid.default\">\n\t\t\t\t<div class=\"elementor-widget-container\">\n\t\t\t<div id=\"eael-post-grid-2845d75\" class=\"eael-post-grid-container\">\n            <div class=\"eael-post-grid eael-post-appender eael-post-appender-2845d75 eael-post-grid-style-two\" data-layout-mode=\"masonry\"><article class=\"eael-grid-post eael-post-grid-column\" data-id=\"17644\">\n        <div class=\"eael-grid-post-holder\">\n            <div class=\"eael-grid-post-holder-inner\"><div class=\"eael-entry-media\"><div class=\"eael-entry-overlay fade-in\"><i class=\"fas fa-long-arrow-alt-right\" aria-hidden=\"true\"><\/i><a href=\"https:\/\/www.carrefourfga.ca\/ticfga\/aprescours\/francisation-community-january-11-2024\/\"><\/a><\/div><div class=\"eael-entry-thumbnail \">\n                                <img decoding=\"async\" width=\"250\" height=\"141\" src=\"https:\/\/www.carrefourfga.ca\/ticfga\/aprescours\/wp-content\/uploads\/sites\/2\/2021\/11\/Francisation-anglos-mini.png\" class=\"attachment-medium size-medium wp-image-12025\" alt=\"\" \/>\n                              <\/div>\n                      <\/div><div class=\"eael-entry-wrapper\"><header class=\"eael-entry-header\"><h2 class=\"eael-entry-title\"><a\n                                    class=\"eael-grid-post-link\"\n                                    href=\"https:\/\/www.carrefourfga.ca\/ticfga\/aprescours\/francisation-community-january-11-2024\/\"\n                                    title=\"Francisation Community, January 11, 2024\">Francisation Community, January 11, 2024<\/a><\/h2><\/header><div class=\"eael-entry-content\">\n                                    <div class=\"eael-grid-post-excerpt\"><p>Lucie Tremblay, Orthop\u00e9dagogue, Accompagnement National, Complementary Educational Services pr\u00e9sente la...<\/p><a\n                                        href=\"https:\/\/www.carrefourfga.ca\/ticfga\/aprescours\/francisation-community-january-11-2024\/\"\n                                        class=\"eael-post-elements-readmore-btn\">Read More<\/a><\/div>\n                                <\/div><div class=\"eael-entry-header-after style-two\"><div class=\"eael-entry-meta\"><span class=\"eael-meta-posted-on\"><i class=\"far fa-clock\"><\/i><time datetime=\"16 janvier 2024\">16 janvier 2024<\/time><\/span><\/div><\/div><\/div><\/div>\n        <\/div>\n    <\/article><article class=\"eael-grid-post eael-post-grid-column\" data-id=\"17355\">\n        <div class=\"eael-grid-post-holder\">\n            <div class=\"eael-grid-post-holder-inner\"><div class=\"eael-entry-media\"><div class=\"eael-entry-overlay fade-in\"><i class=\"fas fa-long-arrow-alt-right\" aria-hidden=\"true\"><\/i><a href=\"https:\/\/www.carrefourfga.ca\/ticfga\/aprescours\/francisation-community-november-16-2023\/\"><\/a><\/div><div class=\"eael-entry-thumbnail \">\n                                <img decoding=\"async\" width=\"250\" height=\"141\" src=\"https:\/\/www.carrefourfga.ca\/ticfga\/aprescours\/wp-content\/uploads\/sites\/2\/2021\/11\/Francisation-anglos-mini.png\" class=\"attachment-medium size-medium wp-image-12025\" alt=\"\" \/>\n                              <\/div>\n                      <\/div><div class=\"eael-entry-wrapper\"><header class=\"eael-entry-header\"><h2 class=\"eael-entry-title\"><a\n                                    class=\"eael-grid-post-link\"\n                                    href=\"https:\/\/www.carrefourfga.ca\/ticfga\/aprescours\/francisation-community-november-16-2023\/\"\n                                    title=\"Francisation Community, November 16, 2023\">Francisation Community, November 16, 2023<\/a><\/h2><\/header><div class=\"eael-entry-content\">\n                                    <div class=\"eael-grid-post-excerpt\"><p>Judith Girardin, conseill\u00e8re p\u00e9dagogique au centre de formation g\u00e9n\u00e9rale des...<\/p><a\n                                        href=\"https:\/\/www.carrefourfga.ca\/ticfga\/aprescours\/francisation-community-november-16-2023\/\"\n                                        class=\"eael-post-elements-readmore-btn\">Read More<\/a><\/div>\n                                <\/div><div class=\"eael-entry-header-after style-two\"><div class=\"eael-entry-meta\"><span class=\"eael-meta-posted-on\"><i class=\"far fa-clock\"><\/i><time datetime=\"24 novembre 2023\">24 novembre 2023<\/time><\/span><\/div><\/div><\/div><\/div>\n        <\/div>\n    <\/article><article class=\"eael-grid-post eael-post-grid-column\" data-id=\"17229\">\n        <div class=\"eael-grid-post-holder\">\n            <div class=\"eael-grid-post-holder-inner\"><div class=\"eael-entry-media\"><div class=\"eael-entry-overlay fade-in\"><i class=\"fas fa-long-arrow-alt-right\" aria-hidden=\"true\"><\/i><a href=\"https:\/\/www.carrefourfga.ca\/ticfga\/aprescours\/francisation-community-october-30-2023\/\"><\/a><\/div><div class=\"eael-entry-thumbnail \">\n                                <img decoding=\"async\" width=\"250\" height=\"141\" src=\"https:\/\/www.carrefourfga.ca\/ticfga\/aprescours\/wp-content\/uploads\/sites\/2\/2021\/11\/Francisation-anglos-mini.png\" class=\"attachment-medium size-medium wp-image-12025\" alt=\"\" \/>\n                              <\/div>\n                      <\/div><div class=\"eael-entry-wrapper\"><header class=\"eael-entry-header\"><h2 class=\"eael-entry-title\"><a\n                                    class=\"eael-grid-post-link\"\n                                    href=\"https:\/\/www.carrefourfga.ca\/ticfga\/aprescours\/francisation-community-october-30-2023\/\"\n                                    title=\"Francisation Community, October 30, 2023\">Francisation Community, October 30, 2023<\/a><\/h2><\/header><div class=\"eael-entry-content\">\n                                    <div class=\"eael-grid-post-excerpt\"><p>Lucie Tremblay, orthop\u00e9dagogue, accompagnement national FGA-FP, Complementary Educational Services, aborde...<\/p><a\n                                        href=\"https:\/\/www.carrefourfga.ca\/ticfga\/aprescours\/francisation-community-october-30-2023\/\"\n                                        class=\"eael-post-elements-readmore-btn\">Read More<\/a><\/div>\n                                <\/div><div class=\"eael-entry-header-after style-two\"><div class=\"eael-entry-meta\"><span class=\"eael-meta-posted-on\"><i class=\"far fa-clock\"><\/i><time datetime=\"31 octobre 2023\">31 octobre 2023<\/time><\/span><\/div><\/div><\/div><\/div>\n        <\/div>\n    <\/article><article class=\"eael-grid-post eael-post-grid-column\" data-id=\"16794\">\n        <div class=\"eael-grid-post-holder\">\n            <div class=\"eael-grid-post-holder-inner\"><div class=\"eael-entry-media\"><div class=\"eael-entry-overlay fade-in\"><i class=\"fas fa-long-arrow-alt-right\" aria-hidden=\"true\"><\/i><a href=\"https:\/\/www.carrefourfga.ca\/ticfga\/aprescours\/francisation-community-october-2-2023\/\"><\/a><\/div><div class=\"eael-entry-thumbnail \">\n                                <img decoding=\"async\" width=\"250\" height=\"141\" src=\"https:\/\/www.carrefourfga.ca\/ticfga\/aprescours\/wp-content\/uploads\/sites\/2\/2021\/11\/Francisation-anglos-mini.png\" class=\"attachment-medium size-medium wp-image-12025\" alt=\"\" \/>\n                              <\/div>\n                      <\/div><div class=\"eael-entry-wrapper\"><header class=\"eael-entry-header\"><h2 class=\"eael-entry-title\"><a\n                                    class=\"eael-grid-post-link\"\n                                    href=\"https:\/\/www.carrefourfga.ca\/ticfga\/aprescours\/francisation-community-october-2-2023\/\"\n                                    title=\"Francisation Community, October 2, 2023\">Francisation Community, October 2, 2023<\/a><\/h2><\/header><div class=\"eael-entry-content\">\n                                    <div class=\"eael-grid-post-excerpt\"><p>Charles Durocher, conseiller p\u00e9dagogique pour l&rsquo;accompagnement national en francisation, pr\u00e9sente...<\/p><a\n                                        href=\"https:\/\/www.carrefourfga.ca\/ticfga\/aprescours\/francisation-community-october-2-2023\/\"\n                                        class=\"eael-post-elements-readmore-btn\">Read More<\/a><\/div>\n                                <\/div><div class=\"eael-entry-header-after style-two\"><div class=\"eael-entry-meta\"><span class=\"eael-meta-posted-on\"><i class=\"far fa-clock\"><\/i><time datetime=\"6 octobre 2023\">6 octobre 2023<\/time><\/span><\/div><\/div><\/div><\/div>\n        <\/div>\n    <\/article><\/div>\n            <div class=\"clearfix\"><\/div>\n        <\/div>            <div class=\"eael-load-more-button-wrap\">\n                <button class=\"eael-load-more-button\" id=\"eael-load-more-btn-2845d75\" data-widget-id=\"2845d75\" data-widget=\"2845d75\" data-page-id=\"12027\" data-template=\"{&quot;dir&quot;:&quot;lite&quot;,&quot;file_name&quot;:&quot;default.php&quot;,&quot;name&quot;:&quot;Post-Grid&quot;}\" data-class=\"Essential_Addons_Elementor\\Elements\\Post_Grid\" data-layout=\"masonry\" data-page=\"1\" data-args=\"orderby=date&amp;order=desc&amp;ignore_sticky_posts=1&amp;post_status=publish&amp;posts_per_page=4&amp;offset=0&amp;post_type=post&amp;tax_query%5B0%5D%5Btaxonomy%5D=category&amp;tax_query%5B0%5D%5Bfield%5D=term_id&amp;tax_query%5B0%5D%5Bterms%5D%5B0%5D=331&amp;tax_query%5Brelation%5D=AND\" data-max-page=\"2\">\n                    <span class=\"eael-btn-loader button__loader\"><\/span>\n                    <span class=\"eael_load_more_text\">Load More<\/span>\n                <\/button>\n            <\/div>\n            \t\t<\/div>\n\t\t\t\t<\/div>\n\t\t\t\t\t<\/div>\n\t\t\t\t<\/div>\n\t\t\t\t<\/div>\n\t\t","protected":false},"excerpt":{"rendered":"<p>Francisation Community, October 2, 2023 Charles Durocher, conseiller p\u00e9dagogique pour l&rsquo;accompagnement national en francisation, pr\u00e9sente&#8230; Read More Francisation Community, September 6, 2023 Charles Durocher, conseiller p\u00e9dagogique pour l&rsquo;accompagnement national en francisation, recueille&#8230; Read More Francisation Community, January 11, 2022 Charles Durocher, de l&rsquo;\u00c9quipe-choc p\u00e9dagogique en francisation, r\u00e9pond aux questions&#8230; Read More Francisation Community, December 9, 2021 Toute premi\u00e8re rencontre de cette nouvelle communaut\u00e9. On met en&#8230; Read More Load More<\/p>\n","protected":false},"author":6,"featured_media":12025,"parent":0,"menu_order":0,"comment_status":"closed","ping_status":"closed","template":"","meta":{"footnotes":""},"class_list":["post-12027","page","type-page","status-publish","has-post-thumbnail","hentry"],"_links":{"self":[{"href":"https:\/\/www.carrefourfga.ca\/ticfga\/aprescours\/wp-json\/wp\/v2\/pages\/12027"}],"collection":[{"href":"https:\/\/www.carrefourfga.ca\/ticfga\/aprescours\/wp-json\/wp\/v2\/pages"}],"about":[{"href":"https:\/\/www.carrefourfga.ca\/ticfga\/aprescours\/wp-json\/wp\/v2\/types\/page"}],"author":[{"embeddable":true,"href":"https:\/\/www.carrefourfga.ca\/ticfga\/aprescours\/wp-json\/wp\/v2\/users\/6"}],"replies":[{"embeddable":true,"href":"https:\/\/www.carrefourfga.ca\/ticfga\/aprescours\/wp-json\/wp\/v2\/comments?post=12027"}],"version-history":[{"count":3,"href":"https:\/\/www.carrefourfga.ca\/ticfga\/aprescours\/wp-json\/wp\/v2\/pages\/12027\/revisions"}],"predecessor-version":[{"id":17082,"href":"https:\/\/www.carrefourfga.ca\/ticfga\/aprescours\/wp-json\/wp\/v2\/pages\/12027\/revisions\/17082"}],"wp:featuredmedia":[{"embeddable":true,"href":"https:\/\/www.carrefourfga.ca\/ticfga\/aprescours\/wp-json\/wp\/v2\/media\/12025"}],"wp:attachment":[{"href":"https:\/\/www.carrefourfga.ca\/ticfga\/aprescours\/wp-json\/wp\/v2\/media?parent=12027"}],"curies":[{"name":"wp","href":"https:\/\/api.w.org\/{rel}","templated":true}]}}