{"id":10921,"date":"2021-08-24T11:08:19","date_gmt":"2021-08-24T15:08:19","guid":{"rendered":"https:\/\/www.carrefourfga.ca\/ticfga\/aprescours\/?page_id=10921"},"modified":"2023-10-24T16:29:41","modified_gmt":"2023-10-24T20:29:41","slug":"french-second-language","status":"publish","type":"page","link":"https:\/\/www.carrefourfga.ca\/ticfga\/aprescours\/french-second-language\/","title":{"rendered":"French, Second Language"},"content":{"rendered":"\t\t<div data-elementor-type=\"wp-page\" data-elementor-id=\"10921\" class=\"elementor elementor-10921\">\n\t\t\t\t<div class=\"elementor-element elementor-element-21d7cf9 e-flex e-con-boxed e-con e-parent\" data-id=\"21d7cf9\" data-element_type=\"container\">\n\t\t\t\t\t<div class=\"e-con-inner\">\n\t\t\t\t<div class=\"elementor-element elementor-element-0ac120a elementor-grid-eael-col-4 elementor-grid-tablet-eael-col-2 elementor-grid-mobile-eael-col-1 elementor-widget elementor-widget-eael-post-grid\" data-id=\"0ac120a\" data-element_type=\"widget\" data-settings=\"{&quot;eael_post_grid_columns&quot;:&quot;eael-col-4&quot;,&quot;eael_post_grid_columns_tablet&quot;:&quot;eael-col-2&quot;,&quot;eael_post_grid_columns_mobile&quot;:&quot;eael-col-1&quot;}\" data-widget_type=\"eael-post-grid.default\">\n\t\t\t\t<div class=\"elementor-widget-container\">\n\t\t\t<div id=\"eael-post-grid-0ac120a\" class=\"eael-post-grid-container\">\n            <div class=\"eael-post-grid eael-post-appender eael-post-appender-0ac120a eael-post-grid-style-two\" data-layout-mode=\"masonry\"><article class=\"eael-grid-post eael-post-grid-column\" data-id=\"17127\">\n        <div class=\"eael-grid-post-holder\">\n            <div class=\"eael-grid-post-holder-inner\"><div class=\"eael-entry-media\"><div class=\"eael-entry-overlay fade-in\"><i class=\"fas fa-long-arrow-alt-right\" aria-hidden=\"true\"><\/i><a href=\"https:\/\/www.carrefourfga.ca\/ticfga\/aprescours\/languages-and-uso-communities-october-24-2023\/\"><\/a><\/div><div class=\"eael-entry-thumbnail \">\n                                <img decoding=\"async\" width=\"250\" height=\"141\" src=\"https:\/\/www.carrefourfga.ca\/ticfga\/aprescours\/wp-content\/uploads\/sites\/2\/2023\/10\/Languages-and-USO-mini.png\" class=\"attachment-medium size-medium wp-image-17128\" alt=\"\" \/>\n                              <\/div>\n                      <\/div><div class=\"eael-entry-wrapper\"><header class=\"eael-entry-header\"><h2 class=\"eael-entry-title\"><a\n                                    class=\"eael-grid-post-link\"\n                                    href=\"https:\/\/www.carrefourfga.ca\/ticfga\/aprescours\/languages-and-uso-communities-october-24-2023\/\"\n                                    title=\"Languages and USO Communities, October 24, 2023\">Languages and USO Communities, October 24, 2023<\/a><\/h2><\/header><div class=\"eael-entry-content\">\n                                    <div class=\"eael-grid-post-excerpt\"><p>Collective Marking Training Session, part 2: Formative and summative use...<\/p><a\n                                        href=\"https:\/\/www.carrefourfga.ca\/ticfga\/aprescours\/languages-and-uso-communities-october-24-2023\/\"\n                                        class=\"eael-post-elements-readmore-btn\">Read More<\/a><\/div>\n                                <\/div><div class=\"eael-entry-header-after style-two\"><div class=\"eael-entry-meta\"><span class=\"eael-meta-posted-on\"><i class=\"far fa-clock\"><\/i><time datetime=\"27 octobre 2023\">27 octobre 2023<\/time><\/span><\/div><\/div><\/div><\/div>\n        <\/div>\n    <\/article><article class=\"eael-grid-post eael-post-grid-column\" data-id=\"11977\">\n        <div class=\"eael-grid-post-holder\">\n            <div class=\"eael-grid-post-holder-inner\"><div class=\"eael-entry-media\"><div class=\"eael-entry-overlay fade-in\"><i class=\"fas fa-long-arrow-alt-right\" aria-hidden=\"true\"><\/i><a href=\"https:\/\/www.carrefourfga.ca\/ticfga\/aprescours\/francais-langue-seconde-9-novembre-2021\/\"><\/a><\/div><div class=\"eael-entry-thumbnail \">\n                                <img decoding=\"async\" width=\"250\" height=\"141\" src=\"https:\/\/www.carrefourfga.ca\/ticfga\/aprescours\/wp-content\/uploads\/sites\/2\/2021\/08\/FSL-mini.png\" class=\"attachment-medium size-medium wp-image-10893\" alt=\"\" \/>\n                              <\/div>\n                      <\/div><div class=\"eael-entry-wrapper\"><header class=\"eael-entry-header\"><h2 class=\"eael-entry-title\"><a\n                                    class=\"eael-grid-post-link\"\n                                    href=\"https:\/\/www.carrefourfga.ca\/ticfga\/aprescours\/francais-langue-seconde-9-novembre-2021\/\"\n                                    title=\"Fran\u00e7ais, langue seconde, 9 novembre 2021\">Fran\u00e7ais, langue seconde, 9 novembre 2021<\/a><\/h2><\/header><div class=\"eael-entry-content\">\n                                    <div class=\"eael-grid-post-excerpt\"><p>Toute premi\u00e8re rencontre de cette nouvelle communaut\u00e9. On met en...<\/p><a\n                                        href=\"https:\/\/www.carrefourfga.ca\/ticfga\/aprescours\/francais-langue-seconde-9-novembre-2021\/\"\n                                        class=\"eael-post-elements-readmore-btn\">Read More<\/a><\/div>\n                                <\/div><div class=\"eael-entry-header-after style-two\"><div class=\"eael-entry-meta\"><span class=\"eael-meta-posted-on\"><i class=\"far fa-clock\"><\/i><time datetime=\"10 novembre 2021\">10 novembre 2021<\/time><\/span><\/div><\/div><\/div><\/div>\n        <\/div>\n    <\/article><article class=\"eael-grid-post eael-post-grid-column\" data-id=\"10919\">\n        <div class=\"eael-grid-post-holder\">\n            <div class=\"eael-grid-post-holder-inner\"><div class=\"eael-entry-media\"><div class=\"eael-entry-overlay fade-in\"><i class=\"fas fa-long-arrow-alt-right\" aria-hidden=\"true\"><\/i><a href=\"https:\/\/www.carrefourfga.ca\/ticfga\/aprescours\/welcome-2\/\"><\/a><\/div><div class=\"eael-entry-thumbnail \">\n                                <img decoding=\"async\" width=\"250\" height=\"141\" src=\"https:\/\/www.carrefourfga.ca\/ticfga\/aprescours\/wp-content\/uploads\/sites\/2\/2021\/08\/FSL-mini.png\" class=\"attachment-medium size-medium wp-image-10893\" alt=\"\" \/>\n                              <\/div>\n                      <\/div><div class=\"eael-entry-wrapper\"><header class=\"eael-entry-header\"><h2 class=\"eael-entry-title\"><a\n                                    class=\"eael-grid-post-link\"\n                                    href=\"https:\/\/www.carrefourfga.ca\/ticfga\/aprescours\/welcome-2\/\"\n                                    title=\"Welcome\">Welcome<\/a><\/h2><\/header><div class=\"eael-entry-content\">\n                                    <div class=\"eael-grid-post-excerpt\"><p>Welcome to this new community<\/p><a\n                                        href=\"https:\/\/www.carrefourfga.ca\/ticfga\/aprescours\/welcome-2\/\"\n                                        class=\"eael-post-elements-readmore-btn\">Read More<\/a><\/div>\n                                <\/div><div class=\"eael-entry-header-after style-two\"><div class=\"eael-entry-meta\"><span class=\"eael-meta-posted-on\"><i class=\"far fa-clock\"><\/i><time datetime=\"24 ao\u00fbt 2021\">24 ao\u00fbt 2021<\/time><\/span><\/div><\/div><\/div><\/div>\n        <\/div>\n    <\/article><\/div>\n            <div class=\"clearfix\"><\/div>\n        <\/div>\t\t<\/div>\n\t\t\t\t<\/div>\n\t\t\t\t\t<\/div>\n\t\t\t\t<\/div>\n\t\t\t\t<\/div>\n\t\t","protected":false},"excerpt":{"rendered":"<p>Fran\u00e7ais, langue seconde, 9 novembre 2021 Toute premi\u00e8re rencontre de cette nouvelle communaut\u00e9. On met en&#8230; Read More Welcome Welcome to this new community Read More<\/p>\n","protected":false},"author":6,"featured_media":0,"parent":0,"menu_order":0,"comment_status":"closed","ping_status":"closed","template":"","meta":{"footnotes":""},"class_list":["post-10921","page","type-page","status-publish","hentry"],"_links":{"self":[{"href":"https:\/\/www.carrefourfga.ca\/ticfga\/aprescours\/wp-json\/wp\/v2\/pages\/10921"}],"collection":[{"href":"https:\/\/www.carrefourfga.ca\/ticfga\/aprescours\/wp-json\/wp\/v2\/pages"}],"about":[{"href":"https:\/\/www.carrefourfga.ca\/ticfga\/aprescours\/wp-json\/wp\/v2\/types\/page"}],"author":[{"embeddable":true,"href":"https:\/\/www.carrefourfga.ca\/ticfga\/aprescours\/wp-json\/wp\/v2\/users\/6"}],"replies":[{"embeddable":true,"href":"https:\/\/www.carrefourfga.ca\/ticfga\/aprescours\/wp-json\/wp\/v2\/comments?post=10921"}],"version-history":[{"count":6,"href":"https:\/\/www.carrefourfga.ca\/ticfga\/aprescours\/wp-json\/wp\/v2\/pages\/10921\/revisions"}],"predecessor-version":[{"id":17103,"href":"https:\/\/www.carrefourfga.ca\/ticfga\/aprescours\/wp-json\/wp\/v2\/pages\/10921\/revisions\/17103"}],"wp:attachment":[{"href":"https:\/\/www.carrefourfga.ca\/ticfga\/aprescours\/wp-json\/wp\/v2\/media?parent=10921"}],"curies":[{"name":"wp","href":"https:\/\/api.w.org\/{rel}","templated":true}]}}