{"id":3717,"date":"2016-12-12T14:37:29","date_gmt":"2016-12-12T19:37:29","guid":{"rendered":"http:\/\/apcbk.ticfga.ca\/?page_id=3717"},"modified":"2023-11-09T15:12:57","modified_gmt":"2023-11-09T20:12:57","slug":"a-propos-des-apres-cours-fga","status":"publish","type":"page","link":"https:\/\/www.carrefourfga.ca\/ticfga\/apc-fp\/a-propos-des-apres-cours-fga\/","title":{"rendered":"\u00c0 propos des ApC"},"content":{"rendered":"<h3>Voc Talk Caf\u00e9<\/h3>\n<p>The Voc Talk Caf\u00e9 is a place where you are invited to chat live about teaching a trade in today\u2019s world. The meetings want to be a safe space to get information and discuss issues, concerns and successes in the vocational training community.<br \/>\nOriginally launched in November 2021, the Voc Talk Caf\u00e9 is now brought to you, on Zoom, by VT.PROCEDE and R\u00c9CIT VT in collaboration with les Apr\u00e8s-cours.<\/p>\n<p><b>Les Apr\u00e8s-cours,\u00a0<\/b><b>un espace \u00e0 privil\u00e9gier pour son d\u00e9veloppement professionnel<\/b><\/p>\n<p><span style=\"font-weight: 400;\">La mission des Apr\u00e8s-cours est d\u2019accompagner et de soutenir les acteurs de l&rsquo;\u00e9ducation des adultes dans leur d\u00e9marche de formation continue <\/span><span style=\"font-weight: 400;\">et de viser l\u2019int\u00e9gration du num\u00e9rique dans les diff\u00e9rentes sph\u00e8res de leur travail et le d\u00e9veloppement des comp\u00e9tences des \u00e9l\u00e8ves par l\u2019int\u00e9gration des TIC<\/span><span style=\"font-weight: 400;\">.<\/span><\/p>\n<p><span style=\"font-weight: 400;\">Les activit\u00e9s propos\u00e9es sont de deux types :<\/span><\/p>\n<p><span style=\"font-weight: 400;\">1- <\/span><b>Webinaires<\/b><\/p>\n<p><span style=\"font-weight: 400;\">R\u00e9unions interactives en visioconf\u00e9rence, g\u00e9n\u00e9ralement dans un but de travail collaboratif ou de formation.<\/span><\/p>\n<p><span style=\"font-weight: 400;\">2- <\/span><b>Communaut\u00e9s de partage<\/b><\/p>\n<p><span style=\"font-weight: 400;\">Rencontres virtuelles planifi\u00e9es regroupant des intervenants ayant les m\u00eames pr\u00e9occupations. Les participants partagent leur expertise et leur documentation afin d\u2019en faire profiter la communaut\u00e9 et de r\u00e9pondre \u00e0 des probl\u00e9matiques de leur milieu. <\/span><\/p>\n<p><span style=\"font-weight: 400;\">Plusieurs communaut\u00e9s de partage de la communaut\u00e9 anglophone, anim\u00e9es par des personnes-ressources, sont offertes.<\/span><\/p>\n<p><img decoding=\"async\" class=\"alignnone size-full wp-image-16190\" src=\"https:\/\/www.carrefourfga.ca\/ticfga\/apc-fp\/wp-content\/uploads\/sites\/78\/2023\/11\/Voc-Talk-Communities.png\" alt=\"\" width=\"250\" height=\"146\" \/><br \/>\n<span style=\"font-weight: 400;\">Les deux types de rencontres sont enregistr\u00e9s et peuvent \u00eatre consult\u00e9es \u00e0 partir du <a href=\"https:\/\/apc.ticfga.ca\/\">site<\/a> ou de la <a href=\"http:\/\/youtube.com\/c\/LesApr%C3%A8scoursFGA\">cha\u00eene des ApC<\/a>.<\/span><\/p>\n<h2><span style=\"font-weight: 400;\">En direct ou en diff\u00e9r\u00e9, les intervenants en formation professionnelle ont un moyen de se d\u00e9velopper !<\/span><\/h2>\n<p><span style=\"font-weight: 400;\">Consultez le calendrier<a href=\"https:\/\/www.carrefourfga.ca\/ticfga\/apc-fp\/calendrier\/\"> pour conna\u00eetre les activit\u00e9s \u00e0 venir!<\/a><\/span><\/p>\n<p><span style=\"color: #000000;\"><strong>Ce lieu de r\u00e9seautage est rendu possible gr\u00e2ce au soutien financier du MEQ.<\/strong><\/span><\/p>\n<p>&nbsp;<\/p>\n<p>&nbsp;<\/p>\n","protected":false},"excerpt":{"rendered":"<p>Voc Talk Caf\u00e9 The Voc Talk Caf\u00e9 is a place where you are invited to chat live about teaching a trade in today\u2019s world. The meetings want to be a safe space to get information and discuss issues, concerns and successes in the vocational training community. Originally launched in November 2021, the Voc Talk Caf\u00e9 is now brought to you, on Zoom, by VT.PROCEDE and R\u00c9CIT VT in collaboration with les Apr\u00e8s-cours. Les Apr\u00e8s-cours,\u00a0un espace \u00e0 privil\u00e9gier pour son d\u00e9veloppement professionnel La mission des Apr\u00e8s-cours est d\u2019accompagner et de soutenir les acteurs de l&rsquo;\u00e9ducation des adultes dans leur d\u00e9marche de formation continue et de viser l\u2019int\u00e9gration du num\u00e9rique dans les diff\u00e9rentes sph\u00e8res de leur travail et le d\u00e9veloppement des comp\u00e9tences des \u00e9l\u00e8ves par l\u2019int\u00e9gration des TIC. Les activit\u00e9s propos\u00e9es sont de deux types : 1- Webinaires R\u00e9unions interactives en visioconf\u00e9rence, g\u00e9n\u00e9ralement dans un but de travail collaboratif ou de formation. 2- Communaut\u00e9s de partage Rencontres virtuelles planifi\u00e9es regroupant des intervenants ayant les m\u00eames pr\u00e9occupations. Les participants partagent leur expertise et leur documentation afin d\u2019en faire profiter la communaut\u00e9 et de r\u00e9pondre \u00e0 des probl\u00e9matiques de leur milieu. Plusieurs communaut\u00e9s de partage de la communaut\u00e9 anglophone, anim\u00e9es par des personnes-ressources, sont&#8230;<\/p>\n","protected":false},"author":6,"featured_media":0,"parent":0,"menu_order":0,"comment_status":"closed","ping_status":"closed","template":"","meta":{"footnotes":""},"class_list":["post-3717","page","type-page","status-publish","hentry"],"_links":{"self":[{"href":"https:\/\/www.carrefourfga.ca\/ticfga\/apc-fp\/wp-json\/wp\/v2\/pages\/3717"}],"collection":[{"href":"https:\/\/www.carrefourfga.ca\/ticfga\/apc-fp\/wp-json\/wp\/v2\/pages"}],"about":[{"href":"https:\/\/www.carrefourfga.ca\/ticfga\/apc-fp\/wp-json\/wp\/v2\/types\/page"}],"author":[{"embeddable":true,"href":"https:\/\/www.carrefourfga.ca\/ticfga\/apc-fp\/wp-json\/wp\/v2\/users\/6"}],"replies":[{"embeddable":true,"href":"https:\/\/www.carrefourfga.ca\/ticfga\/apc-fp\/wp-json\/wp\/v2\/comments?post=3717"}],"version-history":[{"count":39,"href":"https:\/\/www.carrefourfga.ca\/ticfga\/apc-fp\/wp-json\/wp\/v2\/pages\/3717\/revisions"}],"predecessor-version":[{"id":16191,"href":"https:\/\/www.carrefourfga.ca\/ticfga\/apc-fp\/wp-json\/wp\/v2\/pages\/3717\/revisions\/16191"}],"wp:attachment":[{"href":"https:\/\/www.carrefourfga.ca\/ticfga\/apc-fp\/wp-json\/wp\/v2\/media?parent=3717"}],"curies":[{"name":"wp","href":"https:\/\/api.w.org\/{rel}","templated":true}]}}