{"id":16071,"date":"2023-09-21T11:13:38","date_gmt":"2023-09-21T15:13:38","guid":{"rendered":"https:\/\/www.carrefourfga.ca\/ticfga\/apc-fp\/?page_id=16071"},"modified":"2023-10-17T08:06:26","modified_gmt":"2023-10-17T12:06:26","slug":"food-and-tourism","status":"publish","type":"page","link":"https:\/\/www.carrefourfga.ca\/ticfga\/apc-fp\/food-and-tourism\/","title":{"rendered":"Food and Tourism"},"content":{"rendered":"\t\t<div data-elementor-type=\"wp-page\" data-elementor-id=\"16071\" class=\"elementor elementor-16071\">\n\t\t\t\t\t\t<section class=\"elementor-section elementor-top-section elementor-element elementor-element-54438f9 elementor-section-boxed elementor-section-height-default elementor-section-height-default\" data-id=\"54438f9\" data-element_type=\"section\">\n\t\t\t\t\t\t<div class=\"elementor-container elementor-column-gap-default\">\n\t\t\t\t\t<div class=\"elementor-column elementor-col-100 elementor-top-column elementor-element elementor-element-37d918e\" data-id=\"37d918e\" data-element_type=\"column\">\n\t\t\t<div class=\"elementor-widget-wrap elementor-element-populated\">\n\t\t\t\t\t\t<div class=\"elementor-element elementor-element-c3e63d0 elementor-grid-eael-col-4 elementor-grid-tablet-eael-col-2 elementor-grid-mobile-eael-col-1 elementor-widget elementor-widget-eael-post-grid\" data-id=\"c3e63d0\" data-element_type=\"widget\" data-settings=\"{&quot;eael_post_grid_columns&quot;:&quot;eael-col-4&quot;,&quot;eael_post_grid_columns_tablet&quot;:&quot;eael-col-2&quot;,&quot;eael_post_grid_columns_mobile&quot;:&quot;eael-col-1&quot;}\" data-widget_type=\"eael-post-grid.default\">\n\t\t\t\t<div class=\"elementor-widget-container\">\n\t\t\t<div id=\"eael-post-grid-c3e63d0\" class=\"eael-post-grid-container\">\n            <div class=\"eael-post-grid eael-post-appender eael-post-appender-c3e63d0 eael-post-grid-style-two\" data-layout-mode=\"masonry\"><article class=\"eael-grid-post eael-post-grid-column\" data-id=\"16181\">\n        <div class=\"eael-grid-post-holder\">\n            <div class=\"eael-grid-post-holder-inner\"><div class=\"eael-entry-media\"><div class=\"eael-entry-overlay fade-in\"><i class=\"fas fa-long-arrow-alt-right\" aria-hidden=\"true\"><\/i><a href=\"https:\/\/www.carrefourfga.ca\/ticfga\/apc-fp\/food-and-tourism-november-6-2023\/\"><\/a><\/div><div class=\"eael-entry-thumbnail \">\n                                <img decoding=\"async\" width=\"300\" height=\"93\" src=\"https:\/\/www.carrefourfga.ca\/ticfga\/apc-fp\/wp-content\/uploads\/sites\/78\/2023\/05\/Voc-talk-cafe\u0301-Food-and-Tourism-mini2-300x93.png\" class=\"attachment-medium size-medium wp-image-15815\" alt=\"\" srcset=\"https:\/\/www.carrefourfga.ca\/ticfga\/apc-fp\/wp-content\/uploads\/sites\/78\/2023\/05\/Voc-talk-cafe\u0301-Food-and-Tourism-mini2-300x93.png 300w, https:\/\/www.carrefourfga.ca\/ticfga\/apc-fp\/wp-content\/uploads\/sites\/78\/2023\/05\/Voc-talk-cafe\u0301-Food-and-Tourism-mini2-1024x316.png 1024w, https:\/\/www.carrefourfga.ca\/ticfga\/apc-fp\/wp-content\/uploads\/sites\/78\/2023\/05\/Voc-talk-cafe\u0301-Food-and-Tourism-mini2-265x82.png 265w, https:\/\/www.carrefourfga.ca\/ticfga\/apc-fp\/wp-content\/uploads\/sites\/78\/2023\/05\/Voc-talk-cafe\u0301-Food-and-Tourism-mini2-768x237.png 768w, https:\/\/www.carrefourfga.ca\/ticfga\/apc-fp\/wp-content\/uploads\/sites\/78\/2023\/05\/Voc-talk-cafe\u0301-Food-and-Tourism-mini2-1536x474.png 1536w, https:\/\/www.carrefourfga.ca\/ticfga\/apc-fp\/wp-content\/uploads\/sites\/78\/2023\/05\/Voc-talk-cafe\u0301-Food-and-Tourism-mini2.png 1714w\" sizes=\"(max-width: 300px) 100vw, 300px\" \/>\n                              <\/div>\n                      <\/div><div class=\"eael-entry-wrapper\"><header class=\"eael-entry-header\"><h2 class=\"eael-entry-title\"><a\n                                    class=\"eael-grid-post-link\"\n                                    href=\"https:\/\/www.carrefourfga.ca\/ticfga\/apc-fp\/food-and-tourism-november-6-2023\/\"\n                                    title=\"Food and Tourism, November 6, 2023\">Food and Tourism, November 6, 2023<\/a><\/h2><\/header><div class=\"eael-entry-content\">\n                                    <div class=\"eael-grid-post-excerpt\"><p>Digital libraries have lots of great features that enhance the...<\/p><a\n                                        href=\"https:\/\/www.carrefourfga.ca\/ticfga\/apc-fp\/food-and-tourism-november-6-2023\/\"\n                                        class=\"eael-post-elements-readmore-btn\">Read More<\/a><\/div>\n                                <\/div><div class=\"eael-entry-header-after style-two\"><div class=\"eael-entry-meta\"><span class=\"eael-meta-posted-on\"><i class=\"far fa-clock\"><\/i><time datetime=\"7 novembre 2023\">7 novembre 2023<\/time><\/span><\/div><\/div><\/div><\/div>\n        <\/div>\n    <\/article><article class=\"eael-grid-post eael-post-grid-column\" data-id=\"16123\">\n        <div class=\"eael-grid-post-holder\">\n            <div class=\"eael-grid-post-holder-inner\"><div class=\"eael-entry-media\"><div class=\"eael-entry-overlay fade-in\"><i class=\"fas fa-long-arrow-alt-right\" aria-hidden=\"true\"><\/i><a href=\"https:\/\/www.carrefourfga.ca\/ticfga\/apc-fp\/food-and-tourism-october-16-2023\/\"><\/a><\/div><div class=\"eael-entry-thumbnail \">\n                                <img decoding=\"async\" width=\"300\" height=\"93\" src=\"https:\/\/www.carrefourfga.ca\/ticfga\/apc-fp\/wp-content\/uploads\/sites\/78\/2023\/05\/Voc-talk-cafe\u0301-Food-and-Tourism-mini2-300x93.png\" class=\"attachment-medium size-medium wp-image-15815\" alt=\"\" srcset=\"https:\/\/www.carrefourfga.ca\/ticfga\/apc-fp\/wp-content\/uploads\/sites\/78\/2023\/05\/Voc-talk-cafe\u0301-Food-and-Tourism-mini2-300x93.png 300w, https:\/\/www.carrefourfga.ca\/ticfga\/apc-fp\/wp-content\/uploads\/sites\/78\/2023\/05\/Voc-talk-cafe\u0301-Food-and-Tourism-mini2-1024x316.png 1024w, https:\/\/www.carrefourfga.ca\/ticfga\/apc-fp\/wp-content\/uploads\/sites\/78\/2023\/05\/Voc-talk-cafe\u0301-Food-and-Tourism-mini2-265x82.png 265w, https:\/\/www.carrefourfga.ca\/ticfga\/apc-fp\/wp-content\/uploads\/sites\/78\/2023\/05\/Voc-talk-cafe\u0301-Food-and-Tourism-mini2-768x237.png 768w, https:\/\/www.carrefourfga.ca\/ticfga\/apc-fp\/wp-content\/uploads\/sites\/78\/2023\/05\/Voc-talk-cafe\u0301-Food-and-Tourism-mini2-1536x474.png 1536w, https:\/\/www.carrefourfga.ca\/ticfga\/apc-fp\/wp-content\/uploads\/sites\/78\/2023\/05\/Voc-talk-cafe\u0301-Food-and-Tourism-mini2.png 1714w\" sizes=\"(max-width: 300px) 100vw, 300px\" \/>\n                              <\/div>\n                      <\/div><div class=\"eael-entry-wrapper\"><header class=\"eael-entry-header\"><h2 class=\"eael-entry-title\"><a\n                                    class=\"eael-grid-post-link\"\n                                    href=\"https:\/\/www.carrefourfga.ca\/ticfga\/apc-fp\/food-and-tourism-october-16-2023\/\"\n                                    title=\"Food and Tourism, October 16, 2023\">Food and Tourism, October 16, 2023<\/a><\/h2><\/header><div class=\"eael-entry-content\">\n                                    <div class=\"eael-grid-post-excerpt\"><p>Food and Beverage Service teacher Fr\u00e9d\u00e9ric G\u00e9 is the guest...<\/p><a\n                                        href=\"https:\/\/www.carrefourfga.ca\/ticfga\/apc-fp\/food-and-tourism-october-16-2023\/\"\n                                        class=\"eael-post-elements-readmore-btn\">Read More<\/a><\/div>\n                                <\/div><div class=\"eael-entry-header-after style-two\"><div class=\"eael-entry-meta\"><span class=\"eael-meta-posted-on\"><i class=\"far fa-clock\"><\/i><time datetime=\"17 octobre 2023\">17 octobre 2023<\/time><\/span><\/div><\/div><\/div><\/div>\n        <\/div>\n    <\/article><article class=\"eael-grid-post eael-post-grid-column\" data-id=\"16063\">\n        <div class=\"eael-grid-post-holder\">\n            <div class=\"eael-grid-post-holder-inner\"><div class=\"eael-entry-media\"><div class=\"eael-entry-overlay fade-in\"><i class=\"fas fa-long-arrow-alt-right\" aria-hidden=\"true\"><\/i><a href=\"https:\/\/www.carrefourfga.ca\/ticfga\/apc-fp\/food-and-tourism-september-18-2023\/\"><\/a><\/div><div class=\"eael-entry-thumbnail \">\n                                <img decoding=\"async\" width=\"300\" height=\"93\" src=\"https:\/\/www.carrefourfga.ca\/ticfga\/apc-fp\/wp-content\/uploads\/sites\/78\/2023\/05\/Voc-talk-cafe\u0301-Food-and-Tourism-mini2-300x93.png\" class=\"attachment-medium size-medium wp-image-15815\" alt=\"\" srcset=\"https:\/\/www.carrefourfga.ca\/ticfga\/apc-fp\/wp-content\/uploads\/sites\/78\/2023\/05\/Voc-talk-cafe\u0301-Food-and-Tourism-mini2-300x93.png 300w, https:\/\/www.carrefourfga.ca\/ticfga\/apc-fp\/wp-content\/uploads\/sites\/78\/2023\/05\/Voc-talk-cafe\u0301-Food-and-Tourism-mini2-1024x316.png 1024w, https:\/\/www.carrefourfga.ca\/ticfga\/apc-fp\/wp-content\/uploads\/sites\/78\/2023\/05\/Voc-talk-cafe\u0301-Food-and-Tourism-mini2-265x82.png 265w, https:\/\/www.carrefourfga.ca\/ticfga\/apc-fp\/wp-content\/uploads\/sites\/78\/2023\/05\/Voc-talk-cafe\u0301-Food-and-Tourism-mini2-768x237.png 768w, https:\/\/www.carrefourfga.ca\/ticfga\/apc-fp\/wp-content\/uploads\/sites\/78\/2023\/05\/Voc-talk-cafe\u0301-Food-and-Tourism-mini2-1536x474.png 1536w, https:\/\/www.carrefourfga.ca\/ticfga\/apc-fp\/wp-content\/uploads\/sites\/78\/2023\/05\/Voc-talk-cafe\u0301-Food-and-Tourism-mini2.png 1714w\" sizes=\"(max-width: 300px) 100vw, 300px\" \/>\n                              <\/div>\n                      <\/div><div class=\"eael-entry-wrapper\"><header class=\"eael-entry-header\"><h2 class=\"eael-entry-title\"><a\n                                    class=\"eael-grid-post-link\"\n                                    href=\"https:\/\/www.carrefourfga.ca\/ticfga\/apc-fp\/food-and-tourism-september-18-2023\/\"\n                                    title=\"Food and Tourism, September 18, 2023\">Food and Tourism, September 18, 2023<\/a><\/h2><\/header><div class=\"eael-entry-content\">\n                                    <div class=\"eael-grid-post-excerpt\"><p>This exploration of project-based learning presented a few projects of...<\/p><a\n                                        href=\"https:\/\/www.carrefourfga.ca\/ticfga\/apc-fp\/food-and-tourism-september-18-2023\/\"\n                                        class=\"eael-post-elements-readmore-btn\">Read More<\/a><\/div>\n                                <\/div><div class=\"eael-entry-header-after style-two\"><div class=\"eael-entry-meta\"><span class=\"eael-meta-posted-on\"><i class=\"far fa-clock\"><\/i><time datetime=\"21 septembre 2023\">21 septembre 2023<\/time><\/span><\/div><\/div><\/div><\/div>\n        <\/div>\n    <\/article><article class=\"eael-grid-post eael-post-grid-column\" data-id=\"15928\">\n        <div class=\"eael-grid-post-holder\">\n            <div class=\"eael-grid-post-holder-inner\"><div class=\"eael-entry-media\"><div class=\"eael-entry-overlay fade-in\"><i class=\"fas fa-long-arrow-alt-right\" aria-hidden=\"true\"><\/i><a href=\"https:\/\/www.carrefourfga.ca\/ticfga\/apc-fp\/food-and-tourism-may-29-2023\/\"><\/a><\/div><div class=\"eael-entry-thumbnail \">\n                                <img decoding=\"async\" width=\"300\" height=\"93\" src=\"https:\/\/www.carrefourfga.ca\/ticfga\/apc-fp\/wp-content\/uploads\/sites\/78\/2023\/05\/Voc-talk-cafe\u0301-Food-and-Tourism-mini2-300x93.png\" class=\"attachment-medium size-medium wp-image-15815\" alt=\"\" srcset=\"https:\/\/www.carrefourfga.ca\/ticfga\/apc-fp\/wp-content\/uploads\/sites\/78\/2023\/05\/Voc-talk-cafe\u0301-Food-and-Tourism-mini2-300x93.png 300w, https:\/\/www.carrefourfga.ca\/ticfga\/apc-fp\/wp-content\/uploads\/sites\/78\/2023\/05\/Voc-talk-cafe\u0301-Food-and-Tourism-mini2-1024x316.png 1024w, https:\/\/www.carrefourfga.ca\/ticfga\/apc-fp\/wp-content\/uploads\/sites\/78\/2023\/05\/Voc-talk-cafe\u0301-Food-and-Tourism-mini2-265x82.png 265w, https:\/\/www.carrefourfga.ca\/ticfga\/apc-fp\/wp-content\/uploads\/sites\/78\/2023\/05\/Voc-talk-cafe\u0301-Food-and-Tourism-mini2-768x237.png 768w, https:\/\/www.carrefourfga.ca\/ticfga\/apc-fp\/wp-content\/uploads\/sites\/78\/2023\/05\/Voc-talk-cafe\u0301-Food-and-Tourism-mini2-1536x474.png 1536w, https:\/\/www.carrefourfga.ca\/ticfga\/apc-fp\/wp-content\/uploads\/sites\/78\/2023\/05\/Voc-talk-cafe\u0301-Food-and-Tourism-mini2.png 1714w\" sizes=\"(max-width: 300px) 100vw, 300px\" \/>\n                              <\/div>\n                      <\/div><div class=\"eael-entry-wrapper\"><header class=\"eael-entry-header\"><h2 class=\"eael-entry-title\"><a\n                                    class=\"eael-grid-post-link\"\n                                    href=\"https:\/\/www.carrefourfga.ca\/ticfga\/apc-fp\/food-and-tourism-may-29-2023\/\"\n                                    title=\"Food and Tourism, May 29, 2023\">Food and Tourism, May 29, 2023<\/a><\/h2><\/header><div class=\"eael-entry-content\">\n                                    <div class=\"eael-grid-post-excerpt\"><p>In this inaugural Voc Talk caf\u00e9 by Apr\u00e8s-Cours, we discussed...<\/p><a\n                                        href=\"https:\/\/www.carrefourfga.ca\/ticfga\/apc-fp\/food-and-tourism-may-29-2023\/\"\n                                        class=\"eael-post-elements-readmore-btn\">Read More<\/a><\/div>\n                                <\/div><div class=\"eael-entry-header-after style-two\"><div class=\"eael-entry-meta\"><span class=\"eael-meta-posted-on\"><i class=\"far fa-clock\"><\/i><time datetime=\"19 juin 2023\">19 juin 2023<\/time><\/span><\/div><\/div><\/div><\/div>\n        <\/div>\n    <\/article><\/div>\n            <div class=\"clearfix\"><\/div>\n        <\/div>            <div class=\"eael-load-more-button-wrap\">\n                <button class=\"eael-load-more-button\" id=\"eael-load-more-btn-c3e63d0\" data-widget-id=\"c3e63d0\" data-widget=\"c3e63d0\" data-page-id=\"16071\" data-template=\"{&quot;dir&quot;:&quot;lite&quot;,&quot;file_name&quot;:&quot;default.php&quot;,&quot;name&quot;:&quot;Post-Grid&quot;}\" data-class=\"Essential_Addons_Elementor\\Elements\\Post_Grid\" data-layout=\"masonry\" data-page=\"1\" data-args=\"orderby=date&amp;order=desc&amp;ignore_sticky_posts=1&amp;post_status=publish&amp;posts_per_page=4&amp;offset=0&amp;post_type=post&amp;tax_query%5B0%5D%5Btaxonomy%5D=category&amp;tax_query%5B0%5D%5Bfield%5D=term_id&amp;tax_query%5B0%5D%5Bterms%5D%5B0%5D=335&amp;tax_query%5Brelation%5D=AND\" data-max-page=\"2\">\n                    <span class=\"eael-btn-loader button__loader\"><\/span>\n                    <span class=\"eael_load_more_text\">Load More<\/span>\n                <\/button>\n            <\/div>\n            \t\t<\/div>\n\t\t\t\t<\/div>\n\t\t\t\t\t<\/div>\n\t\t<\/div>\n\t\t\t\t\t<\/div>\n\t\t<\/section>\n\t\t\t\t<\/div>\n\t\t","protected":false},"excerpt":{"rendered":"<p>Food and Tourism, September 18, 2023 Project-based learning: the secret is in the sauce, project-based learning&#8230; Read More Food and Tourism, May 29, 2023 In this inaugural Voc Talk caf\u00e9 by Apr\u00e8s-Cours, we discussed&#8230; Read More Welcome The Voc Talk Caf\u00e9 is a place where you are&#8230; Read More<\/p>\n","protected":false},"author":6,"featured_media":0,"parent":0,"menu_order":0,"comment_status":"closed","ping_status":"closed","template":"","meta":{"footnotes":""},"class_list":["post-16071","page","type-page","status-publish","hentry"],"_links":{"self":[{"href":"https:\/\/www.carrefourfga.ca\/ticfga\/apc-fp\/wp-json\/wp\/v2\/pages\/16071"}],"collection":[{"href":"https:\/\/www.carrefourfga.ca\/ticfga\/apc-fp\/wp-json\/wp\/v2\/pages"}],"about":[{"href":"https:\/\/www.carrefourfga.ca\/ticfga\/apc-fp\/wp-json\/wp\/v2\/types\/page"}],"author":[{"embeddable":true,"href":"https:\/\/www.carrefourfga.ca\/ticfga\/apc-fp\/wp-json\/wp\/v2\/users\/6"}],"replies":[{"embeddable":true,"href":"https:\/\/www.carrefourfga.ca\/ticfga\/apc-fp\/wp-json\/wp\/v2\/comments?post=16071"}],"version-history":[{"count":4,"href":"https:\/\/www.carrefourfga.ca\/ticfga\/apc-fp\/wp-json\/wp\/v2\/pages\/16071\/revisions"}],"predecessor-version":[{"id":16075,"href":"https:\/\/www.carrefourfga.ca\/ticfga\/apc-fp\/wp-json\/wp\/v2\/pages\/16071\/revisions\/16075"}],"wp:attachment":[{"href":"https:\/\/www.carrefourfga.ca\/ticfga\/apc-fp\/wp-json\/wp\/v2\/media?parent=16071"}],"curies":[{"name":"wp","href":"https:\/\/api.w.org\/{rel}","templated":true}]}}