{"id":6047,"date":"2019-03-13T21:08:45","date_gmt":"2019-03-14T01:08:45","guid":{"rendered":"https:\/\/www.carrefourfga.ca\/ticfga\/16\/?page_id=6047"},"modified":"2025-08-27T08:59:27","modified_gmt":"2025-08-27T12:59:27","slug":"jpm-2019","status":"publish","type":"page","link":"https:\/\/www.carrefourfga.ca\/ticfga\/16\/developpement-professionnel\/jpm-2019\/","title":{"rendered":"\u00c9dition 2019"},"content":{"rendered":"<h5>Les ateliers en surbrillance contiennent la documentation ou le support visuel utilis\u00e9 lors de la pr\u00e9sentation.<\/h5>\n<div class=\"entry-content\">\n<ul id=\"lcp_instance_0\" class=\"lcp_catlist\">\n<li><span style=\"background-color: #ffff00;\"><strong><a title=\"AB01 D\u00e9veloppement de la comp\u00e9tence en \u00e9criture des \u00e9l\u00e8ves en francisation\" href=\"https:\/\/www.carrefourfga.ca\/ticfga\/16\/ab01-lenseignement-de-lecrit\/\">AB01 D\u00e9veloppement de la comp\u00e9tence en \u00e9criture des \u00e9l\u00e8ves en francisation<\/a><\/strong><\/span><\/li>\n<li><a title=\"AB02 S\u2019outiller pour l\u2019ISP\" href=\"https:\/\/www.carrefourfga.ca\/ticfga\/16\/ab02-soutiller-pour-lisp\/\">AB02 S\u2019outiller pour l\u2019ISP<\/a><\/li>\n<li><span style=\"background-color: #ffff00;\"><strong><a title=\"AB03 Favoriser l\u2019apprentissage en IS par l\u2019utilisation des TIC\" href=\"https:\/\/www.carrefourfga.ca\/ticfga\/16\/ab03-favoriser-lapprentissage-en-is-par-lutilisation-des-tic\/\">AB03 Favoriser l\u2019apprentissage en IS par l\u2019utilisation des TIC<\/a><\/strong><\/span><\/li>\n<li><span style=\"background-color: #ffff00;\"><strong><a title=\"AB04 La robotique en MATH FBC : plans et \u00e9chelles\" href=\"https:\/\/www.carrefourfga.ca\/ticfga\/16\/ab04-la-robotique-en-math-fbc-plans-et-echelles\/\">AB04 La robotique en MATH FBC : plans et \u00e9chelles<\/a><\/strong><\/span><\/li>\n<li><span style=\"background-color: #ffff00;\"><strong><a href=\"https:\/\/www.carrefourfga.ca\/ticfga\/16\/ab05-strategies-taches-complexes-et-enseignement-explicite\/\">AB05 Strat\u00e9gies, t\u00e2ches complexes et enseignement explicite<\/a><\/strong><\/span><\/li>\n<li><a title=\"AB06 D\u00e9velopper les comp\u00e9tences disciplinaires en Math-FBD (ANNUL\u00c9)\" href=\"https:\/\/www.carrefourfga.ca\/ticfga\/16\/2019\/03\/22\/ab06-developper-les-competences-disciplinaires-en-math-fbd\/\">AB06 D\u00e9velopper les comp\u00e9tences disciplinaires en Math-FBD (ANNUL\u00c9)<\/a><\/li>\n<li><span style=\"background-color: #ffff00;\"><strong><a title=\"AB07 Programmation par blocs\" href=\"https:\/\/www.carrefourfga.ca\/ticfga\/16\/ab07-programmation-par-blocs\/\">AB07 Programmation par blocs<\/a><\/strong><\/span><\/li>\n<li><span style=\"background-color: #ffff00; color: #ff0000;\"><strong><a style=\"color: #ff0000;\" title=\"A08 Un plan s\u00e9quence sur le FRA-5205 \" href=\"https:\/\/www.carrefourfga.ca\/ticfga\/16\/a08-un-plan-sequence-sur-le-fra-5205\/\">A08 Un plan s\u00e9quence sur le FRA-5205 <\/a><\/strong><\/span><\/li>\n<li><a title=\"A09 \u00c0 la rencontre de la po\u00e9sie\" href=\"https:\/\/www.carrefourfga.ca\/ticfga\/16\/2019\/03\/22\/a09-a-la-rencontre-de-la-poesie\/\">A09 \u00c0 la rencontre de la po\u00e9sie<\/a><\/li>\n<li><span style=\"background-color: #ffff00;\"><strong><a title=\"A10 La r\u00e9troaction en classe de fran\u00e7ais\" href=\"https:\/\/www.carrefourfga.ca\/ticfga\/16\/a10-la-retroaction\/\">A10 La r\u00e9troaction en classe de fran\u00e7ais<\/a><\/strong><\/span><\/li>\n<li><a title=\"A11 Acquisition du vocabulaire en langue seconde (COMPLET)\" href=\"https:\/\/www.carrefourfga.ca\/ticfga\/16\/2019\/03\/22\/a11-acquisition-du-vocabulaire-en-langue-seconde\/\">A11 Acquisition du vocabulaire en langue seconde (COMPLET)<\/a><\/li>\n<li><a title=\"A12 B\u00e2tir l\u2019\u00e9cole de 2030\" href=\"https:\/\/www.carrefourfga.ca\/ticfga\/16\/2019\/03\/22\/a12-batir-lecole-de-2030\/\">A12 B\u00e2tir l\u2019\u00e9cole de 2030<\/a><\/li>\n<li><span style=\"background-color: #ffff00;\"><strong><a title=\"A13 L\u2019enseignement de l\u2019\u00e9ducation physique en ligne\" href=\"https:\/\/www.carrefourfga.ca\/ticfga\/16\/a13-lenseignement-de-leducation-physique-en-ligne\/\">A13 L\u2019enseignement de l\u2019\u00e9ducation physique en ligne<\/a><\/strong><\/span><\/li>\n<li><a title=\"A14 D\u00e9couvrir Campus R\u00c9CIT (ANNUL\u00c9)\" href=\"https:\/\/www.carrefourfga.ca\/ticfga\/16\/2019\/03\/22\/a14-decouvrir-campus-recit\/\">A14 D\u00e9couvrir Campus R\u00c9CIT (ANNUL\u00c9)<\/a><\/li>\n<li><span style=\"background-color: #ffff00;\"><strong><a title=\"A15 Faciliter son enseignement avec les vid\u00e9os de la CVE-GRICS\" href=\"https:\/\/www.carrefourfga.ca\/ticfga\/16\/a15-faciliter-son-enseignement-avec-les-videos-de-la-cve-grics\/\">A15 Faciliter son enseignement avec les vid\u00e9os de la CVE-GRICS<\/a><\/strong><\/span><\/li>\n<li><a title=\"A16 Antidote pour la r\u00e9ussite en anglais, langue seconde\" href=\"https:\/\/www.carrefourfga.ca\/ticfga\/16\/2019\/03\/22\/a16-antidote-pour-la-reussite-en-anglais-langue-seconde\/\">A16 Antidote pour la r\u00e9ussite en anglais, langue seconde<\/a><\/li>\n<li><span style=\"background-color: #ffff00;\"><a title=\"A17 Classes flexibles : l\u2019am\u00e9nagement au service de la p\u00e9dagogie\" href=\"https:\/\/www.carrefourfga.ca\/ticfga\/16\/a17-classes-flexibles-lamenagement-au-service-de-la-pedagogie\/\"><strong>A17 Classes flexibles : l\u2019am\u00e9nagement au service de la p\u00e9dagogie<\/strong><\/a><\/span><\/li>\n<li><span style=\"background-color: #ffff00;\"><strong><a title=\"B08 Cours Biodiversit\u00e9 et conservation\" href=\"https:\/\/www.carrefourfga.ca\/ticfga\/16\/b08-cours-biodiversite-et-conservation\/\"><span style=\"color: #ff0000;\">B08 Cours Biodiversit\u00e9 et conservation<\/span><\/a><\/strong><\/span><\/li>\n<li><a title=\"B09 Antidote pour la r\u00e9ussite en fran\u00e7ais (langue maternelle)\" href=\"https:\/\/www.carrefourfga.ca\/ticfga\/16\/b09-antidote-pour-la-reussite-en-francais-langue-maternelle\/\">B09 Antidote pour la r\u00e9ussite en fran\u00e7ais (langue maternelle)<\/a><\/li>\n<li><a title=\"B10 Les graphiques d\u2019information en univers social\" href=\"https:\/\/www.carrefourfga.ca\/ticfga\/16\/2019\/03\/21\/b10-les-graphiques-dinformation-en-univers-social\/\">B10 Les graphiques d\u2019information en univers social<\/a><\/li>\n<li><a title=\"B11 Francisation : strat\u00e9gies p\u00e9dagogiques en classe de communication orale\" href=\"https:\/\/www.carrefourfga.ca\/ticfga\/16\/2019\/03\/21\/b11-francisation-strategies-pedagogiques-en-classe-de-communication-orale\/\">B11 Francisation : strat\u00e9gies p\u00e9dagogiques en classe de communication orale<\/a><\/li>\n<li><span style=\"background-color: #ffff00;\"><strong><a title=\"B12 La mobilit\u00e9 en classe\" href=\"https:\/\/www.carrefourfga.ca\/ticfga\/16\/b12-la-mobilite-en-classe\/\">B12 La mobilit\u00e9 en classe<\/a><\/strong><\/span><\/li>\n<li><a title=\"B13 \u00c0 la d\u00e9couverte de Moza\u00efk-Portail\" href=\"https:\/\/www.carrefourfga.ca\/ticfga\/16\/2019\/03\/21\/b13-a-la-decouverte-de-mozaik-portail\/\">B13 \u00c0 la d\u00e9couverte de Moza\u00efk-Portail<\/a><\/li>\n<li><a title=\"B14 Venez \u00abflipper\u00bb sur Flipgrid\" href=\"https:\/\/www.carrefourfga.ca\/ticfga\/16\/2019\/03\/21\/b14-venez-flipper-sur-flipgrid\/\">B14 Venez \u00abflipper\u00bb sur Flipgrid<\/a><\/li>\n<li><a title=\"B15 ONF \u00c9ducation : vitrine num\u00e9rique pour saisir le monde qui nous entoure\" href=\"https:\/\/www.carrefourfga.ca\/ticfga\/16\/2019\/03\/21\/b15-onf-education-vitrine-numerique-pour-saisir-le-monde-qui-nous-entoure\/\">B15 ONF \u00c9ducation : vitrine num\u00e9rique pour saisir le monde qui nous entoure<\/a><\/li>\n<li><span style=\"background-color: #ffff00;\"><strong><a title=\"B16 ALS optionnel: l\u2019\u00e9criture sous toutes ses formes\" href=\"https:\/\/www.carrefourfga.ca\/ticfga\/16\/b16-als-optionnel-lecriture-sous-toutes-ses-formes\/\"><span style=\"color: #ff0000;\">B16 ALS optionnel: l\u2019\u00e9criture sous toutes ses formes<\/span><\/a><\/strong><\/span><\/li>\n<li><span style=\"background-color: #ffff00;\"><a title=\"B17 Curio.ca : utilisation de vid\u00e9os \u00e9ducatives en classe\" href=\"https:\/\/www.carrefourfga.ca\/ticfga\/16\/b17-curio-ca-utilisation-de-videos-educatives-en-classe\/\"><strong>B17 Curio.ca : utilisation de vid\u00e9os \u00e9ducatives en classe<\/strong><\/a><\/span><\/li>\n<li><span style=\"background-color: #ffff00;\"><a title=\"C01 Francisation : La fluidit\u00e9 au service de la C\u00c9\" href=\"https:\/\/www.carrefourfga.ca\/ticfga\/16\/c01-francisation-la-fluidite-au-service-de-la-ce\/\"><strong>C01 Francisation : La fluidit\u00e9 au service de la C\u00c9<\/strong><\/a><\/span><\/li>\n<li><span style=\"background-color: #ffff00;\"><strong><a title=\"C02 \u00c7a roule en formation adapt\u00e9e en ISP\" href=\"https:\/\/www.carrefourfga.ca\/ticfga\/16\/c02-ca-roule-en-formation-adaptee-en-isp\/\">C02 \u00c7a roule en formation adapt\u00e9e en ISP<\/a><\/strong><\/span><\/li>\n<li><span style=\"background-color: #ffff00;\"><strong><a title=\"C03 D\u00e9velopper ses habilet\u00e9s en IS gr\u00e2ce \u00e0 la technologie\" href=\"https:\/\/www.carrefourfga.ca\/ticfga\/16\/c03-developper-ses-habiletes-en-is-grace-a-la-technologie\/\">C03 D\u00e9velopper ses habilet\u00e9s en IS gr\u00e2ce \u00e0 la technologie<\/a><\/strong><\/span><\/li>\n<li><span style=\"background-color: #ffff00;\"><strong><a title=\"C04 Enseigner la r\u00e9solution de probl\u00e8me, c\u2019est possible en FGA!\" href=\"https:\/\/www.carrefourfga.ca\/ticfga\/16\/c04-enseigner-la-resolution-de-probleme-cest-possible-en-fga\/\"><span style=\"color: #ff0000;\">C04 Enseigner la r\u00e9solution de probl\u00e8me, c\u2019est possible en FGA!<\/span><\/a><\/strong><\/span><\/li>\n<li><a title=\"C05 Vivre une situation d\u2019\u00e9valuation en SCT-4061\" href=\"https:\/\/www.carrefourfga.ca\/ticfga\/16\/2019\/03\/20\/c05-vivre-une-situation-devaluation-en-sct-4061\/\">C05 Vivre une situation d\u2019\u00e9valuation en SCT-4061<\/a><\/li>\n<li><span style=\"background-color: #ffff00;\"><strong><a title=\"C06 D\u00e9tracteurs &lt;em&gt;vs&lt;\/em&gt; fausses nouvelles\" href=\"https:\/\/www.carrefourfga.ca\/ticfga\/16\/c06-detracteurs-vs-fausses-nouvelles\/\">C06 D\u00e9tracteurs <em>vs<\/em> fausses nouvelles<\/a><\/strong><\/span><\/li>\n<li><span style=\"background-color: #ffff00;\"><strong><a title=\"C07 Tablette en classe de math\u00e9matique\" href=\"https:\/\/www.carrefourfga.ca\/ticfga\/16\/c07-tablette-en-classe-de-mathematique\/\">C07 Tablette en classe de math\u00e9matique<\/a><\/strong><\/span><\/li>\n<li><span style=\"background-color: #ffff00;\"><a title=\"C08 L\u2019enseignement de l\u2019oral : pratiques gagnantes et pi\u00e8ges \u00e0 \u00e9viter\" href=\"https:\/\/www.carrefourfga.ca\/ticfga\/16\/c08-lenseignement-de-loral-pratiques-gagnantes-et-pieges-a-eviter\/\"><strong>C08 L\u2019enseignement de l\u2019oral : pratiques gagnantes et pi\u00e8ges \u00e0 \u00e9viter<\/strong><\/a><\/span><\/li>\n<li><span style=\"background-color: #ffff00;\"><strong><a title=\"C09 Bloguer en classe pour diff\u00e9rencier les pratiques p\u00e9dagogiques\" href=\"https:\/\/www.carrefourfga.ca\/ticfga\/16\/c09-bloguer-en-classe-pour-differencier-les-pratiques-pedagogiques\/\">C09 Bloguer en classe pour diff\u00e9rencier les pratiques p\u00e9dagogiques<\/a><\/strong><\/span><\/li>\n<li><span style=\"background-color: #ffff00;\"><strong><a title=\"C10 Briser les murs de la classe : la r\u00e9alit\u00e9 virtuelle en univers social\" href=\"https:\/\/www.carrefourfga.ca\/ticfga\/16\/c10-briser-les-murs-de-la-classe-la-realite-virtuelle-en-univers-social\/\">C10 Briser les murs de la classe : la r\u00e9alit\u00e9 virtuelle en univers social<\/a><\/strong><\/span><\/li>\n<li><span style=\"background-color: #ffff00;\"><a title=\"C11 Situations d\u2019apprentissage en francisation : un \u00e9ventail de possiblit\u00e9s\" href=\"https:\/\/www.carrefourfga.ca\/ticfga\/16\/c11-situations-dapprentissages-un-eventail-de-possiblites\/\"><strong>C11 Situations d\u2019apprentissage en francisation : un \u00e9ventail de possiblit\u00e9s<\/strong><\/a><\/span><\/li>\n<li><a title=\"C12 &lt;em&gt;Remind&lt;\/em&gt; comme canal de communication (ANNUL\u00c9)\" href=\"https:\/\/www.carrefourfga.ca\/ticfga\/16\/2019\/03\/20\/c12-remind-comme-canal-de-communiquer\/\">C12 <em>Remind<\/em> comme canal de communication (ANNUL\u00c9)<\/a><\/li>\n<li><span style=\"background-color: #ffff00;\"><strong><a title=\"C13 Apprendre gr\u00e2ce \u00e0 la r\u00e9alit\u00e9 virtuelle\" href=\"https:\/\/www.carrefourfga.ca\/ticfga\/16\/c13-apprendre-grace-a-la-realite-virtuelle\/\">C13 Apprendre gr\u00e2ce \u00e0 la r\u00e9alit\u00e9 virtuelle<\/a><\/strong><\/span><\/li>\n<li><a title=\"C14 Cr\u00e9er des activit\u00e9s interactives H5P\" href=\"https:\/\/www.carrefourfga.ca\/ticfga\/16\/2019\/03\/20\/c14-creer-des-activites-interactives-h5p\/\">C14 Cr\u00e9er des activit\u00e9s interactives H5P<\/a><\/li>\n<li><a title=\"C15 Enseignement explicite 101\" href=\"https:\/\/www.carrefourfga.ca\/ticfga\/16\/2019\/03\/20\/c15-enseignement-explicite-101\/\">C15 Enseignement explicite 101<\/a><\/li>\n<li><span style=\"background-color: #ffff00;\"><strong><a title=\"C16 Photoshopping as a social issue\" href=\"https:\/\/www.carrefourfga.ca\/ticfga\/16\/c16-photoshopping-as-a-social-issue\/\"><span style=\"color: #ff0000;\">C16 Photoshopping as a social issue<\/span><\/a><\/strong><\/span><\/li>\n<li><span style=\"background-color: #ffff00;\"><strong><a title=\"C17 Les arts plastiques en FGA, c\u2019est possible et gagnant!\" href=\"https:\/\/www.carrefourfga.ca\/ticfga\/16\/c17-les-arts-plastiques-en-fga-cest-possible-et-gagnant\/\"><span style=\"color: #ff0000;\">C17 Les arts plastiques en FGA, c\u2019est possible et gagnant!<\/span><\/a><\/strong><\/span><\/li>\n<li><span style=\"background-color: #ffff00;\"><strong><a title=\"https:\/\/moodle.recitfgafp.ca\/pluginfile.php\/332204\/mod_resource\/content\/1\/Pr%C3%A9sentation_Ollivier%20Dyens_Mont%C3%A9r%C3%A9gie.pdf\" href=\"https:\/\/moodle.recitfgafp.ca\/pluginfile.php\/332204\/mod_resource\/content\/1\/Pr%C3%A9sentation_Ollivier%20Dyens_Mont%C3%A9r%C3%A9gie.pdf\">Conf\u00e9rence d&#8217;ouvereture &#8211; La terreur et le sublime : construire un monde et un syst\u00e8me d\u2019\u00e9ducation dans l\u2019\u00e2ge de l\u2019algorithme<\/a><\/strong><\/span><\/li>\n<li><a title=\"Salon des exposants\" href=\"https:\/\/www.carrefourfga.ca\/ticfga\/16\/2019\/03\/15\/salon-des-exposants\/\">Salon des exposants<\/a><\/li>\n<li><a title=\"Renseignements g\u00e9n\u00e9raux \u2013 JPM 2019\" href=\"https:\/\/www.carrefourfga.ca\/ticfga\/16\/2018\/03\/13\/renseignements-generaux-jpm-2019\/\">Renseignements g\u00e9n\u00e9raux \u2013 JPM 2019<\/a><\/li>\n<\/ul>\n<\/div>\n<p><!-- .entry-content --><\/p>\n","protected":false},"excerpt":{"rendered":"<p>Les ateliers en surbrillance contiennent la documentation ou le support visuel utilis\u00e9 lors de la pr\u00e9sentation. AB01 D\u00e9veloppement de la comp\u00e9tence en \u00e9criture des \u00e9l\u00e8ves en francisation AB02 S\u2019outiller pour l\u2019ISP AB03 Favoriser l\u2019apprentissage en IS par l\u2019utilisation des TIC AB04 La robotique en MATH FBC : plans et \u00e9chelles AB05 Strat\u00e9gies, t\u00e2ches complexes et [&hellip;]<\/p>\n","protected":false},"author":2,"featured_media":0,"parent":9449,"menu_order":9,"comment_status":"closed","ping_status":"closed","template":"","meta":{"footnotes":""},"class_list":["post-6047","page","type-page","status-publish","hentry"],"rttpg_featured_image_url":null,"rttpg_author":{"display_name":"St\u00e9phane Lavoie","author_link":"https:\/\/www.carrefourfga.ca\/ticfga\/16\/author\/smlavoie\/"},"rttpg_comment":0,"rttpg_category":null,"rttpg_excerpt":"Les ateliers en surbrillance contiennent la documentation ou le support visuel utilis\u00e9 lors de la pr\u00e9sentation. AB01 D\u00e9veloppement de la comp\u00e9tence en \u00e9criture des \u00e9l\u00e8ves en francisation AB02 S\u2019outiller pour l\u2019ISP AB03 Favoriser l\u2019apprentissage en IS par l\u2019utilisation des TIC AB04 La robotique en MATH FBC : plans et \u00e9chelles AB05 Strat\u00e9gies, t\u00e2ches complexes et\u2026","_links":{"self":[{"href":"https:\/\/www.carrefourfga.ca\/ticfga\/16\/wp-json\/wp\/v2\/pages\/6047"}],"collection":[{"href":"https:\/\/www.carrefourfga.ca\/ticfga\/16\/wp-json\/wp\/v2\/pages"}],"about":[{"href":"https:\/\/www.carrefourfga.ca\/ticfga\/16\/wp-json\/wp\/v2\/types\/page"}],"author":[{"embeddable":true,"href":"https:\/\/www.carrefourfga.ca\/ticfga\/16\/wp-json\/wp\/v2\/users\/2"}],"replies":[{"embeddable":true,"href":"https:\/\/www.carrefourfga.ca\/ticfga\/16\/wp-json\/wp\/v2\/comments?post=6047"}],"version-history":[{"count":134,"href":"https:\/\/www.carrefourfga.ca\/ticfga\/16\/wp-json\/wp\/v2\/pages\/6047\/revisions"}],"predecessor-version":[{"id":25364,"href":"https:\/\/www.carrefourfga.ca\/ticfga\/16\/wp-json\/wp\/v2\/pages\/6047\/revisions\/25364"}],"up":[{"embeddable":true,"href":"https:\/\/www.carrefourfga.ca\/ticfga\/16\/wp-json\/wp\/v2\/pages\/9449"}],"wp:attachment":[{"href":"https:\/\/www.carrefourfga.ca\/ticfga\/16\/wp-json\/wp\/v2\/media?parent=6047"}],"curies":[{"name":"wp","href":"https:\/\/api.w.org\/{rel}","templated":true}]}}