{"id":23943,"date":"2025-02-11T14:53:50","date_gmt":"2025-02-11T19:53:50","guid":{"rendered":"https:\/\/www.carrefourfga.ca\/ticfga\/16\/?page_id=23943"},"modified":"2025-02-20T11:43:35","modified_gmt":"2025-02-20T16:43:35","slug":"journee-pps-2025","status":"publish","type":"page","link":"https:\/\/www.carrefourfga.ca\/ticfga\/16\/developpement-professionnel\/journee-pps-2025\/","title":{"rendered":"Journ\u00e9e PPS 2025"},"content":{"rendered":"<div id='av_section_1'  class='avia-section av-u6igbr-4fd9502b6ce4804210cf4a00d399c913 main_color avia-section-default avia-no-border-styling  avia-builder-el-0  el_before_av_textblock  avia-builder-el-first  avia-bg-style-scroll container_wrap sidebar_right'  ><div class='container av-section-cont-open' ><main  role=\"main\" itemprop=\"mainContentOfPage\"  class='template-page content  av-content-small alpha units'><div class='post-entry post-entry-type-page post-entry-23943'><div class='entry-content-wrapper clearfix'>\n<section  class='av_textblock_section av-rpmfpj-bff0487ea357c19691176786ad61adbb '   itemscope=\"itemscope\" itemtype=\"https:\/\/schema.org\/CreativeWork\" ><div class='avia_textblock'  itemprop=\"text\" ><\/div><\/section>\n<section  class='av_textblock_section av-m6sau8hp-adc868d62e29c68c1de402c3683bc5c5 '   itemscope=\"itemscope\" itemtype=\"https:\/\/schema.org\/CreativeWork\" ><div class='avia_textblock'  itemprop=\"text\" ><h1 style=\"text-align: center;\"><span style=\"color: #ffffff;\">***<\/span><\/h1>\n<h1 style=\"text-align: center;\">Journ\u00e9e PPS Mont\u00e9r\u00e9gie-Estrie<\/h1>\n<\/div><\/section>\n<\/div><\/div><\/main><!-- close content main element --><\/div><\/div><div id='after_section_1'  class='main_color av_default_container_wrap container_wrap sidebar_right'  ><div class='container av-section-cont-open' ><div class='template-page content  av-content-small alpha units'><div class='post-entry post-entry-type-page post-entry-23943'><div class='entry-content-wrapper clearfix'>\n<section  class='av_textblock_section av-m6savopb-2e6a5c13c75a52ceb87aee4592faffc2 '   itemscope=\"itemscope\" itemtype=\"https:\/\/schema.org\/CreativeWork\" ><div class='avia_textblock'  itemprop=\"text\" ><h2 style=\"text-align: center;\">14 mars 2025<\/h2>\n<\/div><\/section>\n\n<style type=\"text\/css\" data-created_by=\"avia_inline_auto\" id=\"style-css-av-qrbv9j-6708c1cd22ba64f8917e1ad0d17ca194\">\n.av-tab-section-outer-container.av-qrbv9j-6708c1cd22ba64f8917e1ad0d17ca194 .av-tab-section-tab-title-container{\nbackground-color:#b7cee8;\n}\n<\/style>\n<\/div><\/div><\/div><!-- close content main div --><\/div><\/div><div id='av-tab-section-1'  class='av-tab-section-container entry-content-wrapper main_color av-tab-no-transition   av-tab-above-content  avia-builder-el-4  el_after_av_textblock  avia-builder-el-last  tab-section-not-first container_wrap sidebar_right'  ><div class='av-tab-section-outer-container av-qrbv9j-6708c1cd22ba64f8917e1ad0d17ca194'><div class='av-tab-section-tab-title-container avia-tab-title-padding-default' role='tablist'><a href='#ateliers' data-av-tab-section-title='1' class='av-section-tab-title av-active-tab-title no-scroll av-m6sb7flx-d360e5c38934294ee5c276a824302560 av-tab-with-icon av-tab-no-image ' role='tab' tabindex='0' aria-controls='av-tab-section-1-1'><span class='av-tab-section-icon' aria-hidden='true' data-av_icon='\ue84e' data-av_iconfont='entypo-fontello'><\/span><span class='av-outer-tab-title'><span class='av-inner-tab-title'>Ateliers<\/span><\/span><span class=\"av-tab-arrow-container\"><span><\/span><\/span><\/a><a href='#inscription' data-av-tab-section-title='2' class='av-section-tab-title  av-m6sb89rk-d5f27fa43ae716c05c927840add47d2f av-tab-with-icon av-tab-no-image ' role='tab' tabindex='0' aria-controls='av-tab-section-1-2'><span class='av-tab-section-icon' aria-hidden='true' data-av_icon='\ue836' data-av_iconfont='entypo-fontello'><\/span><span class='av-outer-tab-title'><span class='av-inner-tab-title'>Inscription<\/span><\/span><span class=\"av-tab-arrow-container\"><span><\/span><\/span><\/a><a href='#lieu' data-av-tab-section-title='3' class='av-section-tab-title  av-m6sb8qve-9936535ad54a58a0c48055428441203c av-tab-with-icon av-tab-no-image ' role='tab' tabindex='0' aria-controls='av-tab-section-1-3'><span class='av-tab-section-icon' aria-hidden='true' data-av_icon='\ue842' data-av_iconfont='entypo-fontello'><\/span><span class='av-outer-tab-title'><span class='av-inner-tab-title'>Lieu<\/span><\/span><span class=\"av-tab-arrow-container\"><span><\/span><\/span><\/a><a href='#horaire' data-av-tab-section-title='4' class='av-section-tab-title  av-m6sb963g-b912ce31cb1ea8813d412618d3de5caf av-tab-with-icon av-tab-no-image ' role='tab' tabindex='0' aria-controls='av-tab-section-1-4'><span class='av-tab-section-icon' aria-hidden='true' data-av_icon='\ue862' data-av_iconfont='entypo-fontello'><\/span><span class='av-outer-tab-title'><span class='av-inner-tab-title'>Horaire<\/span><\/span><span class=\"av-tab-arrow-container\"><span><\/span><\/span><\/a><\/div><div class='avia-slideshow-arrows av-tabsection-arrow' ><a href='#prev' class='prev-slide av_prev_tab_section av-tab-section-slide' aria-hidden='true' data-av_icon='\ue87c' data-av_iconfont='entypo-fontello'  tabindex='-1'>Pr\u00e9c\u00e9dent<\/a><a href='#next' class='next-slide av_next_tab_section av-tab-section-slide' aria-hidden='true' data-av_icon='\ue87d' data-av_iconfont='entypo-fontello'  tabindex='-1'>Suivant<\/a><\/div><div class='av-tab-section-inner-container avia-section-default' style='width:400vw; left:0%;'><span class=\"av_prev_tab_section av_tab_navigation\"><\/span><span class=\"av_next_tab_section av_tab_navigation\"><\/span>\n\n<style type=\"text\/css\" data-created_by=\"avia_inline_auto\" id=\"style-css-av-m6sb7flx-d360e5c38934294ee5c276a824302560\">\n.av-layout-tab.av-m6sb7flx-d360e5c38934294ee5c276a824302560{\nvertical-align:middle;\n}\n<\/style>\n<div id='av-tab-section-1-1' class='av-layout-tab av-m6sb7flx-d360e5c38934294ee5c276a824302560 av-animation-delay-container  avia-builder-el-5  el_before_av_tab_sub_section  avia-builder-el-first  av-active-tab-content __av_init_open ' data-av-deeplink-tabs=\"\" data-av-tab-section-content=\"1\" data-tab-section-id=\"ateliers\"><div class=\"av-layout-tab-inner\"><div class=\"container\"><p><div  class='flex_column av-z672p3-fe73e9af7296830cef5346c7837edc10 av_one_half  avia-builder-el-6  el_before_av_one_half  avia-builder-el-first  first flex_column_div  '     ><style type=\"text\/css\" data-created_by=\"avia_inline_auto\" id=\"style-css-av-m6sc3znr-08cb910e35f61c4b565fb6b9014d9fb4\">\n.avia-image-container.av-m6sc3znr-08cb910e35f61c4b565fb6b9014d9fb4 img.avia_image{\nbox-shadow:none;\n}\n.avia-image-container.av-m6sc3znr-08cb910e35f61c4b565fb6b9014d9fb4 .av-image-caption-overlay-center{\ncolor:#ffffff;\n}\n<\/style>\n<div  class='avia-image-container av-m6sc3znr-08cb910e35f61c4b565fb6b9014d9fb4 av-styling- avia-align-left  avia-builder-el-7  avia-builder-el-no-sibling '   itemprop=\"image\" itemscope=\"itemscope\" itemtype=\"https:\/\/schema.org\/ImageObject\" ><div class=\"avia-image-container-inner\"><div class=\"avia-image-overlay-wrap\"><img fetchpriority=\"high\" fetchpriority=\"high\" decoding=\"async\" fetchpriority=\"high\" class='wp-image-23984 avia-img-lazy-loading-not-23984 avia_image ' src=\"https:\/\/www.carrefourfga.ca\/ticfga\/16\/wp-content\/uploads\/sites\/55\/2025\/02\/Bloc-A.jpg\" alt='' title='Bloc A'  height=\"86\" width=\"692\"  itemprop=\"thumbnailUrl\"  \/><\/div><\/div><\/div><\/div><div  class='flex_column av-wjakvb-1858fbf06e36eae5ab6dcec9164bd171 av_one_half  avia-builder-el-8  el_after_av_one_half  el_before_av_one_half  flex_column_div  '     ><style type=\"text\/css\" data-created_by=\"avia_inline_auto\" id=\"style-css-av-m6scg6dd-889f275e48ab54d1a89f9595f5162f7a\">\n.avia-image-container.av-m6scg6dd-889f275e48ab54d1a89f9595f5162f7a img.avia_image{\nbox-shadow:none;\n}\n.avia-image-container.av-m6scg6dd-889f275e48ab54d1a89f9595f5162f7a .av-image-caption-overlay-center{\ncolor:#ffffff;\n}\n<\/style>\n<div  class='avia-image-container av-m6scg6dd-889f275e48ab54d1a89f9595f5162f7a av-styling- avia-align-left  avia-builder-el-9  avia-builder-el-no-sibling '   itemprop=\"image\" itemscope=\"itemscope\" itemtype=\"https:\/\/schema.org\/ImageObject\" ><div class=\"avia-image-container-inner\"><div class=\"avia-image-overlay-wrap\"><img fetchpriority=\"high\" fetchpriority=\"high\" decoding=\"async\" fetchpriority=\"high\" class='wp-image-23982 avia-img-lazy-loading-not-23982 avia_image ' src=\"https:\/\/www.carrefourfga.ca\/ticfga\/16\/wp-content\/uploads\/sites\/55\/2025\/02\/Bloc-B.jpg\" alt='' title='Bloc B'  height=\"87\" width=\"692\"  itemprop=\"thumbnailUrl\"  \/><\/div><\/div><\/div><\/div><div  class='flex_column av-2301avb-7a2cc0711d919639dc9a18b460eed7e8 av_one_half  avia-builder-el-10  el_after_av_one_half  el_before_av_one_half  first flex_column_div  column-top-margin'     ><div  class='togglecontainer av-1nhik9z-b358cf9ac70fa015e8ce771e9d14cad4  avia-builder-el-11  avia-builder-el-no-sibling  toggle_close_all' >\n<section class='av_toggle_section av-1chcqcn-c452aa9ecb0fd40d9d9ebc9d7fba4679'  itemscope=\"itemscope\" itemtype=\"https:\/\/schema.org\/CreativeWork\" ><div role=\"tablist\" class=\"single_toggle\" data-tags=\"{Tout} \"  ><p data-fake-id='#toggle-id-1' class='toggler   '  itemprop=\"headline\"  role='tab' tabindex='0' aria-controls='toggle-id-1'>A-1 \u2013 Situation d\u2019apprentissage<span class=\"toggle_icon\"><span class=\"vert_icon\"><\/span><span class=\"hor_icon\"><\/span><\/span><\/p><div id='toggle-id-1' class='toggle_wrap  '  ><div class='toggle_content invers-color '  itemprop=\"text\" ><\/div><\/div><\/div><\/section>\n<section class='av_toggle_section av-n6ly9z-b7888f505544f094edf3b1cbbebe6b44'  itemscope=\"itemscope\" itemtype=\"https:\/\/schema.org\/CreativeWork\" ><div role=\"tablist\" class=\"single_toggle\" data-tags=\"{Tout} \"  ><p data-fake-id='#toggle-id-2' class='toggler   '  itemprop=\"headline\"  role='tab' tabindex='0' aria-controls='toggle-id-2'>A-2 \u2013 \u00c9valuation <span class=\"toggle_icon\"><span class=\"vert_icon\"><\/span><span class=\"hor_icon\"><\/span><\/span><\/p><div id='toggle-id-2' class='toggle_wrap  '  ><div class='toggle_content invers-color '  itemprop=\"text\" ><\/div><\/div><\/div><\/section>\n<section class='av_toggle_section av-m6sbulq7-9222ec6f6c0e9b9c40713db4b6d678ee'  itemscope=\"itemscope\" itemtype=\"https:\/\/schema.org\/CreativeWork\" ><div role=\"tablist\" class=\"single_toggle\" data-tags=\"{Tout} \"  ><p data-fake-id='#toggle-id-3' class='toggler   '  itemprop=\"headline\"  role='tab' tabindex='0' aria-controls='toggle-id-3'>A-3 \u2013 Projet int\u00e9grateur<span class=\"toggle_icon\"><span class=\"vert_icon\"><\/span><span class=\"hor_icon\"><\/span><\/span><\/p><div id='toggle-id-3' class='toggle_wrap  '  ><div class='toggle_content invers-color '  itemprop=\"text\" ><p>Le contenu masqu\u00e9 vient ici<\/p>\n<\/div><\/div><\/div><\/section>\n<section class='av_toggle_section av-m6sbv6xk-11d2665d8bd74e54d169325e4fe19378'  itemscope=\"itemscope\" itemtype=\"https:\/\/schema.org\/CreativeWork\" ><div role=\"tablist\" class=\"single_toggle\" data-tags=\"{Tout} \"  ><p data-fake-id='#toggle-id-4' class='toggler   '  itemprop=\"headline\"  role='tab' tabindex='0' aria-controls='toggle-id-4'>A-4 \u2013 Portfolio avec Canva<span class=\"toggle_icon\"><span class=\"vert_icon\"><\/span><span class=\"hor_icon\"><\/span><\/span><\/p><div id='toggle-id-4' class='toggle_wrap  '  ><div class='toggle_content invers-color '  itemprop=\"text\" ><p>Le contenu masqu\u00e9 vient ici<\/p>\n<\/div><\/div><\/div><\/section>\n<\/div><\/div><div  class='flex_column av-36lnqw7-bd45a160e0bb919f9a66d9c1adf6eb8a av_one_half  avia-builder-el-12  el_after_av_one_half  avia-builder-el-last  flex_column_div  column-top-margin'     ><div  class='togglecontainer av-2e9q2h3-5e8f703b725bcef5c1e2d79203566d91  avia-builder-el-13  avia-builder-el-no-sibling  toggle_close_all' >\n<section class='av_toggle_section av-298o5ev-3706518f4d30891456ff91950e070ae1'  itemscope=\"itemscope\" itemtype=\"https:\/\/schema.org\/CreativeWork\" ><div role=\"tablist\" class=\"single_toggle\" data-tags=\"{Tout} \"  ><p data-fake-id='#toggle-id-5' class='toggler   '  itemprop=\"headline\"  role='tab' tabindex='0' aria-controls='toggle-id-5'>B-1 \u2013 DHS<span class=\"toggle_icon\"><span class=\"vert_icon\"><\/span><span class=\"hor_icon\"><\/span><\/span><\/p><div id='toggle-id-5' class='toggle_wrap  '  ><div class='toggle_content invers-color '  itemprop=\"text\" ><\/div><\/div><\/div><\/section>\n<section class='av_toggle_section av-1ilxtzb-b969cc3ee32af4fbf3fb5c00151f9f9e'  itemscope=\"itemscope\" itemtype=\"https:\/\/schema.org\/CreativeWork\" ><div role=\"tablist\" class=\"single_toggle\" data-tags=\"{Tout} \"  ><p data-fake-id='#toggle-id-6' class='toggler   '  itemprop=\"headline\"  role='tab' tabindex='0' aria-controls='toggle-id-6'>B-2 \u2013 \u00c9valuation (r\u00e9p\u00e9tition de A-2)<span class=\"toggle_icon\"><span class=\"vert_icon\"><\/span><span class=\"hor_icon\"><\/span><\/span><\/p><div id='toggle-id-6' class='toggle_wrap  '  ><div class='toggle_content invers-color '  itemprop=\"text\" ><\/div><\/div><\/div><\/section>\n<section class='av_toggle_section av-1774qkn-63854c7a3455aaf8a347790e541c224c'  itemscope=\"itemscope\" itemtype=\"https:\/\/schema.org\/CreativeWork\" ><div role=\"tablist\" class=\"single_toggle\" data-tags=\"{Tout} \"  ><p data-fake-id='#toggle-id-7' class='toggler   '  itemprop=\"headline\"  role='tab' tabindex='0' aria-controls='toggle-id-7'>B-3 \u2013 Projet int\u00e9grateur (r\u00e9p\u00e9tition de A-3)<span class=\"toggle_icon\"><span class=\"vert_icon\"><\/span><span class=\"hor_icon\"><\/span><\/span><\/p><div id='toggle-id-7' class='toggle_wrap  '  ><div class='toggle_content invers-color '  itemprop=\"text\" ><p>Le contenu masqu\u00e9 vient ici<\/p>\n<\/div><\/div><\/div><\/section>\n<section class='av_toggle_section av-398rhj-d8471b5cdb27207342abf3f5efd45d2c'  itemscope=\"itemscope\" itemtype=\"https:\/\/schema.org\/CreativeWork\" ><div role=\"tablist\" class=\"single_toggle\" data-tags=\"{Tout} \"  ><p data-fake-id='#toggle-id-8' class='toggler   '  itemprop=\"headline\"  role='tab' tabindex='0' aria-controls='toggle-id-8'>B-4 \u2013 Table ronde Gestion<span class=\"toggle_icon\"><span class=\"vert_icon\"><\/span><span class=\"hor_icon\"><\/span><\/span><\/p><div id='toggle-id-8' class='toggle_wrap  '  ><div class='toggle_content invers-color '  itemprop=\"text\" ><p>Le contenu masqu\u00e9 vient ici<\/p>\n<\/div><\/div><\/div><\/section>\n<\/div><\/div><\/p>\n<\/div><\/div><\/div>\n<style type=\"text\/css\" data-created_by=\"avia_inline_auto\" id=\"style-css-av-m6sb89rk-d5f27fa43ae716c05c927840add47d2f\">\n.av-layout-tab.av-m6sb89rk-d5f27fa43ae716c05c927840add47d2f{\nvertical-align:middle;\n}\n<\/style>\n<div id='av-tab-section-1-2' class='av-layout-tab av-m6sb89rk-d5f27fa43ae716c05c927840add47d2f av-animation-delay-container  avia-builder-el-14  el_after_av_tab_sub_section  el_before_av_tab_sub_section  ' data-av-deeplink-tabs=\"\" data-av-tab-section-content=\"2\" data-tab-section-id=\"inscription\"><div class=\"av-layout-tab-inner\"><div class=\"container\"><\/div><\/div><\/div>\n<style type=\"text\/css\" data-created_by=\"avia_inline_auto\" id=\"style-css-av-m6sb8qve-9936535ad54a58a0c48055428441203c\">\n.av-layout-tab.av-m6sb8qve-9936535ad54a58a0c48055428441203c{\nvertical-align:middle;\n}\n<\/style>\n<div id='av-tab-section-1-3' class='av-layout-tab av-m6sb8qve-9936535ad54a58a0c48055428441203c av-animation-delay-container  avia-builder-el-15  el_after_av_tab_sub_section  el_before_av_tab_sub_section  ' data-av-deeplink-tabs=\"\" data-av-tab-section-content=\"3\" data-tab-section-id=\"lieu\"><div class=\"av-layout-tab-inner\"><div class=\"container\"><\/div><\/div><\/div>\n<style type=\"text\/css\" data-created_by=\"avia_inline_auto\" id=\"style-css-av-m6sb963g-b912ce31cb1ea8813d412618d3de5caf\">\n.av-layout-tab.av-m6sb963g-b912ce31cb1ea8813d412618d3de5caf{\nvertical-align:middle;\n}\n<\/style>\n<div id='av-tab-section-1-4' class='av-layout-tab av-m6sb963g-b912ce31cb1ea8813d412618d3de5caf av-animation-delay-container  avia-builder-el-16  el_after_av_tab_sub_section  avia-builder-el-last  ' data-av-deeplink-tabs=\"\" data-av-tab-section-content=\"4\" data-tab-section-id=\"horaire\"><div class=\"av-layout-tab-inner\"><div class=\"container\"><\/div><\/div><\/div><\/div><\/div><\/div>\n","protected":false},"excerpt":{"rendered":"","protected":false},"author":20,"featured_media":0,"parent":9449,"menu_order":0,"comment_status":"closed","ping_status":"closed","template":"","meta":{"footnotes":""},"class_list":["post-23943","page","type-page","status-publish","hentry"],"rttpg_featured_image_url":null,"rttpg_author":{"display_name":"Laurent Demers","author_link":"https:\/\/www.carrefourfga.ca\/ticfga\/16\/author\/ldemers\/"},"rttpg_comment":0,"rttpg_category":null,"rttpg_excerpt":null,"_links":{"self":[{"href":"https:\/\/www.carrefourfga.ca\/ticfga\/16\/wp-json\/wp\/v2\/pages\/23943"}],"collection":[{"href":"https:\/\/www.carrefourfga.ca\/ticfga\/16\/wp-json\/wp\/v2\/pages"}],"about":[{"href":"https:\/\/www.carrefourfga.ca\/ticfga\/16\/wp-json\/wp\/v2\/types\/page"}],"author":[{"embeddable":true,"href":"https:\/\/www.carrefourfga.ca\/ticfga\/16\/wp-json\/wp\/v2\/users\/20"}],"replies":[{"embeddable":true,"href":"https:\/\/www.carrefourfga.ca\/ticfga\/16\/wp-json\/wp\/v2\/comments?post=23943"}],"version-history":[{"count":44,"href":"https:\/\/www.carrefourfga.ca\/ticfga\/16\/wp-json\/wp\/v2\/pages\/23943\/revisions"}],"predecessor-version":[{"id":25369,"href":"https:\/\/www.carrefourfga.ca\/ticfga\/16\/wp-json\/wp\/v2\/pages\/23943\/revisions\/25369"}],"up":[{"embeddable":true,"href":"https:\/\/www.carrefourfga.ca\/ticfga\/16\/wp-json\/wp\/v2\/pages\/9449"}],"wp:attachment":[{"href":"https:\/\/www.carrefourfga.ca\/ticfga\/16\/wp-json\/wp\/v2\/media?parent=23943"}],"curies":[{"name":"wp","href":"https:\/\/api.w.org\/{rel}","templated":true}]}}