{"id":22399,"date":"2024-03-27T09:39:26","date_gmt":"2024-03-27T13:39:26","guid":{"rendered":"https:\/\/www.carrefourfga.ca\/ticfga\/16\/?page_id=22399"},"modified":"2024-05-21T14:28:26","modified_gmt":"2024-05-21T18:28:26","slug":"trucs-et-astuces","status":"publish","type":"page","link":"https:\/\/www.carrefourfga.ca\/ticfga\/16\/trucs-et-astuces\/","title":{"rendered":"Trucs et astuces"},"content":{"rendered":"<section  class='av_textblock_section av-lsvyx530-55c44903a25b0827676fdc58f7565f92 '   itemscope=\"itemscope\" itemtype=\"https:\/\/schema.org\/CreativeWork\" ><div class='avia_textblock'  itemprop=\"text\" ><h2><\/h2>\n<h2 class=\"tpg-widget-heading\">Trucs et astuces<\/h2>\n<p><!--Start Offset left & offset right column-->Voici une liste de trucs et astuces facile \u00e0 consulter.<br \/>\n<!--End right offset column --> <!--End .rt-row --><\/p>\n<\/div><\/section>\n<div  class='flex_column av-218165b-9817596dbaf615b50ca39616854de114 av_one_third  avia-builder-el-1  el_after_av_textblock  el_before_av_one_third  first flex_column_div  column-top-margin'     ><section  class='av_textblock_section av-lsvzj4qf-51b33c08149ba5c530777d953f57de1a '   itemscope=\"itemscope\" itemtype=\"https:\/\/schema.org\/CreativeWork\" ><div class='avia_textblock'  itemprop=\"text\" ><div class='avia-iframe-wrap'><iframe title=\"Trucs et astuces num\u00e9riques: S\u00e9lectionner tout\" width=\"1500\" height=\"844\" src=\"https:\/\/www.youtube.com\/embed\/6-VREjwQhGI?feature=oembed\" frameborder=\"0\" allow=\"accelerometer; autoplay; clipboard-write; encrypted-media; gyroscope; picture-in-picture; web-share\" referrerpolicy=\"strict-origin-when-cross-origin\" allowfullscreen><\/iframe><\/div>\n<\/div><\/section><\/div>\n<div  class='flex_column av-1qdeo5b-67b5e3383797ca5ed5e40390da49a963 av_one_third  avia-builder-el-3  el_after_av_one_third  el_before_av_one_third  flex_column_div  column-top-margin'     ><section  class='av_textblock_section av-lsvzj7f0-2b3513e1e2dfb9bc1266bfeadaf4ae4f '   itemscope=\"itemscope\" itemtype=\"https:\/\/schema.org\/CreativeWork\" ><div class='avia_textblock'  itemprop=\"text\" ><div class='avia-iframe-wrap'><iframe title=\"Trucs et astuces num\u00e9riques: Insertion d&#039;hyperliens\" width=\"1500\" height=\"844\" src=\"https:\/\/www.youtube.com\/embed\/AIcnkmmbEIk?feature=oembed\" frameborder=\"0\" allow=\"accelerometer; autoplay; clipboard-write; encrypted-media; gyroscope; picture-in-picture; web-share\" referrerpolicy=\"strict-origin-when-cross-origin\" allowfullscreen><\/iframe><\/div>\n<\/div><\/section><\/div>\n<div  class='flex_column av-1cefoan-648a5200f084ff1aa1d5b2c6d902b0a3 av_one_third  avia-builder-el-5  el_after_av_one_third  el_before_av_one_third  flex_column_div  column-top-margin'     ><section  class='av_textblock_section av-lsvzj9e5-f49300e14ac9bb295026f4b33a9d6619 '   itemscope=\"itemscope\" itemtype=\"https:\/\/schema.org\/CreativeWork\" ><div class='avia_textblock'  itemprop=\"text\" ><div class='avia-iframe-wrap'><iframe title=\"Trucs et astuces num\u00e9riques: Synchronisation OneDrive\" width=\"1500\" height=\"844\" src=\"https:\/\/www.youtube.com\/embed\/CreY4Ct7wG8?feature=oembed\" frameborder=\"0\" allow=\"accelerometer; autoplay; clipboard-write; encrypted-media; gyroscope; picture-in-picture; web-share\" referrerpolicy=\"strict-origin-when-cross-origin\" allowfullscreen><\/iframe><\/div>\n<\/div><\/section><\/div>\n<div  class='flex_column av-wxvnzz-65f32671fa15f8f928bc74637b7a14a6 av_one_third  avia-builder-el-7  el_after_av_one_third  el_before_av_one_third  first flex_column_div  column-top-margin'     ><section  class='av_textblock_section av-lsvzjb63-446244c2bab76f7eac4f4d00791918f0 '   itemscope=\"itemscope\" itemtype=\"https:\/\/schema.org\/CreativeWork\" ><div class='avia_textblock'  itemprop=\"text\" ><div class='avia-iframe-wrap'><iframe title=\"Trucs et astuces num\u00e9riques: Rechercher dans un document ou une page\" width=\"1500\" height=\"844\" src=\"https:\/\/www.youtube.com\/embed\/SgWfHiJEAjM?feature=oembed\" frameborder=\"0\" allow=\"accelerometer; autoplay; clipboard-write; encrypted-media; gyroscope; picture-in-picture; web-share\" referrerpolicy=\"strict-origin-when-cross-origin\" allowfullscreen><\/iframe><\/div>\n<\/div><\/section><\/div>\n<div  class='flex_column av-14rwp9b-08b05449dda929b26ca93ed78d0bb92d av_one_third  avia-builder-el-9  el_after_av_one_third  el_before_av_one_third  flex_column_div  column-top-margin'     ><section  class='av_textblock_section av-lsvzjcw6-7f8db34e157ff83217ae94156da4ae0d '   itemscope=\"itemscope\" itemtype=\"https:\/\/schema.org\/CreativeWork\" ><div class='avia_textblock'  itemprop=\"text\" ><div class='avia-iframe-wrap'><iframe title=\"Trucs et astuces num\u00e9riques: Gestionnaire de t\u00e2ches\" width=\"1500\" height=\"844\" src=\"https:\/\/www.youtube.com\/embed\/V07boaFM1Es?feature=oembed\" frameborder=\"0\" allow=\"accelerometer; autoplay; clipboard-write; encrypted-media; gyroscope; picture-in-picture; web-share\" referrerpolicy=\"strict-origin-when-cross-origin\" allowfullscreen><\/iframe><\/div>\n<\/div><\/section><\/div>\n<div  class='flex_column av-wme00v-0bec8a8dd2c01f9daab249a980a4f779 av_one_third  avia-builder-el-11  el_after_av_one_third  el_before_av_one_third  flex_column_div  column-top-margin'     ><section  class='av_textblock_section av-lsvzjemb-d88ab0bbd863ccb258938c1bd15b8b70 '   itemscope=\"itemscope\" itemtype=\"https:\/\/schema.org\/CreativeWork\" ><div class='avia_textblock'  itemprop=\"text\" ><div class='avia-iframe-wrap'><iframe title=\"Trucs et astuces num\u00e9riques: Retour Rapide sur le Bureau\" width=\"1500\" height=\"844\" src=\"https:\/\/www.youtube.com\/embed\/xMuBpxgNGOQ?feature=oembed\" frameborder=\"0\" allow=\"accelerometer; autoplay; clipboard-write; encrypted-media; gyroscope; picture-in-picture; web-share\" referrerpolicy=\"strict-origin-when-cross-origin\" allowfullscreen><\/iframe><\/div>\n<\/div><\/section><\/div>\n<div  class='flex_column av-4bakrnj-106c8d434aec1d0efb5e370485bd15e6 av_one_third  avia-builder-el-13  el_after_av_one_third  el_before_av_one_third  first flex_column_div  column-top-margin'     ><section  class='av_textblock_section av-lwgonjwt-c23781eee5dfb19215ff075c1df2da7d '   itemscope=\"itemscope\" itemtype=\"https:\/\/schema.org\/CreativeWork\" ><div class='avia_textblock'  itemprop=\"text\" ><div class='avia-iframe-wrap'><iframe title=\"Windows + P\" width=\"1500\" height=\"844\" src=\"https:\/\/www.youtube.com\/embed\/LAUIaItPDcs?feature=oembed\" frameborder=\"0\" allow=\"accelerometer; autoplay; clipboard-write; encrypted-media; gyroscope; picture-in-picture; web-share\" referrerpolicy=\"strict-origin-when-cross-origin\" allowfullscreen><\/iframe><\/div>\n<\/div><\/section><\/div>\n<div  class='flex_column av-3tr2aan-83eb906de2009cf189352585e157851f av_one_third  avia-builder-el-15  el_after_av_one_third  el_before_av_one_third  flex_column_div  column-top-margin'     ><section  class='av_textblock_section av-lwgoo296-a6f4b84d74c2d28ab3ccd46852cfe6eb '   itemscope=\"itemscope\" itemtype=\"https:\/\/schema.org\/CreativeWork\" ><div class='avia_textblock'  itemprop=\"text\" ><div class='avia-iframe-wrap'><iframe title=\"Uniformiser un collage Word\" width=\"1500\" height=\"844\" src=\"https:\/\/www.youtube.com\/embed\/15Vqh3-E9Aw?feature=oembed\" frameborder=\"0\" allow=\"accelerometer; autoplay; clipboard-write; encrypted-media; gyroscope; picture-in-picture; web-share\" referrerpolicy=\"strict-origin-when-cross-origin\" allowfullscreen><\/iframe><\/div>\n<\/div><\/section><\/div>\n<div  class='flex_column av-cv1afz-6d2d3855d3fb893680a1fa97ea728def av_one_third  avia-builder-el-17  el_after_av_one_third  el_before_av_one_third  flex_column_div  column-top-margin'     ><section  class='av_textblock_section av-lwgotke1-26ae07e7eb5b1666db1d863f12a03e62 '   itemscope=\"itemscope\" itemtype=\"https:\/\/schema.org\/CreativeWork\" ><div class='avia_textblock'  itemprop=\"text\" ><div class='avia-iframe-wrap'><iframe title=\"G\u00e9n\u00e9rer un code QR dans Chrome\" width=\"1500\" height=\"844\" src=\"https:\/\/www.youtube.com\/embed\/0b3Z6Ch7WX8?feature=oembed\" frameborder=\"0\" allow=\"accelerometer; autoplay; clipboard-write; encrypted-media; gyroscope; picture-in-picture; web-share\" referrerpolicy=\"strict-origin-when-cross-origin\" allowfullscreen><\/iframe><\/div>\n<\/div><\/section><\/div>\n<div  class='flex_column av-3286k73-ab94f28d326c889056cb3efbf63ab4ee av_one_third  avia-builder-el-19  el_after_av_one_third  el_before_av_one_third  first flex_column_div  column-top-margin'     ><section  class='av_textblock_section av-2d0w3fj-086ff2b3cbaab685b9497d26295b0d40 '   itemscope=\"itemscope\" itemtype=\"https:\/\/schema.org\/CreativeWork\" ><div class='avia_textblock'  itemprop=\"text\" ><div class='avia-iframe-wrap'><iframe title=\"Trucs et astuces num\u00e9riques: Ctrl + Z\" width=\"1500\" height=\"844\" src=\"https:\/\/www.youtube.com\/embed\/JZw2jGU3MMY?feature=oembed\" frameborder=\"0\" allow=\"accelerometer; autoplay; clipboard-write; encrypted-media; gyroscope; picture-in-picture; web-share\" referrerpolicy=\"strict-origin-when-cross-origin\" allowfullscreen><\/iframe><\/div>\n<\/div><\/section><\/div>\n<div  class='flex_column av-2a9iukf-d8f8aedabe61cc940f3d09da4222e22a av_one_third  avia-builder-el-21  el_after_av_one_third  el_before_av_one_third  flex_column_div  column-top-margin'     ><section  class='av_textblock_section av-1m1lj4v-bf01333efc771a6c9cf2d761fd2bd84b '   itemscope=\"itemscope\" itemtype=\"https:\/\/schema.org\/CreativeWork\" ><div class='avia_textblock'  itemprop=\"text\" ><div class='avia-iframe-wrap'><iframe title=\"Trucs et astuces num\u00e9riques: Captures d&#039;\u00e9cran rapides\" width=\"1500\" height=\"844\" src=\"https:\/\/www.youtube.com\/embed\/Wxipz4MM_R4?feature=oembed\" frameborder=\"0\" allow=\"accelerometer; autoplay; clipboard-write; encrypted-media; gyroscope; picture-in-picture; web-share\" referrerpolicy=\"strict-origin-when-cross-origin\" allowfullscreen><\/iframe><\/div>\n<\/div><\/section><\/div>\n<div  class='flex_column av-15o4933-cce6ca3e0791416d04fee2bc58fd47b3 av_one_third  avia-builder-el-23  el_after_av_one_third  el_before_av_one_third  flex_column_div  column-top-margin'     ><section  class='av_textblock_section av-i9jlrz-94df31c2f38770e001e77edd76729a23 '   itemscope=\"itemscope\" itemtype=\"https:\/\/schema.org\/CreativeWork\" ><div class='avia_textblock'  itemprop=\"text\" ><div class='avia-iframe-wrap'><iframe title=\"Trucs et astuces num\u00e9riques: Ctrl+P\" width=\"1500\" height=\"844\" src=\"https:\/\/www.youtube.com\/embed\/I9t4Sz6PA0U?feature=oembed\" frameborder=\"0\" allow=\"accelerometer; autoplay; clipboard-write; encrypted-media; gyroscope; picture-in-picture; web-share\" referrerpolicy=\"strict-origin-when-cross-origin\" allowfullscreen><\/iframe><\/div>\n<\/div><\/section><\/div>\n<div  class='flex_column av-872wov-9b1d5e52768e00dd74c8db6daf107bc2 av_one_third  avia-builder-el-25  el_after_av_one_third  el_before_av_one_third  first flex_column_div  column-top-margin'     ><section  class='av_textblock_section av-1i2cmzj-d47be80706449c8e9391aab8b8a61267 '   itemscope=\"itemscope\" itemtype=\"https:\/\/schema.org\/CreativeWork\" ><div class='avia_textblock'  itemprop=\"text\" ><div class='avia-iframe-wrap'><iframe title=\"Trucs et astuces num\u00e9riques: CTRL+zoom\" width=\"1500\" height=\"844\" src=\"https:\/\/www.youtube.com\/embed\/aLyRmX8MvC4?feature=oembed\" frameborder=\"0\" allow=\"accelerometer; autoplay; clipboard-write; encrypted-media; gyroscope; picture-in-picture; web-share\" referrerpolicy=\"strict-origin-when-cross-origin\" allowfullscreen><\/iframe><\/div>\n<\/div><\/section><\/div>\n<div  class='flex_column av-10s8szj-8ab0b52f0b81163d6914e7d06785b74e av_one_third  avia-builder-el-27  el_after_av_one_third  el_before_av_one_third  flex_column_div  column-top-margin'     ><section  class='av_textblock_section av-tus6in-4e897dd61e7452a8af2453da38fc2c2a '   itemscope=\"itemscope\" itemtype=\"https:\/\/schema.org\/CreativeWork\" ><div class='avia_textblock'  itemprop=\"text\" ><div class='avia-iframe-wrap'><iframe title=\"Trucs et astuces num\u00e9riques: Acc\u00e8s rapide aux documents fr\u00e9quents\" width=\"1500\" height=\"844\" src=\"https:\/\/www.youtube.com\/embed\/VDjCbYsGwZE?feature=oembed\" frameborder=\"0\" allow=\"accelerometer; autoplay; clipboard-write; encrypted-media; gyroscope; picture-in-picture; web-share\" referrerpolicy=\"strict-origin-when-cross-origin\" allowfullscreen><\/iframe><\/div>\n<\/div><\/section><\/div>\n<div  class='flex_column av-av_one_third-690ccb7c49e0b924437f49b53a34614c av_one_third  avia-builder-el-29  el_after_av_one_third  el_before_av_one_third  flex_column_div  column-top-margin'     ><section  class='av_textblock_section av-lwgq45jh-caec3edbdc8717d0a8fb2146589f7bff '   itemscope=\"itemscope\" itemtype=\"https:\/\/schema.org\/CreativeWork\" ><div class='avia_textblock'  itemprop=\"text\" ><div class='avia-iframe-wrap'><iframe title=\"Alt + Tab\" width=\"1500\" height=\"844\" src=\"https:\/\/www.youtube.com\/embed\/uk86baLwCTY?feature=oembed\" frameborder=\"0\" allow=\"accelerometer; autoplay; clipboard-write; encrypted-media; gyroscope; picture-in-picture; web-share\" referrerpolicy=\"strict-origin-when-cross-origin\" allowfullscreen><\/iframe><\/div>\n<\/div><\/section><\/div><div  class='flex_column av-av_one_third-7420270dda896a7728e3c90b94d24f81 av_one_third  avia-builder-el-31  el_after_av_one_third  el_before_av_one_third  first flex_column_div  column-top-margin'     ><section  class='av_textblock_section av-lwgq4sj2-8199b098b0acb0820dc10ea6268f2ba6 '   itemscope=\"itemscope\" itemtype=\"https:\/\/schema.org\/CreativeWork\" ><div class='avia_textblock'  itemprop=\"text\" ><div class='avia-iframe-wrap'><iframe title=\"Trucs et astuces num\u00e9riques: CTRL G, U et I\" width=\"1500\" height=\"844\" src=\"https:\/\/www.youtube.com\/embed\/mmRakEa6hRM?feature=oembed\" frameborder=\"0\" allow=\"accelerometer; autoplay; clipboard-write; encrypted-media; gyroscope; picture-in-picture; web-share\" referrerpolicy=\"strict-origin-when-cross-origin\" allowfullscreen><\/iframe><\/div>\n<\/div><\/section><\/div><div  class='flex_column av-av_one_third-690ccb7c49e0b924437f49b53a34614c av_one_third  avia-builder-el-33  el_after_av_one_third  avia-builder-el-last  flex_column_div  column-top-margin'     ><section  class='av_textblock_section av-lwgqafuv-5a7e17f93349d2997c869ef225af29bc '   itemscope=\"itemscope\" itemtype=\"https:\/\/schema.org\/CreativeWork\" ><div class='avia_textblock'  itemprop=\"text\" ><div class='avia-iframe-wrap'><iframe title=\"Trucs et astuces num\u00e9riques: Raccourci de sauvegarde\" width=\"1500\" height=\"844\" src=\"https:\/\/www.youtube.com\/embed\/gOykr2NBKWY?feature=oembed\" frameborder=\"0\" allow=\"accelerometer; autoplay; clipboard-write; encrypted-media; gyroscope; picture-in-picture; web-share\" referrerpolicy=\"strict-origin-when-cross-origin\" allowfullscreen><\/iframe><\/div>\n<\/div><\/section><\/div><\/p>\n","protected":false},"excerpt":{"rendered":"","protected":false},"author":360,"featured_media":0,"parent":0,"menu_order":0,"comment_status":"closed","ping_status":"closed","template":"","meta":{"footnotes":""},"class_list":["post-22399","page","type-page","status-publish","hentry"],"rttpg_featured_image_url":null,"rttpg_author":{"display_name":"abordeleau","author_link":"https:\/\/www.carrefourfga.ca\/ticfga\/16\/author\/abordeleau\/"},"rttpg_comment":0,"rttpg_category":null,"rttpg_excerpt":null,"_links":{"self":[{"href":"https:\/\/www.carrefourfga.ca\/ticfga\/16\/wp-json\/wp\/v2\/pages\/22399"}],"collection":[{"href":"https:\/\/www.carrefourfga.ca\/ticfga\/16\/wp-json\/wp\/v2\/pages"}],"about":[{"href":"https:\/\/www.carrefourfga.ca\/ticfga\/16\/wp-json\/wp\/v2\/types\/page"}],"author":[{"embeddable":true,"href":"https:\/\/www.carrefourfga.ca\/ticfga\/16\/wp-json\/wp\/v2\/users\/360"}],"replies":[{"embeddable":true,"href":"https:\/\/www.carrefourfga.ca\/ticfga\/16\/wp-json\/wp\/v2\/comments?post=22399"}],"version-history":[{"count":20,"href":"https:\/\/www.carrefourfga.ca\/ticfga\/16\/wp-json\/wp\/v2\/pages\/22399\/revisions"}],"predecessor-version":[{"id":22811,"href":"https:\/\/www.carrefourfga.ca\/ticfga\/16\/wp-json\/wp\/v2\/pages\/22399\/revisions\/22811"}],"wp:attachment":[{"href":"https:\/\/www.carrefourfga.ca\/ticfga\/16\/wp-json\/wp\/v2\/media?parent=22399"}],"curies":[{"name":"wp","href":"https:\/\/api.w.org\/{rel}","templated":true}]}}