{"id":2,"date":"2016-06-22T16:08:00","date_gmt":"2016-06-22T20:08:00","guid":{"rendered":"https:\/\/www.carrefourfga.ca\/ticfga\/16\/?page_id=2"},"modified":"2022-01-11T11:18:34","modified_gmt":"2022-01-11T16:18:34","slug":"qui-nous-sommes","status":"publish","type":"page","link":"https:\/\/www.carrefourfga.ca\/ticfga\/16\/qui-nous-sommes\/","title":{"rendered":"Qui sommes-nous?"},"content":{"rendered":"\n<style type=\"text\/css\" data-created_by=\"avia_inline_auto\" id=\"style-css-av-5kwu-304c4ab01d0d29a00c33a7f583a3151e\">\n.flex_column.av-5kwu-304c4ab01d0d29a00c33a7f583a3151e{\nborder-radius:0px 0px 0px 0px;\npadding:0px 0px 0px 0px;\n}\n<\/style>\n<div  class='flex_column av-5kwu-304c4ab01d0d29a00c33a7f583a3151e av_one_half  avia-builder-el-0  el_before_av_one_half  avia-builder-el-first  first flex_column_div av-zero-column-padding  '     ><section  class='av_textblock_section av-ked62gbc-f727d687af7f90b9be8fb9e970704a8b '   itemscope=\"itemscope\" itemtype=\"https:\/\/schema.org\/CreativeWork\" ><div class='avia_textblock'  itemprop=\"text\" ><p>FGA Mont\u00e9r\u00e9gie est anim\u00e9 par le sous-comit\u00e9 FGA de la Mont\u00e9r\u00e9gie. Pour en savoir davantage vous pouvez consulter le <a href=\"https:\/\/www.carrefourfga.ca\/ticfga\/16\/wp-content\/uploads\/sites\/55\/2020\/08\/Cadre-de-fonctionnement-du-SCFGA.pdf\">Cadre de fonctionnement du SCFGA<\/a>.<\/p>\n<p>Si vous avez des questions ou des commentaires en lien avec ce site web, <a href=\"mailto:info@fgamonteregie.qc.ca\">\u00e9crivez au webmestre<\/a>.<\/p>\n<h2>Repr\u00e9sentants des centres de services scolaires de la Mont\u00e9r\u00e9gie :<\/h2>\n<ul>\n<li>Mylaine Goulet (vice-pr\u00e9sidente), Css de Saint-Hyacinthe<\/li>\n<li>Edgar Enrique Delgago Cuevas, Css des Patriotes<\/li>\n<li>Francine Jacques, Css des Grandes-Seigneuries<\/li>\n<li>M\u00e9lody Taillon, Css des Hautes-Rivi\u00e8res<\/li>\n<li>Jo\u00eblle Mackay-Dubois, Css Marie-Victorin<\/li>\n<li>Cs New Frontiers<\/li>\n<li>Nicole Lalonde-Barley, Cs Riverside<\/li>\n<li>Sylvie, Verrette, Css de Sorel-Tracy<\/li>\n<li>Brigitte Labelle, Css des Trois-Lacs<\/li>\n<li>Css du Val-des-Cerfs<\/li>\n<li>Myl\u00e8ne Cardinal, Css de la Vall\u00e9e-des-Tisserands<\/li>\n<\/ul>\n<h2>Repr\u00e9sentants des centres de services scolaires de l&#8217;Estrie :<\/h2>\n<ul>\n<li>Martin H\u00e9bert, Css de la R\u00e9gion-de-Sherbrooke (pr\u00e9sident)<\/li>\n<li>Am\u00e9lie Dandurand, Css des Hauts-Cantons<\/li>\n<li>Isabelle Goupil, Css des Sommets<\/li>\n<\/ul>\n<\/div><\/section><\/div>\n<style type=\"text\/css\" data-created_by=\"avia_inline_auto\" id=\"style-css-av-4922-573f94305d89ac9cc8c1f4209d46ad67\">\n.flex_column.av-4922-573f94305d89ac9cc8c1f4209d46ad67{\nborder-radius:0px 0px 0px 0px;\npadding:0px 0px 0px 0px;\n}\n<\/style>\n<div  class='flex_column av-4922-573f94305d89ac9cc8c1f4209d46ad67 av_one_half  avia-builder-el-2  el_after_av_one_half  avia-builder-el-last  flex_column_div av-zero-column-padding  '     ><\/div><\/p>\n","protected":false},"excerpt":{"rendered":"","protected":false},"author":2,"featured_media":0,"parent":0,"menu_order":100,"comment_status":"closed","ping_status":"closed","template":"","meta":{"footnotes":""},"class_list":["post-2","page","type-page","status-publish","hentry"],"rttpg_featured_image_url":null,"rttpg_author":{"display_name":"St\u00e9phane Lavoie","author_link":"https:\/\/www.carrefourfga.ca\/ticfga\/16\/author\/smlavoie\/"},"rttpg_comment":0,"rttpg_category":null,"rttpg_excerpt":null,"_links":{"self":[{"href":"https:\/\/www.carrefourfga.ca\/ticfga\/16\/wp-json\/wp\/v2\/pages\/2"}],"collection":[{"href":"https:\/\/www.carrefourfga.ca\/ticfga\/16\/wp-json\/wp\/v2\/pages"}],"about":[{"href":"https:\/\/www.carrefourfga.ca\/ticfga\/16\/wp-json\/wp\/v2\/types\/page"}],"author":[{"embeddable":true,"href":"https:\/\/www.carrefourfga.ca\/ticfga\/16\/wp-json\/wp\/v2\/users\/2"}],"replies":[{"embeddable":true,"href":"https:\/\/www.carrefourfga.ca\/ticfga\/16\/wp-json\/wp\/v2\/comments?post=2"}],"version-history":[{"count":16,"href":"https:\/\/www.carrefourfga.ca\/ticfga\/16\/wp-json\/wp\/v2\/pages\/2\/revisions"}],"predecessor-version":[{"id":12687,"href":"https:\/\/www.carrefourfga.ca\/ticfga\/16\/wp-json\/wp\/v2\/pages\/2\/revisions\/12687"}],"wp:attachment":[{"href":"https:\/\/www.carrefourfga.ca\/ticfga\/16\/wp-json\/wp\/v2\/media?parent=2"}],"curies":[{"name":"wp","href":"https:\/\/api.w.org\/{rel}","templated":true}]}}