{"id":12374,"date":"2021-10-27T14:08:48","date_gmt":"2021-10-27T18:08:48","guid":{"rendered":"https:\/\/www.carrefourfga.ca\/ticfga\/16\/?page_id=12374"},"modified":"2022-01-06T09:15:43","modified_gmt":"2022-01-06T14:15:43","slug":"conference-douverture","status":"publish","type":"page","link":"https:\/\/www.carrefourfga.ca\/ticfga\/16\/developpement-professionnel\/post-jpmv-2021\/conference-douverture\/","title":{"rendered":"Conf\u00e9rence d&#8217;ouverture"},"content":{"rendered":"\n<style type=\"text\/css\" data-created_by=\"avia_inline_auto\" id=\"style-css-av-kc2mb8s5-ef0be15da7a34288d04334397018ecf9\">\n.avia-section.av-kc2mb8s5-ef0be15da7a34288d04334397018ecf9 .av-parallax .av-parallax-inner{\nbackground-repeat:no-repeat;\nbackground-image:url(https:\/\/www.carrefourfga.ca\/ticfga\/16\/wp-content\/uploads\/sites\/55\/2021\/06\/capsules-vide\u0301o1s.png);\nbackground-position:50% 100%;\nbackground-attachment:scroll;\n}\n.avia-section.av-kc2mb8s5-ef0be15da7a34288d04334397018ecf9 .av-section-color-overlay{\nopacity:0.5;\nbackground-color:#000000;\n}\n<\/style>\n<div id='av_section_1'  class='avia-section av-kc2mb8s5-ef0be15da7a34288d04334397018ecf9 main_color avia-section-default avia-no-border-styling  avia-builder-el-0  el_before_av_hr  avia-builder-el-first  avia-full-stretch av-parallax-section avia-bg-style-parallax av-section-color-overlay-active container_wrap sidebar_right'  data-section-bg-repeat='stretch'><div class='av-parallax' data-avia-parallax-ratio='0.3' ><div class='av-parallax-inner main_color avia-full-stretch'><\/div><\/div><div class=\"av-section-color-overlay-wrap\"><div class=\"av-section-color-overlay\"><\/div><div class='container av-section-cont-open' ><main  role=\"main\" itemprop=\"mainContentOfPage\"  class='template-page content  av-content-small alpha units'><div class='post-entry post-entry-type-page post-entry-12374'><div class='entry-content-wrapper clearfix'><\/div><\/div><\/main><!-- close content main element --><\/div><\/div><\/div><div id='after_section_1'  class='main_color av_default_container_wrap container_wrap sidebar_right'  ><div class='container av-section-cont-open' ><div class='template-page content  av-content-small alpha units'><div class='post-entry post-entry-type-page post-entry-12374'><div class='entry-content-wrapper clearfix'>\n\n<style type=\"text\/css\" data-created_by=\"avia_inline_auto\" id=\"style-css-av-kuyfjd53-6ec413cecd56e2d5811a607ec81bbd6a\">\n#top .hr.av-kuyfjd53-6ec413cecd56e2d5811a607ec81bbd6a{\nmargin-top:10;\nmargin-bottom:10;\n}\n.hr.av-kuyfjd53-6ec413cecd56e2d5811a607ec81bbd6a .hr-inner{\nwidth:50px;\n}\n<\/style>\n<div  class='hr av-kuyfjd53-6ec413cecd56e2d5811a607ec81bbd6a hr-custom  avia-builder-el-1  el_after_av_section  el_before_av_textblock  avia-builder-el-first  hr-center hr-icon-no'><span class='hr-inner inner-border-av-border-thin'><span class=\"hr-inner-style\"><\/span><\/span><\/div>\n<section  class='av_textblock_section av-2iojx4-4ea608dd2b702aaa196ddd9a7f30e282 '   itemscope=\"itemscope\" itemtype=\"https:\/\/schema.org\/CreativeWork\" ><div class='avia_textblock'  itemprop=\"text\" ><h3><strong>La r\u00e9silience : une cl\u00e9 de la transformation p\u00e9dagonum\u00e9rique<\/strong><\/h3>\n<p><span style=\"color: #ffffff;\">*<\/span><\/p>\n<\/div><\/section>\n\n<style type=\"text\/css\" data-created_by=\"avia_inline_auto\" id=\"style-css-av-18hbq6u-5f424ad051b818798c5b1cd3b8490503\">\n.flex_column.av-18hbq6u-5f424ad051b818798c5b1cd3b8490503{\nborder-radius:0px 0px 0px 0px;\npadding:0px 0px 0px 0px;\n}\n<\/style>\n<div  class='flex_column av-18hbq6u-5f424ad051b818798c5b1cd3b8490503 av_one_half  avia-builder-el-3  el_after_av_textblock  el_before_av_one_half  first flex_column_div av-zero-column-padding  column-top-margin'     ><section  class='av_textblock_section av-2iojx4-4ea608dd2b702aaa196ddd9a7f30e282 '   itemscope=\"itemscope\" itemtype=\"https:\/\/schema.org\/CreativeWork\" ><div class='avia_textblock'  itemprop=\"text\" ><h4 style=\"color: #0f9de8;\">Tina Montreuil<\/h4>\n<p>Professeur adjoint<\/p>\n<p><em>D\u00e9partement de psychop\u00e9dagogie et counseling de l&#8217;Universit\u00e9 McGill<\/em><\/p>\n<h6><\/h6>\n<hr \/>\n<\/div><\/section><\/div>\n\n<style type=\"text\/css\" data-created_by=\"avia_inline_auto\" id=\"style-css-av-u6x7iu-5018b4a879e380f08e130f1632192e44\">\n.flex_column.av-u6x7iu-5018b4a879e380f08e130f1632192e44{\nborder-radius:0px 0px 0px 0px;\npadding:0px 0px 0px 0px;\n}\n<\/style>\n<div  class='flex_column av-u6x7iu-5018b4a879e380f08e130f1632192e44 av_one_half  avia-builder-el-5  el_after_av_one_half  el_before_av_textblock  flex_column_div av-zero-column-padding  column-top-margin'     ><section  class='av_textblock_section av-2iojx4-4ea608dd2b702aaa196ddd9a7f30e282 '   itemscope=\"itemscope\" itemtype=\"https:\/\/schema.org\/CreativeWork\" ><div class='avia_textblock'  itemprop=\"text\" ><h4 style=\"color: #0f9de8;\">Benoit Petit<\/h4>\n<p>Conseiller p\u00e9dagogique<\/p>\n<p><em>R\u00c9CIT national Gestionnaires scolaires<\/em><\/p>\n<hr \/>\n<\/div><\/section><\/div>\n<section  class='av_textblock_section av-2iojx4-4ea608dd2b702aaa196ddd9a7f30e282 '   itemscope=\"itemscope\" itemtype=\"https:\/\/schema.org\/CreativeWork\" ><div class='avia_textblock'  itemprop=\"text\" ><p><strong>La r\u00e9silience : une cl\u00e9 de transformation p\u00e9dagonum\u00e9rique<\/strong><\/p>\n<p>La vitesse \u00e0 laquelle \u00e9volue le num\u00e9rique peut parfois \u00e9tourdir ou m\u00eame engendrer un sentiment de d\u00e9passement, voire d\u2019incomp\u00e9tence. Les deux derni\u00e8res ann\u00e9es ont mis \u00e0 rude \u00e9preuve notre r\u00e9silience notamment en ce qui a trait \u00e0 notre capacit\u00e9 d\u2019adaptation \u00e0 la transformation p\u00e9dagonum\u00e9rique en cours : bascule en 24 heures, apprentissage \u00e0 distance, arriv\u00e9e massive de technologies, isolement, tensions, etc. Ces situations ont fait \u00e9merger une panoplie de sentiments et d\u2019\u00e9motions et s\u2019av\u00e8rent parfois m\u00eame une source de stress, de d\u00e9sarroi ou m\u00eame de d\u00e9sengagement. Dans ce contexte, accompagner des adultes en formation devient un immense d\u00e9fi. En tant qu\u2019acteur de l\u2019\u00e9ducation, quelles actions peut-on poser pour favoriser le meilleur engagement de nos apprenants? Comment composer avec ces dimensions affectives\u2009? Cet atelier propose des pistes de compr\u00e9hension de ces m\u00e9canismes socioaffectifs et des solutions concr\u00e8tes pour favoriser une transformation p\u00e9dagonum\u00e9rique la plus harmonieuse possible.<\/p>\n<hr \/>\n<\/div><\/section>\n\n<style type=\"text\/css\" data-created_by=\"avia_inline_auto\" id=\"style-css-av-16mrgra-a8e17cd2d5921473c8c1538312848839\">\n.flex_column.av-16mrgra-a8e17cd2d5921473c8c1538312848839{\nborder-radius:0px 0px 0px 0px;\npadding:0px 0px 0px 0px;\n}\n<\/style>\n<div  class='flex_column av-16mrgra-a8e17cd2d5921473c8c1538312848839 av_one_half  avia-builder-el-8  el_after_av_textblock  el_before_av_one_half  first flex_column_div av-zero-column-padding  column-top-margin'     ><p><br \/>\n<section  class='av_textblock_section av-kxatl4kg-b5a2abe07fc53e35acb359745b2a7c46 '   itemscope=\"itemscope\" itemtype=\"https:\/\/schema.org\/CreativeWork\" ><div class='avia_textblock'  itemprop=\"text\" ><p><em>Captation lors de la Journ\u00e9e du Num\u00e9rique en \u00c9ducation 2020<\/em><\/p>\n<\/div><\/section><\/p><\/div>\n\n<style type=\"text\/css\" data-created_by=\"avia_inline_auto\" id=\"style-css-av-n1nt12-590547b1a0e9d2af33c2ee0c3ede6ab3\">\n.flex_column.av-n1nt12-590547b1a0e9d2af33c2ee0c3ede6ab3{\nborder-radius:0px 0px 0px 0px;\npadding:0px 0px 0px 0px;\n}\n<\/style>\n<div  class='flex_column av-n1nt12-590547b1a0e9d2af33c2ee0c3ede6ab3 av_one_half  avia-builder-el-11  el_after_av_one_half  el_before_av_textblock  flex_column_div av-zero-column-padding  column-top-margin'     ><p>\n<style type=\"text\/css\" data-created_by=\"avia_inline_auto\" id=\"style-css-av-kxatcd8a-4a5347b3ea412586781b5f24a401bcdc\">\n.avia-image-container.av-kxatcd8a-4a5347b3ea412586781b5f24a401bcdc img.avia_image{\nbox-shadow:none;\n}\n.avia-image-container.av-kxatcd8a-4a5347b3ea412586781b5f24a401bcdc .av-image-caption-overlay-center{\ncolor:#ffffff;\n}\n<\/style>\n<div  class='avia-image-container av-kxatcd8a-4a5347b3ea412586781b5f24a401bcdc av-styling- avia-align-center  avia-builder-el-12  el_before_av_textblock  avia-builder-el-first '   itemprop=\"image\" itemscope=\"itemscope\" itemtype=\"https:\/\/schema.org\/ImageObject\" ><div class=\"avia-image-container-inner\"><div class=\"avia-image-overlay-wrap\"><a href=\"https:\/\/docs.google.com\/presentation\/d\/e\/2PACX-1vStIRwS61eoQYJ6ycOAE-L_hTw-fCr30H44Fob6LfkEne2o6DaUaSmacoeuUFKQcDtiQyLIgN-cDi52\/pub?start=false&amp;loop=false&amp;delayms=3000&amp;slide=id.g101b83ec893_0_97\" class='avia_image' target=\"_blank\" rel=\"noopener noreferrer\" aria-label='Conf\u00e9rence d&#039;ouverture 2021'><img fetchpriority=\"high\" fetchpriority=\"high\" decoding=\"async\" fetchpriority=\"high\" class='wp-image-12580 avia-img-lazy-loading-not-12580 avia_image ' src=\"https:\/\/www.carrefourfga.ca\/ticfga\/16\/wp-content\/uploads\/sites\/55\/2021\/11\/2021-11-18-08_46_04-.jpg\" alt='' title='Conf\u00e9rence d&#039;ouverture 2021'  height=\"695\" width=\"1617\"  itemprop=\"thumbnailUrl\"  \/><\/a><\/div><\/div><\/div><br \/>\n<section  class='av_textblock_section av-kxatsobt-37bf67553b5f417068b35fce8ec13609 '   itemscope=\"itemscope\" itemtype=\"https:\/\/schema.org\/CreativeWork\" ><div class='avia_textblock'  itemprop=\"text\" ><p>Pour en savoir plus \u00e0 propos de <a href=\"https:\/\/fr.wikipedia.org\/wiki\/Loi_de_Yerkes_et_Dodson\">la loi de Yerkes et Dodson\u00a0<\/a><\/p>\n<p>Un article de Steve Masson \u00e0 propos de<a href=\"http:\/\/rire.ctreq.qc.ca\/2016\/03\/apprentissage-cerveau\/\"> l\u2019apprentissage et du fonctionnement du cerveau<\/a><\/p>\n<p>Un entretien vid\u00e9o avec Olivier Houd\u00e9: <a href=\"https:\/\/youtu.be\/tcQTBHnfEj0\">\u00ab\u00a0Il faut entra\u00eener le cerveau \u00e0 r\u00e9sister aux automatismes de pens\u00e9es\u00a0\u00bb<\/a><\/p>\n<p>Le site Web du <a href=\"https:\/\/tinamontreuil.wixsite.com\/carelab\">CARE Lab de Tina Montreuil<\/a><\/p>\n<p>Le site web <a href=\"https:\/\/www.nosemotions.ca\/\">Nos \u00e9motions<\/a><\/p>\n<p>Ressources du MEQ sur <a href=\"https:\/\/www.quebec.ca\/gouv\/politiques-orientations\/strategie-entraide-et-bien-etre-a-lecole\/eleves\">l\u2019entraide \u00e9ducative et le bien-\u00eatre \u00e0 l\u2019\u00e9cole<\/a><\/p>\n<p>Tina Montreuil :\u00a0<a tabindex=\"-1\" title=\"https:\/\/twitter.com\/drmontreuil\" href=\"https:\/\/twitter.com\/DrMontreuil\" target=\"_blank\" rel=\"noopener noreferrer\" aria-label=\"Lien https:\/\/twitter.com\/DrMontreuil\">https:\/\/twitter.com\/DrMontreuil<\/a><\/p>\n<p>Benoit Petit :\u00a0<a tabindex=\"-1\" title=\"https:\/\/twitter.com\/petitbenoit\" href=\"https:\/\/twitter.com\/petitbenoit\" target=\"_blank\" rel=\"noopener noreferrer\" aria-label=\"Lien https:\/\/twitter.com\/petitbenoit\">https:\/\/twitter.com\/petitbenoit<\/a><\/p>\n<\/div><\/section><\/p><\/div><section  class='av_textblock_section av-2iojx4-4ea608dd2b702aaa196ddd9a7f30e282 '   itemscope=\"itemscope\" itemtype=\"https:\/\/schema.org\/CreativeWork\" ><div class='avia_textblock'  itemprop=\"text\" ><p><strong>Tina Montreuil<\/strong><\/p>\n<p style=\"padding-left: 40px;\">Dre Montreuil est professeur adjoint au D\u00e9partement de psychop\u00e9dagogie et counseling de l\u2019Universit\u00e9 McGill o\u00f9 sa recherche vise \u00e0 d\u00e9velopper des interventions de groupe en milieu scolaire visant la promotion du succ\u00e8s acad\u00e9mique, la r\u00e9silience et la r\u00e9duction de la psychopathologie chez l\u2019enfant et l\u2019adolescent. Elle est psychologue membre de l\u2019Ordre des Psychologues du Qu\u00e9bec (accr\u00e9ditation Academy of Cognitive Therapy et l\u2019Association Canadienne des th\u00e9rapies cognitives et comportementales) ayant exerc\u00e9 en milieu hospitalier depuis pr\u00e8s de 10 ans et en bureau priv\u00e9 aupr\u00e8s d\u2019une client\u00e8le enfance, adolescente et adulte. Dre Montreuil est d\u00e9tentrice de plusieurs subventions de recherche provinciales et f\u00e9d\u00e9rales soutenant ses pr\u00e9sents champs d\u2019int\u00e9r\u00eat de recherche\u2009; entre autres le d\u00e9veloppement d\u2019un vaste programme d\u2019intervention qui vise la r\u00e9\u00e9ducation \u00e9motionnelle aupr\u00e8s des enseignants ainsi que des parents dans le but d\u2019am\u00e9liorer le d\u00e9veloppement de la r\u00e9silience des acteurs cl\u00e9s du contexte scolaire. Elle offre de la formation ax\u00e9e sur la r\u00e9silience aux enseignants et administrateurs.<\/p>\n<p><strong>Benoit Petit<\/strong><\/p>\n<p style=\"padding-left: 40px;\">Fort d\u2019une longue exp\u00e9rience d\u2019accompagnement de gestionnaires scolaires comme conseiller p\u00e9dagogique au sein du R\u00c9CIT, Benoit propose des pistes d\u2019innovation p\u00e9dagonum\u00e9rique au service de l\u2019apprenant. Membre du Conseil sup\u00e9rieur de l\u2019\u00e9ducation, il enrichit ses accompagnements d\u2019une compr\u00e9hension profonde des enjeux rencontr\u00e9s par les organisations scolaires tout en favorisant la cr\u00e9ativit\u00e9 et la collaboration.<\/p>\n<\/div><\/section><\/p>\n<div  class='hr av-rko9kh-060e468589f3275007bb5a7db7798c46 hr-default  avia-builder-el-15  el_after_av_textblock  el_before_av_button '><span class='hr-inner '><span class=\"hr-inner-style\"><\/span><\/span><\/div>\n<div  class='avia-button-wrap av-ksz9n4x7-dc7908295f422331f07b53fb5c272112-wrap avia-button-center  avia-builder-el-16  el_after_av_hr  el_before_av_hr '><a href='https:\/\/www.carrefourfga.ca\/ticfga\/16\/developpement-professionnel\/post-jpmv-2021\/'  class='avia-button av-ksz9n4x7-dc7908295f422331f07b53fb5c272112 avia-icon_select-yes-left-icon avia-size-medium avia-position-center avia-color-theme-color'  ><span class='avia_button_icon avia_button_icon_left' aria-hidden='true' data-av_icon='\ue84e' data-av_iconfont='entypo-fontello'><\/span><span class='avia_iconbox_title' >Revenir au programme<\/span><\/a><\/div>\n\n<style type=\"text\/css\" data-created_by=\"avia_inline_auto\" id=\"style-css-av-kuyfjd53-6ec413cecd56e2d5811a607ec81bbd6a\">\n#top .hr.av-kuyfjd53-6ec413cecd56e2d5811a607ec81bbd6a{\nmargin-top:10;\nmargin-bottom:10;\n}\n.hr.av-kuyfjd53-6ec413cecd56e2d5811a607ec81bbd6a .hr-inner{\nwidth:50px;\n}\n<\/style>\n<div  class='hr av-kuyfjd53-6ec413cecd56e2d5811a607ec81bbd6a hr-custom  avia-builder-el-17  el_after_av_button  el_before_av_hr  hr-center hr-icon-no'><span class='hr-inner inner-border-av-border-thin'><span class=\"hr-inner-style\"><\/span><\/span><\/div>\n<div  class='hr av-rko9kh-060e468589f3275007bb5a7db7798c46 hr-default  avia-builder-el-18  el_after_av_hr  avia-builder-el-last '><span class='hr-inner '><span class=\"hr-inner-style\"><\/span><\/span><\/div>\n","protected":false},"excerpt":{"rendered":"","protected":false},"author":199,"featured_media":0,"parent":12623,"menu_order":0,"comment_status":"closed","ping_status":"closed","template":"","meta":{"footnotes":""},"class_list":["post-12374","page","type-page","status-publish","hentry"],"rttpg_featured_image_url":null,"rttpg_author":{"display_name":"mariefrancesurprenant","author_link":"https:\/\/www.carrefourfga.ca\/ticfga\/16\/author\/mariefrancesurprenant\/"},"rttpg_comment":0,"rttpg_category":null,"rttpg_excerpt":null,"_links":{"self":[{"href":"https:\/\/www.carrefourfga.ca\/ticfga\/16\/wp-json\/wp\/v2\/pages\/12374"}],"collection":[{"href":"https:\/\/www.carrefourfga.ca\/ticfga\/16\/wp-json\/wp\/v2\/pages"}],"about":[{"href":"https:\/\/www.carrefourfga.ca\/ticfga\/16\/wp-json\/wp\/v2\/types\/page"}],"author":[{"embeddable":true,"href":"https:\/\/www.carrefourfga.ca\/ticfga\/16\/wp-json\/wp\/v2\/users\/199"}],"replies":[{"embeddable":true,"href":"https:\/\/www.carrefourfga.ca\/ticfga\/16\/wp-json\/wp\/v2\/comments?post=12374"}],"version-history":[{"count":24,"href":"https:\/\/www.carrefourfga.ca\/ticfga\/16\/wp-json\/wp\/v2\/pages\/12374\/revisions"}],"predecessor-version":[{"id":12378,"href":"https:\/\/www.carrefourfga.ca\/ticfga\/16\/wp-json\/wp\/v2\/pages\/12374\/revisions\/12378"}],"up":[{"embeddable":true,"href":"https:\/\/www.carrefourfga.ca\/ticfga\/16\/wp-json\/wp\/v2\/pages\/12623"}],"wp:attachment":[{"href":"https:\/\/www.carrefourfga.ca\/ticfga\/16\/wp-json\/wp\/v2\/media?parent=12374"}],"curies":[{"name":"wp","href":"https:\/\/api.w.org\/{rel}","templated":true}]}}