{"id":11698,"date":"2021-10-21T22:08:18","date_gmt":"2021-10-22T02:08:18","guid":{"rendered":"https:\/\/www.carrefourfga.ca\/ticfga\/16\/?page_id=11698"},"modified":"2021-12-20T18:41:02","modified_gmt":"2021-12-20T23:41:02","slug":"c17","status":"publish","type":"page","link":"https:\/\/www.carrefourfga.ca\/ticfga\/16\/developpement-professionnel\/post-jpmv-2021\/bloc-c\/c17\/","title":{"rendered":"C17 &#8211; Exploitation de la r\u00e9alit\u00e9 virtuelle pour les laboratoires de sciences"},"content":{"rendered":"\n<style type=\"text\/css\" data-created_by=\"avia_inline_auto\" id=\"style-css-av-kc2mb8s5-ef0be15da7a34288d04334397018ecf9\">\n.avia-section.av-kc2mb8s5-ef0be15da7a34288d04334397018ecf9 .av-parallax .av-parallax-inner{\nbackground-repeat:no-repeat;\nbackground-image:url(https:\/\/www.carrefourfga.ca\/ticfga\/16\/wp-content\/uploads\/sites\/55\/2021\/06\/capsules-vide\u0301o1s.png);\nbackground-position:50% 100%;\nbackground-attachment:scroll;\n}\n.avia-section.av-kc2mb8s5-ef0be15da7a34288d04334397018ecf9 .av-section-color-overlay{\nopacity:0.5;\nbackground-color:#000000;\n}\n<\/style>\n<div id='av_section_1'  class='avia-section av-kc2mb8s5-ef0be15da7a34288d04334397018ecf9 main_color avia-section-default avia-no-border-styling  avia-builder-el-0  el_before_av_hr  avia-builder-el-first  avia-full-stretch av-parallax-section avia-bg-style-parallax av-section-color-overlay-active container_wrap sidebar_right'  data-section-bg-repeat='stretch'><div class='av-parallax' data-avia-parallax-ratio='0.3' ><div class='av-parallax-inner main_color avia-full-stretch'><\/div><\/div><div class=\"av-section-color-overlay-wrap\"><div class=\"av-section-color-overlay\"><\/div><div class='container av-section-cont-open' ><main  role=\"main\" itemprop=\"mainContentOfPage\"  class='template-page content  av-content-small alpha units'><div class='post-entry post-entry-type-page post-entry-11698'><div class='entry-content-wrapper clearfix'><\/div><\/div><\/main><!-- close content main element --><\/div><\/div><\/div><div id='after_section_1'  class='main_color av_default_container_wrap container_wrap sidebar_right'  ><div class='container av-section-cont-open' ><div class='template-page content  av-content-small alpha units'><div class='post-entry post-entry-type-page post-entry-11698'><div class='entry-content-wrapper clearfix'>\n<div  class='hr av-mmasq9-b5393e5734702f536109f72a154796be hr-default  avia-builder-el-1  el_after_av_section  el_before_av_textblock  avia-builder-el-first '><span class='hr-inner '><span class=\"hr-inner-style\"><\/span><\/span><\/div>\n<section  class='av_textblock_section av-2iojx4-4ea608dd2b702aaa196ddd9a7f30e282 '   itemscope=\"itemscope\" itemtype=\"https:\/\/schema.org\/CreativeWork\" ><div class='avia_textblock'  itemprop=\"text\" ><h3>Exploitation de la r\u00e9alit\u00e9 virtuelle pour les laboratoires de sciences<\/h3>\n<p>Science et technologie<\/p>\n<\/div><\/section>\n\n<style type=\"text\/css\" data-created_by=\"avia_inline_auto\" id=\"style-css-av-kuyfjd53-6ec413cecd56e2d5811a607ec81bbd6a\">\n#top .hr.av-kuyfjd53-6ec413cecd56e2d5811a607ec81bbd6a{\nmargin-top:10;\nmargin-bottom:10;\n}\n.hr.av-kuyfjd53-6ec413cecd56e2d5811a607ec81bbd6a .hr-inner{\nwidth:50px;\n}\n<\/style>\n<div  class='hr av-kuyfjd53-6ec413cecd56e2d5811a607ec81bbd6a hr-custom  avia-builder-el-3  el_after_av_textblock  el_before_av_textblock  hr-center hr-icon-no'><span class='hr-inner inner-border-av-border-thin'><span class=\"hr-inner-style\"><\/span><\/span><\/div>\n<section  class='av_textblock_section av-2iojx4-4ea608dd2b702aaa196ddd9a7f30e282 '   itemscope=\"itemscope\" itemtype=\"https:\/\/schema.org\/CreativeWork\" ><div class='avia_textblock'  itemprop=\"text\" ><h4 style=\"color: #0f9de8;\">Alain Bordeleau<\/h4>\n<h5>Conseiller p\u00e9dagogique<\/h5>\n<p><em>R\u00c9CIT FGA Estrie<\/em><\/p>\n<h6><span style=\"color: #ffffff;\">*<\/span><\/h6>\n<h4 style=\"color: #0f9de8;\">Meryle Viau<\/h4>\n<h5>Charg\u00e9e de projet<\/h5>\n<p><em>Proteus<\/em><\/p>\n<hr \/>\n<\/div><\/section>\n<section  class='av_textblock_section av-2iojx4-4ea608dd2b702aaa196ddd9a7f30e282 '   itemscope=\"itemscope\" itemtype=\"https:\/\/schema.org\/CreativeWork\" ><div class='avia_textblock'  itemprop=\"text\" ><p style=\"background: white; margin: 10.2pt 0cm 10.2pt 0cm;\"><span style=\"font-size: 12.0pt; font-family: 'Helvetica',sans-serif; color: black;\">Avez-vous d\u00e9j\u00e0 essay\u00e9 un casque de r\u00e9alit\u00e9 virtuelle\u2009? Vous \u00eates-vous d\u00e9j\u00e0 questionn\u00e9 sur les utilisations p\u00e9dagogiques potentielles de cet outil\u2009? Le casque de r\u00e9alit\u00e9 virtuelle est un outil tr\u00e8s int\u00e9ressant \u00e0 exploiter en science, surtout si le volet pratique est plus ou moins accessible dans votre milieu scolaire.\u00a0<\/span><\/p>\n<p style=\"background: white; box-sizing: border-box; margin: 10.2pt 0cm 10.2pt 0cm;\"><span style=\"font-size: 12.0pt; font-family: 'Helvetica',sans-serif; color: black;\">Cet atelier vise donc \u00e0 vous faire d\u00e9couvrir cet outil et ses possibilit\u00e9s, mais plus sp\u00e9cifiquement, \u00e0 vous faire connaitre une application d\u00e9velopp\u00e9e par la compagnie \u00ab\u2009Proteus VR\u2009\u00bb. Celle-ci \u00e9labore des laboratoires virtuels en science pour permettre aux \u00e9l\u00e8ves de la formation g\u00e9n\u00e9rale des adultes de vivre ces situations.\u00a0<\/span><\/p>\n<p style=\"background: white; box-sizing: border-box; margin: 10.2pt 0cm 10.2pt 0cm;\"><span style=\"font-size: 12.0pt; font-family: 'Helvetica',sans-serif; color: black;\">Une explication sommaire du fonctionnement de la r\u00e9alit\u00e9 virtuelle avec le casque de marque \u00ab\u2009Oculus Quest\u2009\u00bb vous sera pr\u00e9sent\u00e9e et une d\u00e9monstration des 6\u00a0laboratoires d\u00e9velopp\u00e9s jusqu\u2019\u00e0 maintenant par \u00ab\u2009Proteus VR\u2009\u00bb sera effectu\u00e9e. Les pr\u00e9sentateurs feront ces laboratoires en temps r\u00e9el et vous pourrez visualiser, \u00e0 votre \u00e9cran, ce qu\u2019ils voient dans leur casque de r\u00e9alit\u00e9 virtuelle. \u00a0<\/span><\/p>\n<p style=\"background: white; margin: 10.2pt 0cm 10.2pt 0cm;\"><span style=\"font-size: 12.0pt; font-family: 'Helvetica',sans-serif; color: black;\">Une p\u00e9riode d\u2019\u00e9change est \u00e9galement pr\u00e9vue afin de r\u00e9pondre \u00e0 vos questions sur l\u2019utilisation de la r\u00e9alit\u00e9 virtuelle en g\u00e9n\u00e9ral et aussi de recueillir vos impressions, pr\u00e9occupations ou suggestions en lien avec l\u2019application \u00ab\u2009Proteus VR\u2009\u00bb qui continuera d\u2019\u00e9voluer dans le temps.\u00a0<\/span><\/p>\n<p style=\"background: white; box-sizing: border-box; margin: 10.2pt 0cm 10.2pt 0cm;\"><span style=\"font-size: 12.0pt; font-family: 'Helvetica',sans-serif; color: black;\">Au plaisir de vous y rencontrer\u2009!\u00a0<\/span><\/p>\n<\/div><\/section>\n\n<style type=\"text\/css\" data-created_by=\"avia_inline_auto\" id=\"style-css-av-zrbp82-6a534ea843f207d92ed82ab4d5a11871\">\n.flex_column.av-zrbp82-6a534ea843f207d92ed82ab4d5a11871{\nborder-radius:0px 0px 0px 0px;\npadding:0px 0px 0px 0px;\n}\n<\/style>\n<div  class='flex_column av-zrbp82-6a534ea843f207d92ed82ab4d5a11871 av_one_half  avia-builder-el-6  el_after_av_textblock  el_before_av_one_half  first flex_column_div av-zero-column-padding  column-top-margin'     ><\/div>\n\n<style type=\"text\/css\" data-created_by=\"avia_inline_auto\" id=\"style-css-av-kexq5u-d2e157f63550996324a42788ff797497\">\n.flex_column.av-kexq5u-d2e157f63550996324a42788ff797497{\nborder-radius:0px 0px 0px 0px;\npadding:0px 0px 0px 0px;\n}\n<\/style>\n<div  class='flex_column av-kexq5u-d2e157f63550996324a42788ff797497 av_one_half  avia-builder-el-8  el_after_av_one_half  el_before_av_hr  flex_column_div av-zero-column-padding  column-top-margin'     ><style type=\"text\/css\" data-created_by=\"avia_inline_auto\" id=\"style-css-av-kxfbli7e-ea03826580d805c7a71cfb403ff35c5d\">\n.avia-image-container.av-kxfbli7e-ea03826580d805c7a71cfb403ff35c5d img.avia_image{\nbox-shadow:none;\n}\n.avia-image-container.av-kxfbli7e-ea03826580d805c7a71cfb403ff35c5d .av-image-caption-overlay-center{\ncolor:#ffffff;\n}\n<\/style>\n<div  class='avia-image-container av-kxfbli7e-ea03826580d805c7a71cfb403ff35c5d av-styling- avia-align-center  avia-builder-el-9  avia-builder-el-no-sibling '   itemprop=\"image\" itemscope=\"itemscope\" itemtype=\"https:\/\/schema.org\/ImageObject\" ><div class=\"avia-image-container-inner\"><div class=\"avia-image-overlay-wrap\"><a href=\"https:\/\/fgamonteregie-my.sharepoint.com\/:b:\/g\/personal\/jpmv_fgamonteregie_qc_ca\/EfeZLmnPOe9JueTrduNzHBMBeuLXZKy-YAfj0YCRyx7TBw?e=Zcjb4H\" class='avia_image'  aria-label='C17 - titre'><img fetchpriority=\"high\" fetchpriority=\"high\" decoding=\"async\" fetchpriority=\"high\" class='wp-image-13094 avia-img-lazy-loading-not-13094 avia_image ' src=\"https:\/\/www.carrefourfga.ca\/ticfga\/16\/wp-content\/uploads\/sites\/55\/2021\/12\/C17-titre.jpg\" alt='' title='C17 - titre'  height=\"615\" width=\"1097\"  itemprop=\"thumbnailUrl\"  \/><\/a><\/div><\/div><\/div><\/div><div  class='hr av-rko9kh-060e468589f3275007bb5a7db7798c46 hr-default  avia-builder-el-10  el_after_av_one_half  el_before_av_button '><span class='hr-inner '><span class=\"hr-inner-style\"><\/span><\/span><\/div><\/p>\n<div  class='avia-button-wrap av-ksz9n4x7-dc7908295f422331f07b53fb5c272112-wrap avia-button-center  avia-builder-el-11  el_after_av_hr  avia-builder-el-last '><a href='https:\/\/www.carrefourfga.ca\/ticfga\/16\/developpement-professionnel\/post-jpmv-2021\/'  class='avia-button av-ksz9n4x7-dc7908295f422331f07b53fb5c272112 avia-icon_select-yes-left-icon avia-size-medium avia-position-center avia-color-theme-color'  ><span class='avia_button_icon avia_button_icon_left' aria-hidden='true' data-av_icon='\ue84e' data-av_iconfont='entypo-fontello'><\/span><span class='avia_iconbox_title' >Revenir au programme<\/span><\/a><\/div>\n","protected":false},"excerpt":{"rendered":"","protected":false},"author":199,"featured_media":0,"parent":11227,"menu_order":17,"comment_status":"closed","ping_status":"closed","template":"","meta":{"footnotes":""},"class_list":["post-11698","page","type-page","status-publish","hentry"],"rttpg_featured_image_url":null,"rttpg_author":{"display_name":"mariefrancesurprenant","author_link":"https:\/\/www.carrefourfga.ca\/ticfga\/16\/author\/mariefrancesurprenant\/"},"rttpg_comment":0,"rttpg_category":null,"rttpg_excerpt":null,"_links":{"self":[{"href":"https:\/\/www.carrefourfga.ca\/ticfga\/16\/wp-json\/wp\/v2\/pages\/11698"}],"collection":[{"href":"https:\/\/www.carrefourfga.ca\/ticfga\/16\/wp-json\/wp\/v2\/pages"}],"about":[{"href":"https:\/\/www.carrefourfga.ca\/ticfga\/16\/wp-json\/wp\/v2\/types\/page"}],"author":[{"embeddable":true,"href":"https:\/\/www.carrefourfga.ca\/ticfga\/16\/wp-json\/wp\/v2\/users\/199"}],"replies":[{"embeddable":true,"href":"https:\/\/www.carrefourfga.ca\/ticfga\/16\/wp-json\/wp\/v2\/comments?post=11698"}],"version-history":[{"count":8,"href":"https:\/\/www.carrefourfga.ca\/ticfga\/16\/wp-json\/wp\/v2\/pages\/11698\/revisions"}],"predecessor-version":[{"id":13093,"href":"https:\/\/www.carrefourfga.ca\/ticfga\/16\/wp-json\/wp\/v2\/pages\/11698\/revisions\/13093"}],"up":[{"embeddable":true,"href":"https:\/\/www.carrefourfga.ca\/ticfga\/16\/wp-json\/wp\/v2\/pages\/11227"}],"wp:attachment":[{"href":"https:\/\/www.carrefourfga.ca\/ticfga\/16\/wp-json\/wp\/v2\/media?parent=11698"}],"curies":[{"name":"wp","href":"https:\/\/api.w.org\/{rel}","templated":true}]}}