{"id":11678,"date":"2021-10-21T22:07:19","date_gmt":"2021-10-22T02:07:19","guid":{"rendered":"https:\/\/www.carrefourfga.ca\/ticfga\/16\/?page_id=11678"},"modified":"2021-12-20T18:30:51","modified_gmt":"2021-12-20T23:30:51","slug":"c15","status":"publish","type":"page","link":"https:\/\/www.carrefourfga.ca\/ticfga\/16\/developpement-professionnel\/post-jpmv-2021\/bloc-c\/c15\/","title":{"rendered":"C15 &#8211; Approche inductive en math\u00e9matiques"},"content":{"rendered":"\n<style type=\"text\/css\" data-created_by=\"avia_inline_auto\" id=\"style-css-av-kc2mb8s5-ef0be15da7a34288d04334397018ecf9\">\n.avia-section.av-kc2mb8s5-ef0be15da7a34288d04334397018ecf9 .av-parallax .av-parallax-inner{\nbackground-repeat:no-repeat;\nbackground-image:url(https:\/\/www.carrefourfga.ca\/ticfga\/16\/wp-content\/uploads\/sites\/55\/2021\/06\/capsules-vide\u0301o1s.png);\nbackground-position:50% 100%;\nbackground-attachment:scroll;\n}\n.avia-section.av-kc2mb8s5-ef0be15da7a34288d04334397018ecf9 .av-section-color-overlay{\nopacity:0.5;\nbackground-color:#000000;\n}\n<\/style>\n<div id='av_section_1'  class='avia-section av-kc2mb8s5-ef0be15da7a34288d04334397018ecf9 main_color avia-section-default avia-no-border-styling  avia-builder-el-0  el_before_av_hr  avia-builder-el-first  avia-full-stretch av-parallax-section avia-bg-style-parallax av-section-color-overlay-active container_wrap sidebar_right'  data-section-bg-repeat='stretch'><div class='av-parallax' data-avia-parallax-ratio='0.3' ><div class='av-parallax-inner main_color avia-full-stretch'><\/div><\/div><div class=\"av-section-color-overlay-wrap\"><div class=\"av-section-color-overlay\"><\/div><div class='container av-section-cont-open' ><main  role=\"main\" itemprop=\"mainContentOfPage\"  class='template-page content  av-content-small alpha units'><div class='post-entry post-entry-type-page post-entry-11678'><div class='entry-content-wrapper clearfix'><\/div><\/div><\/main><!-- close content main element --><\/div><\/div><\/div><div id='after_section_1'  class='main_color av_default_container_wrap container_wrap sidebar_right'  ><div class='container av-section-cont-open' ><div class='template-page content  av-content-small alpha units'><div class='post-entry post-entry-type-page post-entry-11678'><div class='entry-content-wrapper clearfix'>\n<div  class='hr av-mmasq9-b5393e5734702f536109f72a154796be hr-default  avia-builder-el-1  el_after_av_section  el_before_av_textblock  avia-builder-el-first '><span class='hr-inner '><span class=\"hr-inner-style\"><\/span><\/span><\/div>\n<section  class='av_textblock_section av-2iojx4-4ea608dd2b702aaa196ddd9a7f30e282 '   itemscope=\"itemscope\" itemtype=\"https:\/\/schema.org\/CreativeWork\" ><div class='avia_textblock'  itemprop=\"text\" ><h3>Approche inductive en math\u00e9matiques<\/h3>\n<p>Math\u00e9matique<\/p>\n<\/div><\/section>\n\n<style type=\"text\/css\" data-created_by=\"avia_inline_auto\" id=\"style-css-av-kuyfjd53-6ec413cecd56e2d5811a607ec81bbd6a\">\n#top .hr.av-kuyfjd53-6ec413cecd56e2d5811a607ec81bbd6a{\nmargin-top:10;\nmargin-bottom:10;\n}\n.hr.av-kuyfjd53-6ec413cecd56e2d5811a607ec81bbd6a .hr-inner{\nwidth:50px;\n}\n<\/style>\n<div  class='hr av-kuyfjd53-6ec413cecd56e2d5811a607ec81bbd6a hr-custom  avia-builder-el-3  el_after_av_textblock  el_before_av_textblock  hr-center hr-icon-no'><span class='hr-inner inner-border-av-border-thin'><span class=\"hr-inner-style\"><\/span><\/span><\/div>\n<section  class='av_textblock_section av-2iojx4-4ea608dd2b702aaa196ddd9a7f30e282 '   itemscope=\"itemscope\" itemtype=\"https:\/\/schema.org\/CreativeWork\" ><div class='avia_textblock'  itemprop=\"text\" ><h4 style=\"color: #0f9de8;\">Rita Nassif<\/h4>\n<h5>Conseill\u00e8re p\u00e9dagogique<\/h5>\n<p><em>Centre de services scolaire de la Seigneurie-des-Mille-\u00celes<\/em><\/p>\n<h6><span style=\"color: #ffffff;\">*<\/span><\/h6>\n<h4 style=\"color: #0f9de8;\">Hugo Versaille<\/h4>\n<h5>Conseiller p\u00e9dagogique<\/h5>\n<p><em>Centre de services scolaire des Samares<\/em><\/p>\n<h6><span style=\"color: #ffffff;\">*<\/span><\/h6>\n<h4 style=\"color: #0f9de8;\">Louise Roy<\/h4>\n<h5>Conseill\u00e8re p\u00e9dagogique<\/h5>\n<p><em>R\u00c9CIT Math\u00e9matique, Science et Informatique<\/em><\/p>\n<hr \/>\n<\/div><\/section>\n<section  class='av_textblock_section av-2iojx4-4ea608dd2b702aaa196ddd9a7f30e282 '   itemscope=\"itemscope\" itemtype=\"https:\/\/schema.org\/CreativeWork\" ><div class='avia_textblock'  itemprop=\"text\" ><p>Un des fondements du r\u00e9f\u00e9rentiel d&#8217;intervention en math\u00e9matique est de \u201cdonner du sens \u00e0 la math\u00e9matique en s\u2019appuyant sur la compr\u00e9hension des concepts et des processus math\u00e9matiques\u201d.<\/p>\n<p>Pour y arriver, nous explorerons une approche p\u00e9dagogique permettant aux \u00e9l\u00e8ves de mieux comprendre les concepts afin de faire preuve de plus de flexibilit\u00e9 dans leurs d\u00e9marches de r\u00e9solution.<\/p>\n<p>Entre autres, nous aborderons des exemples tir\u00e9s des guides d\u2019apprentissage Kin\u00e9sis, Intervalle et Sofad et nous proposerons une adaptation visant une approche inductive du concept de la fonction affine.<\/p>\n<p>En accord avec le cadre de r\u00e9f\u00e9rence de la comp\u00e9tence num\u00e9rique, nous utiliserons des applications gratuites afin d\u2019alimenter la curiosit\u00e9, la motivation et l\u2019apprentissage chez les \u00e9l\u00e8ves.<\/p>\n<h6>Cet atelier n&#8217;a pas \u00e9t\u00e9 enregistr\u00e9.<\/h6>\n<\/div><\/section>\n\n<style type=\"text\/css\" data-created_by=\"avia_inline_auto\" id=\"style-css-av-rhvjdq-41a8875c5109fe052923f974feaf1f43\">\n.flex_column.av-rhvjdq-41a8875c5109fe052923f974feaf1f43{\nborder-radius:0px 0px 0px 0px;\npadding:0px 0px 0px 0px;\n}\n<\/style>\n<div  class='flex_column av-rhvjdq-41a8875c5109fe052923f974feaf1f43 av_one_half  avia-builder-el-6  el_after_av_textblock  el_before_av_one_half  first flex_column_div av-zero-column-padding  column-top-margin'     ><style type=\"text\/css\" data-created_by=\"avia_inline_auto\" id=\"style-css-av-kxfb3e55-7ef2ed5f591ee4f103aa6141b014f1b6\">\n.avia-image-container.av-kxfb3e55-7ef2ed5f591ee4f103aa6141b014f1b6 img.avia_image{\nbox-shadow:none;\n}\n.avia-image-container.av-kxfb3e55-7ef2ed5f591ee4f103aa6141b014f1b6 .av-image-caption-overlay-center{\ncolor:#ffffff;\n}\n<\/style>\n<div  class='avia-image-container av-kxfb3e55-7ef2ed5f591ee4f103aa6141b014f1b6 av-styling- avia-align-center  avia-builder-el-7  avia-builder-el-no-sibling '   itemprop=\"image\" itemscope=\"itemscope\" itemtype=\"https:\/\/schema.org\/ImageObject\" ><div class=\"avia-image-container-inner\"><div class=\"avia-image-overlay-wrap\"><a href=\"https:\/\/docs.google.com\/presentation\/d\/e\/2PACX-1vT7CTqDQNojfUfNUGKHPLaMcGNRAHsnsJHUiQQggavKa0EXVXjjb8z01HJhloRpiTV_FhkrKOa6gVID\/pub?start=false&amp;loop=false&amp;delayms=3000&amp;slide=id.gf90447bc77_0_0\" class='avia_image'  aria-label='C15 - titre'><img fetchpriority=\"high\" fetchpriority=\"high\" decoding=\"async\" fetchpriority=\"high\" class='wp-image-13087 avia-img-lazy-loading-not-13087 avia_image ' src=\"https:\/\/www.carrefourfga.ca\/ticfga\/16\/wp-content\/uploads\/sites\/55\/2021\/12\/C15-titre.jpg\" alt='' title='C15 - titre'  height=\"1032\" width=\"1834\"  itemprop=\"thumbnailUrl\"  \/><\/a><\/div><\/div><\/div><\/div>\n\n<style type=\"text\/css\" data-created_by=\"avia_inline_auto\" id=\"style-css-av-2o1gvy-0f8b749f48ff34cfda881ecec64c0d47\">\n.flex_column.av-2o1gvy-0f8b749f48ff34cfda881ecec64c0d47{\nborder-radius:0px 0px 0px 0px;\npadding:0px 0px 0px 0px;\n}\n<\/style>\n<div  class='flex_column av-2o1gvy-0f8b749f48ff34cfda881ecec64c0d47 av_one_half  avia-builder-el-8  el_after_av_one_half  el_before_av_hr  flex_column_div av-zero-column-padding  column-top-margin'     ><p><div  class='avia-button-wrap av-kxfb629i-ddd251f2d5da7168ac6f7e57c28ac2fb-wrap avia-button-center  avia-builder-el-9  el_before_av_button  avia-builder-el-first '><a href='https:\/\/view.genial.ly\/606dcfe66f4b300d724366a3'  class='avia-button av-kxfb629i-ddd251f2d5da7168ac6f7e57c28ac2fb avia-icon_select-yes-left-icon avia-size-small avia-position-center avia-color-theme-color'  ><span class='avia_button_icon avia_button_icon_left' aria-hidden='true' data-av_icon='\ue822' data-av_iconfont='entypo-fontello'><\/span><span class='avia_iconbox_title' >Graspable Math<\/span><\/a><\/div><br \/>\n<div  class='avia-button-wrap av-kxfb629i-a064f002e975ae0da269e87b9453eaa1-wrap avia-button-center  avia-builder-el-10  el_after_av_button  el_before_av_button '><a href='https:\/\/docs.google.com\/document\/d\/1psDgosnmfg6S3ck-Zscl6tQxzVeUipg4LEZX_jxtARI\/edit?usp=sharing'  class='avia-button av-kxfb629i-a064f002e975ae0da269e87b9453eaa1 avia-icon_select-yes-left-icon avia-size-small avia-position-center avia-color-theme-color'  ><span class='avia_button_icon avia_button_icon_left' aria-hidden='true' data-av_icon='\ue822' data-av_iconfont='entypo-fontello'><\/span><span class='avia_iconbox_title' >R\u00e9solution d\u2019\u00e9quations \u00e0 une variable<\/span><\/a><\/div><br \/>\n<div  class='avia-button-wrap av-kxfb629i-3a4ce18be0f2b23abe9939236fb4345f-wrap avia-button-center  avia-builder-el-11  el_after_av_button  avia-builder-el-last '><a href='https:\/\/www.geogebra.org\/m\/z3ft8xcy'  class='avia-button av-kxfb629i-3a4ce18be0f2b23abe9939236fb4345f avia-icon_select-yes-left-icon avia-size-small avia-position-center avia-color-theme-color'  ><span class='avia_button_icon avia_button_icon_left' aria-hidden='true' data-av_icon='\ue822' data-av_iconfont='entypo-fontello'><\/span><span class='avia_iconbox_title' >G\u00e9ogebra - La fonction affine<\/span><\/a><\/div><\/p><\/div>\n<div  class='hr av-rko9kh-060e468589f3275007bb5a7db7798c46 hr-default  avia-builder-el-12  el_after_av_one_half  el_before_av_button '><span class='hr-inner '><span class=\"hr-inner-style\"><\/span><\/span><\/div>\n<div  class='avia-button-wrap av-ksz9n4x7-dc7908295f422331f07b53fb5c272112-wrap avia-button-center  avia-builder-el-13  el_after_av_hr  avia-builder-el-last '><a href='https:\/\/www.carrefourfga.ca\/ticfga\/16\/developpement-professionnel\/post-jpmv-2021\/'  class='avia-button av-ksz9n4x7-dc7908295f422331f07b53fb5c272112 avia-icon_select-yes-left-icon avia-size-medium avia-position-center avia-color-theme-color'  ><span class='avia_button_icon avia_button_icon_left' aria-hidden='true' data-av_icon='\ue84e' data-av_iconfont='entypo-fontello'><\/span><span class='avia_iconbox_title' >Revenir au programme<\/span><\/a><\/div>\n","protected":false},"excerpt":{"rendered":"","protected":false},"author":199,"featured_media":0,"parent":11227,"menu_order":15,"comment_status":"closed","ping_status":"closed","template":"","meta":{"footnotes":""},"class_list":["post-11678","page","type-page","status-publish","hentry"],"rttpg_featured_image_url":null,"rttpg_author":{"display_name":"mariefrancesurprenant","author_link":"https:\/\/www.carrefourfga.ca\/ticfga\/16\/author\/mariefrancesurprenant\/"},"rttpg_comment":0,"rttpg_category":null,"rttpg_excerpt":null,"_links":{"self":[{"href":"https:\/\/www.carrefourfga.ca\/ticfga\/16\/wp-json\/wp\/v2\/pages\/11678"}],"collection":[{"href":"https:\/\/www.carrefourfga.ca\/ticfga\/16\/wp-json\/wp\/v2\/pages"}],"about":[{"href":"https:\/\/www.carrefourfga.ca\/ticfga\/16\/wp-json\/wp\/v2\/types\/page"}],"author":[{"embeddable":true,"href":"https:\/\/www.carrefourfga.ca\/ticfga\/16\/wp-json\/wp\/v2\/users\/199"}],"replies":[{"embeddable":true,"href":"https:\/\/www.carrefourfga.ca\/ticfga\/16\/wp-json\/wp\/v2\/comments?post=11678"}],"version-history":[{"count":13,"href":"https:\/\/www.carrefourfga.ca\/ticfga\/16\/wp-json\/wp\/v2\/pages\/11678\/revisions"}],"predecessor-version":[{"id":13090,"href":"https:\/\/www.carrefourfga.ca\/ticfga\/16\/wp-json\/wp\/v2\/pages\/11678\/revisions\/13090"}],"up":[{"embeddable":true,"href":"https:\/\/www.carrefourfga.ca\/ticfga\/16\/wp-json\/wp\/v2\/pages\/11227"}],"wp:attachment":[{"href":"https:\/\/www.carrefourfga.ca\/ticfga\/16\/wp-json\/wp\/v2\/media?parent=11678"}],"curies":[{"name":"wp","href":"https:\/\/api.w.org\/{rel}","templated":true}]}}