{"id":11675,"date":"2021-10-21T22:04:15","date_gmt":"2021-10-22T02:04:15","guid":{"rendered":"https:\/\/www.carrefourfga.ca\/ticfga\/16\/?page_id=11675"},"modified":"2021-12-20T18:10:35","modified_gmt":"2021-12-20T23:10:35","slug":"c12","status":"publish","type":"page","link":"https:\/\/www.carrefourfga.ca\/ticfga\/16\/developpement-professionnel\/post-jpmv-2021\/bloc-c\/c12\/","title":{"rendered":"C12 &#8211; Accord du participe pass\u00e9: histoire, r\u00e9forme, effets sur les textes et en classe"},"content":{"rendered":"\n<style type=\"text\/css\" data-created_by=\"avia_inline_auto\" id=\"style-css-av-kc2mb8s5-ef0be15da7a34288d04334397018ecf9\">\n.avia-section.av-kc2mb8s5-ef0be15da7a34288d04334397018ecf9 .av-parallax .av-parallax-inner{\nbackground-repeat:no-repeat;\nbackground-image:url(https:\/\/www.carrefourfga.ca\/ticfga\/16\/wp-content\/uploads\/sites\/55\/2021\/06\/capsules-vide\u0301o1s.png);\nbackground-position:50% 100%;\nbackground-attachment:scroll;\n}\n.avia-section.av-kc2mb8s5-ef0be15da7a34288d04334397018ecf9 .av-section-color-overlay{\nopacity:0.5;\nbackground-color:#000000;\n}\n<\/style>\n<div id='av_section_1'  class='avia-section av-kc2mb8s5-ef0be15da7a34288d04334397018ecf9 main_color avia-section-default avia-no-border-styling  avia-builder-el-0  el_before_av_hr  avia-builder-el-first  avia-full-stretch av-parallax-section avia-bg-style-parallax av-section-color-overlay-active container_wrap sidebar_right'  data-section-bg-repeat='stretch'><div class='av-parallax' data-avia-parallax-ratio='0.3' ><div class='av-parallax-inner main_color avia-full-stretch'><\/div><\/div><div class=\"av-section-color-overlay-wrap\"><div class=\"av-section-color-overlay\"><\/div><div class='container av-section-cont-open' ><main  role=\"main\" itemprop=\"mainContentOfPage\"  class='template-page content  av-content-small alpha units'><div class='post-entry post-entry-type-page post-entry-11675'><div class='entry-content-wrapper clearfix'><\/div><\/div><\/main><!-- close content main element --><\/div><\/div><\/div><div id='after_section_1'  class='main_color av_default_container_wrap container_wrap sidebar_right'  ><div class='container av-section-cont-open' ><div class='template-page content  av-content-small alpha units'><div class='post-entry post-entry-type-page post-entry-11675'><div class='entry-content-wrapper clearfix'>\n<div  class='hr av-mmasq9-b5393e5734702f536109f72a154796be hr-default  avia-builder-el-1  el_after_av_section  el_before_av_textblock  avia-builder-el-first '><span class='hr-inner '><span class=\"hr-inner-style\"><\/span><\/span><\/div>\n<section  class='av_textblock_section av-2iojx4-4ea608dd2b702aaa196ddd9a7f30e282 '   itemscope=\"itemscope\" itemtype=\"https:\/\/schema.org\/CreativeWork\" ><div class='avia_textblock'  itemprop=\"text\" ><h3>Accord du participe pass\u00e9: histoire, r\u00e9forme, effets sur les textes et en classe<\/h3>\n<p>Fran\u00e7ais, langue d&#8217;enseignement<br \/>\nFrancisation<\/p>\n<\/div><\/section>\n\n<style type=\"text\/css\" data-created_by=\"avia_inline_auto\" id=\"style-css-av-kuyfjd53-6ec413cecd56e2d5811a607ec81bbd6a\">\n#top .hr.av-kuyfjd53-6ec413cecd56e2d5811a607ec81bbd6a{\nmargin-top:10;\nmargin-bottom:10;\n}\n.hr.av-kuyfjd53-6ec413cecd56e2d5811a607ec81bbd6a .hr-inner{\nwidth:50px;\n}\n<\/style>\n<div  class='hr av-kuyfjd53-6ec413cecd56e2d5811a607ec81bbd6a hr-custom  avia-builder-el-3  el_after_av_textblock  el_before_av_textblock  hr-center hr-icon-no'><span class='hr-inner inner-border-av-border-thin'><span class=\"hr-inner-style\"><\/span><\/span><\/div>\n<section  class='av_textblock_section av-2iojx4-4ea608dd2b702aaa196ddd9a7f30e282 '   itemscope=\"itemscope\" itemtype=\"https:\/\/schema.org\/CreativeWork\" ><div class='avia_textblock'  itemprop=\"text\" ><h4 style=\"color: #0f9de8;\">Annie Desnoyers<\/h4>\n<h5>Gestionnaire de projets en francisation<\/h5>\n<p><em>Universit\u00e9 de Montr\u00e9al<\/em><\/p>\n<hr \/>\n<\/div><\/section>\n<section  class='av_textblock_section av-2iojx4-4ea608dd2b702aaa196ddd9a7f30e282 '   itemscope=\"itemscope\" itemtype=\"https:\/\/schema.org\/CreativeWork\" ><div class='avia_textblock'  itemprop=\"text\" ><p>En 2014, le Conseil international de la langue fran\u00e7aise (CILF) a propos\u00e9 une r\u00e9forme de l\u2019accord du participe pass\u00e9. Celle-ci a \u00e9t\u00e9 appuy\u00e9e depuis par plusieurs grammairiennes et grammairiens r\u00e9put\u00e9s, instances linguistiques et associations enseignantes en Europe dont, en 2016, la F\u00e9d\u00e9ration internationale des professeurs de fran\u00e7ais (FIPF) qui regroupe notamment, de ce c\u00f4t\u00e9-ci de l\u2019Atlantique, l\u2019AQPF et l\u2019AQEFLS. Au Qu\u00e9bec, ce mouvement commence \u00e0 se faire entendre. Mais qu\u2019en est-il exactement? Mon objectif est de vous faire connaitre, comprendre et appr\u00e9cier cette proposition de r\u00e9forme par des \u00e9l\u00e9ments d\u2019histoire, des statistiques, des cas pratiques. La r\u00e9alisation de deux activit\u00e9s de d\u00e9couverte enrichira la r\u00e9flexion.<\/p>\n<\/div><\/section>\n\n<style type=\"text\/css\" data-created_by=\"avia_inline_auto\" id=\"style-css-av-4cy42j-de75857cb976b6b195fda6575bfdf2bb\">\n.flex_column.av-4cy42j-de75857cb976b6b195fda6575bfdf2bb{\nborder-radius:0px 0px 0px 0px;\npadding:0px 0px 0px 0px;\n}\n<\/style>\n<div  class='flex_column av-4cy42j-de75857cb976b6b195fda6575bfdf2bb av_one_half  avia-builder-el-6  el_after_av_textblock  el_before_av_one_half  first flex_column_div av-zero-column-padding  column-top-margin'     ><\/div>\n\n<style type=\"text\/css\" data-created_by=\"avia_inline_auto\" id=\"style-css-av-2g8ouz-f294b6ab0a7edf30632088e6ddd06d07\">\n.flex_column.av-2g8ouz-f294b6ab0a7edf30632088e6ddd06d07{\nborder-radius:0px 0px 0px 0px;\npadding:0px 0px 0px 0px;\n}\n<\/style>\n<div  class='flex_column av-2g8ouz-f294b6ab0a7edf30632088e6ddd06d07 av_one_half  avia-builder-el-8  el_after_av_one_half  el_before_av_hr  flex_column_div av-zero-column-padding  column-top-margin'     ><p><div  class='avia-button-wrap av-kxfagj88-95674d64d99e4e12003acbf7f4c608f4-wrap avia-button-center  avia-builder-el-9  el_before_av_button  avia-builder-el-first '><a href='https:\/\/fgamonteregie-my.sharepoint.com\/:b:\/g\/personal\/jpmv_fgamonteregie_qc_ca\/ESP9jBkiKy5Kio5ElwuYsWwBsAn1bOrRhG5G-QHuSSxhCQ?e=4Oe2QB'  class='avia-button av-kxfagj88-95674d64d99e4e12003acbf7f4c608f4 avia-icon_select-yes-left-icon avia-size-small avia-position-center avia-color-theme-color'  ><span class='avia_button_icon avia_button_icon_left' aria-hidden='true' data-av_icon='\ue822' data-av_iconfont='entypo-fontello'><\/span><span class='avia_iconbox_title' >PP Activite\u0301 1A e\u0301tude de cas<\/span><\/a><\/div><br \/>\n<div  class='avia-button-wrap av-kxfagj88-92de0f79d25f4f7360f9deabc2630b0a-wrap avia-button-center  avia-builder-el-10  el_after_av_button  el_before_av_button '><a href='https:\/\/fgamonteregie-my.sharepoint.com\/:b:\/g\/personal\/jpmv_fgamonteregie_qc_ca\/EU0ybMn_B_VKjyIQJESSGPABNh0i5wwEzkhPpBURVgs6dA?e=0Guj44'  class='avia-button av-kxfagj88-92de0f79d25f4f7360f9deabc2630b0a avia-icon_select-yes-left-icon avia-size-small avia-position-center avia-color-theme-color'  ><span class='avia_button_icon avia_button_icon_left' aria-hidden='true' data-av_icon='\ue822' data-av_iconfont='entypo-fontello'><\/span><span class='avia_iconbox_title' >PP Activite\u0301 1B e\u0301tude de cas<\/span><\/a><\/div><br \/>\n<div  class='avia-button-wrap av-kxfagj88-8f442e8704d9bf73714c43b71f084282-wrap avia-button-center  avia-builder-el-11  el_after_av_button  el_before_av_button '><a href='https:\/\/fgamonteregie-my.sharepoint.com\/:b:\/g\/personal\/jpmv_fgamonteregie_qc_ca\/EWKF-nPkeetElfo8TaX7620BMO-inWTa7fmPGpktPxcg5g?e=Nea6tm'  class='avia-button av-kxfagj88-8f442e8704d9bf73714c43b71f084282 avia-icon_select-yes-left-icon avia-size-small avia-position-center avia-color-theme-color'  ><span class='avia_button_icon avia_button_icon_left' aria-hidden='true' data-av_icon='\ue822' data-av_iconfont='entypo-fontello'><\/span><span class='avia_iconbox_title' >PP Activite\u0301 2 analyse journaux<\/span><\/a><\/div><br \/>\n<div  class='avia-button-wrap av-kxfagj88-b644c6114d875a1c5cefa9f96e791a48-wrap avia-button-center  avia-builder-el-12  el_after_av_button  avia-builder-el-last '><a href='https:\/\/fgamonteregie-my.sharepoint.com\/:b:\/g\/personal\/jpmv_fgamonteregie_qc_ca\/EfJKTxg0CMJMiH3SX_e9oL8BxOHZjyruT_efOAISqdt9KA?e=RrQqJW'  class='avia-button av-kxfagj88-b644c6114d875a1c5cefa9f96e791a48 avia-icon_select-yes-left-icon avia-size-small avia-position-center avia-color-theme-color'  ><span class='avia_button_icon avia_button_icon_left' aria-hidden='true' data-av_icon='\ue822' data-av_iconfont='entypo-fontello'><\/span><span class='avia_iconbox_title' >Conclusion<\/span><\/a><\/div><\/p><\/div><div  class='hr av-rko9kh-060e468589f3275007bb5a7db7798c46 hr-default  avia-builder-el-13  el_after_av_one_half  el_before_av_button '><span class='hr-inner '><span class=\"hr-inner-style\"><\/span><\/span><\/div><\/p>\n<div  class='avia-button-wrap av-ksz9n4x7-dc7908295f422331f07b53fb5c272112-wrap avia-button-center  avia-builder-el-14  el_after_av_hr  avia-builder-el-last '><a href='https:\/\/www.carrefourfga.ca\/ticfga\/16\/developpement-professionnel\/post-jpmv-2021\/'  class='avia-button av-ksz9n4x7-dc7908295f422331f07b53fb5c272112 avia-icon_select-yes-left-icon avia-size-medium avia-position-center avia-color-theme-color'  ><span class='avia_button_icon avia_button_icon_left' aria-hidden='true' data-av_icon='\ue84e' data-av_iconfont='entypo-fontello'><\/span><span class='avia_iconbox_title' >Revenir au programme<\/span><\/a><\/div>\n","protected":false},"excerpt":{"rendered":"","protected":false},"author":199,"featured_media":0,"parent":11227,"menu_order":12,"comment_status":"closed","ping_status":"closed","template":"","meta":{"footnotes":""},"class_list":["post-11675","page","type-page","status-publish","hentry"],"rttpg_featured_image_url":null,"rttpg_author":{"display_name":"mariefrancesurprenant","author_link":"https:\/\/www.carrefourfga.ca\/ticfga\/16\/author\/mariefrancesurprenant\/"},"rttpg_comment":0,"rttpg_category":null,"rttpg_excerpt":null,"_links":{"self":[{"href":"https:\/\/www.carrefourfga.ca\/ticfga\/16\/wp-json\/wp\/v2\/pages\/11675"}],"collection":[{"href":"https:\/\/www.carrefourfga.ca\/ticfga\/16\/wp-json\/wp\/v2\/pages"}],"about":[{"href":"https:\/\/www.carrefourfga.ca\/ticfga\/16\/wp-json\/wp\/v2\/types\/page"}],"author":[{"embeddable":true,"href":"https:\/\/www.carrefourfga.ca\/ticfga\/16\/wp-json\/wp\/v2\/users\/199"}],"replies":[{"embeddable":true,"href":"https:\/\/www.carrefourfga.ca\/ticfga\/16\/wp-json\/wp\/v2\/comments?post=11675"}],"version-history":[{"count":8,"href":"https:\/\/www.carrefourfga.ca\/ticfga\/16\/wp-json\/wp\/v2\/pages\/11675\/revisions"}],"predecessor-version":[{"id":14322,"href":"https:\/\/www.carrefourfga.ca\/ticfga\/16\/wp-json\/wp\/v2\/pages\/11675\/revisions\/14322"}],"up":[{"embeddable":true,"href":"https:\/\/www.carrefourfga.ca\/ticfga\/16\/wp-json\/wp\/v2\/pages\/11227"}],"wp:attachment":[{"href":"https:\/\/www.carrefourfga.ca\/ticfga\/16\/wp-json\/wp\/v2\/media?parent=11675"}],"curies":[{"name":"wp","href":"https:\/\/api.w.org\/{rel}","templated":true}]}}