{"id":11657,"date":"2021-10-21T21:58:57","date_gmt":"2021-10-22T01:58:57","guid":{"rendered":"https:\/\/www.carrefourfga.ca\/ticfga\/16\/?page_id=11657"},"modified":"2021-12-20T17:28:56","modified_gmt":"2021-12-20T22:28:56","slug":"c06","status":"publish","type":"page","link":"https:\/\/www.carrefourfga.ca\/ticfga\/16\/developpement-professionnel\/post-jpmv-2021\/bloc-c\/c06\/","title":{"rendered":"C06 &#8211; CTRL-F : Dans les faits"},"content":{"rendered":"\n<style type=\"text\/css\" data-created_by=\"avia_inline_auto\" id=\"style-css-av-kc2mb8s5-ef0be15da7a34288d04334397018ecf9\">\n.avia-section.av-kc2mb8s5-ef0be15da7a34288d04334397018ecf9 .av-parallax .av-parallax-inner{\nbackground-repeat:no-repeat;\nbackground-image:url(https:\/\/www.carrefourfga.ca\/ticfga\/16\/wp-content\/uploads\/sites\/55\/2021\/06\/capsules-vide\u0301o1s.png);\nbackground-position:50% 100%;\nbackground-attachment:scroll;\n}\n.avia-section.av-kc2mb8s5-ef0be15da7a34288d04334397018ecf9 .av-section-color-overlay{\nopacity:0.5;\nbackground-color:#000000;\n}\n<\/style>\n<div id='av_section_1'  class='avia-section av-kc2mb8s5-ef0be15da7a34288d04334397018ecf9 main_color avia-section-default avia-no-border-styling  avia-builder-el-0  el_before_av_hr  avia-builder-el-first  avia-full-stretch av-parallax-section avia-bg-style-parallax av-section-color-overlay-active container_wrap sidebar_right'  data-section-bg-repeat='stretch'><div class='av-parallax' data-avia-parallax-ratio='0.3' ><div class='av-parallax-inner main_color avia-full-stretch'><\/div><\/div><div class=\"av-section-color-overlay-wrap\"><div class=\"av-section-color-overlay\"><\/div><div class='container av-section-cont-open' ><main  role=\"main\" itemprop=\"mainContentOfPage\"  class='template-page content  av-content-small alpha units'><div class='post-entry post-entry-type-page post-entry-11657'><div class='entry-content-wrapper clearfix'><\/div><\/div><\/main><!-- close content main element --><\/div><\/div><\/div><div id='after_section_1'  class='main_color av_default_container_wrap container_wrap sidebar_right'  ><div class='container av-section-cont-open' ><div class='template-page content  av-content-small alpha units'><div class='post-entry post-entry-type-page post-entry-11657'><div class='entry-content-wrapper clearfix'>\n<div  class='hr av-mmasq9-b5393e5734702f536109f72a154796be hr-default  avia-builder-el-1  el_after_av_section  el_before_av_textblock  avia-builder-el-first '><span class='hr-inner '><span class=\"hr-inner-style\"><\/span><\/span><\/div>\n<section  class='av_textblock_section av-2iojx4-4ea608dd2b702aaa196ddd9a7f30e282 '   itemscope=\"itemscope\" itemtype=\"https:\/\/schema.org\/CreativeWork\" ><div class='avia_textblock'  itemprop=\"text\" ><h3>CTRL-F : Dans les faits<\/h3>\n<p>Pour tous<\/p>\n<\/div><\/section>\n\n<style type=\"text\/css\" data-created_by=\"avia_inline_auto\" id=\"style-css-av-kuyfjd53-6ec413cecd56e2d5811a607ec81bbd6a\">\n#top .hr.av-kuyfjd53-6ec413cecd56e2d5811a607ec81bbd6a{\nmargin-top:10;\nmargin-bottom:10;\n}\n.hr.av-kuyfjd53-6ec413cecd56e2d5811a607ec81bbd6a .hr-inner{\nwidth:50px;\n}\n<\/style>\n<div  class='hr av-kuyfjd53-6ec413cecd56e2d5811a607ec81bbd6a hr-custom  avia-builder-el-3  el_after_av_textblock  el_before_av_textblock  hr-center hr-icon-no'><span class='hr-inner inner-border-av-border-thin'><span class=\"hr-inner-style\"><\/span><\/span><\/div>\n<section  class='av_textblock_section av-2iojx4-4ea608dd2b702aaa196ddd9a7f30e282 '   itemscope=\"itemscope\" itemtype=\"https:\/\/schema.org\/CreativeWork\" ><div class='avia_textblock'  itemprop=\"text\" ><h4 style=\"color: #0f9de8;\">Camille Eisenbleatter<\/h4>\n<h5>Coordonnatrice des communications<\/h5>\n<p><em>CIVIX Qu\u00e9bec<\/em><\/p>\n<hr \/>\n<\/div><\/section>\n<section  class='av_textblock_section av-2iojx4-4ea608dd2b702aaa196ddd9a7f30e282 '   itemscope=\"itemscope\" itemtype=\"https:\/\/schema.org\/CreativeWork\" ><div class='avia_textblock'  itemprop=\"text\" ><p>Lors de cet atelier de formation pr\u00e9par\u00e9 par l\u2019\u00e9quipe de CIVIX-Qu\u00e9bec, vous d\u00e9couvrirez des astuces qui vous aideront \u00e0 enseigner \u00e0 vos \u00e9l\u00e8ves des techniques de v\u00e9rification de l\u2019information simples et efficaces. Vous vous exercerez \u00e0 les utiliser par vous-m\u00eames et vous aurez \u00e9galement l\u2019occasion d\u2019en apprendre plus sur les enjeux li\u00e9s \u00e0 la propagation des fausses informations en ligne.<\/p>\n<\/div><\/section>\n\n<style type=\"text\/css\" data-created_by=\"avia_inline_auto\" id=\"style-css-av-10dy66h-0f18f9553c2debbbeab82f4028f2de2b\">\n.flex_column.av-10dy66h-0f18f9553c2debbbeab82f4028f2de2b{\nborder-radius:0px 0px 0px 0px;\npadding:0px 0px 0px 0px;\n}\n<\/style>\n<div  class='flex_column av-10dy66h-0f18f9553c2debbbeab82f4028f2de2b av_one_half  avia-builder-el-6  el_after_av_textblock  el_before_av_one_half  first flex_column_div av-zero-column-padding  column-top-margin'     ><\/div>\n\n<style type=\"text\/css\" data-created_by=\"avia_inline_auto\" id=\"style-css-av-s03eh5-e9db2b3e29ed9d3a7917fed3f567d318\">\n.flex_column.av-s03eh5-e9db2b3e29ed9d3a7917fed3f567d318{\nborder-radius:0px 0px 0px 0px;\npadding:0px 0px 0px 0px;\n}\n<\/style>\n<div  class='flex_column av-s03eh5-e9db2b3e29ed9d3a7917fed3f567d318 av_one_half  avia-builder-el-8  el_after_av_one_half  el_before_av_hr  flex_column_div av-zero-column-padding  column-top-margin'     ><p><div  class='avia-button-wrap av-kxf8yif8-3658c8e80e4a8c561107e53cc970fb87-wrap avia-button-center  avia-builder-el-9  el_before_av_button  avia-builder-el-first '><a href='https:\/\/iris-recherche.qc.ca\/publications\/les-residences-pour-aine%C2%B7e%C2%B7s-au-quebec-portrait-dune-industrie-milliardaire\/'  class='avia-button av-kxf8yif8-3658c8e80e4a8c561107e53cc970fb87 avia-icon_select-yes-left-icon avia-size-small avia-position-center avia-color-theme-color'  ><span class='avia_button_icon avia_button_icon_left' aria-hidden='true' data-av_icon='\ue822' data-av_iconfont='entypo-fontello'><\/span><span class='avia_iconbox_title' >Les r\u00e9sidences...<\/span><\/a><\/div><br \/>\n<div  class='avia-button-wrap av-kxf8yif8-8e11d4f24cd3ac5c35f0b9626413b784-wrap avia-button-center  avia-builder-el-10  el_after_av_button  el_before_av_button '><a href='https:\/\/www.facebook.com\/permalink.php?id=142223316432335&amp;story_fbid=736672430320751'  class='avia-button av-kxf8yif8-8e11d4f24cd3ac5c35f0b9626413b784 avia-icon_select-yes-left-icon avia-size-small avia-position-center avia-color-theme-color'  ><span class='avia_button_icon avia_button_icon_left' aria-hidden='true' data-av_icon='\ue822' data-av_iconfont='entypo-fontello'><\/span><span class='avia_iconbox_title' >Maison de Poutine<\/span><\/a><\/div><br \/>\n<div  class='avia-button-wrap av-kxf8yif8-c5402b3f04735dc6c248c3b6f90a4c03-wrap avia-button-center  avia-builder-el-11  el_after_av_button  el_before_av_button '><a href='https:\/\/factuel.afp.com\/non-arnold-schwarzenegger-na-pas-dormi-dans-la-rue-apres-avoir-ete-rejete-par-un-hotel'  class='avia-button av-kxf8yif8-c5402b3f04735dc6c248c3b6f90a4c03 avia-icon_select-yes-left-icon avia-size-small avia-position-center avia-color-theme-color'  ><span class='avia_button_icon avia_button_icon_left' aria-hidden='true' data-av_icon='\ue822' data-av_iconfont='entypo-fontello'><\/span><span class='avia_iconbox_title' >Arnold Schwarzenegger<\/span><\/a><\/div><br \/>\n<div  class='avia-button-wrap av-kxf8yif8-49282db6c320e426c8a4e29f974c98e2-wrap avia-button-center  avia-builder-el-12  el_after_av_button  avia-builder-el-last '><a href='https:\/\/www.lemonde.fr\/les-decodeurs\/article\/2018\/04\/27\/non-arnold-schwarzenegger-n-a-pas-dormi-dans-la-rue-apres-avoir-ete-rejete-d-un-hotel_5291376_4355770.html'  class='avia-button av-kxf8yif8-49282db6c320e426c8a4e29f974c98e2 avia-icon_select-yes-left-icon avia-size-small avia-position-center avia-color-theme-color'  ><span class='avia_button_icon avia_button_icon_left' aria-hidden='true' data-av_icon='\ue822' data-av_iconfont='entypo-fontello'><\/span><span class='avia_iconbox_title' >Arnold Schwarzenegger - Le Monde<\/span><\/a><\/div><\/p><\/div><div  class='hr av-rko9kh-060e468589f3275007bb5a7db7798c46 hr-default  avia-builder-el-13  el_after_av_one_half  el_before_av_button '><span class='hr-inner '><span class=\"hr-inner-style\"><\/span><\/span><\/div><\/p>\n<div  class='avia-button-wrap av-ksz9n4x7-dc7908295f422331f07b53fb5c272112-wrap avia-button-center  avia-builder-el-14  el_after_av_hr  avia-builder-el-last '><a href='https:\/\/www.carrefourfga.ca\/ticfga\/16\/developpement-professionnel\/post-jpmv-2021\/'  class='avia-button av-ksz9n4x7-dc7908295f422331f07b53fb5c272112 avia-icon_select-yes-left-icon avia-size-medium avia-position-center avia-color-theme-color'  ><span class='avia_button_icon avia_button_icon_left' aria-hidden='true' data-av_icon='\ue84e' data-av_iconfont='entypo-fontello'><\/span><span class='avia_iconbox_title' >Revenir au programme<\/span><\/a><\/div>\n","protected":false},"excerpt":{"rendered":"","protected":false},"author":199,"featured_media":0,"parent":11227,"menu_order":6,"comment_status":"closed","ping_status":"closed","template":"","meta":{"footnotes":""},"class_list":["post-11657","page","type-page","status-publish","hentry"],"rttpg_featured_image_url":null,"rttpg_author":{"display_name":"mariefrancesurprenant","author_link":"https:\/\/www.carrefourfga.ca\/ticfga\/16\/author\/mariefrancesurprenant\/"},"rttpg_comment":0,"rttpg_category":null,"rttpg_excerpt":null,"_links":{"self":[{"href":"https:\/\/www.carrefourfga.ca\/ticfga\/16\/wp-json\/wp\/v2\/pages\/11657"}],"collection":[{"href":"https:\/\/www.carrefourfga.ca\/ticfga\/16\/wp-json\/wp\/v2\/pages"}],"about":[{"href":"https:\/\/www.carrefourfga.ca\/ticfga\/16\/wp-json\/wp\/v2\/types\/page"}],"author":[{"embeddable":true,"href":"https:\/\/www.carrefourfga.ca\/ticfga\/16\/wp-json\/wp\/v2\/users\/199"}],"replies":[{"embeddable":true,"href":"https:\/\/www.carrefourfga.ca\/ticfga\/16\/wp-json\/wp\/v2\/comments?post=11657"}],"version-history":[{"count":9,"href":"https:\/\/www.carrefourfga.ca\/ticfga\/16\/wp-json\/wp\/v2\/pages\/11657\/revisions"}],"predecessor-version":[{"id":13064,"href":"https:\/\/www.carrefourfga.ca\/ticfga\/16\/wp-json\/wp\/v2\/pages\/11657\/revisions\/13064"}],"up":[{"embeddable":true,"href":"https:\/\/www.carrefourfga.ca\/ticfga\/16\/wp-json\/wp\/v2\/pages\/11227"}],"wp:attachment":[{"href":"https:\/\/www.carrefourfga.ca\/ticfga\/16\/wp-json\/wp\/v2\/media?parent=11657"}],"curies":[{"name":"wp","href":"https:\/\/api.w.org\/{rel}","templated":true}]}}