{"id":11656,"date":"2021-10-21T21:56:29","date_gmt":"2021-10-22T01:56:29","guid":{"rendered":"https:\/\/www.carrefourfga.ca\/ticfga\/16\/?page_id=11656"},"modified":"2021-12-20T17:24:01","modified_gmt":"2021-12-20T22:24:01","slug":"c05","status":"publish","type":"page","link":"https:\/\/www.carrefourfga.ca\/ticfga\/16\/developpement-professionnel\/post-jpmv-2021\/bloc-c\/c05\/","title":{"rendered":"C05 &#8211; La r\u00e9troaction en apprentissage et ses outils num\u00e9riques"},"content":{"rendered":"\n<style type=\"text\/css\" data-created_by=\"avia_inline_auto\" id=\"style-css-av-kc2mb8s5-ef0be15da7a34288d04334397018ecf9\">\n.avia-section.av-kc2mb8s5-ef0be15da7a34288d04334397018ecf9 .av-parallax .av-parallax-inner{\nbackground-repeat:no-repeat;\nbackground-image:url(https:\/\/www.carrefourfga.ca\/ticfga\/16\/wp-content\/uploads\/sites\/55\/2021\/06\/capsules-vide\u0301o1s.png);\nbackground-position:50% 100%;\nbackground-attachment:scroll;\n}\n.avia-section.av-kc2mb8s5-ef0be15da7a34288d04334397018ecf9 .av-section-color-overlay{\nopacity:0.5;\nbackground-color:#000000;\n}\n<\/style>\n<div id='av_section_1'  class='avia-section av-kc2mb8s5-ef0be15da7a34288d04334397018ecf9 main_color avia-section-default avia-no-border-styling  avia-builder-el-0  el_before_av_hr  avia-builder-el-first  avia-full-stretch av-parallax-section avia-bg-style-parallax av-section-color-overlay-active container_wrap sidebar_right'  data-section-bg-repeat='stretch'><div class='av-parallax' data-avia-parallax-ratio='0.3' ><div class='av-parallax-inner main_color avia-full-stretch'><\/div><\/div><div class=\"av-section-color-overlay-wrap\"><div class=\"av-section-color-overlay\"><\/div><div class='container av-section-cont-open' ><main  role=\"main\" itemprop=\"mainContentOfPage\"  class='template-page content  av-content-small alpha units'><div class='post-entry post-entry-type-page post-entry-11656'><div class='entry-content-wrapper clearfix'><\/div><\/div><\/main><!-- close content main element --><\/div><\/div><\/div><div id='after_section_1'  class='main_color av_default_container_wrap container_wrap sidebar_right'  ><div class='container av-section-cont-open' ><div class='template-page content  av-content-small alpha units'><div class='post-entry post-entry-type-page post-entry-11656'><div class='entry-content-wrapper clearfix'>\n<div  class='hr av-mmasq9-b5393e5734702f536109f72a154796be hr-default  avia-builder-el-1  el_after_av_section  el_before_av_textblock  avia-builder-el-first '><span class='hr-inner '><span class=\"hr-inner-style\"><\/span><\/span><\/div>\n<section  class='av_textblock_section av-2iojx4-4ea608dd2b702aaa196ddd9a7f30e282 '   itemscope=\"itemscope\" itemtype=\"https:\/\/schema.org\/CreativeWork\" ><div class='avia_textblock'  itemprop=\"text\" ><h3>La r\u00e9troaction en apprentissage et ses outils num\u00e9riques<\/h3>\n<p>Pour tous<\/p>\n<\/div><\/section>\n\n<style type=\"text\/css\" data-created_by=\"avia_inline_auto\" id=\"style-css-av-kuyfjd53-6ec413cecd56e2d5811a607ec81bbd6a\">\n#top .hr.av-kuyfjd53-6ec413cecd56e2d5811a607ec81bbd6a{\nmargin-top:10;\nmargin-bottom:10;\n}\n.hr.av-kuyfjd53-6ec413cecd56e2d5811a607ec81bbd6a .hr-inner{\nwidth:50px;\n}\n<\/style>\n<div  class='hr av-kuyfjd53-6ec413cecd56e2d5811a607ec81bbd6a hr-custom  avia-builder-el-3  el_after_av_textblock  el_before_av_textblock  hr-center hr-icon-no'><span class='hr-inner inner-border-av-border-thin'><span class=\"hr-inner-style\"><\/span><\/span><\/div>\n<section  class='av_textblock_section av-2iojx4-4ea608dd2b702aaa196ddd9a7f30e282 '   itemscope=\"itemscope\" itemtype=\"https:\/\/schema.org\/CreativeWork\" ><div class='avia_textblock'  itemprop=\"text\" ><h4 style=\"color: #0f9de8;\">Patrick Beaupr\u00e9<\/h4>\n<h5>Conseiller p\u00e9dagogique<\/h5>\n<p><em>R\u00c9CIT FGA de Montr\u00e9al<\/em><\/p>\n<hr \/>\n<\/div><\/section>\n<section  class='av_textblock_section av-2iojx4-4ea608dd2b702aaa196ddd9a7f30e282 '   itemscope=\"itemscope\" itemtype=\"https:\/\/schema.org\/CreativeWork\" ><div class='avia_textblock'  itemprop=\"text\" ><p>L\u2019importance de la r\u00e9troaction en apprentissage a \u00e9t\u00e9 largement d\u00e9montr\u00e9e. Examinons maintenant comment effectuer nos r\u00e9troactions le plus efficacement possible. \u00c0 quel moment dans le parcours de l\u2019apprenant doivent-elles \u00eatre effectu\u00e9es? Comment les faire et les partager aux \u00e9l\u00e8ves?<\/p>\n<p>C\u2019est ce que nous examinerons dans cet atelier au cours duquel nous vous pr\u00e9senterons diff\u00e9rents outils num\u00e9riques qui rendront plus efficaces nos interventions aupr\u00e8s des \u00e9l\u00e8ves. Atelier d\u2019\u00e9change et de partage.<\/p>\n<\/div><\/section>\n\n<style type=\"text\/css\" data-created_by=\"avia_inline_auto\" id=\"style-css-av-1a4371k-4f6666dcfc827433ce768410bc304bb5\">\n.flex_column.av-1a4371k-4f6666dcfc827433ce768410bc304bb5{\nborder-radius:0px 0px 0px 0px;\npadding:0px 0px 0px 0px;\n}\n<\/style>\n<div  class='flex_column av-1a4371k-4f6666dcfc827433ce768410bc304bb5 av_one_half  avia-builder-el-6  el_after_av_textblock  el_before_av_one_half  first flex_column_div av-zero-column-padding  column-top-margin'     ><\/div>\n\n<style type=\"text\/css\" data-created_by=\"avia_inline_auto\" id=\"style-css-av-i96iiw-51662389792ce5bc65f2454146604088\">\n.flex_column.av-i96iiw-51662389792ce5bc65f2454146604088{\nborder-radius:0px 0px 0px 0px;\npadding:0px 0px 0px 0px;\n}\n<\/style>\n<div  class='flex_column av-i96iiw-51662389792ce5bc65f2454146604088 av_one_half  avia-builder-el-8  el_after_av_one_half  el_before_av_hr  flex_column_div av-zero-column-padding  column-top-margin'     ><p><br \/>\n<div  class='avia-button-wrap av-kxf8mzzr-6fa4ca2771c40f1395cd9e3dc3bb378c-wrap avia-button-center  avia-builder-el-10  el_after_av_codeblock  el_before_av_button '><a href='https:\/\/wakelet.com\/wake\/EFYH6YqN0RUql8p-80Ini'  class='avia-button av-kxf8mzzr-6fa4ca2771c40f1395cd9e3dc3bb378c avia-icon_select-yes-left-icon avia-size-small avia-position-center avia-color-theme-color'  ><span class='avia_button_icon avia_button_icon_left' aria-hidden='true' data-av_icon='\ue822' data-av_iconfont='entypo-fontello'><\/span><span class='avia_iconbox_title' >R\u00e9troaction - Wakelet<\/span><\/a><\/div><br \/>\n<div  class='avia-button-wrap av-kxf8mzzr-1b70129b0d8c0a39ef5c440a61c17f32-wrap avia-button-center  avia-builder-el-11  el_after_av_button  el_before_av_button '><a href='https:\/\/www.videoask.com\/f1be59ch0'  class='avia-button av-kxf8mzzr-1b70129b0d8c0a39ef5c440a61c17f32 avia-icon_select-yes-left-icon avia-size-small avia-position-center avia-color-theme-color'  ><span class='avia_button_icon avia_button_icon_left' aria-hidden='true' data-av_icon='\ue822' data-av_iconfont='entypo-fontello'><\/span><span class='avia_iconbox_title' >Invitation des SEC aux intervenants psychosociaux<\/span><\/a><\/div><br \/>\n<div  class='avia-button-wrap av-kxf8mzzr-2fe50532d637506b75dddb55bae34822-wrap avia-button-center  avia-builder-el-12  el_after_av_button  el_before_av_codeblock '><a href='https:\/\/classroomscreen.com\/app\/wv1\/e6fce0aa-418b-4f9e-b3fd-36f2daab55eb'  class='avia-button av-kxf8mzzr-2fe50532d637506b75dddb55bae34822 avia-icon_select-yes-left-icon avia-size-small avia-position-center avia-color-theme-color'  ><span class='avia_button_icon avia_button_icon_left' aria-hidden='true' data-av_icon='\ue822' data-av_iconfont='entypo-fontello'><\/span><span class='avia_iconbox_title' >Classroomscreen<\/span><\/a><\/div><br \/>\n<br \/>\n<div  class='avia-button-wrap av-kxf8mzzr-c35170dca05423d4a27c40f59826e941-wrap avia-button-center  avia-builder-el-14  el_after_av_codeblock  el_before_av_button '><a href='https:\/\/www.videoask.com\/fhhv04vsb'  class='avia-button av-kxf8mzzr-c35170dca05423d4a27c40f59826e941 avia-icon_select-yes-left-icon avia-size-small avia-position-center avia-color-theme-color'  ><span class='avia_button_icon avia_button_icon_left' aria-hidden='true' data-av_icon='\ue822' data-av_iconfont='entypo-fontello'><\/span><span class='avia_iconbox_title' >La retroaction<\/span><\/a><\/div><br \/>\n<div  class='avia-button-wrap av-kxf8mzzr-ecb9f84fd963fdacdb583223a52f825f-wrap avia-button-center  avia-builder-el-15  el_after_av_button  avia-builder-el-last '><a href='https:\/\/www.loom.com\/share\/ee44a8ff0bcd4e98a80cd8635e688769'  class='avia-button av-kxf8mzzr-ecb9f84fd963fdacdb583223a52f825f avia-icon_select-yes-left-icon avia-size-small avia-position-center avia-color-theme-color'  ><span class='avia_button_icon avia_button_icon_left' aria-hidden='true' data-av_icon='\ue822' data-av_iconfont='entypo-fontello'><\/span><span class='avia_iconbox_title' >Loom<\/span><\/a><\/div><\/p><\/div><div  class='hr av-rko9kh-060e468589f3275007bb5a7db7798c46 hr-default  avia-builder-el-16  el_after_av_one_half  el_before_av_button '><span class='hr-inner '><span class=\"hr-inner-style\"><\/span><\/span><\/div><\/p>\n<div  class='avia-button-wrap av-ksz9n4x7-dc7908295f422331f07b53fb5c272112-wrap avia-button-center  avia-builder-el-17  el_after_av_hr  avia-builder-el-last '><a href='https:\/\/www.carrefourfga.ca\/ticfga\/16\/developpement-professionnel\/post-jpmv-2021\/'  class='avia-button av-ksz9n4x7-dc7908295f422331f07b53fb5c272112 avia-icon_select-yes-left-icon avia-size-medium avia-position-center avia-color-theme-color'  ><span class='avia_button_icon avia_button_icon_left' aria-hidden='true' data-av_icon='\ue84e' data-av_iconfont='entypo-fontello'><\/span><span class='avia_iconbox_title' >Revenir au programme<\/span><\/a><\/div>\n","protected":false},"excerpt":{"rendered":"","protected":false},"author":199,"featured_media":0,"parent":11227,"menu_order":5,"comment_status":"closed","ping_status":"closed","template":"","meta":{"footnotes":""},"class_list":["post-11656","page","type-page","status-publish","hentry"],"rttpg_featured_image_url":null,"rttpg_author":{"display_name":"mariefrancesurprenant","author_link":"https:\/\/www.carrefourfga.ca\/ticfga\/16\/author\/mariefrancesurprenant\/"},"rttpg_comment":0,"rttpg_category":null,"rttpg_excerpt":null,"_links":{"self":[{"href":"https:\/\/www.carrefourfga.ca\/ticfga\/16\/wp-json\/wp\/v2\/pages\/11656"}],"collection":[{"href":"https:\/\/www.carrefourfga.ca\/ticfga\/16\/wp-json\/wp\/v2\/pages"}],"about":[{"href":"https:\/\/www.carrefourfga.ca\/ticfga\/16\/wp-json\/wp\/v2\/types\/page"}],"author":[{"embeddable":true,"href":"https:\/\/www.carrefourfga.ca\/ticfga\/16\/wp-json\/wp\/v2\/users\/199"}],"replies":[{"embeddable":true,"href":"https:\/\/www.carrefourfga.ca\/ticfga\/16\/wp-json\/wp\/v2\/comments?post=11656"}],"version-history":[{"count":9,"href":"https:\/\/www.carrefourfga.ca\/ticfga\/16\/wp-json\/wp\/v2\/pages\/11656\/revisions"}],"predecessor-version":[{"id":13060,"href":"https:\/\/www.carrefourfga.ca\/ticfga\/16\/wp-json\/wp\/v2\/pages\/11656\/revisions\/13060"}],"up":[{"embeddable":true,"href":"https:\/\/www.carrefourfga.ca\/ticfga\/16\/wp-json\/wp\/v2\/pages\/11227"}],"wp:attachment":[{"href":"https:\/\/www.carrefourfga.ca\/ticfga\/16\/wp-json\/wp\/v2\/media?parent=11656"}],"curies":[{"name":"wp","href":"https:\/\/api.w.org\/{rel}","templated":true}]}}